{"id":2731,"date":"2025-03-13T16:17:17","date_gmt":"2025-03-13T16:17:17","guid":{"rendered":"https:\/\/mueller-wrh.de\/produkt\/gebr-citizen-l520-vii-mit-iemca-baujahr-2003-intnr230445\/"},"modified":"2025-03-13T16:17:17","modified_gmt":"2025-03-13T16:17:17","slug":"gebr-citizen-l520-vii-mit-iemca-baujahr-2003-intnr230445","status":"publish","type":"product","link":"https:\/\/mueller-wrh.de\/fr\/produit\/gebr-citizen-l520-vii-mit-iemca-baujahr-2003-intnr230445\/","title":{"rendered":"Citizen L520-VII d'occasion avec IEMCA ann\u00e9e 2003 (IntNr230445)"},"content":{"rendered":"<p><b>Emplacement :<\/b> Allemagne, Baden-W\u00fcrttemberg S\u00fcdwest<\/p>\n<p><b>\u00e9tat :<\/b> Occasion<\/p>\n<p><b>fabricant :<\/b> Citizen Machinery<\/p>\n<p><b>Ann\u00e9e de construction :<\/b> 2003<\/p>\n<p>Tour CNC \u00e0 poup\u00e9e mobile d'occasion Citizen L520-VII, ann\u00e9e 2003<br \/>\nCommande, Cincom Mitsubishi Meldas,<br \/>\n7 axes (X1\/Z1\/Y1\/C1\/X2\/Z2\/C2,<br \/>\n\u00d8 max. de la barre : 20 mm,<br \/>\nLongueur de rotation max. 205 mm,<br \/>\nBroche principale, vitesse de rotation max. 10.000 tr\/min, axe C 0,001 degr\u00e9,<br \/>\nContre-broche, vitesse de rotation max. 10.000 tr\/min, axe C 0,001 degr\u00e9,<br \/>\nPorte-outils pour un total de 18 outils (porte-outils lin\u00e9aires, appareil frontal, usinage de la face arri\u00e8re),<br \/>\nConvoyeur de pi\u00e8ces,<br \/>\nSyst\u00e8me d'extinction d'incendie<br \/>\nConvoyeur de copeaux,<br \/>\nMagasin de chargement IEMCA BOSS 432r<\/p>\n<p>La machine peut \u00eatre visit\u00e9e sous tension sur rendez-vous.<br \/>\nSous r\u00e9serve de modifications et d'erreurs dans les donn\u00e9es techniques et les indications ainsi que de vente interm\u00e9diaire !<\/p>\n<p>used CNC-lathe Citizen L520-VII, year 2003<br \/>\ncontrol, Cincom Mitsubishi Meldas,<br \/>\n7 axes (X1\/Z1\/Y1\/C1\/X2\/Z2\/C2,<br \/>\nbar-\u00d8 max. 20 mm,<br \/>\nlongueur de rotation max. 205 mm,<br \/>\nbroche principale, vitesse max. 10.000 rpm, axe C 0,001 deg,<br \/>\ncontre-broche, vitesse max. 10.000 rpm, axe C 0,001 degr\u00e9,<br \/>\nTool holder f. total 18 tools (linear tool holder, front attachment, backworking),<br \/>\nparts conveyor belt,<br \/>\nsyst\u00e8me d'extinction d'incendie<br \/>\nconvoyeur de puces,<br \/>\nmagazine de chargement IEMCA BOSS 432r<\/p>\n<p>La machine peut \u00eatre inspect\u00e9e sous tension par arrangement pr\u00e9alable.<br \/>\nSous r\u00e9serve de modifications et d'erreurs dans les donn\u00e9es et informations techniques ainsi que de vente pr\u00e9alable !<\/p>","protected":false},"excerpt":{"rendered":"<p>Standort: Deutschland, Baden-W\u00fcrttemberg S\u00fcdwest Zustand: Gebraucht Hersteller: Citizen Machinery Baujahr: 2003 gebr. CNC-Langdrehmaschine Citizen L520-VII, Bj. 2003 Steuerung, Cincom Mitsubishi Meldas, 7 Achsen (X1\/Z1\/Y1\/C1\/X2\/Z2\/C2, Stangen-\u00d8 max. 20 mm, Drehl\u00e4nge max. 205 mm, Hauptspindel, Drehzahl max. 10.000 U\/min, C-Achse 0,001 Grad, Gegenspindel, Drehzahl max. 10.000 U\/min, C-Achse 0,001 Grad, Werkzeughalter f. insgesamt 18 Werkzeuge (Linearwerkzeughalter, Frontapparat, [&hellip;]<\/p>\n","protected":false},"featured_media":2722,"comment_status":"open","ping_status":"closed","template":"","meta":{"_uf_show_specific_survey":0,"_uf_disable_surveys":false},"product_brand":[],"product_cat":[23],"product_tag":[],"class_list":{"0":"post-2731","1":"product","2":"type-product","3":"status-publish","4":"has-post-thumbnail","6":"product_cat-cnc-langdrehmaschinen","8":"first","9":"instock","10":"taxable","11":"shipping-taxable","12":"product-type-simple"},"aioseo_notices":[],"_links":{"self":[{"href":"https:\/\/mueller-wrh.de\/fr\/wp-json\/wp\/v2\/product\/2731","targetHints":{"allow":["GET"]}}],"collection":[{"href":"https:\/\/mueller-wrh.de\/fr\/wp-json\/wp\/v2\/product"}],"about":[{"href":"https:\/\/mueller-wrh.de\/fr\/wp-json\/wp\/v2\/types\/product"}],"replies":[{"embeddable":true,"href":"https:\/\/mueller-wrh.de\/fr\/wp-json\/wp\/v2\/comments?post=2731"}],"wp:featuredmedia":[{"embeddable":true,"href":"https:\/\/mueller-wrh.de\/fr\/wp-json\/wp\/v2\/media\/2722"}],"wp:attachment":[{"href":"https:\/\/mueller-wrh.de\/fr\/wp-json\/wp\/v2\/media?parent=2731"}],"wp:term":[{"taxonomy":"product_brand","embeddable":true,"href":"https:\/\/mueller-wrh.de\/fr\/wp-json\/wp\/v2\/product_brand?post=2731"},{"taxonomy":"product_cat","embeddable":true,"href":"https:\/\/mueller-wrh.de\/fr\/wp-json\/wp\/v2\/product_cat?post=2731"},{"taxonomy":"product_tag","embeddable":true,"href":"https:\/\/mueller-wrh.de\/fr\/wp-json\/wp\/v2\/product_tag?post=2731"}],"curies":[{"name":"wp","href":"https:\/\/api.w.org\/{rel}","templated":true}]}}