{"id":2682,"date":"2025-03-13T16:15:19","date_gmt":"2025-03-13T16:15:19","guid":{"rendered":"https:\/\/mueller-wrh.de\/produkt\/werkzeughalter-agw_star-3-spindel-frontalbohr-fraesapparat-er16_nr-661-51-0-intnr202101166\/"},"modified":"2025-03-13T16:15:19","modified_gmt":"2025-03-13T16:15:19","slug":"werkzeughalter-agw_star-3-spindel-frontalbohr-fraesapparat-er16_nr-661-51-0-intnr202101166","status":"publish","type":"product","link":"https:\/\/mueller-wrh.de\/fr\/produit\/werkzeughalter-agw_star-3-spindel-frontalbohr-fraesapparat-er16_nr-661-51-0-intnr202101166\/","title":{"rendered":"Porte-outils AGW_Star -Fraiseuse \u00e0 per\u00e7age frontal \u00e0 3 broches ER16_Nr.661-51-0 (IntNr202101166)"},"content":{"rendered":"<p><b>Emplacement :<\/b> Allemagne, Baden-W\u00fcrttemberg S\u00fcdwest<\/p>\n<p><b>\u00e9tat :<\/b> Comme neuf<\/p>\n<p><b>fabricant :<\/b> STAR Micronics<\/p>\n<p><b>mod\u00e8le :<\/b> ER16_No.661-51-00<\/p>\n<p><b>Ann\u00e9e de construction :<\/b> 2016<\/p>\n<p>Porte-outils Star-3-broches-perceuse-fraiseuse frontale ER16<br \/>\nArt. n\u00b0 661-51-00<br \/>\n(S_Nr_327989-4)<br \/>\npour la broche principale<br \/>\nConvient \u00e0 Star Types :<br \/>\nStar ECAS-12\/20 ; SB-12\/20R ; SB-16III ; SD-26C\/E\/G\/S;SL-7\/10<br \/>\nSR-10J ; SR-20J\/JN ; SR-20JII-A ; SR-20JII-B ; SR-20RII;SR-20RIII<br \/>\nSR-20RIV ; SR-32J\/JN ; SR-32JII-A ; SR-32JII-B\/JIII-B ; SR-38 (Type A\/B)<br \/>\nSV-20R ; SW-12RII ; SW-20<\/p>\n<p>vitesse de rotation max. 8000 1\/mm<br \/>\nmax. 13 Nm<br \/>\nTraduction 1:1<br \/>\nSous r\u00e9serve de modifications et d'erreurs dans les donn\u00e9es techniques et les indications ainsi que de vente interm\u00e9diaire !<\/p>\n<p>Tool holder Star-3-spindle front drilling\/milling attachment ER16<br \/>\nNo.661-51-00<br \/>\n(S_No_327989-4)<br \/>\npour la broche principale<br \/>\nConvient pour les types de stars :<br \/>\nStar ECAS-12\/20 ; SB-12\/20R ; SB-16III ; SD-26C\/E\/G\/S;SL-7\/10<br \/>\nSR-10J ; SR-20J\/JN ; SR-20JII-A ; SR-20JII-B ; SR-20RII;SR-20RIII<br \/>\nSR-20RIV ; SR-32J\/JN ; SR-32JII-A ; SR-32JII-B\/JIII-B ; SR-38 (Type A\/B)<br \/>\nSV-20R ; SW-12RII ; SW-20<\/p>\n<p>Vitesse max. 8000 1\/mm<br \/>\nmax. 13 Nm<br \/>\nRapport de transmission 1:1<br \/>\nSous r\u00e9serve d'alt\u00e9rations et d'erreurs dans les donn\u00e9es techniques et les informations ainsi que de vente ant\u00e9rieure !<\/p>","protected":false},"excerpt":{"rendered":"<p>Standort: Deutschland, Baden-W\u00fcrttemberg S\u00fcdwest Zustand: Neuwertig Hersteller: STAR Micronics Modell: ER16_Nr.661-51-00 Baujahr: 2016 Werkzeughalter Star-3-Spindel-Frontalbohr-Fr\u00e4sapparat ER16 Nr.661-51-00 (S_Nr_327989-4) f\u00fcr die Hauptspindel Passend f\u00fcr Star Typen: Star ECAS-12\/20; SB-12\/20R; SB-16III; SD-26C\/E\/G\/S;SL-7\/10 SR-10J; SR-20J\/JN; SR-20JII-A; SR-20JII-B; SR-20RII;SR-20RIII SR-20RIV; SR-32J\/JN; SR-32JII-A; SR-32JII-B\/JIII-B; SR-38 (Type A\/B) SV-20R; SW-12RII; SW-20 Drehzahl max. 8000 1\/mm max. 13 Nm Uebersetzung 1:1 Aenderungen [&hellip;]<\/p>\n","protected":false},"featured_media":2679,"comment_status":"open","ping_status":"closed","template":"","meta":{"_uf_show_specific_survey":0,"_uf_disable_surveys":false},"product_brand":[],"product_cat":[20],"product_tag":[],"class_list":{"0":"post-2682","1":"product","2":"type-product","3":"status-publish","4":"has-post-thumbnail","6":"product_cat-werkzeughalter","8":"first","9":"instock","10":"taxable","11":"shipping-taxable","12":"product-type-simple"},"aioseo_notices":[],"_links":{"self":[{"href":"https:\/\/mueller-wrh.de\/fr\/wp-json\/wp\/v2\/product\/2682","targetHints":{"allow":["GET"]}}],"collection":[{"href":"https:\/\/mueller-wrh.de\/fr\/wp-json\/wp\/v2\/product"}],"about":[{"href":"https:\/\/mueller-wrh.de\/fr\/wp-json\/wp\/v2\/types\/product"}],"replies":[{"embeddable":true,"href":"https:\/\/mueller-wrh.de\/fr\/wp-json\/wp\/v2\/comments?post=2682"}],"wp:featuredmedia":[{"embeddable":true,"href":"https:\/\/mueller-wrh.de\/fr\/wp-json\/wp\/v2\/media\/2679"}],"wp:attachment":[{"href":"https:\/\/mueller-wrh.de\/fr\/wp-json\/wp\/v2\/media?parent=2682"}],"wp:term":[{"taxonomy":"product_brand","embeddable":true,"href":"https:\/\/mueller-wrh.de\/fr\/wp-json\/wp\/v2\/product_brand?post=2682"},{"taxonomy":"product_cat","embeddable":true,"href":"https:\/\/mueller-wrh.de\/fr\/wp-json\/wp\/v2\/product_cat?post=2682"},{"taxonomy":"product_tag","embeddable":true,"href":"https:\/\/mueller-wrh.de\/fr\/wp-json\/wp\/v2\/product_tag?post=2682"}],"curies":[{"name":"wp","href":"https:\/\/api.w.org\/{rel}","templated":true}]}}