{"id":2655,"date":"2025-03-13T16:14:15","date_gmt":"2025-03-13T16:14:15","guid":{"rendered":"https:\/\/mueller-wrh.de\/produkt\/gebr-cnc-citizen-c16-vi-baujahr-2004-intnr230440\/"},"modified":"2025-03-13T16:14:15","modified_gmt":"2025-03-13T16:14:15","slug":"gebr-cnc-citizen-c16-vi-baujahr-2004-intnr230440","status":"publish","type":"product","link":"https:\/\/mueller-wrh.de\/fr\/produit\/gebr-cnc-citizen-c16-vi-baujahr-2004-intnr230440\/","title":{"rendered":"CNC Citizen C16-VI d'occasion ann\u00e9e 2004 (IntNr230440)"},"content":{"rendered":"<p><b>Emplacement :<\/b> Allemagne, Baden-W\u00fcrttemberg S\u00fcdwest<\/p>\n<p><b>\u00e9tat :<\/b> Occasion<\/p>\n<p><b>fabricant :<\/b> Citizen Machinery<\/p>\n<p><b>mod\u00e8le :<\/b> C16-VI<\/p>\n<p><b>Ann\u00e9e de construction :<\/b> 2004<\/p>\n<p>Commande, fabr. CINCOM MITSUBISHI Meldas<br \/>\n6 axes (X1\/Z1\/Y1\/C1\/X2\/Z2),<br \/>\n\u00d8 max. de la barre : 16 mm,<br \/>\nLongueur de tournage max. 200 mm,<br \/>\nBroche principale, vitesse de rotation max. 10.000 tr\/min, axe C 0,001 degr\u00e9,<br \/>\n\u00d8 max. de la contre-broche 16 mm,<br \/>\nvitesse de rotation de la contre-broche max. 10.000 tr\/min, indexage de la broche inclus<br \/>\nPorte-outils pour un total de 17 outils (porte-outils lin\u00e9aires, appareil frontal, usinage de la face arri\u00e8re),<br \/>\nConvoyeur de pi\u00e8ces<br \/>\nConvoyeur \u00e0 copeaux<br \/>\nSyst\u00e8me d'extinction d'incendie<br \/>\nMagasin de chargement IEMCA Genius 118\/3200 Ann\u00e9e de construction 2005<\/p>\n<p>La machine peut \u00eatre visit\u00e9e sur rendez-vous.<br \/>\nSous r\u00e9serve de modifications et d'erreurs dans les donn\u00e9es techniques et les indications ainsi que de vente interm\u00e9diaire !<\/p>\n<p>control, make CINCOM MITSUBISHI Meldas<br \/>\n6 axes (X1\/Z1\/Y1\/C1\/X2\/Z2),<br \/>\nbar-\u00d8 max. 16 mm,<br \/>\nlongueur de tournage max. 200 mm,<br \/>\nbroche principale, vitesse max. 10.000 rpm, axe C 0,001 degr\u00e9,<br \/>\ncounter spindle \u00d8 max. 16 mm,<br \/>\nvitesse de la contre-broche max. 10.000 rpm, indexation de la broche incluse<br \/>\nPorte-outils pour un total de 17 outils (porte-outils lin\u00e9aire, fixation frontale, backworking),<br \/>\nparts conveyor belt<br \/>\nConvoyeur \u00e0 puce<br \/>\nSyst\u00e8me d'extinction d'incendie<br \/>\nmagazine de chargement IEMCA Genius 118\/3200 ann\u00e9e de construction 2005<\/p>\n<p>La machine peut \u00eatre inspect\u00e9e sur rendez-vous.<br \/>\nChanges and errors in the technical data and information and subject to prior sale !<\/p>","protected":false},"excerpt":{"rendered":"<p>Standort: Deutschland, Baden-W\u00fcrttemberg S\u00fcdwest Zustand: Gebraucht Hersteller: Citizen Machinery Modell: C16-VI Baujahr: 2004 Steuerung, Fabr. CINCOM MITSUBISHI Meldas 6 Achsen (X1\/Z1\/Y1\/C1\/X2\/Z2), Stangen-\u00d8 max. 16 mm, Drehl\u00e4nge max. 200 mm, Hauptspindel, Drehzahl max. 10.000 U\/min, C-Achse 0,001 Grad, Gegenspindel-\u00d8 max. 16 mm, Gegenspindeldrehzahl max. 10.000 U\/min, inkl. Spindelindexierung Werkzeughalter f. insgesamt 17 Werkzeuge (Linearwerkzeughalter, Frontapparat, R\u00fcckseitenbearbeitung), [&hellip;]<\/p>\n","protected":false},"featured_media":2646,"comment_status":"open","ping_status":"closed","template":"","meta":{"_uf_show_specific_survey":0,"_uf_disable_surveys":false},"product_brand":[],"product_cat":[23],"product_tag":[],"class_list":{"0":"post-2655","1":"product","2":"type-product","3":"status-publish","4":"has-post-thumbnail","6":"product_cat-cnc-langdrehmaschinen","8":"first","9":"instock","10":"taxable","11":"shipping-taxable","12":"product-type-simple"},"aioseo_notices":[],"_links":{"self":[{"href":"https:\/\/mueller-wrh.de\/fr\/wp-json\/wp\/v2\/product\/2655","targetHints":{"allow":["GET"]}}],"collection":[{"href":"https:\/\/mueller-wrh.de\/fr\/wp-json\/wp\/v2\/product"}],"about":[{"href":"https:\/\/mueller-wrh.de\/fr\/wp-json\/wp\/v2\/types\/product"}],"replies":[{"embeddable":true,"href":"https:\/\/mueller-wrh.de\/fr\/wp-json\/wp\/v2\/comments?post=2655"}],"wp:featuredmedia":[{"embeddable":true,"href":"https:\/\/mueller-wrh.de\/fr\/wp-json\/wp\/v2\/media\/2646"}],"wp:attachment":[{"href":"https:\/\/mueller-wrh.de\/fr\/wp-json\/wp\/v2\/media?parent=2655"}],"wp:term":[{"taxonomy":"product_brand","embeddable":true,"href":"https:\/\/mueller-wrh.de\/fr\/wp-json\/wp\/v2\/product_brand?post=2655"},{"taxonomy":"product_cat","embeddable":true,"href":"https:\/\/mueller-wrh.de\/fr\/wp-json\/wp\/v2\/product_cat?post=2655"},{"taxonomy":"product_tag","embeddable":true,"href":"https:\/\/mueller-wrh.de\/fr\/wp-json\/wp\/v2\/product_tag?post=2655"}],"curies":[{"name":"wp","href":"https:\/\/api.w.org\/{rel}","templated":true}]}}