{"id":267,"date":"2024-11-16T12:31:43","date_gmt":"2024-11-16T12:31:43","guid":{"rendered":"https:\/\/mueller-wrh.de\/versandarten\/"},"modified":"2024-11-17T12:26:39","modified_gmt":"2024-11-17T12:26:39","slug":"versandarten","status":"publish","type":"page","link":"https:\/\/mueller-wrh.de\/fr\/versandarten\/","title":{"rendered":"Paiement et livraison"},"content":{"rendered":"<p><strong>Moyens de paiement :<\/strong><\/p>\n\n\n\n<p>Paiement anticip\u00e9<\/p>\n\n\n\n<p>Si vous choisissez le mode de paiement par avance, nos coordonn\u00e9es bancaires sont les suivantes :<\/p>\n\n\n\n<p>Banque du Bade-Wurtemberg<\/p>\n\n\n\n<p>IBAN : DE38&nbsp;<a href=\"tel:6005 0101 0405 3888\">6005 0101 0405 3888<\/a>&nbsp;53<\/p>\n\n\n\n<p>BIC : SOLADEST600<\/p>\n\n\n\n<p>Contre remboursement<\/p>\n\n\n\n<p>Vous payez le prix d'achat directement au livreur. Des frais suppl\u00e9mentaires de 6,50 euros s'appliquent.<\/p>\n\n\n\n<p>PayPal Plus<\/p>\n\n\n\n<p>Dans le cadre du service de paiement PayPal Plus, nous vous proposons diff\u00e9rentes m\u00e9thodes de paiement en tant que services PayPal. Vous serez redirig\u00e9 vers le site web du fournisseur en ligne PayPal. Vous pouvez y indiquer vos donn\u00e9es de paiement, confirmer l'utilisation de vos donn\u00e9es par PayPal et l'ordre de paiement \u00e0 PayPal.<\/p>\n\n\n\n<p>Si vous avez choisi le mode de paiement PayPal, vous devez \u00eatre inscrit ou vous inscrire et vous l\u00e9gitimer avec vos donn\u00e9es d'acc\u00e8s pour pouvoir payer le montant de la facture. La transaction de paiement est effectu\u00e9e automatiquement par PayPal imm\u00e9diatement apr\u00e8s la confirmation de l'ordre de paiement. Vous obtiendrez de plus amples informations lors du processus de commande.<\/p>\n\n\n\n<p><strong>Exp\u00e9dition en Allemagne<\/strong><\/p>\n\n\n\n<p>1. les livraisons<\/p>\n\n\n\n<p>La livraison est effectu\u00e9e en Allemagne.<\/p>\n\n\n\n<p>1.1 Frais d'envoi<\/p>\n\n\n\n<p>Les frais d'exp\u00e9dition des produits sont calcul\u00e9s par commande, en fonction du poids et du montant de base. Ils comprennent la TVA allemande l\u00e9gale. Montant de base pour :<\/p>\n\n\n\n<p>Commande jusqu'\u00e0 2 kg : 2,38<\/p>\n\n\n\n<p>Commande jusqu'\u00e0 5 kg : 6,80<\/p>\n\n\n\n<p>Commande jusqu'\u00e0 10 kg : 8,75<\/p>\n\n\n\n<p>Commande jusqu'\u00e0 20 kg : 12,80<\/p>\n\n\n\n<p>Commande jusqu'\u00e0 30 kg : 14,80<\/p>\n\n\n\n<p>Commande \u00e0 partir de 30 kg : selon frais<\/p>\n\n\n\n<p>Vous trouverez le montant exact des frais de livraison de votre commande dans le panier, en dessous du total de la commande.&nbsp;<\/p>\n\n\n\n<p><strong>Envoi en dehors de l'Allemagne<\/strong><\/p>\n\n\n\n<p>2. livraisons<\/p>\n\n\n\n<p>2.1 Frais d'envoi<\/p>\n\n\n\n<p>Les commandes sont factur\u00e9es en fonction du temps pass\u00e9.&nbsp;<\/p>\n\n\n\n<p>3.&nbsp;<strong>D\u00e9lais de livraison&nbsp;<\/strong><\/p>\n\n\n\n<p>Si aucun autre d\u00e9lai n'est indiqu\u00e9 dans l'offre respective, la livraison de la marchandise a lieu en et hors Allemagne&nbsp;<\/p>\n\n\n\n<p>dans un d\u00e9lai de 3 \u00e0 5 jours \u00e0 compter de la conclusion du contrat (en cas de paiement anticip\u00e9 convenu, \u00e0 compter de la date de votre ordre de paiement).<\/p>\n\n\n\n<p>Veuillez noter qu'aucune livraison n'est effectu\u00e9e le dimanche et les jours f\u00e9ri\u00e9s.<\/p>\n\n\n\n<p>Si vous avez command\u00e9 des articles avec des d\u00e9lais de livraison diff\u00e9rents, nous envoyons la marchandise en un seul envoi, sauf si nous avons convenu d'un autre d\u00e9lai avec vous. Dans ce cas, le d\u00e9lai de livraison est d\u00e9termin\u00e9 par l'article dont le d\u00e9lai de livraison est le plus long que vous avez command\u00e9.<\/p>\n\n\n\n<p>Pour toute question \u00e0 ce sujet, vous trouverez nos coordonn\u00e9es dans les mentions l\u00e9gales.<\/p>","protected":false},"excerpt":{"rendered":"<p>Zahlungsm\u00f6glichkeiten: Vorkasse Bei Auswahl der Zahlungsart Vorkasse lautet unsere Bankverbindung: Baden-W\u00fcrttembergische Bank IBAN: DE38&nbsp;6005 0101 0405 3888&nbsp;53 BIC: SOLADEST600 Nachnahme Sie zahlen den Kaufpreis direkt beim Zusteller. Es fallen zzgl. 6,50 Euro als Kosten an. PayPal Plus Im Rahmen des Zahlungsdienstes PayPal Plus bieten wir Ihnen verschiedene Zahlungsmethoden als PayPal Services an. Sie werden auf [&hellip;]<\/p>\n","protected":false},"author":1,"featured_media":0,"parent":0,"menu_order":0,"comment_status":"closed","ping_status":"closed","template":"","meta":{"_uf_show_specific_survey":0,"_uf_disable_surveys":false,"footnotes":""},"class_list":["post-267","page","type-page","status-publish","hentry"],"aioseo_notices":[],"_links":{"self":[{"href":"https:\/\/mueller-wrh.de\/fr\/wp-json\/wp\/v2\/pages\/267","targetHints":{"allow":["GET"]}}],"collection":[{"href":"https:\/\/mueller-wrh.de\/fr\/wp-json\/wp\/v2\/pages"}],"about":[{"href":"https:\/\/mueller-wrh.de\/fr\/wp-json\/wp\/v2\/types\/page"}],"author":[{"embeddable":true,"href":"https:\/\/mueller-wrh.de\/fr\/wp-json\/wp\/v2\/users\/1"}],"replies":[{"embeddable":true,"href":"https:\/\/mueller-wrh.de\/fr\/wp-json\/wp\/v2\/comments?post=267"}],"version-history":[{"count":2,"href":"https:\/\/mueller-wrh.de\/fr\/wp-json\/wp\/v2\/pages\/267\/revisions"}],"predecessor-version":[{"id":743,"href":"https:\/\/mueller-wrh.de\/fr\/wp-json\/wp\/v2\/pages\/267\/revisions\/743"}],"wp:attachment":[{"href":"https:\/\/mueller-wrh.de\/fr\/wp-json\/wp\/v2\/media?parent=267"}],"curies":[{"name":"wp","href":"https:\/\/api.w.org\/{rel}","templated":true}]}}