{"id":263,"date":"2024-11-16T12:31:43","date_gmt":"2024-11-16T12:31:43","guid":{"rendered":"https:\/\/mueller-wrh.de\/impressum\/"},"modified":"2025-09-05T11:53:03","modified_gmt":"2025-09-05T11:53:03","slug":"impressum","status":"publish","type":"page","link":"https:\/\/mueller-wrh.de\/fr\/impressum\/","title":{"rendered":"Mentions l\u00e9gales"},"content":{"rendered":"<p>Informations selon \u00a7 5 TMG<\/p>\n<p>M\u00fcller Werkzeugmaschinen Robotik &amp; Handelshaus e.K. (machines-outils)<\/p>\n<p>Office :<\/p>\n<p>1, rue de la Tour<\/p>\n<p>72351 Geislingen<\/p>\n<p>Camp :<\/p>\n<p>Sur le Hub 10<\/p>\n<p>76307 Karlsbad<\/p>\n<p>Num\u00e9ro de TVA : DE194044973<\/p>\n<p>Contact :<\/p>\n<p>T\u00e9l\u00e9phone : <a href=\"tel:+49 (0) 7428 9188869\">+49 (0) 7428 9188869<\/a><\/p>\n<p>Mobilt : <a href=\"tel:+49 (0) 151 61553657\">+49 (0) 151 61553657<\/a><\/p>\n<p>Courrier \u00e9lectronique : office@mueller-wrh.de<\/p>\n<p>Inscription au registre du commerce :<\/p>\n<p>Tribunal d'enregistrement Tribunal d'instance de Stuttgart<\/p>\n<p>Registre du commerce : HRA 737211<\/p>\n<p>Responsable du contenu selon \u00a7 55 Abs. 2 RStV<\/p>\n<p>Rolf M\u00fcller<\/p>\n<p>1, rue de la Tour<\/p>\n<p>72351 Geislingen<\/p>\n<p>R\u00e8glement des litiges<\/p>\n<p>La Commission europ\u00e9enne met \u00e0 disposition une plateforme de r\u00e8glement en ligne des litiges (RLL) : https:\/\/ec.europa.eu\/consumers\/odr.<\/p>\n<p>Vous trouverez notre adresse e-mail en haut dans les mentions l\u00e9gales.<\/p>\n<p>Nous ne sommes pas pr\u00eats ou oblig\u00e9s de participer \u00e0 des proc\u00e9dures de r\u00e8glement des litiges devant un organisme de conciliation des consommateurs.<\/p>\n<p>Responsabilit\u00e9 du contenu<\/p>\n<p>En tant que prestataire de services, nous sommes responsables, conform\u00e9ment au \u00a7 7 alin\u00e9a 1 de la loi allemande sur les t\u00e9l\u00e9m\u00e9dias (TMG), de nos propres contenus sur ces pages selon les lois g\u00e9n\u00e9rales. Selon les \u00a7\u00a7 8 \u00e0 10 de la TMG, nous ne sommes toutefois pas tenus, en tant que prestataire de services, de surveiller les informations externes transmises ou enregistr\u00e9es ou de rechercher les circonstances qui indiquent une activit\u00e9 ill\u00e9gale.<\/p>\n<p>Les obligations de supprimer ou de bloquer l'utilisation d'informations conform\u00e9ment aux lois g\u00e9n\u00e9rales restent inchang\u00e9es. Une responsabilit\u00e9 \u00e0 cet \u00e9gard n'est toutefois possible qu'\u00e0 partir du moment o\u00f9 une violation concr\u00e8te de la loi est connue. D\u00e8s la prise de connaissance d'une telle violation de la loi, nous supprimerons imm\u00e9diatement ces contenus.<\/p>\n<p>Responsabilit\u00e9 pour les liens<\/p>\n<p>Notre offre contient des liens vers des sites web externes de tiers, sur le contenu desquels nous n'avons aucune influence. C'est pourquoi nous ne pouvons pas non plus nous porter garants de ces contenus externes. Le fournisseur ou l'exploitant des pages li\u00e9es est toujours responsable des contenus de ces pages. Les pages li\u00e9es ont \u00e9t\u00e9 contr\u00f4l\u00e9es au moment de la cr\u00e9ation du lien afin de v\u00e9rifier qu'elles ne pr\u00e9sentaient pas d'infraction \u00e0 la loi. Aucun contenu ill\u00e9gal n'a \u00e9t\u00e9 identifi\u00e9 au moment de la cr\u00e9ation des liens.<\/p>\n<p>Un contr\u00f4le permanent du contenu des pages li\u00e9es n'est toutefois pas exigible sans indices concrets d'une violation de la loi. D\u00e8s que nous aurons connaissance d'une violation de la loi, nous supprimerons imm\u00e9diatement les liens concern\u00e9s.<\/p>\n<p>Droit d'auteur<\/p>\n<p>Les contenus et les \u0153uvres cr\u00e9\u00e9s par les exploitants de ces pages sont soumis au droit d'auteur allemand. La reproduction, le traitement, la diffusion et toute forme d'exploitation en dehors des limites du droit d'auteur requi\u00e8rent l'accord \u00e9crit de l'auteur ou du cr\u00e9ateur concern\u00e9. Les t\u00e9l\u00e9chargements et les copies de ce site ne sont autoris\u00e9s que pour un usage priv\u00e9 et non commercial.<\/p>\n<p>Dans la mesure o\u00f9 les contenus de ce site n'ont pas \u00e9t\u00e9 cr\u00e9\u00e9s par l'exploitant, les droits d'auteur de tiers sont respect\u00e9s. Les contenus de tiers sont notamment identifi\u00e9s comme tels. Si vous deviez n\u00e9anmoins constater une violation des droits d'auteur, nous vous prions de nous en informer. D\u00e8s la prise de connaissance d'une violation de la loi, nous supprimerons imm\u00e9diatement les contenus concern\u00e9s.<\/p>","protected":false},"excerpt":{"rendered":"<p>Angaben gem\u00e4\u00df \u00a7 5 TMG M\u00fcller Werkzeugmaschinen Robotik &amp; Handelshaus e.K. Office: Turmstra\u00dfe 1 72351 Geislingen Lager: Auf der Hub 10 76307 Karlsbad Ust.-Id-Nr.: DE194044973 Kontakt: Telefon: +49 (0) 7428 9188869 Mobilt.: +49 (0) 151 61553657 E-Mail: office@mueller-wrh.de Handelsregistereintrag: Registergericht Amtsgericht Stuttgart Handelsregister: HRA 737211 Verantwortlich f\u00fcr den Inhalt nach \u00a7 55 Abs. 2 RStV [&hellip;]<\/p>\n","protected":false},"author":1,"featured_media":0,"parent":0,"menu_order":0,"comment_status":"closed","ping_status":"closed","template":"","meta":{"_uf_show_specific_survey":0,"_uf_disable_surveys":false,"footnotes":""},"class_list":["post-263","page","type-page","status-publish","hentry"],"aioseo_notices":[],"_links":{"self":[{"href":"https:\/\/mueller-wrh.de\/fr\/wp-json\/wp\/v2\/pages\/263","targetHints":{"allow":["GET"]}}],"collection":[{"href":"https:\/\/mueller-wrh.de\/fr\/wp-json\/wp\/v2\/pages"}],"about":[{"href":"https:\/\/mueller-wrh.de\/fr\/wp-json\/wp\/v2\/types\/page"}],"author":[{"embeddable":true,"href":"https:\/\/mueller-wrh.de\/fr\/wp-json\/wp\/v2\/users\/1"}],"replies":[{"embeddable":true,"href":"https:\/\/mueller-wrh.de\/fr\/wp-json\/wp\/v2\/comments?post=263"}],"version-history":[{"count":3,"href":"https:\/\/mueller-wrh.de\/fr\/wp-json\/wp\/v2\/pages\/263\/revisions"}],"predecessor-version":[{"id":3923,"href":"https:\/\/mueller-wrh.de\/fr\/wp-json\/wp\/v2\/pages\/263\/revisions\/3923"}],"wp:attachment":[{"href":"https:\/\/mueller-wrh.de\/fr\/wp-json\/wp\/v2\/media?parent=263"}],"curies":[{"name":"wp","href":"https:\/\/api.w.org\/{rel}","templated":true}]}}