{"id":12,"date":"2024-11-15T18:23:20","date_gmt":"2024-11-15T18:23:20","guid":{"rendered":"https:\/\/mueller-wrh.de\/warenkorb\/"},"modified":"2024-11-16T11:14:39","modified_gmt":"2024-11-16T11:14:39","slug":"warenkorb","status":"publish","type":"page","link":"https:\/\/mueller-wrh.de\/fr\/warenkorb\/","title":{"rendered":"Panier d'achat"},"content":{"rendered":"<div data-block-name=\"woocommerce\/cart\" class=\"wp-block-woocommerce-cart alignwide is-loading\">\n<div data-block-name=\"woocommerce\/filled-cart-block\" class=\"wp-block-woocommerce-filled-cart-block\">\n<div data-block-name=\"woocommerce\/cart-items-block\" class=\"wp-block-woocommerce-cart-items-block\">\n<div data-block-name=\"woocommerce\/cart-line-items-block\" class=\"wp-block-woocommerce-cart-line-items-block\"><\/div>\n\n\n\n<div data-block-name=\"woocommerce\/cart-cross-sells-block\" class=\"wp-block-woocommerce-cart-cross-sells-block\">\n<h2 class=\"wp-block-heading has-large-font-size\">Cela pourrait t'int\u00e9resser ...<\/h2>\n\n\n\n<div data-block-name=\"woocommerce\/cart-cross-sells-products-block\" class=\"wp-block-woocommerce-cart-cross-sells-products-block\"><\/div>\n<\/div>\n<\/div>\n\n\n\n<div data-block-name=\"woocommerce\/cart-totals-block\" class=\"wp-block-woocommerce-cart-totals-block\"><div data-block-name=\"woocommerce-germanized\/cart-summary-item\" class=\"wp-block-woocommerce-germanized-cart-summary-item\"><\/div>\n<div data-block-name=\"woocommerce\/cart-order-summary-block\" class=\"wp-block-woocommerce-cart-order-summary-block\">\n<div data-block-name=\"woocommerce\/cart-order-summary-heading-block\" class=\"wp-block-woocommerce-cart-order-summary-heading-block\"><\/div><div data-block-name=\"woocommerce\/cart-order-summary-coupon-form-block\" class=\"wp-block-woocommerce-cart-order-summary-coupon-form-block\"><\/div><div data-block-name=\"woocommerce\/cart-order-summary-totals-block\" class=\"wp-block-woocommerce-cart-order-summary-totals-block\">\n<div data-block-name=\"woocommerce\/cart-order-summary-subtotal-block\" class=\"wp-block-woocommerce-cart-order-summary-subtotal-block\"><\/div>\n<div data-block-name=\"woocommerce\/cart-order-summary-discount-block\" class=\"wp-block-woocommerce-cart-order-summary-discount-block\"><\/div>\n<div data-block-name=\"woocommerce\/cart-order-summary-fee-block\" class=\"wp-block-woocommerce-cart-order-summary-fee-block\"><\/div>\n<div data-block-name=\"woocommerce\/cart-order-summary-shipping-block\" class=\"wp-block-woocommerce-cart-order-summary-shipping-block\"><\/div>\n<div data-block-name=\"woocommerce\/cart-order-summary-taxes-block\" class=\"wp-block-woocommerce-cart-order-summary-taxes-block\"><\/div><\/div>\n<\/div>\n\n\n\n<div data-block-name=\"woocommerce\/cart-express-payment-block\" class=\"wp-block-woocommerce-cart-express-payment-block\"><\/div>\n\n\n\n<div data-block-name=\"woocommerce\/proceed-to-checkout-block\" class=\"wp-block-woocommerce-proceed-to-checkout-block\"><\/div>\n\n\n\n<div data-block-name=\"woocommerce\/cart-accepted-payment-methods-block\" class=\"wp-block-woocommerce-cart-accepted-payment-methods-block\"><\/div>\n<\/div>\n<\/div>\n\n\n\n<div data-block-name=\"woocommerce\/empty-cart-block\" class=\"wp-block-woocommerce-empty-cart-block\">\n<h2 class=\"wp-block-heading has-text-align-center with-empty-cart-icon wc-block-cart__empty-cart__title\">Ton panier est actuellement vide !<\/h2>\n\n\n\n<hr class=\"wp-block-separator has-alpha-channel-opacity is-style-dots\"\/>\n\n\n\n<h2 class=\"wp-block-heading has-text-align-center\">Nouveau dans la boutique<\/h2>\n\n\n<div data-block-name=\"woocommerce\/product-new\" data-columns=\"4\" data-rows=\"1\" class=\"wc-block-grid wp-block-product-new wp-block-woocommerce-product-new wc-block-product-new has-4-columns\"><ul class=\"wc-block-grid__products\"><li class=\"wc-block-grid__product\">\n\t\t\t\t<a href=\"https:\/\/mueller-wrh.de\/fr\/produit\/tornos-r10-bj-87-mit-lademagazin-barboy-typ-29-aa-1_-intnr231511\/\" class=\"wc-block-grid__product-link\">\n\t\t\t\t\t\n\t\t\t\t\t<div class=\"wc-block-grid__product-image\"><img loading=\"lazy\" decoding=\"async\" width=\"300\" height=\"300\" src=\"https:\/\/mueller-wrh.de\/wp-content\/uploads\/2026\/04\/68544018-e446-44e8-a6c6-88be9cdda910_1_105_c-300x300.png\" class=\"attachment-woocommerce_thumbnail size-woocommerce_thumbnail\" alt=\"TORNOS R10 Bj. `87 mit Lademagazin Barboy Typ 29-AA-1_ IntNr231511\" srcset=\"https:\/\/mueller-wrh.de\/wp-content\/uploads\/2026\/04\/68544018-e446-44e8-a6c6-88be9cdda910_1_105_c-300x300.png 300w, https:\/\/mueller-wrh.de\/wp-content\/uploads\/2026\/04\/68544018-e446-44e8-a6c6-88be9cdda910_1_105_c-150x150.png 150w, https:\/\/mueller-wrh.de\/wp-content\/uploads\/2026\/04\/68544018-e446-44e8-a6c6-88be9cdda910_1_105_c-100x100.png 100w\" sizes=\"auto, (max-width: 300px) 100vw, 300px\" \/><\/div>\n\t\t\t\t\t<div class=\"wc-block-grid__product-title\">TORNOS R10 Ann\u00e9e `87 avec chargeur Barboy type 29-AA-1_ IntNr231511<\/div>\n\t\t\t\t<\/a>\n\t\t\t\t<div class=\"wc-block-grid__product-price price\"><\/div>\n\t\t\t\t\n\t\t\t\t<div class=\"wp-block-button wc-block-grid__product-add-to-cart\"><a href=\"https:\/\/mueller-wrh.de\/fr\/produit\/tornos-r10-bj-87-mit-lademagazin-barboy-typ-29-aa-1_-intnr231511\/\" aria-label=\"En savoir plus sur &quot;TORNOS R10 Bj. `87 mit Lademagazin Barboy Typ 29-AA-1_ IntNr231511&quot;\" data-quantity=\"1\" data-product_id=\"5415\" data-product_sku=\"IntNr231511\" data-price=\"0\" rel=\"nofollow\" class=\"wp-block-button__link wp-element-button add_to_cart_button\" data-no-translation=\"\" data-trp-gettext=\"\" data-no-translation-aria-label=\"\">En savoir plus<\/a><\/div>\n\t\t\t<\/li><li class=\"wc-block-grid__product\">\n\t\t\t\t<a href=\"https:\/\/mueller-wrh.de\/fr\/produit\/tornos-ms7-hy-6-bj-1989-mit-lademagazin-iemca-elite-112_bj-12-intnr231512\/\" class=\"wc-block-grid__product-link\">\n\t\t\t\t\t\n\t\t\t\t\t<div class=\"wc-block-grid__product-image\"><img loading=\"lazy\" decoding=\"async\" width=\"300\" height=\"300\" src=\"https:\/\/mueller-wrh.de\/wp-content\/uploads\/2026\/04\/054c3a4e-5e2b-43a7-84b7-7702a5984536_1_105_c-300x300.png\" class=\"attachment-woocommerce_thumbnail size-woocommerce_thumbnail\" alt=\"TORNOS MS7 HY 6 Bj. 1989 mit Lademagazin IEMCA Elite 112_Bj. `12 IntNr231512\" srcset=\"https:\/\/mueller-wrh.de\/wp-content\/uploads\/2026\/04\/054c3a4e-5e2b-43a7-84b7-7702a5984536_1_105_c-300x300.png 300w, https:\/\/mueller-wrh.de\/wp-content\/uploads\/2026\/04\/054c3a4e-5e2b-43a7-84b7-7702a5984536_1_105_c-150x150.png 150w, https:\/\/mueller-wrh.de\/wp-content\/uploads\/2026\/04\/054c3a4e-5e2b-43a7-84b7-7702a5984536_1_105_c-100x100.png 100w\" sizes=\"auto, (max-width: 300px) 100vw, 300px\" \/><\/div>\n\t\t\t\t\t<div class=\"wc-block-grid__product-title\">TORNOS MS7 HY 6 Ann\u00e9e 1989 avec chargeur de barres IEMCA Elite 112 Ann\u00e9e `12 IntNr231512<\/div>\n\t\t\t\t<\/a>\n\t\t\t\t<div class=\"wc-block-grid__product-price price\"><\/div>\n\t\t\t\t\n\t\t\t\t<div class=\"wp-block-button wc-block-grid__product-add-to-cart\"><a href=\"https:\/\/mueller-wrh.de\/fr\/produit\/tornos-ms7-hy-6-bj-1989-mit-lademagazin-iemca-elite-112_bj-12-intnr231512\/\" aria-label=\"En savoir plus sur &quot;TORNOS MS7 HY 6 Bj. 1989 mit Lademagazin IEMCA Elite 112_Bj. `12 IntNr231512&quot;\" data-quantity=\"1\" data-product_id=\"5408\" data-product_sku=\"IntNr231512\" data-price=\"0\" rel=\"nofollow\" class=\"wp-block-button__link wp-element-button add_to_cart_button\" data-no-translation=\"\" data-trp-gettext=\"\" data-no-translation-aria-label=\"\">En savoir plus<\/a><\/div>\n\t\t\t<\/li><li class=\"wc-block-grid__product\">\n\t\t\t\t<a href=\"https:\/\/mueller-wrh.de\/fr\/produit\/miyano-cnc-kurzdrehmaschine-bne-51s-bj-1999_-mit-iemca-boss-552-hd-intnr231509\/\" class=\"wc-block-grid__product-link\">\n\t\t\t\t\t\n\t\t\t\t\t<div class=\"wc-block-grid__product-image\"><img loading=\"lazy\" decoding=\"async\" width=\"300\" height=\"300\" src=\"https:\/\/mueller-wrh.de\/wp-content\/uploads\/2026\/04\/img_2121-300x300.png\" class=\"attachment-woocommerce_thumbnail size-woocommerce_thumbnail\" alt=\"MIYANO CNC Kurzdrehmaschine BNE-51S, Bj. 1999_ mit IEMCA BOSS 552-HD IntNr231509\" srcset=\"https:\/\/mueller-wrh.de\/wp-content\/uploads\/2026\/04\/img_2121-300x300.png 300w, https:\/\/mueller-wrh.de\/wp-content\/uploads\/2026\/04\/img_2121-150x150.png 150w, https:\/\/mueller-wrh.de\/wp-content\/uploads\/2026\/04\/img_2121-100x100.png 100w\" sizes=\"auto, (max-width: 300px) 100vw, 300px\" \/><\/div>\n\t\t\t\t\t<div class=\"wc-block-grid__product-title\">Tour \u00e0 d\u00e9colleter CNC Miyano BNE-51S, ann\u00e9e 1999_ avec IEMCA BOSS 552-HD IntNr231509<\/div>\n\t\t\t\t<\/a>\n\t\t\t\t<div class=\"wc-block-grid__product-price price\"><\/div>\n\t\t\t\t\n\t\t\t\t<div class=\"wp-block-button wc-block-grid__product-add-to-cart\"><a href=\"https:\/\/mueller-wrh.de\/fr\/produit\/miyano-cnc-kurzdrehmaschine-bne-51s-bj-1999_-mit-iemca-boss-552-hd-intnr231509\/\" aria-label=\"En savoir plus sur &quot;MIYANO CNC Kurzdrehmaschine BNE-51S, Bj. 1999_ mit IEMCA BOSS 552-HD IntNr231509&quot;\" data-quantity=\"1\" data-product_id=\"5399\" data-product_sku=\"IntNr231509\" data-price=\"0\" rel=\"nofollow\" class=\"wp-block-button__link wp-element-button add_to_cart_button\" data-no-translation=\"\" data-trp-gettext=\"\" data-no-translation-aria-label=\"\">En savoir plus<\/a><\/div>\n\t\t\t<\/li><li class=\"wc-block-grid__product\">\n\t\t\t\t<a href=\"https:\/\/mueller-wrh.de\/fr\/produit\/5-achs-cnc-baz-chiron-fz08s-bj-98-intnr231520\/\" class=\"wc-block-grid__product-link\">\n\t\t\t\t\t\n\t\t\t\t\t<div class=\"wc-block-grid__product-image\"><img loading=\"lazy\" decoding=\"async\" width=\"300\" height=\"300\" src=\"https:\/\/mueller-wrh.de\/wp-content\/uploads\/2026\/04\/img_2168-300x300.png\" class=\"attachment-woocommerce_thumbnail size-woocommerce_thumbnail\" alt=\"5-Achs-CNC-BAZ Chiron FZ08S Bj. `98 IntNr231520\" srcset=\"https:\/\/mueller-wrh.de\/wp-content\/uploads\/2026\/04\/img_2168-300x300.png 300w, https:\/\/mueller-wrh.de\/wp-content\/uploads\/2026\/04\/img_2168-150x150.png 150w, https:\/\/mueller-wrh.de\/wp-content\/uploads\/2026\/04\/img_2168-100x100.png 100w\" sizes=\"auto, (max-width: 300px) 100vw, 300px\" \/><\/div>\n\t\t\t\t\t<div class=\"wc-block-grid__product-title\">Centre d'usinage CNC 5 axes Chiron FZ08S ann\u00e9e 98 IntNr231520<\/div>\n\t\t\t\t<\/a>\n\t\t\t\t<div class=\"wc-block-grid__product-price price\"><\/div>\n\t\t\t\t\n\t\t\t\t<div class=\"wp-block-button wc-block-grid__product-add-to-cart\"><a href=\"https:\/\/mueller-wrh.de\/fr\/produit\/5-achs-cnc-baz-chiron-fz08s-bj-98-intnr231520\/\" aria-label=\"En savoir plus sur &quot;5-Achs-CNC-BAZ Chiron FZ08S Bj. `98 IntNr231520&quot;\" data-quantity=\"1\" data-product_id=\"5389\" data-product_sku=\"IntNr231520\" data-price=\"0\" rel=\"nofollow\" class=\"wp-block-button__link wp-element-button add_to_cart_button\" data-no-translation=\"\" data-trp-gettext=\"\" data-no-translation-aria-label=\"\">En savoir plus<\/a><\/div>\n\t\t\t<\/li><\/ul><\/div><\/div>\n<\/div>","protected":false},"excerpt":{"rendered":"","protected":false},"author":1,"featured_media":0,"parent":0,"menu_order":0,"comment_status":"closed","ping_status":"closed","template":"","meta":{"_uf_show_specific_survey":0,"_uf_disable_surveys":false,"footnotes":""},"class_list":["post-12","page","type-page","status-publish","hentry"],"aioseo_notices":[],"_links":{"self":[{"href":"https:\/\/mueller-wrh.de\/fr\/wp-json\/wp\/v2\/pages\/12","targetHints":{"allow":["GET"]}}],"collection":[{"href":"https:\/\/mueller-wrh.de\/fr\/wp-json\/wp\/v2\/pages"}],"about":[{"href":"https:\/\/mueller-wrh.de\/fr\/wp-json\/wp\/v2\/types\/page"}],"author":[{"embeddable":true,"href":"https:\/\/mueller-wrh.de\/fr\/wp-json\/wp\/v2\/users\/1"}],"replies":[{"embeddable":true,"href":"https:\/\/mueller-wrh.de\/fr\/wp-json\/wp\/v2\/comments?post=12"}],"version-history":[{"count":2,"href":"https:\/\/mueller-wrh.de\/fr\/wp-json\/wp\/v2\/pages\/12\/revisions"}],"predecessor-version":[{"id":1556,"href":"https:\/\/mueller-wrh.de\/fr\/wp-json\/wp\/v2\/pages\/12\/revisions\/1556"}],"wp:attachment":[{"href":"https:\/\/mueller-wrh.de\/fr\/wp-json\/wp\/v2\/media?parent=12"}],"curies":[{"name":"wp","href":"https:\/\/api.w.org\/{rel}","templated":true}]}}