{"id":5415,"date":"2026-04-21T19:41:02","date_gmt":"2026-04-21T19:41:02","guid":{"rendered":"https:\/\/mueller-wrh.de\/produkt\/tornos-r10-bj-87-mit-lademagazin-barboy-typ-29-aa-1_-intnr231511\/"},"modified":"2026-04-21T19:41:02","modified_gmt":"2026-04-21T19:41:02","slug":"tornos-r10-bj-87-mit-lademagazin-barboy-typ-29-aa-1_-intnr231511","status":"publish","type":"product","link":"https:\/\/mueller-wrh.de\/es\/producto\/tornos-r10-bj-87-mit-lademagazin-barboy-typ-29-aa-1_-intnr231511\/","title":{"rendered":"TORNOS R10 Bj. `87 con cargador Barboy Tipo 29-AA-1_ IntNr231511"},"content":{"rendered":"<p><b>Ubicaci\u00f3n:<\/b> Alemania, Baden-W\u00fcrttemberg Suroeste<\/p>\n<p><b>Estado:<\/b> Usado<\/p>\n<p><b>Fabricante:<\/b> Tornos<\/p>\n<p><b>Modelo:<\/b> R10<\/p>\n<p><b>A\u00f1o de construcci\u00f3n:<\/b> 1987<\/p>\n<p>Se vende torno multihusillo \/ torno de arrastre TORNOS R10 de segunda mano, a\u00f1o de fabricaci\u00f3n 1987, equipado con cargador de barras BARBOY tipo 29-AA-1. <\/p>\n<p>Datos t\u00e9cnicos TORNOS R10:<br \/>\nTipo de m\u00e1quina: Torno de barra<br \/>\nDi\u00e1metro m\u00e1ximo del material: 10 mm<br \/>\nOrificio del husillo: 13 mm<br \/>\nDi\u00e1metro m\u00e1x. de rosca: M8<br \/>\nLongitud de viruta m\u00e1x. con curva plana: 70 mm<br \/>\nLongitud m\u00e1xima de giro con curva de campana: 100 mm<br \/>\nN\u00famero de herramientas de torneado: 5<br \/>\nVelocidades del husillo: 20 etapas de 1.050 a 8.000 rpm<br \/>\nConexi\u00f3n el\u00e9ctrica: 50 Hz \/ 3 x 380 V<br \/>\nPeso de la m\u00e1quina: aprox. 860 kg<br \/>\nDimensiones: aprox. 1.500 x 750 x 1.450 mm<\/p>\n<p>Datos t\u00e9cnicos del cargador BARBOY Tipo 29-AA-1:<br \/>\nFabricante: BARBOY<br \/>\nTipo: 29-AA-1<br \/>\nTipo de equipo: cargador de barras<br \/>\nLongitud del cargador: 3.000 mm<\/p>\n<p>La m\u00e1quina puede inspeccionarse con cita previa.<br \/>\n\u00a1Cambios y errores en los datos t\u00e9cnicos y la informaci\u00f3n, as\u00ed como la venta previa reservados!<\/p>\n<p>Se vende un torno autom\u00e1tico de cabezal m\u00f3vil TORNOS R10 usado, fabricado en 1987 y equipado con un alimentador de barras BARBOY Tipo 29-AA-1. <\/p>\n<p>Especificaciones t\u00e9cnicas TORNOS R10:<br \/>\nTipo de m\u00e1quina: Tornos autom\u00e1ticos de cabezal m\u00f3vil<br \/>\nDi\u00e1metro m\u00e1ximo del material: 10 mm<br \/>\nDi\u00e1metro del husillo: 13 mm<br \/>\nDi\u00e1metro m\u00e1ximo de rosca: M8<br \/>\nLongitud m\u00e1xima de torneado con leva plana: 70 mm<br \/>\nLongitud m\u00e1xima de giro con portabrocas de leva: 100 mm<br \/>\nN\u00famero de herramientas de torneado: 5<br \/>\nVelocidades del husillo: 20 velocidades de 1.050 a 8.000 rpm<br \/>\nConexi\u00f3n el\u00e9ctrica: 50 Hz \/ 3 x 380 V<br \/>\nPeso de la m\u00e1quina: aprox. 860 kg<br \/>\nDimensiones: aprox. 1.500 x 750 x 1.450 mm<\/p>\n<p>Datos t\u00e9cnicos para alimentador de barras BARBOY Tipo 29-AA-1:<br \/>\nFabricante: BARBOY<br \/>\nTipo: 29-AA-1<br \/>\nTipo de equipo: Alimentador de barras<br \/>\nLongitud del alimentador: 3.000 mm<\/p>\n<p>La m\u00e1quina puede visitarse con cita previa.<br \/>\nNos reservamos el derecho a realizar cambios y correcciones en los datos t\u00e9cnicos y las especificaciones, y a vender el art\u00edculo mientras tanto.<\/p>","protected":false},"excerpt":{"rendered":"<p>Standort: Deutschland, Baden-W\u00fcrttemberg S\u00fcdwest Zustand: Gebraucht Hersteller: Tornos Modell: R10 Baujahr: 1987 Zum Verkauf steht ein gebrauchter Langdrehautomat \/ Drehautomat TORNOS R10, Baujahr 1987, ausgestattet mit einem Stangenlademagazin BARBOY Typ 29-AA-1. Technische Daten TORNOS R10: Maschinenart: Langdrehautomat Max. Materialdurchmesser: 10 mm Spindelbohrung: 13 mm Max. Gewindedurchmesser: M8 Max. Drehl\u00e4nge mit Flachkurve: 70 mm Max. Drehl\u00e4nge [&hellip;]<\/p>\n","protected":false},"featured_media":5409,"comment_status":"open","ping_status":"closed","template":"","meta":{"_uf_show_specific_survey":0,"_uf_disable_surveys":false},"product_brand":[],"product_cat":[112],"product_tag":[],"class_list":{"0":"post-5415","1":"product","2":"type-product","3":"status-publish","4":"has-post-thumbnail","6":"product_cat-langdrehmaschinen","8":"first","9":"instock","10":"taxable","11":"shipping-taxable","12":"product-type-simple"},"aioseo_notices":[],"_links":{"self":[{"href":"https:\/\/mueller-wrh.de\/es\/wp-json\/wp\/v2\/product\/5415","targetHints":{"allow":["GET"]}}],"collection":[{"href":"https:\/\/mueller-wrh.de\/es\/wp-json\/wp\/v2\/product"}],"about":[{"href":"https:\/\/mueller-wrh.de\/es\/wp-json\/wp\/v2\/types\/product"}],"replies":[{"embeddable":true,"href":"https:\/\/mueller-wrh.de\/es\/wp-json\/wp\/v2\/comments?post=5415"}],"wp:featuredmedia":[{"embeddable":true,"href":"https:\/\/mueller-wrh.de\/es\/wp-json\/wp\/v2\/media\/5409"}],"wp:attachment":[{"href":"https:\/\/mueller-wrh.de\/es\/wp-json\/wp\/v2\/media?parent=5415"}],"wp:term":[{"taxonomy":"product_brand","embeddable":true,"href":"https:\/\/mueller-wrh.de\/es\/wp-json\/wp\/v2\/product_brand?post=5415"},{"taxonomy":"product_cat","embeddable":true,"href":"https:\/\/mueller-wrh.de\/es\/wp-json\/wp\/v2\/product_cat?post=5415"},{"taxonomy":"product_tag","embeddable":true,"href":"https:\/\/mueller-wrh.de\/es\/wp-json\/wp\/v2\/product_tag?post=5415"}],"curies":[{"name":"wp","href":"https:\/\/api.w.org\/{rel}","templated":true}]}}