{"id":5408,"date":"2026-04-21T19:21:11","date_gmt":"2026-04-21T19:21:11","guid":{"rendered":"https:\/\/mueller-wrh.de\/produkt\/tornos-ms7-hy-6-bj-1989-mit-lademagazin-iemca-elite-112_bj-12-intnr231512\/"},"modified":"2026-04-21T19:21:11","modified_gmt":"2026-04-21T19:21:11","slug":"tornos-ms7-hy-6-bj-1989-mit-lademagazin-iemca-elite-112_bj-12-intnr231512","status":"publish","type":"product","link":"https:\/\/mueller-wrh.de\/es\/producto\/tornos-ms7-hy-6-bj-1989-mit-lademagazin-iemca-elite-112_bj-12-intnr231512\/","title":{"rendered":"Tornos MS7 HY 6 a\u00f1o 1989 con cargador IEMCA Elite 112 a\u00f1o `12 IntNr231512"},"content":{"rendered":"<p><b>Ubicaci\u00f3n:<\/b> Alemania, Baden-W\u00fcrttemberg Suroeste<\/p>\n<p><b>Estado:<\/b> Usado<\/p>\n<p><b>Fabricante:<\/b> Tornos<\/p>\n<p><b>Modelo:<\/b> HY 6<\/p>\n<p><b>A\u00f1o de construcci\u00f3n:<\/b> 1989<\/p>\n<p>En venta un torno autom\u00e1tico de precisi\u00f3n TORNOS MS7 HY 6 de segunda mano, a\u00f1o de fabricaci\u00f3n 1989, equipado con un alimentador de barras IEMCA ELITE 112, a\u00f1o de fabricaci\u00f3n 2012.<br \/>\nEspecificaciones t\u00e9cnicas TORNOS MS7 \/ MS7 HY 6:<\/p>\n<p>Tipo de m\u00e1quina: Torno de barra<br \/>\nDi\u00e1metro m\u00e1x. de la pieza: 7 mm<br \/>\nTaladro del husillo: 8 mm<br \/>\nCubo con curva plana: 60 mm<br \/>\nDi\u00e1metro de rosca m\u00e1s grande: M6<br \/>\nN\u00famero de herramientas de torneado: 5<br \/>\nVelocidades del husillo: 20 etapas, 1.400-10.000 rpm<br \/>\nConexi\u00f3n el\u00e9ctrica: 3 x 380 V \/ 50 Hz<br \/>\nRendimiento total: aprox. 2 CV<br \/>\nPeso de la m\u00e1quina: aprox. 520 kg<br \/>\nDimensiones: aprox. 1.200 x 700 x 1.400 mm<br \/>\nEquipamiento seg\u00fan fuente disponible: L\u00e1mpara, lubricaci\u00f3n centralizada, cubierta protectora<\/p>\n<p>Datos t\u00e9cnicos IEMCA ELITE 112, a\u00f1o de fabricaci\u00f3n 2012:<br \/>\nFabricante: IEMCA<br \/>\nTipo: ELITE 112<br \/>\nA\u00f1o de fabricaci\u00f3n: 2012<br \/>\nLa serie ELITE-112 est\u00e1 dise\u00f1ada por el fabricante para procesar barras delgadas y, dependiendo de la versi\u00f3n, cubre un rango de 0,8 a 12,7 mm.<\/p>\n<p>La m\u00e1quina puede inspeccionarse con cita previa.<br \/>\n\u00a1Cambios y errores en los datos t\u00e9cnicos y la informaci\u00f3n, as\u00ed como la venta previa reservados!<\/p>\n<p>Se vende torno autom\u00e1tico de precisi\u00f3n TORNOS MS7 HY 6 de segunda mano, fabricado en 1989, equipado con alimentador de barras IEMCA ELITE 112, fabricado en 2012.<br \/>\nEspecificaciones t\u00e9cnicas TORNOS MS7 \/ MS7 HY 6:<\/p>\n<p>Tipo de m\u00e1quina: Torno autom\u00e1tico de bancada larga<br \/>\nDi\u00e1metro m\u00e1x. de la pieza: 7 mm<br \/>\nDi\u00e1metro del eje: 8 mm<br \/>\nCarrera con leva plana: 60 mm<br \/>\nDi\u00e1metro m\u00e1ximo de rosca: M6<br \/>\nN\u00famero de herramientas de torneado: 5<br \/>\nVelocidades del husillo: 20 velocidades, 1.400\u201310.000 rpm<br \/>\nConexi\u00f3n el\u00e9ctrica: 3 x 380 V \/ 50 Hz<br \/>\nPotencia total: aprox. 2 CV<br \/>\nPeso de la m\u00e1quina: aprox. 520 kg<br \/>\nDimensiones: aprox. 1.200 x 700 x 1.400 mm<br \/>\nEquipo seg\u00fan fuente disponible: L\u00e1mpara, lubricaci\u00f3n central, cubierta protectora<\/p>\n<p>Datos t\u00e9cnicos IEMCA ELITE 112, fabricado en 2012:<br \/>\nFabricante: IEMCA<br \/>\nModelo: ELITE 112<br \/>\nA\u00f1o de fabricaci\u00f3n: 2012<br \/>\nSeg\u00fan el fabricante, la serie ELITE 112 est\u00e1 dise\u00f1ada para el mecanizado de barras finas y, seg\u00fan la versi\u00f3n, cubre un rango de 0.8 a 12.7 mm.<\/p>\n<p>La m\u00e1quina puede visitarse con cita previa.<br \/>\nNos reservamos el derecho a realizar cambios y correcciones en los datos t\u00e9cnicos y las especificaciones, y a vender el art\u00edculo mientras tanto.<\/p>","protected":false},"excerpt":{"rendered":"<p>Standort: Deutschland, Baden-W\u00fcrttemberg S\u00fcdwest Zustand: Gebraucht Hersteller: Tornos Modell: HY 6 Baujahr: 1989 Zum Verkauf steht ein gebrauchter Pr\u00e4zisions-Drehautomat TORNOS MS7 HY 6, Baujahr 1989, ausgestattet mit einem Stangenlademagazin IEMCA ELITE 112, Baujahr 2012. Technische Daten TORNOS MS7 \/ MS7 HY 6: Maschinenart: Langdrehautomat Max. Werkst\u00fcckdurchmesser: 7 mm Spindelbohrung: 8 mm Hub mit Flachkurve: 60 [&hellip;]<\/p>\n","protected":false},"featured_media":5401,"comment_status":"open","ping_status":"closed","template":"","meta":{"_uf_show_specific_survey":0,"_uf_disable_surveys":false},"product_brand":[],"product_cat":[112],"product_tag":[],"class_list":{"0":"post-5408","1":"product","2":"type-product","3":"status-publish","4":"has-post-thumbnail","6":"product_cat-langdrehmaschinen","8":"first","9":"instock","10":"taxable","11":"shipping-taxable","12":"product-type-simple"},"aioseo_notices":[],"_links":{"self":[{"href":"https:\/\/mueller-wrh.de\/es\/wp-json\/wp\/v2\/product\/5408","targetHints":{"allow":["GET"]}}],"collection":[{"href":"https:\/\/mueller-wrh.de\/es\/wp-json\/wp\/v2\/product"}],"about":[{"href":"https:\/\/mueller-wrh.de\/es\/wp-json\/wp\/v2\/types\/product"}],"replies":[{"embeddable":true,"href":"https:\/\/mueller-wrh.de\/es\/wp-json\/wp\/v2\/comments?post=5408"}],"wp:featuredmedia":[{"embeddable":true,"href":"https:\/\/mueller-wrh.de\/es\/wp-json\/wp\/v2\/media\/5401"}],"wp:attachment":[{"href":"https:\/\/mueller-wrh.de\/es\/wp-json\/wp\/v2\/media?parent=5408"}],"wp:term":[{"taxonomy":"product_brand","embeddable":true,"href":"https:\/\/mueller-wrh.de\/es\/wp-json\/wp\/v2\/product_brand?post=5408"},{"taxonomy":"product_cat","embeddable":true,"href":"https:\/\/mueller-wrh.de\/es\/wp-json\/wp\/v2\/product_cat?post=5408"},{"taxonomy":"product_tag","embeddable":true,"href":"https:\/\/mueller-wrh.de\/es\/wp-json\/wp\/v2\/product_tag?post=5408"}],"curies":[{"name":"wp","href":"https:\/\/api.w.org\/{rel}","templated":true}]}}