{"id":5389,"date":"2026-04-21T18:50:01","date_gmt":"2026-04-21T18:50:01","guid":{"rendered":"https:\/\/mueller-wrh.de\/produkt\/5-achs-cnc-baz-chiron-fz08s-bj-98-intnr231520\/"},"modified":"2026-04-21T18:50:01","modified_gmt":"2026-04-21T18:50:01","slug":"5-achs-cnc-baz-chiron-fz08s-bj-98-intnr231520","status":"publish","type":"product","link":"https:\/\/mueller-wrh.de\/es\/producto\/5-achs-cnc-baz-chiron-fz08s-bj-98-intnr231520\/","title":{"rendered":"5 Ejes CNC BAZ Chiron FZ08S A\u00f1o. '98 IntNr231520"},"content":{"rendered":"<p><b>Ubicaci\u00f3n:<\/b> Alemania, Baden-W\u00fcrttemberg Suroeste<\/p>\n<p><b>Estado:<\/b> Usado<\/p>\n<p>Zum Verkauf steht ein gebrauchtes 5-Achs-CNC-Bearbeitungszentrum CHIRON FZ 08 S, Baujahr 1998. <\/p>\n<p>Datos t\u00e9cnicos:<\/p>\n<p>Maschinenart: 5-Achs-CNC-Bearbeitungszentrum \/ vertikales BAZ<br \/>\nCNC-Steuerung: je nach Ausf\u00fchrung FANUC 21i-M<br \/>\nDistancias de viaje:<br \/>\nX-Achse: ca. 300\u2013350 mm<br \/>\nY-Achse: 250 mm<br \/>\nZ-Achse: 250 mm<br \/>\nA-Achse: 360\u00b0 bei entsprechenden 5-Achs-\/Rundachsen-Ausf\u00fchrungen.<br \/>\nB-Achse \/ Schwenkachse:  -20\u00b0 \/ +110\u00b0.<br \/>\nTischgr\u00f6\u00dfe \/ Aufspannfl\u00e4che: 550 x 300 mm,<br \/>\nMax. Werkst\u00fcckgewicht: in Marktangaben teilweise ca. 50 kg.<br \/>\nWerkzeugmagazin: 12 Werkzeuge<br \/>\nSpindelaufnahme: HSK-A 40<br \/>\nSpindeldrehzahl:  bis 10.000 (15000) U\/min<br \/>\nSpindelmotorleistung: 3,7 kW<br \/>\nMaschinengewicht: 1.820 kg<br \/>\nAbmessungen: 2050 x 2250 x 1900 mm <\/p>\n<p>La m\u00e1quina puede inspeccionarse con cita previa.<br \/>\n\u00a1Cambios y errores en los datos t\u00e9cnicos y la informaci\u00f3n, as\u00ed como la venta previa reservados!<\/p>\n<p>A used 5-axis CNC machining centre, the CHIRON FZ 08 S, manufactured in 1998, is for sale. <\/p>\n<p>Technical specifications:<\/p>\n<p>Machine type: 5-axis CNC machining centre \/ vertical machining centre<br \/>\nCNC control: FANUC 21i-M, depending on model<br \/>\nTravel ranges:<br \/>\nX-axis: approx. 300\u2013350 mm<br \/>\nY-axis: 250 mm<br \/>\nZ-axis: 250 mm<br \/>\nA-axis: 360\u00b0 for corresponding 5-axis\/rotary axis models.<br \/>\nB-axis \/ swivel axis:  -20\u00b0 \/ +110\u00b0.<br \/>\nTable size \/ clamping surface: 550 x 300 mm,<br \/>\nMax. workpiece weight: approx. 50 kg in some market specifications.<br \/>\nTool magazine: 12 tools<br \/>\nSpindle mount: HSK-A 40<br \/>\nSpindle speed:  up to 10,000 (15,000) rpm<br \/>\nSpindle motor power: 3.7 kW<br \/>\nMachine weight: 1,820 kg<br \/>\nDimensions: 2,050 x 2,250 x 1,900 mm <\/p>\n<p>La m\u00e1quina puede visitarse con cita previa.<br \/>\nNos reservamos el derecho a realizar cambios y correcciones en los datos t\u00e9cnicos y las especificaciones, y a vender el art\u00edculo mientras tanto.<\/p>","protected":false},"excerpt":{"rendered":"<p>Standort: Deutschland, Baden-W\u00fcrttemberg S\u00fcdwest Zustand: Gebraucht Zum Verkauf steht ein gebrauchtes 5-Achs-CNC-Bearbeitungszentrum CHIRON FZ 08 S, Baujahr 1998. Technische Daten: Maschinenart: 5-Achs-CNC-Bearbeitungszentrum \/ vertikales BAZ CNC-Steuerung: je nach Ausf\u00fchrung FANUC 21i-M Verfahrwege: X-Achse: ca. 300\u2013350 mm Y-Achse: 250 mm Z-Achse: 250 mm A-Achse: 360\u00b0 bei entsprechenden 5-Achs-\/Rundachsen-Ausf\u00fchrungen. B-Achse \/ Schwenkachse: -20\u00b0 \/ +110\u00b0. Tischgr\u00f6\u00dfe \/ [&hellip;]<\/p>\n","protected":false},"featured_media":5381,"comment_status":"open","ping_status":"closed","template":"","meta":{"_uf_show_specific_survey":0,"_uf_disable_surveys":false},"product_brand":[],"product_cat":[21],"product_tag":[],"class_list":{"0":"post-5389","1":"product","2":"type-product","3":"status-publish","4":"has-post-thumbnail","6":"product_cat-cnc-bearbeitungszentrum","8":"first","9":"instock","10":"taxable","11":"shipping-taxable","12":"product-type-simple"},"aioseo_notices":[],"_links":{"self":[{"href":"https:\/\/mueller-wrh.de\/es\/wp-json\/wp\/v2\/product\/5389","targetHints":{"allow":["GET"]}}],"collection":[{"href":"https:\/\/mueller-wrh.de\/es\/wp-json\/wp\/v2\/product"}],"about":[{"href":"https:\/\/mueller-wrh.de\/es\/wp-json\/wp\/v2\/types\/product"}],"replies":[{"embeddable":true,"href":"https:\/\/mueller-wrh.de\/es\/wp-json\/wp\/v2\/comments?post=5389"}],"wp:featuredmedia":[{"embeddable":true,"href":"https:\/\/mueller-wrh.de\/es\/wp-json\/wp\/v2\/media\/5381"}],"wp:attachment":[{"href":"https:\/\/mueller-wrh.de\/es\/wp-json\/wp\/v2\/media?parent=5389"}],"wp:term":[{"taxonomy":"product_brand","embeddable":true,"href":"https:\/\/mueller-wrh.de\/es\/wp-json\/wp\/v2\/product_brand?post=5389"},{"taxonomy":"product_cat","embeddable":true,"href":"https:\/\/mueller-wrh.de\/es\/wp-json\/wp\/v2\/product_cat?post=5389"},{"taxonomy":"product_tag","embeddable":true,"href":"https:\/\/mueller-wrh.de\/es\/wp-json\/wp\/v2\/product_tag?post=5389"}],"curies":[{"name":"wp","href":"https:\/\/api.w.org\/{rel}","templated":true}]}}