{"id":5370,"date":"2026-04-21T18:22:17","date_gmt":"2026-04-21T18:22:17","guid":{"rendered":"https:\/\/mueller-wrh.de\/produkt\/star-sr20r-bj-2001-iemca-g-226-32-intnr231554\/"},"modified":"2026-04-21T18:22:17","modified_gmt":"2026-04-21T18:22:17","slug":"star-sr20r-bj-2001-iemca-g-226-32-intnr231554","status":"publish","type":"product","link":"https:\/\/mueller-wrh.de\/es\/producto\/star-sr20r-bj-2001-iemca-g-226-32-intnr231554\/","title":{"rendered":"STAR SR20R, Bj. 2001 IEMCA G-226-32 (IntNr231554)"},"content":{"rendered":"<p><b>Ubicaci\u00f3n:<\/b> Alemania, Baden-W\u00fcrttemberg Suroeste<\/p>\n<p><b>Estado:<\/b> Usado<\/p>\n<p><b>Fabricante:<\/b> STAR Micronics<\/p>\n<p><b>Modelo:<\/b> SR20R<\/p>\n<p><b>A\u00f1o de construcci\u00f3n:<\/b> 2001<\/p>\n<p>Torno CNC de cabezal m\u00f3vil STAR SR20R, a\u00f1o 2001<br \/>\nSistema de control, Fanuc, Serie 18i-T,<br \/>\n7 ejes (X\/Z\/Y\/C1\/X1\/Z1(C2),<br \/>\nVarilla \u00d8 m\u00e1x. 20 mm,<br \/>\nLongitud de giro m\u00e1x. 205 mm,<br \/>\nHusillo principal, velocidad m\u00e1x. 10.000 rpm, eje C 0,001 grados,<br \/>\nContrahusillo con mandril de pinza, velocidad m\u00e1x. 8.000 rpm, eje C,<br \/>\nPortaherramientas para un total de 19 herramientas (portaherramientas lineal, fijaci\u00f3n frontal, mecanizado posterior),<br \/>\nCinta transportadora de piezas,<br \/>\nUnidad de casquillo gu\u00eda est\u00e1ndar<br \/>\nLademagazin IEMCA G-226\/32, Bj. 2001<br \/>\nRefrigerante utilizado en la m\u00e1quina: aceite.<br \/>\nL\u00f6schanlage Bosch<\/p>\n<p>La m\u00e1quina puede inspeccionarse bajo tensi\u00f3n previa cita.<br \/>\nCambios y errores en los datos t\u00e9cnicos y la informaci\u00f3n, as\u00ed como<br \/>\n\u00a1Sujeto a venta previa!<\/p>\n<p>Torno CNC de cabezal m\u00f3vil STAR SR20R, a\u00f1o 2001<br \/>\ncontrol, marca Fanuc, serie 18i-T,<br \/>\n7 ejes (X\/Z\/Y\/C1\/X1\/Z1(C2),<br \/>\nbar-\u00d8 m\u00e1x. 20 mm,<br \/>\nlongitud de giro m\u00e1x. 205 mm,<br \/>\nhusillo principal, velocidad m\u00e1x. 10.000 rpm, eje C 0,001 grados,<br \/>\ncontrahusillo con pinza, velocidad m\u00e1x. 8.000 rpm, eje C,<br \/>\nportaherramientas para un total de 19 herramientas (portaherramientas lineal, fijaci\u00f3n frontal, mecanizado posterior),<br \/>\ncinta transportadora de piezas,<br \/>\nunidad de casquillo gu\u00eda est\u00e1ndar<br \/>\nloading magazine IEMCA G-226\/32, year 2001<br \/>\nRefrigerante de la m\u00e1quina: aceite.<br \/>\nExtinguishing system Bosch<\/p>\n<p>La m\u00e1quina puede inspeccionarse bajo tensi\u00f3n previa cita.<br \/>\nCambios y errores en los datos t\u00e9cnicos y la informaci\u00f3n, as\u00ed como<br \/>\n\u00a1sujeto a venta previa!<\/p>","protected":false},"excerpt":{"rendered":"<p>Standort: Deutschland, Baden-W\u00fcrttemberg S\u00fcdwest Zustand: Gebraucht Hersteller: STAR Micronics Modell: SR20R Baujahr: 2001 gebr. CNC-Langdrehmaschine STAR SR20R, Bj. 2001 Steuerung, Fabr. Fanuc, Serie 18i-T, 7 Achsen (X\/Z\/Y\/C1\/X1\/Z1(C2), Stangen-\u00d8 max. 20 mm, Drehl\u00e4nge max. 205 mm, Hauptspindel, Drehzahl max. 10.000 U\/min, C-Achse 0,001 Grad, Gegenspindel mit Spannzange, Drehzahl max. 8.000 U\/min, C-Achse, Werkzeughalter f. insgesamt 19 [&hellip;]<\/p>\n","protected":false},"featured_media":5362,"comment_status":"open","ping_status":"closed","template":"","meta":{"_uf_show_specific_survey":0,"_uf_disable_surveys":false},"product_brand":[],"product_cat":[23],"product_tag":[],"class_list":{"0":"post-5370","1":"product","2":"type-product","3":"status-publish","4":"has-post-thumbnail","6":"product_cat-cnc-langdrehmaschinen","8":"first","9":"instock","10":"taxable","11":"shipping-taxable","12":"product-type-simple"},"aioseo_notices":[],"_links":{"self":[{"href":"https:\/\/mueller-wrh.de\/es\/wp-json\/wp\/v2\/product\/5370","targetHints":{"allow":["GET"]}}],"collection":[{"href":"https:\/\/mueller-wrh.de\/es\/wp-json\/wp\/v2\/product"}],"about":[{"href":"https:\/\/mueller-wrh.de\/es\/wp-json\/wp\/v2\/types\/product"}],"replies":[{"embeddable":true,"href":"https:\/\/mueller-wrh.de\/es\/wp-json\/wp\/v2\/comments?post=5370"}],"wp:featuredmedia":[{"embeddable":true,"href":"https:\/\/mueller-wrh.de\/es\/wp-json\/wp\/v2\/media\/5362"}],"wp:attachment":[{"href":"https:\/\/mueller-wrh.de\/es\/wp-json\/wp\/v2\/media?parent=5370"}],"wp:term":[{"taxonomy":"product_brand","embeddable":true,"href":"https:\/\/mueller-wrh.de\/es\/wp-json\/wp\/v2\/product_brand?post=5370"},{"taxonomy":"product_cat","embeddable":true,"href":"https:\/\/mueller-wrh.de\/es\/wp-json\/wp\/v2\/product_cat?post=5370"},{"taxonomy":"product_tag","embeddable":true,"href":"https:\/\/mueller-wrh.de\/es\/wp-json\/wp\/v2\/product_tag?post=5370"}],"curies":[{"name":"wp","href":"https:\/\/api.w.org\/{rel}","templated":true}]}}