{"id":5335,"date":"2026-04-21T17:49:28","date_gmt":"2026-04-21T17:49:28","guid":{"rendered":"https:\/\/mueller-wrh.de\/produkt\/saeulenbohrmaschine-altmetall-ax3-sv-n-bj-96-intnr231517\/"},"modified":"2026-04-21T17:49:28","modified_gmt":"2026-04-21T17:49:28","slug":"saeulenbohrmaschine-altmetall-ax3-sv-n-bj-96-intnr231517","status":"publish","type":"product","link":"https:\/\/mueller-wrh.de\/es\/producto\/saeulenbohrmaschine-altmetall-ax3-sv-n-bj-96-intnr231517\/","title":{"rendered":"Taladro de columna chatarra AX3\/SV-N A\u00f1o '96 IntNr231517"},"content":{"rendered":"<p><b>Ubicaci\u00f3n:<\/b> Alemania, Baden-W\u00fcrttemberg Suroeste<\/p>\n<p><b>Estado:<\/b> Usado<\/p>\n<p><b>Fabricante:<\/b> Alzmetall<\/p>\n<p><b>Modelo:<\/b> AX3\/SV-N<\/p>\n<p><b>A\u00f1o de construcci\u00f3n:<\/b> 1996<\/p>\n<p>En venta taladro de columna usado ALZMETALL AX 3\/SV-N, a\u00f1o de fabricaci\u00f3n 1996, en robusta ejecuci\u00f3n industrial.<br \/>\nDatos t\u00e9cnicos:<br \/>\nControl: convencional<br \/>\nCapacidad de taladrado en acero E335 (St 60): 40 mm<br \/>\nCapacidad de taladrado en acero: 32 mm<br \/>\nRendimiento de Bohr en GJL-200: 38 mm<br \/>\nRoscado en acero: M24<br \/>\nRoscado en fundici\u00f3n: M30<br \/>\nPortaherramientas: MK 3<br \/>\nCarrera del husillo: 120 mm<br \/>\nDescarga: 293 mm<br \/>\nDi\u00e1metro de la columna: 115 mm<br \/>\nTama\u00f1o de la mesa \/ Superficie de sujeci\u00f3n: 515 x 360 mm<br \/>\nRanuras en T: 2 x 14 x 224 mm<br \/>\nDistancia husillo\u2013mesa m\u00edn.\/m\u00e1x.: 117 \/ 701 mm<br \/>\nAvance: autom\u00e1tico, adicionalmente manual; indicado en una fuente de mercado con 0,10 \/ 0,20 mm\/rev o 0,10 \/ 0,30 mm\/rev seg\u00fan la versi\u00f3n.<br \/>\nRegulaci\u00f3n de velocidad: continua<br \/>\nVelocidad del husillo: 160-2250 rpm<br \/>\nPeso de la m\u00e1quina: aprox. 270 kg<br \/>\nDimensiones aproximadas: 700 x 1000 x 1900 mm<\/p>\n<p>La m\u00e1quina puede inspeccionarse con cita previa.<br \/>\n\u00a1Cambios y errores en los datos t\u00e9cnicos y la informaci\u00f3n, as\u00ed como la venta previa reservados!<\/p>\n<p>Se vende taladro de columna ALZMETALL AX 3\/SV-N usado, fabricado en 1996, de robusto dise\u00f1o industrial.<br \/>\nEspecificaciones t\u00e9cnicas:<br \/>\nSistema de control: convencional<br \/>\nCapacidad de taladrado en acero E335 (St 60): 40 mm<br \/>\nCapacidad de taladrado en acero: 32 mm<br \/>\nCapacidad de taladrado en fundici\u00f3n gris EN-GJL-200: 38 mm<br \/>\nRoscado en acero: M24<br \/>\nRoscado en hierro fundido: M30<br \/>\nPortaherramientas con cono: MK 3<br \/>\nCarrera del husillo: 120 mm<br \/>\nVoladizo: 293 mm<br \/>\nDi\u00e1metro de la columna: 115 mm<br \/>\nTama\u00f1o de la mesa \/ superficie de apoyo: 515 x 360 mm<br \/>\nRanuras en T: 2 x 14 x 224 mm<br \/>\nDistancia eje-mesa m\u00edn.\/m\u00e1x.: 117 \/ 701 mm<br \/>\nAlimentaci\u00f3n: autom\u00e1tica, adem\u00e1s de manual; especificada en una fuente de mercado como 0.10 \/ 0.20 mm\/rev o 0.10 \/ 0.30 mm\/rev seg\u00fan el modelo.<br \/>\nAjuste de velocidad: infinitamente variable<br \/>\nVelocidad del husillo: 160\u20132250 rpm<br \/>\nPeso de la m\u00e1quina: aprox. 270 kg<br \/>\nDimensiones aprox.: 700 x 1000 x 1900 mm<\/p>\n<p>La m\u00e1quina puede visitarse con cita previa.<br \/>\nNos reservamos el derecho a realizar cambios y correcciones en los datos t\u00e9cnicos y las especificaciones, y a vender el art\u00edculo mientras tanto.<\/p>","protected":false},"excerpt":{"rendered":"<p>Standort: Deutschland, Baden-W\u00fcrttemberg S\u00fcdwest Zustand: Gebraucht Hersteller: Alzmetall Modell: AX3\/SV-N Baujahr: 1996 Zum Verkauf steht eine gebrauchte S\u00e4ulenbohrmaschine ALZMETALL AX 3\/SV-N, Baujahr 1996, in robuster Industrieausf\u00fchrung. Technische Daten: Steuerung: konventionell Bohrverm\u00f6gen in Stahl E335 (St 60): 40 mm Bohrleistung in Stahl: 32 mm Bohrleistung in Guss EN-GJL-200: 38 mm Gewindeschneiden in Stahl: M24 Gewindeschneiden in [&hellip;]<\/p>\n","protected":false},"featured_media":5332,"comment_status":"open","ping_status":"closed","template":"","meta":{"_uf_show_specific_survey":0,"_uf_disable_surveys":false},"product_brand":[],"product_cat":[105],"product_tag":[],"class_list":{"0":"post-5335","1":"product","2":"type-product","3":"status-publish","4":"has-post-thumbnail","6":"product_cat-zubehoer-sonstiges","8":"first","9":"instock","10":"taxable","11":"shipping-taxable","12":"product-type-simple"},"aioseo_notices":[],"_links":{"self":[{"href":"https:\/\/mueller-wrh.de\/es\/wp-json\/wp\/v2\/product\/5335","targetHints":{"allow":["GET"]}}],"collection":[{"href":"https:\/\/mueller-wrh.de\/es\/wp-json\/wp\/v2\/product"}],"about":[{"href":"https:\/\/mueller-wrh.de\/es\/wp-json\/wp\/v2\/types\/product"}],"replies":[{"embeddable":true,"href":"https:\/\/mueller-wrh.de\/es\/wp-json\/wp\/v2\/comments?post=5335"}],"wp:featuredmedia":[{"embeddable":true,"href":"https:\/\/mueller-wrh.de\/es\/wp-json\/wp\/v2\/media\/5332"}],"wp:attachment":[{"href":"https:\/\/mueller-wrh.de\/es\/wp-json\/wp\/v2\/media?parent=5335"}],"wp:term":[{"taxonomy":"product_brand","embeddable":true,"href":"https:\/\/mueller-wrh.de\/es\/wp-json\/wp\/v2\/product_brand?post=5335"},{"taxonomy":"product_cat","embeddable":true,"href":"https:\/\/mueller-wrh.de\/es\/wp-json\/wp\/v2\/product_cat?post=5335"},{"taxonomy":"product_tag","embeddable":true,"href":"https:\/\/mueller-wrh.de\/es\/wp-json\/wp\/v2\/product_tag?post=5335"}],"curies":[{"name":"wp","href":"https:\/\/api.w.org\/{rel}","templated":true}]}}