{"id":5326,"date":"2026-04-21T16:27:33","date_gmt":"2026-04-21T16:27:33","guid":{"rendered":"https:\/\/mueller-wrh.de\/produkt\/hd-einheit-combiloob-cl1-f-30-20-a-bj-07-intnr231557\/"},"modified":"2026-04-21T16:27:33","modified_gmt":"2026-04-21T16:27:33","slug":"hd-einheit-combiloob-cl1-f-30-20-a-bj-07-intnr231557","status":"publish","type":"product","link":"https:\/\/mueller-wrh.de\/es\/producto\/hd-einheit-combiloob-cl1-f-30-20-a-bj-07-intnr231557\/","title":{"rendered":"Unidad HD Combiloob CL1-F-30-20-A, fabricaci\u00f3n `07, IntNr231557"},"content":{"rendered":"<p><b>Ubicaci\u00f3n:<\/b> Alemania, Baden-W\u00fcrttemberg Suroeste<\/p>\n<p><b>Estado:<\/b> Usado<\/p>\n<p><b>Fabricante:<\/b> M\u00fcller Hydraulik<\/p>\n<p><b>Modelo:<\/b> CL1<\/p>\n<p><b>A\u00f1o de construcci\u00f3n:<\/b> 2007<\/p>\n<p>Se pone a la venta una potente unidad HD Combiloop CL1-F-30-20-A del a\u00f1o de construcci\u00f3n 2007. <\/p>\n<p>Datos t\u00e9cnicos:<br \/>\nTipo de instalaci\u00f3n: Unidad de alta presi\u00f3n (HD)<br \/>\nMedio de fomento: aceite<br \/>\nPresi\u00f3n m\u00e1xima de operaci\u00f3n: aprox. 20-30 bar<br \/>\nCapacidad de bombeo: aprox. 20-30 l\/min<br \/>\nTracci\u00f3n: Motor el\u00e9ctrico<br \/>\nVoltaje: 400 V \/ 50 Hz (trif\u00e1sico)<br \/>\nControl: unidad de control integrada<br \/>\nForma de construcci\u00f3n: unidad compacta y cerrada<br \/>\nAnschluss: Conexiones industriales estandarizadas<\/p>\n<p>Equipamiento y componentes:<br \/>\nBomba de alta presi\u00f3n<br \/>\nUnidad de filtrado para tratamiento de medios<br \/>\nV\u00e1lvulas de seguridad y monitorizaci\u00f3n de presi\u00f3n<br \/>\nSistema de retorno para ciclos cerrados<br \/>\nCarcasa robusta de acero \/ m\u00f3vil<\/p>\n<p>La unidad se puede visitar con cita previa.<br \/>\n\u00a1Cambios y errores en los datos t\u00e9cnicos y la informaci\u00f3n, as\u00ed como la venta previa reservados!<\/p>\n<p>Se vende una unidad de alta presi\u00f3n Combiloop CL1-F-30-20-A de alto rendimiento, fabricada en 2007. <\/p>\n<p>Especificaciones t\u00e9cnicas:<br \/>\nTipo de sistema: Unidad de alta presi\u00f3n (HP)<br \/>\nFluido: Aceite<br \/>\nPresi\u00f3n m\u00e1xima de funcionamiento: aprox. 20\u201330 bar<br \/>\nCaudal: aprox. 20\u201330 l\/min<br \/>\nUnidad: Motor el\u00e9ctrico<br \/>\nVoltaje: 400 V \/ 50 Hz (trif\u00e1sico)<br \/>\nControl: Unidad de control integrada<br \/>\nDise\u00f1o: Unidad compacta y cerrada<br \/>\nConexiones: Conexiones industriales estandarizadas<\/p>\n<p>Caracter\u00edsticas y componentes:<br \/>\nBomba de alta presi\u00f3n<br \/>\nUnidad de filtraci\u00f3n para preparaci\u00f3n de medios<br \/>\nV\u00e1lvulas de seguridad y monitorizaci\u00f3n de presi\u00f3n<br \/>\nSistema para circuitos cerrados<br \/>\nCarcasa de acero robusta \/ m\u00f3vil<\/p>\n<p>La unidad se puede ver con cita previa.<br \/>\nNos reservamos el derecho de realizar cambios y correcciones en los datos t\u00e9cnicos y especificaciones, \u00a1y de vender art\u00edculos antes de realizar el pedido!<\/p>","protected":false},"excerpt":{"rendered":"<p>Standort: Deutschland, Baden-W\u00fcrttemberg S\u00fcdwest Zustand: Gebraucht Hersteller: M\u00fcller Hydraulik Modell: CL1 Baujahr: 2007 Zum Verkauf steht eine leistungsstarke HD-Einheit Combiloop CL1-F-30-20-A aus dem Baujahr 2007. Technische Daten: Anlagenart: Hochdruck-Einheit (HD) F\u00f6rdermedium: \u00d6l Max. Betriebsdruck: ca. 20\u201330 bar F\u00f6rderleistung: ca. 20\u201330 l\/min Antrieb: Elektromotor Spannung: 400 V \/ 50 Hz (Drehstrom) Steuerung: integrierte Steuerungseinheit Bauform: kompakte, [&hellip;]<\/p>\n","protected":false},"featured_media":5323,"comment_status":"open","ping_status":"closed","template":"","meta":{"_uf_show_specific_survey":0,"_uf_disable_surveys":false},"product_brand":[],"product_cat":[104],"product_tag":[],"class_list":{"0":"post-5326","1":"product","2":"type-product","3":"status-publish","4":"has-post-thumbnail","6":"product_cat-hochdruckanlagen","8":"first","9":"instock","10":"taxable","11":"shipping-taxable","12":"product-type-simple"},"aioseo_notices":[],"_links":{"self":[{"href":"https:\/\/mueller-wrh.de\/es\/wp-json\/wp\/v2\/product\/5326","targetHints":{"allow":["GET"]}}],"collection":[{"href":"https:\/\/mueller-wrh.de\/es\/wp-json\/wp\/v2\/product"}],"about":[{"href":"https:\/\/mueller-wrh.de\/es\/wp-json\/wp\/v2\/types\/product"}],"replies":[{"embeddable":true,"href":"https:\/\/mueller-wrh.de\/es\/wp-json\/wp\/v2\/comments?post=5326"}],"wp:featuredmedia":[{"embeddable":true,"href":"https:\/\/mueller-wrh.de\/es\/wp-json\/wp\/v2\/media\/5323"}],"wp:attachment":[{"href":"https:\/\/mueller-wrh.de\/es\/wp-json\/wp\/v2\/media?parent=5326"}],"wp:term":[{"taxonomy":"product_brand","embeddable":true,"href":"https:\/\/mueller-wrh.de\/es\/wp-json\/wp\/v2\/product_brand?post=5326"},{"taxonomy":"product_cat","embeddable":true,"href":"https:\/\/mueller-wrh.de\/es\/wp-json\/wp\/v2\/product_cat?post=5326"},{"taxonomy":"product_tag","embeddable":true,"href":"https:\/\/mueller-wrh.de\/es\/wp-json\/wp\/v2\/product_tag?post=5326"}],"curies":[{"name":"wp","href":"https:\/\/api.w.org\/{rel}","templated":true}]}}