{"id":5197,"date":"2026-04-01T10:09:36","date_gmt":"2026-04-01T10:09:36","guid":{"rendered":"https:\/\/mueller-wrh.de\/produkt\/dmg-dmu-40-evo-linear-bj-2012-intnr231419\/"},"modified":"2026-04-01T10:09:36","modified_gmt":"2026-04-01T10:09:36","slug":"dmg-dmu-40-evo-linear-bj-2012-intnr231419","status":"publish","type":"product","link":"https:\/\/mueller-wrh.de\/es\/producto\/dmg-dmu-40-evo-linear-bj-2012-intnr231419\/","title":{"rendered":"DMG DMU 40 eVo lineal a\u00f1o 2012, IntNo231419"},"content":{"rendered":"<p><b>Ubicaci\u00f3n:<\/b> Alemania, Baden-W\u00fcrttemberg Suroeste<\/p>\n<p><b>Estado:<\/b> Como nuevo<\/p>\n<p><b>Fabricante:<\/b> DMG<\/p>\n<p><b>Modelo:<\/b> 40 eVo lineal<\/p>\n<p><b>A\u00f1o de construcci\u00f3n:<\/b> 2012<\/p>\n<p><b>Horario de apertura:<\/b> 0<\/p>\n<p>centro de mecanizado vertical CNC de 5 ejes DMG DMU 40 eVo linear reacondicionado, a\u00f1o 2012, IntNo231419<br \/>\nSistema de control<br \/>\nMarca HEIDENHAIN<br \/>\nModelo 530<\/p>\n<p>Accionamiento principal<br \/>\nRango de velocidad del cabezal 14000<br \/>\nN\u00famero de ejes 5<\/p>\n<p>Distancias de desplazamiento<br \/>\nRecorrido transversal eje X 400 mm<br \/>\nRecorrido transversal eje Y 400 mm<br \/>\nRecorrido del eje Z 375 mm<\/p>\n<p>Se incluyen:<br \/>\nCambio de herramienta, 120 posiciones Portaherramientas tipo SK 40<br \/>\nAvance giratorio de la mesa para sujeci\u00f3n de piezas<br \/>\nPuerta lateral para carga de robots<br \/>\nControl de rotura de herramientas Renishaw<br \/>\nSonda de medici\u00f3n Heidenhain<br \/>\nSistema IKZ, con dep\u00f3sito de 600 litros<br \/>\nAnulaci\u00f3n de la emulsi\u00f3n<br \/>\nRefrigerador activo para el husillo<br \/>\nAccionamientos lineales de los ejes X + Y<br \/>\nBalanzas de vidrio<\/p>\n<p>La m\u00e1quina puede inspeccionarse con cita previa.<br \/>\n\u00a1Cambios y errores en los datos t\u00e9cnicos y la informaci\u00f3n, as\u00ed como la venta previa reservados!<\/p>\n<p>centro de mecanizado vertical de 5 ejes CNC DMG DMU 40 eVo linear completamente revisado, construido en 2012, IntNr231419<br \/>\nControlar<br \/>\nMarca HEIDENHAIN<br \/>\nModelo 530<\/p>\n<p>Accionamiento principal<br \/>\nRango de velocidad del cabezal 14000<br \/>\nN\u00famero de ejes 5<\/p>\n<p>Distancias de viaje<br \/>\nDistancia de recorrido eje X 400 mm<br \/>\nDistancia de desplazamiento eje Y 400 mm<br \/>\nRecorrido eje Z 375 mm<\/p>\n<p>Incluye:<br \/>\nCambio de herramienta, portaherramientas SK 40 de 120 posiciones<br \/>\nAvance giratorio de la mesa para sujeci\u00f3n de piezas<br \/>\nPuerta lateral para carga de robots<br \/>\nControl de rotura de herramientas Renishaw<br \/>\nSonda de medici\u00f3n Heidenhain<br \/>\nSistema IKZ, con dep\u00f3sito de 600 l<br \/>\nSistema de extracci\u00f3n de emulsiones<br \/>\nRefrigerador activo para el husillo<br \/>\nAccionamientos lineales de los ejes X + Y<br \/>\nBalanzas de vidrio<\/p>\n<p>La m\u00e1quina puede visitarse con cita previa.<br \/>\n\u00a1Sujeto a cambios y errores en los datos t\u00e9cnicos y especificaciones, as\u00ed como a la venta previa!<\/p>","protected":false},"excerpt":{"rendered":"<p>Standort: Deutschland, Baden-W\u00fcrttemberg S\u00fcdwest Zustand: Neuwertig Hersteller: DMG Modell: 40 eVo linear Baujahr: 2012 Betriebsstunden: 0 neuwertiges grund\u00fcberholtes CNC 5-Achs-Vertikales Bearbeitungszentrum DMG DMU 40 eVo linear, Bj. 2012, IntNr231419 Steuerung Marke HEIDENHAIN Modell 530 Hauptantrieb Spindeldrehzahlbereich 14000 Anzahl der Achsen 5 Verfahrwege Verfahrweg X-Achse 400 mm Verfahrweg Y-Achse 400 mm Verfahrweg Z-Achse 375 mm Beinhaltet [&hellip;]<\/p>\n","protected":false},"featured_media":5189,"comment_status":"open","ping_status":"closed","template":"","meta":{"_uf_show_specific_survey":0,"_uf_disable_surveys":false},"product_brand":[],"product_cat":[21],"product_tag":[],"class_list":{"0":"post-5197","1":"product","2":"type-product","3":"status-publish","4":"has-post-thumbnail","6":"product_cat-cnc-bearbeitungszentrum","8":"first","9":"instock","10":"taxable","11":"shipping-taxable","12":"product-type-simple"},"aioseo_notices":[],"_links":{"self":[{"href":"https:\/\/mueller-wrh.de\/es\/wp-json\/wp\/v2\/product\/5197","targetHints":{"allow":["GET"]}}],"collection":[{"href":"https:\/\/mueller-wrh.de\/es\/wp-json\/wp\/v2\/product"}],"about":[{"href":"https:\/\/mueller-wrh.de\/es\/wp-json\/wp\/v2\/types\/product"}],"replies":[{"embeddable":true,"href":"https:\/\/mueller-wrh.de\/es\/wp-json\/wp\/v2\/comments?post=5197"}],"wp:featuredmedia":[{"embeddable":true,"href":"https:\/\/mueller-wrh.de\/es\/wp-json\/wp\/v2\/media\/5189"}],"wp:attachment":[{"href":"https:\/\/mueller-wrh.de\/es\/wp-json\/wp\/v2\/media?parent=5197"}],"wp:term":[{"taxonomy":"product_brand","embeddable":true,"href":"https:\/\/mueller-wrh.de\/es\/wp-json\/wp\/v2\/product_brand?post=5197"},{"taxonomy":"product_cat","embeddable":true,"href":"https:\/\/mueller-wrh.de\/es\/wp-json\/wp\/v2\/product_cat?post=5197"},{"taxonomy":"product_tag","embeddable":true,"href":"https:\/\/mueller-wrh.de\/es\/wp-json\/wp\/v2\/product_tag?post=5197"}],"curies":[{"name":"wp","href":"https:\/\/api.w.org\/{rel}","templated":true}]}}