{"id":5188,"date":"2026-03-31T15:28:26","date_gmt":"2026-03-31T15:28:26","guid":{"rendered":"https:\/\/mueller-wrh.de\/produkt\/star-sr20r-ii-bj-12_2006_mit-fmb-turbo-3-26_-intnr231539\/"},"modified":"2026-03-31T15:28:26","modified_gmt":"2026-03-31T15:28:26","slug":"star-sr20r-ii-bj-12_2006_mit-fmb-turbo-3-26_-intnr231539","status":"publish","type":"product","link":"https:\/\/mueller-wrh.de\/es\/producto\/star-sr20r-ii-bj-12_2006_mit-fmb-turbo-3-26_-intnr231539\/","title":{"rendered":"STAR SR20R II, Fabricado 12_2006_con FMB Turbo 3-26_ IntNr231539"},"content":{"rendered":"<p><b>Ubicaci\u00f3n:<\/b> Alemania, Baden-W\u00fcrttemberg Suroeste<\/p>\n<p><b>Estado:<\/b> Usado<\/p>\n<p><b>Fabricante:<\/b> STAR Micronics<\/p>\n<p><b>Modelo:<\/b> SR-20R II<\/p>\n<p><b>Horario de apertura:<\/b> 58685<\/p>\n<p>Torno CNC de torneado STAR SR-20RII con FMB Turbo 3-26<br \/>\nA\u00f1o de fabricaci\u00f3n: 12_2006<br \/>\nControl: Fanuc 18i-TB<\/p>\n<p>Datos t\u00e9cnicos<br \/>\nM\u00e1x. Di\u00e1metro de giro: \u00d8 20 mm (opcionalmente hasta \u00d8 22 mm)<br \/>\nLongitud de giro: 205 mm<br \/>\nEje principal:<br \/>\n- Velocidad: hasta aprox. 10.000-12.000 min-\u00b9<br \/>\n- Potencia: aprox. 3,7-5,5 kW<br \/>\n- Eje C para el mecanizado de contornos<br \/>\nContrahusillo:<br \/>\n- Velocidad: hasta aprox. 6.000-8.000 min-\u00b9<br \/>\n- Eje C<br \/>\nEjes (distancias de desplazamiento):<br \/>\n- X1 \/ Z1 \/ Y1 (mecanizado principal): X1 aprox. 265 mm \/ Z1 aprox. 205 mm \/ Y1 \u00b1 20 mm<br \/>\n- X2 \/ Z2 (contrahusillo): similar al eje principal, los valores exactos dependen de la m\u00e1quina<br \/>\n- Avance r\u00e1pido: aprox. 24-30 m\/min<\/p>\n<p>Dimensiones de la m\u00e1quina: 2.400 \u00d7 1.205 \u00d7 1.700 mm<br \/>\nPeso de la m\u00e1quina: aprox. 2.200 kg<\/p>\n<p>Alimentador de barras: FMB TURBO 3-26\/3200<br \/>\nTransportador de virutas<\/p>\n<p>Visita: La m\u00e1quina se puede ver in situ con cita previa.<br \/>\nNota: \u00a1Sujeto a cambios y errores en los datos t\u00e9cnicos, as\u00ed como a la venta previa!<\/p>\n<p>Torno vertical CNC STAR SR-20RII con FMB Turbo 3-26<br \/>\nA\u00f1o de fabricaci\u00f3n: 12_2006<br \/>\nSistema de control: Fanuc 18i-TB<\/p>\n<p>Especificaciones t\u00e9cnicas<br \/>\nDi\u00e1metro m\u00e1x. de giro \u00d8 20 mm (opcional hasta \u00d8 22 mm)<br \/>\nLongitud de giro: 205 mm<br \/>\nEje principal:<br \/>\n\u2022 Velocidad: hasta aprox. 10,000\u201312,000 rpm<br \/>\n\u2022 Potencia: aprox. 3,7\u20135,5 kW<br \/>\n\u2022 Eje C para mecanizado de contornos<br \/>\nContrahusillo:<br \/>\n\u2022 Velocidad: hasta aprox. 6.000\u20138.000 rpm<br \/>\nEje C<br \/>\nEjes (recorridos):<br \/>\n\u2022 X1 \/ Z1 \/ Y1 (mecanizado principal): X1 aprox. 265 mm \/ Z1 aprox. 205 mm \/ Y1 \u00b1 20 mm<br \/>\n\u2022 Eje X2 \/ Z2 (contramandril): similar al eje principal, los valores exactos dependen de la m\u00e1quina<br \/>\n\u2022 Recorrido r\u00e1pido: aprox. 24\u201330 m\/min<\/p>\n<p>Dimensiones de la m\u00e1quina: 2.400 \u00d7 1.205 \u00d7 1.700 mm<br \/>\nPeso de la m\u00e1quina: aprox. 2.200 kg<\/p>\n<p>Cargador de barra: FMB TURBO 3-26\/3200<br \/>\nTransportador de virutas<\/p>\n<p>Sala de exposici\u00f3n: La m\u00e1quina puede ser vista en el sitio con cita previa.<br \/>\n\u00a1Nota: Sujeto a cambios y errores en los datos t\u00e9cnicos, y venta previa!<\/p>","protected":false},"excerpt":{"rendered":"<p>Standort: Deutschland, Baden-W\u00fcrttemberg S\u00fcdwest Zustand: Gebraucht Hersteller: STAR Micronics Modell: SR-20R II Betriebsstunden: 58685 CNC-Langdrehmaschine STAR SR-20RII mit FMB Turbo 3-26 Baujahr: 12_2006 Steuerung: Fanuc 18i-TB Technische Daten Max. Drehdurchmesser: \u00d8 20 mm (optional bis \u00d8 22 mm) Drehl\u00e4nge: 205 mm Hauptspindel: \u2022 Drehzahl: bis ca. 10.000\u201312.000 min\u207b\u00b9 \u2022 Leistung: ca. 3,7\u20135,5 kW \u2022 C-Achse [&hellip;]<\/p>\n","protected":false},"featured_media":5182,"comment_status":"open","ping_status":"closed","template":"","meta":{"_uf_show_specific_survey":0,"_uf_disable_surveys":false},"product_brand":[],"product_cat":[23],"product_tag":[],"class_list":{"0":"post-5188","1":"product","2":"type-product","3":"status-publish","4":"has-post-thumbnail","6":"product_cat-cnc-langdrehmaschinen","8":"first","9":"instock","10":"taxable","11":"shipping-taxable","12":"product-type-simple"},"aioseo_notices":[],"_links":{"self":[{"href":"https:\/\/mueller-wrh.de\/es\/wp-json\/wp\/v2\/product\/5188","targetHints":{"allow":["GET"]}}],"collection":[{"href":"https:\/\/mueller-wrh.de\/es\/wp-json\/wp\/v2\/product"}],"about":[{"href":"https:\/\/mueller-wrh.de\/es\/wp-json\/wp\/v2\/types\/product"}],"replies":[{"embeddable":true,"href":"https:\/\/mueller-wrh.de\/es\/wp-json\/wp\/v2\/comments?post=5188"}],"wp:featuredmedia":[{"embeddable":true,"href":"https:\/\/mueller-wrh.de\/es\/wp-json\/wp\/v2\/media\/5182"}],"wp:attachment":[{"href":"https:\/\/mueller-wrh.de\/es\/wp-json\/wp\/v2\/media?parent=5188"}],"wp:term":[{"taxonomy":"product_brand","embeddable":true,"href":"https:\/\/mueller-wrh.de\/es\/wp-json\/wp\/v2\/product_brand?post=5188"},{"taxonomy":"product_cat","embeddable":true,"href":"https:\/\/mueller-wrh.de\/es\/wp-json\/wp\/v2\/product_cat?post=5188"},{"taxonomy":"product_tag","embeddable":true,"href":"https:\/\/mueller-wrh.de\/es\/wp-json\/wp\/v2\/product_tag?post=5188"}],"curies":[{"name":"wp","href":"https:\/\/api.w.org\/{rel}","templated":true}]}}