{"id":5156,"date":"2026-03-27T10:27:11","date_gmt":"2026-03-27T10:27:11","guid":{"rendered":"https:\/\/mueller-wrh.de\/produkt\/haas-vf-3bythe_bj-01_2007_-intnr231533\/"},"modified":"2026-03-27T10:27:11","modified_gmt":"2026-03-27T10:27:11","slug":"haas-vf-3bythe_bj-01_2007_-intnr231533","status":"publish","type":"product","link":"https:\/\/mueller-wrh.de\/es\/producto\/haas-vf-3bythe_bj-01_2007_-intnr231533\/","title":{"rendered":"Haas VF-3BYTHE_A\u00f1o 01_2007_ IntNo231533"},"content":{"rendered":"<p><b>Ubicaci\u00f3n:<\/b> Alemania, Baden-W\u00fcrttemberg Suroeste<\/p>\n<p><b>Estado:<\/b> Usado<\/p>\n<p><b>Fabricante:<\/b> HAAS<\/p>\n<p><b>Modelo:<\/b> VF-3BYTHE<\/p>\n<p><b>A\u00f1o de construcci\u00f3n:<\/b> 2007<\/p>\n<p><b>Horario de apertura:<\/b> 14500<\/p>\n<p>Haas Haas VF3 BYTHE (Bj. 2007) \u2013 3 ejes<br \/>\nHoras de opera\u00e7\u00e3o: aprox. 14500<br \/>\nHoras de encendido: aprox. 33000<br \/>\nTipo de m\u00e1quina: Centro de mecanizado vertical (CNC)<br \/>\nA\u00f1o de construcci\u00f3n: 2007<br \/>\nControl: Haas<br \/>\nTipo de accionamiento: Husillo de alta velocidad (Alta eficiencia)<br \/>\nCapacidad del eje: Mecanizado de 3 ejes <\/p>\n<p>Datos mec\u00e1nicos<br \/>\nDistancias de viaje:<br \/>\nEje X: 1010 mm<br \/>\nEje Y: 660 mm<br \/>\nEje Z: 608 mm<br \/>\nRango de revoluciones: hasta 10.000 rpm <\/p>\n<p>Ejes de transmisi\u00f3n<br \/>\nEje X\/Y\/Z: husillo de bolas recirculantes, gu\u00edas de precisi\u00f3n<br \/>\n3er eje: Plato giratorio \/ mesa giratoria integrada, controlada por CNC<\/p>\n<p>cargador de rev\u00f3lver<br \/>\nCapacidad: 40 plazas de herramientas<br \/>\nSK40<br \/>\nEngranaje de husillo reemplazado 2024<\/p>\n<p>Transportador de virutas<\/p>\n<p>Superficie de apoyo \/ Dimensiones de instalaci\u00f3n: aprox. 3.870 mm x 2.510 mm x 2.690 mm (An x Fo x Al)<\/p>\n<p>Peso de la m\u00e1quina: aprox. 6.260 kg<\/p>\n<p>M\u00e1quina el\u00e9ctrica y mec\u00e1nicamente en pleno funcionamiento<br \/>\nDocumentaci\u00f3n t\u00e9cnica <\/p>\n<p>La m\u00e1quina puede inspeccionarse con cita previa.<br \/>\n\u00a1Cambios y errores en los datos t\u00e9cnicos y la informaci\u00f3n, as\u00ed como la venta previa reservados!<\/p>\n<p>Haas VF-3 (2007) \u2013 Centro de Mecanizado Vertical de 3 Ejes<\/p>\n<p>Horas de funcionamiento: aprox. 14.500<br \/>\nHoras de funcionamiento: aprox. 33.000<\/p>\n<p>Tipo de m\u00e1quina: Centro de mecanizado vertical CNC<br \/>\nA\u00f1o de fabricaci\u00f3n: 2007<br \/>\nControl: Haas<br \/>\nTipo de accionamiento: Husillo de alta velocidad (Alta eficiencia)<br \/>\nConfiguraci\u00f3n del eje: mecanizado de 3 ejes<\/p>\n<p>Datos t\u00e9cnicos<\/p>\n<p>Viajes:<\/p>\n<p>Eje X: 1010 mm<br \/>\nEje Y: 660 mm<br \/>\nEje Z: 608 mm<\/p>\n<p>Velocidad del husillo: hasta 10.000 rpm<\/p>\n<p>Unidades de eje<br \/>\nEjes X\/Y\/Z: husillos de bolas, gu\u00edas lineales de precisi\u00f3n<br \/>\n3.\u00ba eje: Mesa inclinable\/giratoria integrada, controlada por CNC<br \/>\nCambiador de herramientas<br \/>\nCapacidad: 40 posiciones de herramienta<br \/>\nConicidad: SK40<br \/>\nCaja de engranajes del husillo reemplazada en 2024<br \/>\nEquipamiento<br \/>\nTransportador de virutas<br \/>\nDimensiones de instalaci\u00f3n<br \/>\nAprox. 3,870 x 2,510 x 2,690 mm (Ancho x Profundidad x Altura)<\/p>\n<p>Peso de la m\u00e1quina: aprox. 6.260 kg<\/p>\n<p>Condici\u00f3n<\/p>\n<p>La m\u00e1quina est\u00e1 en pleno funcionamiento tanto el\u00e9ctrica como mec\u00e1nicamente.<br \/>\nLa documentaci\u00f3n t\u00e9cnica est\u00e1 incluida.<\/p>\n<p>La m\u00e1quina puede inspeccionarse bajo tensi\u00f3n previa cita.<\/p>\n<p>Sujeto a venta previa. Todas las especificaciones son indicativas; errores y omisiones excluidos.<\/p>","protected":false},"excerpt":{"rendered":"<p>Standort: Deutschland, Baden-W\u00fcrttemberg S\u00fcdwest Zustand: Gebraucht Hersteller: HAAS Modell: VF-3BYTHE Baujahr: 2007 Betriebsstunden: 14500 Haas Haas VF3 BYTHE (Bj. 2007) \u2013 3-Achsen Betriebsstunden: ca. 14500 Einschaltstunden: ca.33000 Maschinentyp: Vertikales Bearbeitungszentrum (CNC) Baujahr: 2007 Steuerung: Haas Antriebsart: Hochgeschwindigkeits-Spindel (High Efficiency) Achsf\u00e4higkeit: 3-Achsen Bearbeitung Mechanische Daten Verfahrwege: X-Achse: 1010 mm Y-Achse: 660 mm Z-Achse: 608mm Drehzahlbereich: bis [&hellip;]<\/p>\n","protected":false},"featured_media":5148,"comment_status":"open","ping_status":"closed","template":"","meta":{"_uf_show_specific_survey":0,"_uf_disable_surveys":false},"product_brand":[],"product_cat":[21],"product_tag":[],"class_list":{"0":"post-5156","1":"product","2":"type-product","3":"status-publish","4":"has-post-thumbnail","6":"product_cat-cnc-bearbeitungszentrum","8":"first","9":"instock","10":"taxable","11":"shipping-taxable","12":"product-type-simple"},"aioseo_notices":[],"_links":{"self":[{"href":"https:\/\/mueller-wrh.de\/es\/wp-json\/wp\/v2\/product\/5156","targetHints":{"allow":["GET"]}}],"collection":[{"href":"https:\/\/mueller-wrh.de\/es\/wp-json\/wp\/v2\/product"}],"about":[{"href":"https:\/\/mueller-wrh.de\/es\/wp-json\/wp\/v2\/types\/product"}],"replies":[{"embeddable":true,"href":"https:\/\/mueller-wrh.de\/es\/wp-json\/wp\/v2\/comments?post=5156"}],"wp:featuredmedia":[{"embeddable":true,"href":"https:\/\/mueller-wrh.de\/es\/wp-json\/wp\/v2\/media\/5148"}],"wp:attachment":[{"href":"https:\/\/mueller-wrh.de\/es\/wp-json\/wp\/v2\/media?parent=5156"}],"wp:term":[{"taxonomy":"product_brand","embeddable":true,"href":"https:\/\/mueller-wrh.de\/es\/wp-json\/wp\/v2\/product_brand?post=5156"},{"taxonomy":"product_cat","embeddable":true,"href":"https:\/\/mueller-wrh.de\/es\/wp-json\/wp\/v2\/product_cat?post=5156"},{"taxonomy":"product_tag","embeddable":true,"href":"https:\/\/mueller-wrh.de\/es\/wp-json\/wp\/v2\/product_tag?post=5156"}],"curies":[{"name":"wp","href":"https:\/\/api.w.org\/{rel}","templated":true}]}}