{"id":5147,"date":"2026-03-27T10:17:26","date_gmt":"2026-03-27T10:17:26","guid":{"rendered":"https:\/\/mueller-wrh.de\/produkt\/haas-mikron-vce-750_bj-12_2000_-intnr231534\/"},"modified":"2026-04-10T13:55:58","modified_gmt":"2026-04-10T13:55:58","slug":"haas-mikron-vce-750_bj-12_2000_-intnr231534","status":"publish","type":"product","link":"https:\/\/mueller-wrh.de\/es\/producto\/haas-mikron-vce-750_bj-12_2000_-intnr231534\/","title":{"rendered":"Haas \/ Mikron VCE 750_Bj.12_2000_ IntNr231534"},"content":{"rendered":"<p><b>Ubicaci\u00f3n:<\/b> Alemania, Baden-W\u00fcrttemberg Suroeste<\/p>\n<p><b>Estado:<\/b> Usado<\/p>\n<p><b>Fabricante:<\/b> HAAS<\/p>\n<p><b>Modelo:<\/b> VCE 750<\/p>\n<p><b>A\u00f1o de construcci\u00f3n:<\/b> 2000<\/p>\n<p><b>Horario de apertura:<\/b> 22000<\/p>\n<p>Haas Mikron VCE 750 (A\u00f1o de fabricaci\u00f3n 12_2000) \u2013 3 ejes<br \/>\nHoras de operaci\u00f3n: aprox. 20000<br \/>\nHoras de encendido: aprox. 44000<br \/>\nTipo de m\u00e1quina: Centro de mecanizado vertical (CNC)<br \/>\nA\u00f1o de fabricaci\u00f3n: 12_2000<br \/>\nControl: Haas<br \/>\nTipo de accionamiento: Husillo de alta velocidad (Alta eficiencia)<br \/>\nCapacidad del eje: Mecanizado de 3 ejes <\/p>\n<p>Datos mec\u00e1nicos<br \/>\nDistancias de viaje:<br \/>\nEje X: 760 mm<br \/>\nEje Y: 410 mm<br \/>\nEje Z: 500 mm<br \/>\nRango de revoluciones: hasta 10.000 rpm <\/p>\n<p>Ejes de transmisi\u00f3n<br \/>\nEje X\/Y\/Z: husillo de bolas recirculantes, gu\u00edas de precisi\u00f3n<br \/>\n3er eje: Plato giratorio \/ mesa giratoria integrada, controlada por CNC<\/p>\n<p>cargador de rev\u00f3lver<br \/>\nCapacidad: 20 lugares para herramientas.<br \/>\nSK40<\/p>\n<p>Transportador de virutas<\/p>\n<p>Superficie de apoyo \/ Medidas de instalaci\u00f3n: aprox. 2.400 mm x 2.310 mm x 2.690 mm (An x Pr x Al)<\/p>\n<p>Peso de la m\u00e1quina: aprox. 4.860 kg<\/p>\n<p>M\u00e1quina el\u00e9ctrica y mec\u00e1nicamente en pleno funcionamiento<br \/>\nDocumentaci\u00f3n t\u00e9cnica <\/p>\n<p>La m\u00e1quina puede inspeccionarse con cita previa.<br \/>\n\u00a1Cambios y errores en los datos t\u00e9cnicos y la informaci\u00f3n, as\u00ed como la venta previa reservados!<\/p>\n<p>Mikron VCE 750 (Dic. 2000) \u2013 Centro de Mecanizado Vertical de 3 Ejes<\/p>\n<p>Horas de operaci\u00f3n: aprox. 20,000<br \/>\nHoras de encendido: aprox. 44.000<\/p>\n<p>Tipo de m\u00e1quina: Centro de mecanizado vertical CNC<br \/>\nA\u00f1o de fabricaci\u00f3n: dic. 2000<br \/>\nControl: Haas<br \/>\nTipo de accionamiento: Husillo de alta velocidad (Alta eficiencia)<br \/>\nConfiguraci\u00f3n del eje: mecanizado de 3 ejes<\/p>\n<p>Datos t\u00e9cnicos<\/p>\n<p>Viajes:<\/p>\n<p>Eje X: 760 mm<br \/>\nEje Y: 410 mm<br \/>\nEje Z: 500 mm<\/p>\n<p>Velocidad del husillo: hasta 10.000 rpm<\/p>\n<p>Unidades de eje<br \/>\nEjes X\/Y\/Z: husillos de bolas, gu\u00edas lineales de precisi\u00f3n<br \/>\n3.\u00ba eje: Mesa inclinable\/giratoria integrada, controlada por CNC<br \/>\nCambiador de herramientas<br \/>\nCapacidad: 20 posiciones de herramienta<br \/>\nConicidad: SK40<br \/>\nEquipamiento<br \/>\nTransportador de virutas<br \/>\nDimensiones de instalaci\u00f3n<br \/>\nAprox. 2.400 x 2.310 x 2.690 mm (An x Pr x Al)<\/p>\n<p>Peso de la m\u00e1quina: aprox. 4.860 kg<\/p>\n<p>Condici\u00f3n<\/p>\n<p>La m\u00e1quina est\u00e1 en pleno funcionamiento tanto el\u00e9ctrica como mec\u00e1nicamente.<br \/>\nLa documentaci\u00f3n t\u00e9cnica est\u00e1 incluida.<\/p>\n<p>La m\u00e1quina puede inspeccionarse bajo tensi\u00f3n previa cita.<\/p>\n<p>Sujeto a venta previa. Todas las especificaciones son indicativas y sujetos a errores.<\/p>","protected":false},"excerpt":{"rendered":"<p>Standort: Deutschland, Baden-W\u00fcrttemberg S\u00fcdwest Zustand: Gebraucht Hersteller: HAAS Modell: VCE 750 Baujahr: 2000 Betriebsstunden: 22000 Haas Mikron VCE 750 (Bj. 12_2000) \u2013 3-Achsen Betriebsstunden: ca. 20000 Einschaltstunden : ca.44000 Maschinentyp: Vertikales Bearbeitungszentrum (CNC) Baujahr: 12_2000 Steuerung: Haas Antriebsart: Hochgeschwindigkeits-Spindel (High Efficiency) Achsf\u00e4higkeit: 3-Achsen Bearbeitung Mechanische Daten Verfahrwege: X-Achse: 760 mm Y-Achse: 410 mm Z-Achse: 500 [&hellip;]<\/p>\n","protected":false},"featured_media":5242,"comment_status":"open","ping_status":"closed","template":"","meta":{"_uf_show_specific_survey":0,"_uf_disable_surveys":false},"product_brand":[],"product_cat":[21],"product_tag":[],"class_list":{"0":"post-5147","1":"product","2":"type-product","3":"status-publish","4":"has-post-thumbnail","6":"product_cat-cnc-bearbeitungszentrum","8":"first","9":"instock","10":"taxable","11":"shipping-taxable","12":"product-type-simple"},"aioseo_notices":[],"_links":{"self":[{"href":"https:\/\/mueller-wrh.de\/es\/wp-json\/wp\/v2\/product\/5147","targetHints":{"allow":["GET"]}}],"collection":[{"href":"https:\/\/mueller-wrh.de\/es\/wp-json\/wp\/v2\/product"}],"about":[{"href":"https:\/\/mueller-wrh.de\/es\/wp-json\/wp\/v2\/types\/product"}],"replies":[{"embeddable":true,"href":"https:\/\/mueller-wrh.de\/es\/wp-json\/wp\/v2\/comments?post=5147"}],"wp:featuredmedia":[{"embeddable":true,"href":"https:\/\/mueller-wrh.de\/es\/wp-json\/wp\/v2\/media\/5242"}],"wp:attachment":[{"href":"https:\/\/mueller-wrh.de\/es\/wp-json\/wp\/v2\/media?parent=5147"}],"wp:term":[{"taxonomy":"product_brand","embeddable":true,"href":"https:\/\/mueller-wrh.de\/es\/wp-json\/wp\/v2\/product_brand?post=5147"},{"taxonomy":"product_cat","embeddable":true,"href":"https:\/\/mueller-wrh.de\/es\/wp-json\/wp\/v2\/product_cat?post=5147"},{"taxonomy":"product_tag","embeddable":true,"href":"https:\/\/mueller-wrh.de\/es\/wp-json\/wp\/v2\/product_tag?post=5147"}],"curies":[{"name":"wp","href":"https:\/\/api.w.org\/{rel}","templated":true}]}}