{"id":5134,"date":"2026-03-27T09:54:57","date_gmt":"2026-03-27T09:54:57","guid":{"rendered":"https:\/\/mueller-wrh.de\/produkt\/star-sr-20_rii_bj-07-2007_intnr231447\/"},"modified":"2026-03-27T10:10:35","modified_gmt":"2026-03-27T10:10:35","slug":"star-sr-20_rii_bj-07-2007_intnr231447","status":"publish","type":"product","link":"https:\/\/mueller-wrh.de\/es\/producto\/star-sr-20_rii_bj-07-2007_intnr231447\/","title":{"rendered":"STAR SR-20_RII_A\u00f1o 07.2007_IntNo231447"},"content":{"rendered":"<p><b>Ubicaci\u00f3n:<\/b> Alemania, Baden-W\u00fcrttemberg Suroeste<\/p>\n<p><b>Estado:<\/b> Usado<\/p>\n<p><b>Fabricante:<\/b> STAR Micronics<\/p>\n<p><b>Modelo:<\/b> SR-20 RII<\/p>\n<p><b>A\u00f1o de construcci\u00f3n:<\/b> 2007<\/p>\n<p><b>Horario de apertura:<\/b> 20279<\/p>\n<p>Torno CNC de cabezal m\u00f3vil SR20RII, a\u00f1o 2007<br \/>\nTipo de m\u00e1quina: Torno CNC de cabezal m\u00f3vil (tipo suizo)<br \/>\nControlador, Fanuc, Serie 18i-TB,<br \/>\nHoras de encendido: 20279<br \/>\nHoras de funcionamiento: 67058<\/p>\n<p>M\u00e1x. Di\u00e1metro de giro: \u00d8 20 mm (opcionalmente hasta 22 mm)<br \/>\nLongitud de giro: 205 mm<br \/>\nEje principal:<br \/>\nVelocidad: hasta aprox. 10.000-12.000 min-\u00b9<br \/>\nPotencia: aprox. 3,7-5,5 kW<br \/>\nEje C<br \/>\nContrahusillo:<br \/>\nVelocidad: hasta aprox. 6.000-8.000 min-\u00b9<br \/>\nEje C<br \/>\nEjes:<br \/>\nX1 \/ Z1 \/ Y1 (procesamiento principal)<br \/>\nX2 \/ Z2 (contrahusillo)<br \/>\nAvance r\u00e1pido: aprox. 24-30 m\/min<\/p>\n<p>Dimensiones de la m\u00e1quina 2400x1205x1700 mm<br \/>\nPeso de la m\u00e1quina 2200 kg<\/p>\n<p>\u00a1Cambios y errores en los datos t\u00e9cnicos y la informaci\u00f3n, as\u00ed como la venta previa reservados!<\/p>\n<p>Torno suizo CNC STAR SR-20RII<br \/>\nA\u00f1o de fabricaci\u00f3n: 2007<\/p>\n<p>Tipo de m\u00e1quina: Torno CNC de cabezal m\u00f3vil tipo suizo<br \/>\nControl: Fanuc, Serie 18i-TB<\/p>\n<p>Horas de encendido: 20.279 h<br \/>\nHoras de funcionamiento: 67.058 h<\/p>\n<p>Datos t\u00e9cnicos<\/p>\n<p>Capacidad de mecanizado:<br \/>\nDi\u00e1metro m\u00e1x. de giro \u00d8 20 mm (opcional hasta \u00d8 22 mm)<br \/>\nLongitud m\u00e1x. de giro: 205 mm<br \/>\nEje principal:<br \/>\nVelocidad: hasta aprox. 10.000-12.000 rpm<br \/>\nPotencia: aprox. 3,7-5,5 kW<br \/>\nEje C<br \/>\nSubhusillo:<br \/>\nVelocidad: hasta aprox. 6.000-8.000 rpm<br \/>\nEje C<br \/>\nConfiguraci\u00f3n de ejes:<br \/>\nX1 \/ Z1 \/ Y1 (mecanizado principal)<br \/>\nX2 \/ Z2 (subhusillo)<br \/>\nAvance r\u00e1pido: aprox. 24-30 m\/min<\/p>\n<p>Dimensiones y peso de la m\u00e1quina<br \/>\nDimensiones (L \u00d7 A \u00d7 A): 2400 \u00d7 1205 \u00d7 1700 mm<br \/>\nPeso de la m\u00e1quina: aprox. 2.200 kg<\/p>\n<p>Sujeto a venta previa, salvo cambios y errores en los datos t\u00e9cnicos y las especificaciones.<\/p>","protected":false},"excerpt":{"rendered":"<p>Standort: Deutschland, Baden-W\u00fcrttemberg S\u00fcdwest Zustand: Gebraucht Hersteller: STAR Micronics Modell: SR-20 RII Baujahr: 2007 Betriebsstunden: 20279 CNC-Langdrehmaschine SR20RII, Bj. 2007 Maschinentyp: CNC-Langdrehmaschine (Swiss-Type) Steuerung, Fanuc, Serie 18i-TB, Einschaltstunden: 20279 Betriebsstunden: 67058 Max. Drehdurchmesser: \u00d8 20 mm (Optional bis 22mm) Drehl\u00e4nge: 205 mm Hauptspindel: Drehzahl: bis ca. 10.000\u201312.000 min\u207b\u00b9 Leistung: ca. 3,7\u20135,5 kW C-Achse Gegenspindel: Drehzahl: [&hellip;]<\/p>\n","protected":false},"featured_media":5135,"comment_status":"open","ping_status":"closed","template":"","meta":{"_uf_show_specific_survey":0,"_uf_disable_surveys":false},"product_brand":[],"product_cat":[23],"product_tag":[],"class_list":{"0":"post-5134","1":"product","2":"type-product","3":"status-publish","4":"has-post-thumbnail","6":"product_cat-cnc-langdrehmaschinen","8":"first","9":"instock","10":"taxable","11":"shipping-taxable","12":"product-type-simple"},"aioseo_notices":[],"_links":{"self":[{"href":"https:\/\/mueller-wrh.de\/es\/wp-json\/wp\/v2\/product\/5134","targetHints":{"allow":["GET"]}}],"collection":[{"href":"https:\/\/mueller-wrh.de\/es\/wp-json\/wp\/v2\/product"}],"about":[{"href":"https:\/\/mueller-wrh.de\/es\/wp-json\/wp\/v2\/types\/product"}],"replies":[{"embeddable":true,"href":"https:\/\/mueller-wrh.de\/es\/wp-json\/wp\/v2\/comments?post=5134"}],"wp:featuredmedia":[{"embeddable":true,"href":"https:\/\/mueller-wrh.de\/es\/wp-json\/wp\/v2\/media\/5135"}],"wp:attachment":[{"href":"https:\/\/mueller-wrh.de\/es\/wp-json\/wp\/v2\/media?parent=5134"}],"wp:term":[{"taxonomy":"product_brand","embeddable":true,"href":"https:\/\/mueller-wrh.de\/es\/wp-json\/wp\/v2\/product_brand?post=5134"},{"taxonomy":"product_cat","embeddable":true,"href":"https:\/\/mueller-wrh.de\/es\/wp-json\/wp\/v2\/product_cat?post=5134"},{"taxonomy":"product_tag","embeddable":true,"href":"https:\/\/mueller-wrh.de\/es\/wp-json\/wp\/v2\/product_tag?post=5134"}],"curies":[{"name":"wp","href":"https:\/\/api.w.org\/{rel}","templated":true}]}}