{"id":5112,"date":"2026-03-23T15:18:16","date_gmt":"2026-03-23T15:18:16","guid":{"rendered":"https:\/\/mueller-wrh.de\/produkt\/doosan-puma-tt-1800-sy-bj-2022_-intnr231434\/"},"modified":"2026-03-24T08:07:35","modified_gmt":"2026-03-24T08:07:35","slug":"doosan-puma-tt-1800-sy-bj-2022_-intnr231434","status":"publish","type":"product","link":"https:\/\/mueller-wrh.de\/es\/producto\/doosan-puma-tt-1800-sy-bj-2022_-intnr231434\/","title":{"rendered":"DOOSAN Puma TT 1800 SY, a\u00f1o 2022_ IntNr231434"},"content":{"rendered":"<p><b>Ubicaci\u00f3n:<\/b> Alemania, Baden-W\u00fcrttemberg Suroeste<\/p>\n<p><b>Estado:<\/b> Usado<\/p>\n<p><b>Fabricante:<\/b> DOOSAN-PUMA<\/p>\n<p><b>Modelo:<\/b> TT 1800 SY<\/p>\n<p><b>A\u00f1o de construcci\u00f3n:<\/b> 2022<\/p>\n<p>DOOSAN Puma TT 1800 SY, a\u00f1o 2022<br \/>\nTorno CNC, en perfecto estado<br \/>\nSistema de control: Fanuc<br \/>\nDatos t\u00e9cnicos:<br \/>\nCentro de torneado multieje multifuncional con hasta 8 ejes controlados, dos torretas y dos contrahusillos equivalentes. Eje Y para herramientas accionadas por encima del eje C; S significa contrahusillo.<br \/>\nAccesorios:<br \/>\nRecogedor de piezas<br \/>\nPortaherramientas<br \/>\nTransportador de virutas<br \/>\nRevista Rod LNS<br \/>\nDocumentaci\u00f3n t\u00e9cnica<br \/>\nFabricante: : DOOSAN Puma TT 1800 SY, A\u00f1o 2022_ IntNr231434<br \/>\nPa\u00eds de fabricaci\u00f3n: Corea del Sur<br \/>\nA\u00f1o de construcci\u00f3n 2022<br \/>\nIncl. accesorios <\/p>\n<p>\u00a1Sujeto a cambios y errores en los datos t\u00e9cnicos, as\u00ed como a la venta previa!<\/p>\n<p>DOOSAN Puma TT 1800 SY, A\u00f1o 2022<br \/>\nTorno CNC, Estado \u00f3ptimo<br \/>\nControl: Fanuc<\/p>\n<p>Datos t\u00e9cnicos<\/p>\n<p>Centro de torneado multieje multifuncional con hasta 8 ejes controlados, dos torretas y dos husillos opuestos id\u00e9nticos.<br \/>\nEje Y para herramientas accionadas por encima del eje C; S significa subhusillo.<\/p>\n<p>Accesorios<br \/>\nRecogedor de piezas<br \/>\nPortaherramientas<br \/>\nTransportador de virutas<br \/>\nAlimentador de barras LNS<br \/>\nDocumentaci\u00f3n t\u00e9cnica<\/p>\n<p>Fabricante: DOOSAN Puma TT 1800 SY, A\u00f1o 2022, IntNr 231434<br \/>\nPa\u00eds de fabricaci\u00f3n: Corea del Sur<br \/>\nA\u00f1o de fabricaci\u00f3n: 2022<br \/>\nAccesorios incluidos<\/p>\n<p>Sujeto a venta previa. Errores y cambios en los datos t\u00e9cnicos reservados.<\/p>","protected":false},"excerpt":{"rendered":"<p>Standort: Deutschland, Baden-W\u00fcrttemberg S\u00fcdwest Zustand: Gebraucht Hersteller: DOOSAN-PUMA Modell: TT 1800 SY Baujahr: 2022 DOOSAN Puma TT 1800 SY, Bj. 2022 CNC-Drehmaschine, Top-Zustand Steuerung: Fanuc Technische Daten: Multifunktionales Mehrachsen-Drehzentrum mit bis zu 8 gesteuerten Achsen, zwei Revolver und zwei gleichwertigen, gegen\u00fcberstehenden Spindeln. Y-Achse f\u00fcr angetriebene Werkzeuge \u00fcber der C-Achse; S steht f\u00fcr Gegenspindel. Zubeh\u00f6r: Teilef\u00e4nger [&hellip;]<\/p>\n","protected":false},"featured_media":5113,"comment_status":"open","ping_status":"closed","template":"","meta":{"_uf_show_specific_survey":0,"_uf_disable_surveys":false},"product_brand":[],"product_cat":[89],"product_tag":[],"class_list":{"0":"post-5112","1":"product","2":"type-product","3":"status-publish","4":"has-post-thumbnail","6":"product_cat-cnc-kurzdrehmaschinen","8":"first","9":"instock","10":"taxable","11":"shipping-taxable","12":"product-type-simple"},"aioseo_notices":[],"_links":{"self":[{"href":"https:\/\/mueller-wrh.de\/es\/wp-json\/wp\/v2\/product\/5112","targetHints":{"allow":["GET"]}}],"collection":[{"href":"https:\/\/mueller-wrh.de\/es\/wp-json\/wp\/v2\/product"}],"about":[{"href":"https:\/\/mueller-wrh.de\/es\/wp-json\/wp\/v2\/types\/product"}],"replies":[{"embeddable":true,"href":"https:\/\/mueller-wrh.de\/es\/wp-json\/wp\/v2\/comments?post=5112"}],"wp:featuredmedia":[{"embeddable":true,"href":"https:\/\/mueller-wrh.de\/es\/wp-json\/wp\/v2\/media\/5113"}],"wp:attachment":[{"href":"https:\/\/mueller-wrh.de\/es\/wp-json\/wp\/v2\/media?parent=5112"}],"wp:term":[{"taxonomy":"product_brand","embeddable":true,"href":"https:\/\/mueller-wrh.de\/es\/wp-json\/wp\/v2\/product_brand?post=5112"},{"taxonomy":"product_cat","embeddable":true,"href":"https:\/\/mueller-wrh.de\/es\/wp-json\/wp\/v2\/product_cat?post=5112"},{"taxonomy":"product_tag","embeddable":true,"href":"https:\/\/mueller-wrh.de\/es\/wp-json\/wp\/v2\/product_tag?post=5112"}],"curies":[{"name":"wp","href":"https:\/\/api.w.org\/{rel}","templated":true}]}}