{"id":5103,"date":"2026-03-19T14:02:28","date_gmt":"2026-03-19T14:02:28","guid":{"rendered":"https:\/\/mueller-wrh.de\/produkt\/deckel-maho-dmf-220-linear-bj-2001-intnr231491\/"},"modified":"2026-03-19T14:02:28","modified_gmt":"2026-03-19T14:02:28","slug":"deckel-maho-dmf-220-linear-bj-2001-intnr231491","status":"publish","type":"product","link":"https:\/\/mueller-wrh.de\/es\/producto\/deckel-maho-dmf-220-linear-bj-2001-intnr231491\/","title":{"rendered":"Cubierta Maho DMF 220 lineal a\u00f1o 2001, IntNr231491"},"content":{"rendered":"<p><b>Ubicaci\u00f3n:<\/b> Alemania, Baden-W\u00fcrttemberg Suroeste<\/p>\n<p><b>Estado:<\/b> Usado<\/p>\n<p><b>Fabricante:<\/b> DMG<\/p>\n<p><b>Modelo:<\/b> DMF 220<\/p>\n<p><b>A\u00f1o de construcci\u00f3n:<\/b> 2001<\/p>\n<p><b>Horario de apertura:<\/b> 0<\/p>\n<p>Fabricante: DECKEL MAHO, Tipo: DMF 220 linear, A\u00f1o de fabricaci\u00f3n: 2001<br \/>\nSistema de control: Siemens 840D Powerline<\/p>\n<p>Trayectorias y ejes<br \/>\nEje X (longitudinal): 2.200 mm<br \/>\nEje Y (transversal): 560 mm<br \/>\nEje Z (vertical): 720 mm<br \/>\nAvance r\u00e1pido X\/Y\/Z: 50 m\/min<br \/>\nAccionamiento del eje X: accionamiento lineal altamente din\u00e1mico <\/p>\n<p>Mesa de trabajo<br \/>\nSuperficie de sujeci\u00f3n: 2.600 x 600 mm<br \/>\nCarga m\u00e1x. Carga de la mesa: 2.200 kg<\/p>\n<p>Eje principal<br \/>\nGama de velocidad: 20 - 12.000 rpm (est\u00e1ndar)<br \/>\nPotencia motriz (100% ED): 35 \/ 25 kW (S1\/S6)<br \/>\nPar m\u00e1x. Par: 130 \/ 87 Nm (con 100% ED)<br \/>\nPortaherramientas: SK 40 seg\u00fan DIN 69871 <\/p>\n<p>Cambiador de herramientas<br \/>\nN\u00famero de plazas: revista de 30 pliegos<br \/>\nTiempo de cambio (chip a chip): aprox. 4-6 segundos (seg\u00fan el modelo) <\/p>\n<p>Dimensiones y peso<br \/>\nEspacio necesario aprox.: 6.500 x 3.500 mm<br \/>\nPeso aproximado de la m\u00e1quina: 12,5 toneladas <\/p>\n<p>La m\u00e1quina puede inspeccionarse con cita previa.<br \/>\n\u00a1Cambios y errores en los datos t\u00e9cnicos y la informaci\u00f3n, as\u00ed como la venta previa reservados!<\/p>\n<p>Centro de mecanizado CNC de 5 ejes Deckel MAHO DMF 250 linear reacondicionado en buen estado.<br \/>\nA\u00f1o de fabricaci\u00f3n: 2004.<\/p>\n<p>Control: Heidenhain iTNC 530.<br \/>\nDatos t\u00e9cnicos:<br \/>\nDistancia de recorrido X: 2.500 mm.<br \/>\nDistancia de desplazamiento Y: 920 mm.<br \/>\nDistancia de desplazamiento Z: 820 mm.<br \/>\nEje B: x\/- 105\u00b0<\/p>\n<p>Mesa de trabajo: 3100 x 900 mm<\/p>\n<p>Excepci\u00f3n de husillo: HSK 63<br \/>\nVelocidades del husillo: 20 - 18.000 rpm<br \/>\nCambiador de herramientas: 30 piezas.<\/p>\n<p>Equipado con:<br \/>\n- Transportador de virutas<br \/>\n- Refrigeraci\u00f3n por husillo 40 bar<br \/>\n- Instrucciones de uso<\/p>\n<p>Pa\u00eds de origen: Alemania<br \/>\nPotencia del motor: 35 KW<br \/>\nLxAnxAl de la m\u00e1quina: 6000 x 3800 x 2950 mm<br \/>\nPeso de la m\u00e1quina: 25.000 kg<\/p>\n<p>La m\u00e1quina puede visitarse con cita previa.<br \/>\n\u00a1Sujeto a cambios y errores en los datos t\u00e9cnicos y especificaciones, as\u00ed como a la venta previa!<\/p>","protected":false},"excerpt":{"rendered":"<p>Standort: Deutschland, Baden-W\u00fcrttemberg S\u00fcdwest Zustand: Gebraucht Hersteller: DMG Modell: DMF 220 Baujahr: 2001 Betriebsstunden: 0 Hersteller: DECKEL MAHO, Typ: DMF 220 linear, Baujahr: 2001 Steuerung: Siemens 840D Powerline Verfahrwege &amp; Achsen X-Achse (L\u00e4ngs): 2.200 mm Y-Achse (Quer): 560 mm Z-Achse (Vertikal): 720 mm Eilgang X\/Y\/Z: 50 m\/min Antrieb X-Achse: Hochdynamischer Linearantrieb Arbeitstisch Aufspannfl\u00e4che: 2.600 x [&hellip;]<\/p>\n","protected":false},"featured_media":5097,"comment_status":"open","ping_status":"closed","template":"","meta":{"_uf_show_specific_survey":0,"_uf_disable_surveys":false},"product_brand":[],"product_cat":[21],"product_tag":[],"class_list":{"0":"post-5103","1":"product","2":"type-product","3":"status-publish","4":"has-post-thumbnail","6":"product_cat-cnc-bearbeitungszentrum","8":"first","9":"instock","10":"taxable","11":"shipping-taxable","12":"product-type-simple"},"aioseo_notices":[],"_links":{"self":[{"href":"https:\/\/mueller-wrh.de\/es\/wp-json\/wp\/v2\/product\/5103","targetHints":{"allow":["GET"]}}],"collection":[{"href":"https:\/\/mueller-wrh.de\/es\/wp-json\/wp\/v2\/product"}],"about":[{"href":"https:\/\/mueller-wrh.de\/es\/wp-json\/wp\/v2\/types\/product"}],"replies":[{"embeddable":true,"href":"https:\/\/mueller-wrh.de\/es\/wp-json\/wp\/v2\/comments?post=5103"}],"wp:featuredmedia":[{"embeddable":true,"href":"https:\/\/mueller-wrh.de\/es\/wp-json\/wp\/v2\/media\/5097"}],"wp:attachment":[{"href":"https:\/\/mueller-wrh.de\/es\/wp-json\/wp\/v2\/media?parent=5103"}],"wp:term":[{"taxonomy":"product_brand","embeddable":true,"href":"https:\/\/mueller-wrh.de\/es\/wp-json\/wp\/v2\/product_brand?post=5103"},{"taxonomy":"product_cat","embeddable":true,"href":"https:\/\/mueller-wrh.de\/es\/wp-json\/wp\/v2\/product_cat?post=5103"},{"taxonomy":"product_tag","embeddable":true,"href":"https:\/\/mueller-wrh.de\/es\/wp-json\/wp\/v2\/product_tag?post=5103"}],"curies":[{"name":"wp","href":"https:\/\/api.w.org\/{rel}","templated":true}]}}