{"id":5096,"date":"2026-03-19T12:49:16","date_gmt":"2026-03-19T12:49:16","guid":{"rendered":"https:\/\/mueller-wrh.de\/produkt\/star-sr20r-ii-typ-660-bj-2006_09_-intnr231525\/"},"modified":"2026-03-19T12:49:16","modified_gmt":"2026-03-19T12:49:16","slug":"star-sr20r-ii-typ-660-bj-2006_09_-intnr231525","status":"publish","type":"product","link":"https:\/\/mueller-wrh.de\/es\/producto\/star-sr20r-ii-typ-660-bj-2006_09_-intnr231525\/","title":{"rendered":"STAR SR20R II Tipo 660, A\u00f1o 2006_09_ IntNo231525"},"content":{"rendered":"<p><b>Ubicaci\u00f3n:<\/b> Alemania, Baden-W\u00fcrttemberg Suroeste<\/p>\n<p><b>Estado:<\/b> Usado<\/p>\n<p><b>Fabricante:<\/b> STAR Micronics<\/p>\n<p><b>Modelo:<\/b> SR-20R II Tipo 660<\/p>\n<p><b>A\u00f1o de construcci\u00f3n:<\/b> 2006<\/p>\n<p><b>Horario de apertura:<\/b> 76032<\/p>\n<p>Torno CNC de cabezal m\u00f3vil STAR SR-20RII Tipo 660 (Tipo Suizo)<br \/>\nA\u00f1o de construcci\u00f3n: 2006_09<br \/>\nSistema de control: Fanuc<br \/>\nTiempo de corte: 53000<br \/>\nDatos t\u00e9cnicos<br \/>\nM\u00e1x. Di\u00e1metro de giro: \u00d8 20 mm (opcionalmente hasta \u00d8 22 mm)<br \/>\nLongitud de giro: 205 mm<br \/>\nEje principal:<br \/>\n- Velocidad: hasta aprox. 10.000-12.000 min-\u00b9<br \/>\n- Potencia: aprox. 3,7-5,5 kW<br \/>\n- Eje C para el mecanizado de contornos<br \/>\nContrahusillo:<br \/>\n- Velocidad: hasta aprox. 6.000-8.000 min-\u00b9<br \/>\n- Eje C<br \/>\nEjes (distancias de desplazamiento):<br \/>\n- X1 \/ Z1 \/ Y1 (mecanizado principal): X1 aprox. 265 mm \/ Z1 aprox. 205 mm \/ Y1 \u00b1 20 mm<br \/>\n- X2 \/ Z2 (contrahusillo): similar al eje principal, los valores exactos dependen de la m\u00e1quina<br \/>\n- Avance r\u00e1pido: aprox. 24-30 m\/min<br \/>\nDimensiones de la m\u00e1quina: 2.400 \u00d7 1.205 \u00d7 1.700 mm<br \/>\nPeso de la m\u00e1quina: aprox. 2.200 kg<\/p>\n<p>Alimentador de barras: FMB TURBO 3-26\/3200<br \/>\n- Capacidad de la varilla: \u00d8 3-26 mm<br \/>\n- Variante de montaje: \u201eA\u201c<br \/>\n- A\u00f1o de construcci\u00f3n: 2006<br \/>\n- Dimensiones: aprox. 4.500 \u00d7 1.000 \u00d7 1.800 mm<br \/>\n- Peso: 800 kg aprox.<br \/>\n- Sistema de alta presi\u00f3n SFB B\u00fcchele (2 v\u00e1lvulas) y filtro<br \/>\nManuales \/ documentos de funcionamiento<br \/>\nVisita: La m\u00e1quina se puede ver in situ con cita previa.<br \/>\nNota: \u00a1Sujeto a cambios y errores en los datos t\u00e9cnicos, as\u00ed como a la venta previa!<\/p>\n<p>Torno largo CNC STAR SR-20RII Tipo 660 (Tipo Suizo)<br \/>\nA\u00f1o de fabricaci\u00f3n: 09\/2006<br \/>\nSistema de control: Fanuc<br \/>\nTiempo de corte: 53.000 horas<\/p>\n<p>Especificaciones t\u00e9cnicas<\/p>\n<p>Di\u00e1metro m\u00e1x. de giro \u00d8 20 mm (opcional hasta \u00d8 22 mm)<br \/>\nLongitud de giro: 205 mm<\/p>\n<p>Eje principal:<\/p>\n<p>Velocidad: hasta aprox. 10.000-12.000 rpm<\/p>\n<p>Potencia: aprox. 3,7-5,5 kW<\/p>\n<p>Eje C para el mecanizado de contornos<\/p>\n<p>Contrahusillo:<\/p>\n<p>Velocidad: hasta aprox. 6.000-8.000 rpm<\/p>\n<p>Eje C<\/p>\n<p>Ejes (recorridos):<\/p>\n<p>X1 \/ Z1 \/ Y1 (mecanizado principal): X1 aprox. 265 mm \/ Z1 aprox. 205 mm \/ Y1 \u00b1 20 mm<\/p>\n<p>X2 \/ Z2 (contrahusillo): similar al husillo principal, los valores exactos dependen de la m\u00e1quina<\/p>\n<p>Avance r\u00e1pido: aprox. 24-30 m\/min<\/p>\n<p>Dimensiones de la m\u00e1quina: 2.400 \u00d7 1.205 \u00d7 1.700 mm<br \/>\nPeso de la m\u00e1quina: aprox. 2.200 kg<\/p>\n<p>Alimentador de barras: FMB TURBO 3-26\/3200<\/p>\n<p>Di\u00e1metro de la barra: \u00d8 3-26 mm<\/p>\n<p>Variante de montaje: \u201cA\u201d<\/p>\n<p>A\u00f1o de fabricaci\u00f3n: 2006<\/p>\n<p>Dimensiones: aprox. 4.500 \u00d7 1.000 \u00d7 1.800 mm<\/p>\n<p>Peso: aprox. 800 kg<\/p>\n<p>Sistema de alta presi\u00f3n SFB B\u00fcchele (2 v\u00e1lvulas) con filtro<\/p>\n<p>Manuales \/ Documentaci\u00f3n: Incluidos<\/p>\n<p>Visita: La m\u00e1quina se puede inspeccionar in situ con cita previa.<\/p>\n<p>Nota: Los datos t\u00e9cnicos y las especificaciones est\u00e1n sujetos a cambios y errores; reservada la venta previa.<\/p>","protected":false},"excerpt":{"rendered":"<p>Standort: Deutschland, Baden-W\u00fcrttemberg S\u00fcdwest Zustand: Gebraucht Hersteller: STAR Micronics Modell: SR-20R II Typ 660 Baujahr: 2006 Betriebsstunden: 76032 CNC-Langdrehmaschine STAR SR-20RII Typ 660 (Swiss-Type) Baujahr: 2006_09 Steuerung: Fanuc Cutting Time: 53000 Technische Daten Max. Drehdurchmesser: \u00d8 20 mm (optional bis \u00d8 22 mm) Drehl\u00e4nge: 205 mm Hauptspindel: \u2022 Drehzahl: bis ca. 10.000\u201312.000 min\u207b\u00b9 \u2022 Leistung: [&hellip;]<\/p>\n","protected":false},"featured_media":5089,"comment_status":"open","ping_status":"closed","template":"","meta":{"_uf_show_specific_survey":0,"_uf_disable_surveys":false},"product_brand":[],"product_cat":[23],"product_tag":[],"class_list":{"0":"post-5096","1":"product","2":"type-product","3":"status-publish","4":"has-post-thumbnail","6":"product_cat-cnc-langdrehmaschinen","8":"first","9":"instock","10":"taxable","11":"shipping-taxable","12":"product-type-simple"},"aioseo_notices":[],"_links":{"self":[{"href":"https:\/\/mueller-wrh.de\/es\/wp-json\/wp\/v2\/product\/5096","targetHints":{"allow":["GET"]}}],"collection":[{"href":"https:\/\/mueller-wrh.de\/es\/wp-json\/wp\/v2\/product"}],"about":[{"href":"https:\/\/mueller-wrh.de\/es\/wp-json\/wp\/v2\/types\/product"}],"replies":[{"embeddable":true,"href":"https:\/\/mueller-wrh.de\/es\/wp-json\/wp\/v2\/comments?post=5096"}],"wp:featuredmedia":[{"embeddable":true,"href":"https:\/\/mueller-wrh.de\/es\/wp-json\/wp\/v2\/media\/5089"}],"wp:attachment":[{"href":"https:\/\/mueller-wrh.de\/es\/wp-json\/wp\/v2\/media?parent=5096"}],"wp:term":[{"taxonomy":"product_brand","embeddable":true,"href":"https:\/\/mueller-wrh.de\/es\/wp-json\/wp\/v2\/product_brand?post=5096"},{"taxonomy":"product_cat","embeddable":true,"href":"https:\/\/mueller-wrh.de\/es\/wp-json\/wp\/v2\/product_cat?post=5096"},{"taxonomy":"product_tag","embeddable":true,"href":"https:\/\/mueller-wrh.de\/es\/wp-json\/wp\/v2\/product_tag?post=5096"}],"curies":[{"name":"wp","href":"https:\/\/api.w.org\/{rel}","templated":true}]}}