{"id":5088,"date":"2026-03-19T12:44:44","date_gmt":"2026-03-19T12:44:44","guid":{"rendered":"https:\/\/mueller-wrh.de\/produkt\/star-sr20r-iii-typ-680-bj-2007_03_-intnr231524\/"},"modified":"2026-03-19T12:44:44","modified_gmt":"2026-03-19T12:44:44","slug":"star-sr20r-iii-typ-680-bj-2007_03_-intnr231524","status":"publish","type":"product","link":"https:\/\/mueller-wrh.de\/es\/producto\/star-sr20r-iii-typ-680-bj-2007_03_-intnr231524\/","title":{"rendered":"STAR SR20R III Tipo 680, A\u00f1o 2007_03_ IntNo231524"},"content":{"rendered":"<p><b>Ubicaci\u00f3n:<\/b> Alemania, Baden-W\u00fcrttemberg Suroeste<\/p>\n<p><b>Estado:<\/b> Usado<\/p>\n<p><b>Fabricante:<\/b> STAR Micronics<\/p>\n<p><b>Modelo:<\/b> SR-20R III Tipo 680<\/p>\n<p><b>A\u00f1o de construcci\u00f3n:<\/b> 2007<\/p>\n<p><b>Horario de apertura:<\/b> 54727<\/p>\n<p>STAR SR 20RIII, a\u00f1o 2007_03 Tipo 680 (tipo suizo)<br \/>\nControl CNC FANUC<br \/>\nTiempo de corte: 45000<br \/>\nHUSILLO PRINCIPAL<br \/>\ndi\u00e1metro m\u00e1x. de mecanizado 20 mm (23 mm opcional)<br \/>\nCarrera m\u00e1x. del cabezal 205 mm<br \/>\nPotencia motriz 3,7 kW<br \/>\nvelocidad m\u00e1x. 10.000 1\/min, incl. eje C<br \/>\nHerramientas de torneado 6 piezas ( 12 mm)<br \/>\nTaladro de 4 husillos<br \/>\n5 Herramientas de tratamiento cruzado<br \/>\n2 Unidad de perforaci\u00f3n frontal<br \/>\nCONTRAHUSILLO<br \/>\ndi\u00e1metro m\u00e1x. de mecanizado 20 mm (23 mm opcional)<br \/>\nPotencia motriz 2,2 kW<br \/>\nvelocidad m\u00e1x. 8.000 1\/min, incl. eje C<br \/>\n4 Unidad de perforaci\u00f3n frontal<br \/>\nTaladro de 4 husillos<br \/>\nDispositivo de soplado para contrahusillo<br \/>\nProtecci\u00f3n contra cortes de acero<br \/>\nVelocidad de desplazamiento r\u00e1pido en todos los ejes 35 m\/min<br \/>\nCapacidad del dep\u00f3sito de refrigerante 170 litros<\/p>\n<p>Alimentador de barras FMB Turbo 3-26 \/ 3200\/ A \/ a\u00f1o 2007<br \/>\nSistema de alta presi\u00f3n SFB B\u00fcchele con dep\u00f3sito y filtro 65bar<\/p>\n<p>La m\u00e1quina puede inspeccionarse bajo tensi\u00f3n previa cita.<br \/>\n\u00a1Cambios y errores en los datos t\u00e9cnicos y la informaci\u00f3n, as\u00ed como la venta previa reservados!<\/p>\n<p>STAR SR-20RIII, marzo de 2007, tipo 680 (tipo suizo)<br \/>\nControl CNC: FANUC<br \/>\nTiempo de corte: 45.000 horas<\/p>\n<p>Eje principal:<\/p>\n<p>Di\u00e1metro m\u00e1x. de giro: 20 mm (opcional 23 mm)<\/p>\n<p>Recorrido m\u00e1x. de la culata del husillo: 205 mm<\/p>\n<p>Potencia motriz: 3,7 kW<\/p>\n<p>Velocidad m\u00e1x.: 10.000 rpm, incluido el eje C<\/p>\n<p>Herramientas de torneado: 6 herramientas (12 mm)<\/p>\n<p>Unidad de taladrado de 4 husillos<\/p>\n<p>5 herramientas de mecanizado en cruz<\/p>\n<p>2 unidades de perforaci\u00f3n frontal<\/p>\n<p>Contrahusillo:<\/p>\n<p>Di\u00e1metro m\u00e1x. de giro: 20 mm (opcional 23 mm)<\/p>\n<p>Potencia motriz: 2,2 kW<\/p>\n<p>Velocidad m\u00e1x.: 8.000 rpm, incluido el eje C<\/p>\n<p>4 unidades de perforaci\u00f3n frontal<\/p>\n<p>Unidad de taladrado de 4 husillos<\/p>\n<p>Dispositivo de soplado para contrahusillo<\/p>\n<p>Protecci\u00f3n contra rotura de la herramienta de tronzado<\/p>\n<p>Hachas y viajes:<\/p>\n<p>Avance r\u00e1pido para todos los ejes: 35 m\/min<\/p>\n<p>Sistema de refrigeraci\u00f3n:<\/p>\n<p>Capacidad del dep\u00f3sito: 170 litros<\/p>\n<p>Alimentador de barras: FMB Turbo 3-26 \/ 3200 \/ A \/ A\u00f1o 2007<\/p>\n<p>Sistema de alta presi\u00f3n: SFB B\u00fcchele con dep\u00f3sito y filtro, 65 bar<\/p>\n<p>Ver: La m\u00e1quina se puede inspeccionar bajo tensi\u00f3n con cita previa.<\/p>\n<p>Nota: Los datos t\u00e9cnicos y las especificaciones est\u00e1n sujetos a cambios y errores; reservada la venta previa.<\/p>","protected":false},"excerpt":{"rendered":"<p>Standort: Deutschland, Baden-W\u00fcrttemberg S\u00fcdwest Zustand: Gebraucht Hersteller: STAR Micronics Modell: SR-20R III Typ 680 Baujahr: 2007 Betriebsstunden: 54727 STAR SR 20RIII, Bj.2007_03 Typ 680 (Swiss-Type) CNC-Steuerung FANUC Cutting Time: 45000 HAUPTSPINDEL max.Bearbeitungsdurchmesser 20 mm (23 mm optional) max. Spindelstockhub 205 mm Antriebsleistung 3,7 kW max. Drehzahl 10.000 1\/min, inkl. C-Achse Drehwerkzeuge 6 St\u00fcck ( 12 [&hellip;]<\/p>\n","protected":false},"featured_media":5081,"comment_status":"open","ping_status":"closed","template":"","meta":{"_uf_show_specific_survey":0,"_uf_disable_surveys":false},"product_brand":[],"product_cat":[23],"product_tag":[],"class_list":{"0":"post-5088","1":"product","2":"type-product","3":"status-publish","4":"has-post-thumbnail","6":"product_cat-cnc-langdrehmaschinen","8":"first","9":"instock","10":"taxable","11":"shipping-taxable","12":"product-type-simple"},"aioseo_notices":[],"_links":{"self":[{"href":"https:\/\/mueller-wrh.de\/es\/wp-json\/wp\/v2\/product\/5088","targetHints":{"allow":["GET"]}}],"collection":[{"href":"https:\/\/mueller-wrh.de\/es\/wp-json\/wp\/v2\/product"}],"about":[{"href":"https:\/\/mueller-wrh.de\/es\/wp-json\/wp\/v2\/types\/product"}],"replies":[{"embeddable":true,"href":"https:\/\/mueller-wrh.de\/es\/wp-json\/wp\/v2\/comments?post=5088"}],"wp:featuredmedia":[{"embeddable":true,"href":"https:\/\/mueller-wrh.de\/es\/wp-json\/wp\/v2\/media\/5081"}],"wp:attachment":[{"href":"https:\/\/mueller-wrh.de\/es\/wp-json\/wp\/v2\/media?parent=5088"}],"wp:term":[{"taxonomy":"product_brand","embeddable":true,"href":"https:\/\/mueller-wrh.de\/es\/wp-json\/wp\/v2\/product_brand?post=5088"},{"taxonomy":"product_cat","embeddable":true,"href":"https:\/\/mueller-wrh.de\/es\/wp-json\/wp\/v2\/product_cat?post=5088"},{"taxonomy":"product_tag","embeddable":true,"href":"https:\/\/mueller-wrh.de\/es\/wp-json\/wp\/v2\/product_tag?post=5088"}],"curies":[{"name":"wp","href":"https:\/\/api.w.org\/{rel}","templated":true}]}}