{"id":5073,"date":"2026-03-19T12:42:51","date_gmt":"2026-03-19T12:42:51","guid":{"rendered":"https:\/\/mueller-wrh.de\/produkt\/star-sr32-j-bj-2006_11_-intnr231523\/"},"modified":"2026-03-19T12:43:55","modified_gmt":"2026-03-19T12:43:55","slug":"star-sr32-j-bj-2006_11_-intnr231523","status":"publish","type":"product","link":"https:\/\/mueller-wrh.de\/es\/producto\/star-sr32-j-bj-2006_11_-intnr231523\/","title":{"rendered":"STAR SR32-J, a\u00f1o 2006_11_ IntNo231523"},"content":{"rendered":"<p><b>Ubicaci\u00f3n:<\/b> Alemania, Baden-W\u00fcrttemberg Suroeste<\/p>\n<p><b>Estado:<\/b> Usado<\/p>\n<p><b>Fabricante:<\/b> STAR Micronics<\/p>\n<p><b>Modelo:<\/b> SR32-J<\/p>\n<p><b>A\u00f1o de construcci\u00f3n:<\/b> 2006<\/p>\n<p><b>Horario de apertura:<\/b> 58957<\/p>\n<p>Torno CNC de cabezal m\u00f3vil STAR SR-32J (tipo suizo)<br \/>\nA\u00f1o de construcci\u00f3n: 2006<br \/>\nSistema de control: FANUC<br \/>\nTiempo de corte:43000<br \/>\nDatos t\u00e9cnicos<br \/>\nM\u00e1x. Di\u00e1metro de giro: \u00d8 32 mm<br \/>\nLongitud efectiva de giro: aprox. 80-310 mm (seg\u00fan equipamiento y casquillo gu\u00eda)<br \/>\nEje principal:<br \/>\n- Velocidad m\u00e1x. Velocidad: 7.000 min-\u00b9<br \/>\n- Potencia motriz: 7,5 kW<br \/>\n- Carrera del cabezal: 310 mm<br \/>\n- Eje C para el mecanizado de contornos<br \/>\n- Herramientas motorizadas y unidades de taladrado\/fresado integradas<br \/>\nContrahusillo:<br \/>\n- M\u00e1x. Di\u00e1metro de giro: \u00d8 32 mm<br \/>\n- Velocidad m\u00e1x. Velocidad: 7.000 min-\u00b9<br \/>\n- Potencia motriz: 3,7 kW<br \/>\n- Eje C<br \/>\n- Unidades de perforaci\u00f3n\/fresado<br \/>\n- Dispositivo de soplado<br \/>\n- Protecci\u00f3n contra la rotura del acero de corte<br \/>\nEjes \/ recorridos:<br \/>\n- X1 \/ Z1 \/ Y1 (mecanizado principal): aprox. X1 310 mm \/ Z1 310 mm \/ Y1 \u00b1 25 mm<br \/>\n- Avance r\u00e1pido: aprox. 24 m\/min<br \/>\nDimensiones de la m\u00e1quina: 2.711 \u00d7 1.275 \u00d7 1.705 mm<br \/>\nPeso de la m\u00e1quina: aprox. 3,100 kg<br \/>\nAlimentador de barras: FMB Turbo 3-32 \/ 3200 \/ A<br \/>\n- Capacidad de la varilla: \u00d8 3-32 mm<br \/>\n- A\u00f1o de construcci\u00f3n: 2006<br \/>\n- Dimensiones: aprox. 4.800 \u00d7 1.200 \u00d7 1.900 mm<br \/>\n- Peso: 800 kg aprox.<br \/>\nSistema de alta presi\u00f3n: SFB B\u00fcchele con dep\u00f3sito y filtro \/ 80 bar<br \/>\nManuales \/ documentos de funcionamiento<br \/>\nVisita: La m\u00e1quina se puede ver in situ con cita previa.<br \/>\nNota: \u00a1Sujeto a cambios y errores en los datos t\u00e9cnicos, as\u00ed como a la venta previa!<\/p>\n<p>Torno largo CNC STAR SR-32J (Tipo Suizo)<br \/>\nA\u00f1o de fabricaci\u00f3n: 2006<br \/>\nSistema de control: FANUC<br \/>\nTiempo de corte: 43.000 horas<\/p>\n<p>Especificaciones t\u00e9cnicas<\/p>\n<p>Di\u00e1metro m\u00e1x. de giro \u00d8 32 mm<br \/>\nLongitud de giro utilizable: aprox. 80-310 mm (seg\u00fan equipamiento y casquillo gu\u00eda)<\/p>\n<p>Eje principal:<\/p>\n<p>Velocidad m\u00e1xima: 7.000 rpm<\/p>\n<p>Potencia motriz: 7,5 kW<\/p>\n<p>Recorrido de la culata del husillo: 310 mm<\/p>\n<p>Eje C para el mecanizado de contornos<\/p>\n<p>Herramientas motorizadas y unidades de taladrado\/fresado integradas<\/p>\n<p>Contrahusillo:<\/p>\n<p>Di\u00e1metro m\u00e1x. de giro \u00d8 32 mm<\/p>\n<p>Velocidad m\u00e1xima: 7.000 rpm<\/p>\n<p>Potencia motriz: 3,7 kW<\/p>\n<p>Eje C<\/p>\n<p>Unidades de perforaci\u00f3n\/fresado<\/p>\n<p>Dispositivo de soplado<\/p>\n<p>Protecci\u00f3n contra rotura de la herramienta de tronzado<\/p>\n<p>Ejes \/ Rangos de recorrido:<\/p>\n<p>X1 \/ Z1 \/ Y1 (mecanizado principal): aprox. X1 310 mm \/ Z1 310 mm \/ Y1 \u00b1 25 mm<\/p>\n<p>Avance r\u00e1pido: aprox. 24 m\/min<\/p>\n<p>Dimensiones de la m\u00e1quina: 2.711 \u00d7 1.275 \u00d7 1.705 mm<br \/>\nPeso de la m\u00e1quina: aprox. 3,100 kg<\/p>\n<p>Alimentador de barras: FMB Turbo 3-32 \/ 3200 \/ A<\/p>\n<p>Di\u00e1metro de la barra: \u00d8 3-32 mm<\/p>\n<p>A\u00f1o de fabricaci\u00f3n: 2006<\/p>\n<p>Dimensiones: aprox. 4.800 \u00d7 1.200 \u00d7 1.900 mm<\/p>\n<p>Peso: aprox. 800 kg<\/p>\n<p>Sistema de alta presi\u00f3n: SFB B\u00fcchele con dep\u00f3sito y filtro \/ 80 bar<\/p>\n<p>Manuales \/ Documentaci\u00f3n: Incluidos<\/p>\n<p>Visita: La m\u00e1quina se puede inspeccionar in situ con cita previa.<\/p>\n<p>Nota: Los datos t\u00e9cnicos y las especificaciones est\u00e1n sujetos a cambios y errores; reservada la venta previa.<\/p>","protected":false},"excerpt":{"rendered":"<p>Standort: Deutschland, Baden-W\u00fcrttemberg S\u00fcdwest Zustand: Gebraucht Hersteller: STAR Micronics Modell: SR32-J Baujahr: 2006 Betriebsstunden: 58957 CNC-Langdrehmaschine STAR SR-32J (Swiss-Type) Baujahr: 2006 Steuerung: FANUC Cutting Time:43000 Technische Daten Max. Drehdurchmesser: \u00d8 32 mm Nutzzdrehl\u00e4nge: ca. 80\u2013310 mm (abh\u00e4ngig von Ausstattung und F\u00fchrungsbuchse) Hauptspindel: \u2022 Max. Drehzahl: 7.000 min\u207b\u00b9 \u2022 Antriebsleistung: 7,5 kW \u2022 Spindelstockhub: 310 mm [&hellip;]<\/p>\n","protected":false},"featured_media":5074,"comment_status":"open","ping_status":"closed","template":"","meta":{"_uf_show_specific_survey":0,"_uf_disable_surveys":false},"product_brand":[],"product_cat":[23],"product_tag":[],"class_list":{"0":"post-5073","1":"product","2":"type-product","3":"status-publish","4":"has-post-thumbnail","6":"product_cat-cnc-langdrehmaschinen","8":"first","9":"instock","10":"taxable","11":"shipping-taxable","12":"product-type-simple"},"aioseo_notices":[],"_links":{"self":[{"href":"https:\/\/mueller-wrh.de\/es\/wp-json\/wp\/v2\/product\/5073","targetHints":{"allow":["GET"]}}],"collection":[{"href":"https:\/\/mueller-wrh.de\/es\/wp-json\/wp\/v2\/product"}],"about":[{"href":"https:\/\/mueller-wrh.de\/es\/wp-json\/wp\/v2\/types\/product"}],"replies":[{"embeddable":true,"href":"https:\/\/mueller-wrh.de\/es\/wp-json\/wp\/v2\/comments?post=5073"}],"wp:featuredmedia":[{"embeddable":true,"href":"https:\/\/mueller-wrh.de\/es\/wp-json\/wp\/v2\/media\/5074"}],"wp:attachment":[{"href":"https:\/\/mueller-wrh.de\/es\/wp-json\/wp\/v2\/media?parent=5073"}],"wp:term":[{"taxonomy":"product_brand","embeddable":true,"href":"https:\/\/mueller-wrh.de\/es\/wp-json\/wp\/v2\/product_brand?post=5073"},{"taxonomy":"product_cat","embeddable":true,"href":"https:\/\/mueller-wrh.de\/es\/wp-json\/wp\/v2\/product_cat?post=5073"},{"taxonomy":"product_tag","embeddable":true,"href":"https:\/\/mueller-wrh.de\/es\/wp-json\/wp\/v2\/product_tag?post=5073"}],"curies":[{"name":"wp","href":"https:\/\/api.w.org\/{rel}","templated":true}]}}