{"id":5059,"date":"2026-03-19T12:27:51","date_gmt":"2026-03-19T12:27:51","guid":{"rendered":"https:\/\/mueller-wrh.de\/produkt\/star-sv-20_bj-2001-typ-420_intnr231506\/"},"modified":"2026-03-19T12:27:52","modified_gmt":"2026-03-19T12:27:52","slug":"star-sv-20_bj-2001-typ-420_intnr231506","status":"publish","type":"product","link":"https:\/\/mueller-wrh.de\/es\/producto\/star-sv-20_bj-2001-typ-420_intnr231506\/","title":{"rendered":"Star SV-20_A\u00f1o 2001 Tipo 420_IntNo231506"},"content":{"rendered":"<p><b>Ubicaci\u00f3n:<\/b> Alemania, Baden-W\u00fcrttemberg Suroeste<\/p>\n<p><b>Estado:<\/b> Usado<\/p>\n<p><b>Fabricante:<\/b> STAR Micronics<\/p>\n<p><b>Modelo:<\/b> SV-20 Tipo 420<\/p>\n<p><b>A\u00f1o de construcci\u00f3n:<\/b> 2001<\/p>\n<p><b>Horario de apertura:<\/b> 69228<\/p>\n<p>Tipo de m\u00e1quina Torno autom\u00e1tico CNC de cabezal m\u00f3vil<br \/>\nFabricante STAR<br \/>\nModelo SV-20<br \/>\nA\u00f1o de construcci\u00f3n 2001<br \/>\nEstado muy bueno (usado)<br \/>\nM\u00e1quina muy bien mantenida directamente por el usuario<br \/>\nLa m\u00e1quina s\u00f3lo ha funcionado con aceite<br \/>\nHoras de funcionamiento en torno a 69500<br \/>\nSistema de control FANUC 16i-T con 9 ejes<br \/>\n9 ejes (X \/ C1 \/ Y \/ E \/ B \/ A \/ X \/ C2)<br \/>\nVarilla \u00d8 m\u00e1x. 20 mm<br \/>\nLongitud de giro m\u00e1x. 205 mm \/ 195 mm<br \/>\nHusillo principal, velocidad m\u00e1x. 10.000 rpm, eje C<br \/>\nContrahusillo con pinza de sujeci\u00f3n, velocidad m\u00e1x. 10.000 rpm, eje C<br \/>\nPortaherramientas cu\u00e1druple<br \/>\n3 Unidades de perforaci\u00f3n transversal<br \/>\nRev\u00f3lver con 8 estaciones<br \/>\nCinta transportadora de piezas<\/p>\n<p>L\u00edquido refrigerante utilizado por la m\u00e1quina: Aceite <\/p>\n<p>Cargador FMB Turbo 3-26 \/3200\/A \/ de \u00d83- \u00d826 mm  <\/p>\n<p>La m\u00e1quina puede inspeccionarse con cita previa.<br \/>\n\u00a1Cambios y errores en los datos t\u00e9cnicos y la informaci\u00f3n, as\u00ed como la venta previa reservados!<\/p>\n<p>Tipo de m\u00e1quina Torno autom\u00e1tico CNC de cabezal m\u00f3vil<br \/>\nFabricante STAR<br \/>\nModelo SV-20<br \/>\na\u00f1o de construcci\u00f3n 2001<br \/>\nEstado muy bueno (usado)<br \/>\nM\u00e1quina muy bien mantenida directamente del usuario<br \/>\nLa m\u00e1quina s\u00f3lo ha funcionado con aceite<br \/>\nHoras de funcionamiento en torno a 69500<br \/>\nControl FANUC 16i-T con 9 ejes<br \/>\n9 ejes (X \/ C1 \/ Y \/ E \/ B \/ A \/ X \/ C2)<br \/>\nBarra \u00d8 m\u00e1x. 20 mm<br \/>\nLongitud de giro m\u00e1x. 205 mm \/ 195mm<br \/>\nHusillo principal, velocidad m\u00e1x. 10.000 rpm, eje C<br \/>\nContrahusillo con pinza de sujeci\u00f3n, velocidad m\u00e1x. 10.000 rpm, eje C<br \/>\nPortaherramientas cu\u00e1druple<br \/>\n3 unidades de perforaci\u00f3n transversal<br \/>\nTorreta con 8 estaciones<br \/>\nVarios portaherramientas adicionales, plumas<br \/>\ncinta transportadora de piezas<\/p>\n<p>Refrigerante de la m\u00e1quina: aceite <\/p>\n<p>Cargador FMB Turbo 3-26 \/3200\/A \/ de \u00d83- \u00d826 mm <\/p>\n<p>La m\u00e1quina puede inspeccionarse con cita previa.<br \/>\n\u00a1Cambios y errores en los datos t\u00e9cnicos y la informaci\u00f3n, as\u00ed como la venta previa reservados!<\/p>","protected":false},"excerpt":{"rendered":"<p>Standort: Deutschland, Baden-W\u00fcrttemberg S\u00fcdwest Zustand: Gebraucht Hersteller: STAR Micronics Modell: SV-20 Typ 420 Baujahr: 2001 Betriebsstunden: 69228 Maschinentyp CNC-Langdrehautomat Hersteller STAR Modell SV-20 Baujahr 2001 Zustand sehr gut (gebraucht) Sehr gepflegte Maschine direkt vom Anwender Maschine ist nur mit \u00d6l gelaufen Betriebsstunden um die 69500 FANUC 16i-T Steuerung mit 9 Achsen 9 Achsen (X \/ [&hellip;]<\/p>\n","protected":false},"featured_media":5054,"comment_status":"open","ping_status":"closed","template":"","meta":{"_uf_show_specific_survey":0,"_uf_disable_surveys":false},"product_brand":[],"product_cat":[23],"product_tag":[],"class_list":{"0":"post-5059","1":"product","2":"type-product","3":"status-publish","4":"has-post-thumbnail","6":"product_cat-cnc-langdrehmaschinen","8":"first","9":"instock","10":"taxable","11":"shipping-taxable","12":"product-type-simple"},"aioseo_notices":[],"_links":{"self":[{"href":"https:\/\/mueller-wrh.de\/es\/wp-json\/wp\/v2\/product\/5059","targetHints":{"allow":["GET"]}}],"collection":[{"href":"https:\/\/mueller-wrh.de\/es\/wp-json\/wp\/v2\/product"}],"about":[{"href":"https:\/\/mueller-wrh.de\/es\/wp-json\/wp\/v2\/types\/product"}],"replies":[{"embeddable":true,"href":"https:\/\/mueller-wrh.de\/es\/wp-json\/wp\/v2\/comments?post=5059"}],"wp:featuredmedia":[{"embeddable":true,"href":"https:\/\/mueller-wrh.de\/es\/wp-json\/wp\/v2\/media\/5054"}],"wp:attachment":[{"href":"https:\/\/mueller-wrh.de\/es\/wp-json\/wp\/v2\/media?parent=5059"}],"wp:term":[{"taxonomy":"product_brand","embeddable":true,"href":"https:\/\/mueller-wrh.de\/es\/wp-json\/wp\/v2\/product_brand?post=5059"},{"taxonomy":"product_cat","embeddable":true,"href":"https:\/\/mueller-wrh.de\/es\/wp-json\/wp\/v2\/product_cat?post=5059"},{"taxonomy":"product_tag","embeddable":true,"href":"https:\/\/mueller-wrh.de\/es\/wp-json\/wp\/v2\/product_tag?post=5059"}],"curies":[{"name":"wp","href":"https:\/\/api.w.org\/{rel}","templated":true}]}}