{"id":4983,"date":"2026-03-13T11:16:37","date_gmt":"2026-03-13T11:16:37","guid":{"rendered":"https:\/\/mueller-wrh.de\/produkt\/hermle-c40u-bj-2003_intnr231507\/"},"modified":"2026-03-13T11:16:37","modified_gmt":"2026-03-13T11:16:37","slug":"hermle-c40u-bj-2003_intnr231507","status":"publish","type":"product","link":"https:\/\/mueller-wrh.de\/es\/producto\/hermle-c40u-bj-2003_intnr231507\/","title":{"rendered":"Hermle C40U, a\u00f1o 2003_IntNr231507"},"content":{"rendered":"<p><b>Ubicaci\u00f3n:<\/b> Alemania, Baden-W\u00fcrttemberg Suroeste<\/p>\n<p><b>Estado:<\/b> Usado<\/p>\n<p><b>Fabricante:<\/b> Hermle<\/p>\n<p><b>Modelo:<\/b> C 40 U<\/p>\n<p><b>A\u00f1o de construcci\u00f3n:<\/b> 2003<\/p>\n<p>Centro de mecanizado universal de 5 ejes Hermle tipo: C 40 U<br \/>\nA\u00f1o de construcci\u00f3n: 2003<br \/>\nControl: Heidenhain iTNC 530<br \/>\nDistancias de viaje:<br \/>\nEje X: 850 mm<br \/>\nEje Y: 700 mm<br \/>\nEje Z: 500 mm<br \/>\nMesa giratoria basculante CN:<br \/>\nDi\u00e1metro: \u00d8 800 mm<br \/>\nMargen de giro eje A: +25\u00b0 \/ -110\u00b0.<br \/>\nRango de rotaci\u00f3n del eje C: 360<br \/>\nPeso de la m\u00e1quina aprox. 10,5 toneladas<\/p>\n<p>Accesorios:<br \/>\ndocumentaci\u00f3n completa<br \/>\nDispositivo de refrigeraci\u00f3n<br \/>\nUnidad hidr\u00e1ulica<br \/>\nMesa giratoria basculante CN<br \/>\nvolante el\u00e9ctrico<br \/>\nSonda de medici\u00f3n Renishaw<\/p>\n<p>La m\u00e1quina puede inspeccionarse con cita previa.<br \/>\n\u00a1Cambios y errores en los datos t\u00e9cnicos y la informaci\u00f3n, as\u00ed como la venta previa reservados!<\/p>\n<p>Centro de mecanizado universal de 5 ejes Hermle Tipo: C 40 U<br \/>\nA\u00f1o de fabricaci\u00f3n: 2003<br \/>\nControl: Heidenhain iTNC 530<br \/>\nDistancias de viaje:<br \/>\nEje X: 850 mm<br \/>\nEje Y: 700 mm<br \/>\nEje Z: 500 mm<br \/>\nMesa giratoria basculante CN:<br \/>\nDi\u00e1metro: \u00d8 800 mm<br \/>\nMargen de giro eje A: +25\u00b0 \/ -110\u00b0.<br \/>\nRango de rotaci\u00f3n eje C: 360\u00b0.<br \/>\nPeso de la m\u00e1quina aprox. 10,5 toneladas<\/p>\n<p>Accesorios:<br \/>\nDocumentaci\u00f3n completa<br \/>\nSistema de refrigeraci\u00f3n<br \/>\nUnidad hidr\u00e1ulica<br \/>\nMesa giratoria basculante CN<br \/>\nVolante el\u00e9ctrico<br \/>\nSonda de medici\u00f3n Renishaw<\/p>\n<p>La m\u00e1quina puede visitarse con cita previa.<br \/>\n\u00a1Sujeto a cambios y errores en los datos t\u00e9cnicos y especificaciones, as\u00ed como a la venta previa!<\/p>","protected":false},"excerpt":{"rendered":"<p>Standort: Deutschland, Baden-W\u00fcrttemberg S\u00fcdwest Zustand: Gebraucht Hersteller: Hermle Modell: C 40 U Baujahr: 2003 5-Achsen-Universal-Bearbeitungszentrum Hermle Typ: C 40 U Baujahr: 2003 Steuerung: Heidenhain iTNC 530 Verfahrwege: X-Achse: 850 mm Y-Achse: 700 mm Z-Achse: 500 mm NC-Schwenkrundtisch: Durchmesser: \u00d8 800 mm Schwenkbereich A-Achse: +25\u00b0 \/ -110\u00b0 Drehbereich C-Achse: 360\u00b0 Maschinengewicht ca. 10,5 t Zubeh\u00f6r: kompl. [&hellip;]<\/p>\n","protected":false},"featured_media":4979,"comment_status":"open","ping_status":"closed","template":"","meta":{"_uf_show_specific_survey":0,"_uf_disable_surveys":false},"product_brand":[],"product_cat":[21],"product_tag":[],"class_list":{"0":"post-4983","1":"product","2":"type-product","3":"status-publish","4":"has-post-thumbnail","6":"product_cat-cnc-bearbeitungszentrum","8":"first","9":"instock","10":"taxable","11":"shipping-taxable","12":"product-type-simple"},"aioseo_notices":[],"_links":{"self":[{"href":"https:\/\/mueller-wrh.de\/es\/wp-json\/wp\/v2\/product\/4983","targetHints":{"allow":["GET"]}}],"collection":[{"href":"https:\/\/mueller-wrh.de\/es\/wp-json\/wp\/v2\/product"}],"about":[{"href":"https:\/\/mueller-wrh.de\/es\/wp-json\/wp\/v2\/types\/product"}],"replies":[{"embeddable":true,"href":"https:\/\/mueller-wrh.de\/es\/wp-json\/wp\/v2\/comments?post=4983"}],"wp:featuredmedia":[{"embeddable":true,"href":"https:\/\/mueller-wrh.de\/es\/wp-json\/wp\/v2\/media\/4979"}],"wp:attachment":[{"href":"https:\/\/mueller-wrh.de\/es\/wp-json\/wp\/v2\/media?parent=4983"}],"wp:term":[{"taxonomy":"product_brand","embeddable":true,"href":"https:\/\/mueller-wrh.de\/es\/wp-json\/wp\/v2\/product_brand?post=4983"},{"taxonomy":"product_cat","embeddable":true,"href":"https:\/\/mueller-wrh.de\/es\/wp-json\/wp\/v2\/product_cat?post=4983"},{"taxonomy":"product_tag","embeddable":true,"href":"https:\/\/mueller-wrh.de\/es\/wp-json\/wp\/v2\/product_tag?post=4983"}],"curies":[{"name":"wp","href":"https:\/\/api.w.org\/{rel}","templated":true}]}}