{"id":4978,"date":"2026-03-13T11:04:59","date_gmt":"2026-03-13T11:04:59","guid":{"rendered":"https:\/\/mueller-wrh.de\/produkt\/cnc-lns-hydrobar-6-42-hs-4-4-bj-89-intnr231499\/"},"modified":"2026-03-13T11:04:59","modified_gmt":"2026-03-13T11:04:59","slug":"cnc-lns-hydrobar-6-42-hs-4-4-bj-89-intnr231499","status":"publish","type":"product","link":"https:\/\/mueller-wrh.de\/es\/producto\/cnc-lns-hydrobar-6-42-hs-4-4-bj-89-intnr231499\/","title":{"rendered":"CNC LNS Hydrobar 6.42 HS-4.4 A\u00f1o '89 IntNo231499"},"content":{"rendered":"<p><b>Ubicaci\u00f3n:<\/b> Alemania, Baden-W\u00fcrttemberg Suroeste<\/p>\n<p><b>Estado:<\/b> Usado<\/p>\n<p><b>Fabricante:<\/b> LNS<\/p>\n<p><b>Modelo:<\/b> 6,42 HS-4,4<\/p>\n<p><b>A\u00f1o de construcci\u00f3n:<\/b> 1989<\/p>\n<p>Se vende un alimentador de barras de alto rendimiento y eficacia probada<br \/>\nLNS, tipo Hydrobar 6.42 HS-4.4. <\/p>\n<p>Datos t\u00e9cnicos<\/p>\n<p>Fabricante LNS (Suiza)<br \/>\nModelo Hydrobar 6.42 HS-4.4<br \/>\nA\u00f1o de construcci\u00f3n 1989<br \/>\nRango de trabajo (di\u00e1metro) \u00d8 6 mm a \u00d8 42 mm<br \/>\nMax. Longitud de varilla 4.000 mm (tipo 4.4)<br \/>\nPrincipio de gu\u00eda hidrob\u00e1rica (ba\u00f1o completo de aceite)<br \/>\nAccionamiento hidr\u00e1ulico de alimentaci\u00f3n<br \/>\nCapacidad de aceite aprox. 150 - 170 litros (HLP 46 o similar)<br \/>\nLongitud total del cargador aprox. 4.850 mm<br \/>\nPeso (vac\u00edo) aprox. 650 kg<\/p>\n<p>La m\u00e1quina puede inspeccionarse bajo tensi\u00f3n previa cita.<br \/>\n\u00a1Cambios y errores en los datos t\u00e9cnicos y la informaci\u00f3n, as\u00ed como la venta previa reservados!<\/p>\n<p>Un cargador de barras de alto rendimiento y eficacia probada<br \/>\nSe vende LNS, modelo Hydrobar 6.42 HS-4.4. <\/p>\n<p>Especificaciones t\u00e9cnicas<\/p>\n<p>Fabricante LNS (Suiza)<br \/>\nModelo Hydrobar 6.42 HS-4.4<br \/>\nA\u00f1o de fabricaci\u00f3n 1989<br \/>\nRango de trabajo (di\u00e1metro) \u00d8 6 mm a \u00d8 42 mm<br \/>\nLongitud m\u00e1x. de barra 4.000 mm (Tipo 4.4)<br \/>\nPrincipio de gu\u00eda Hidrob\u00e1rica (ba\u00f1o completo de aceite)<br \/>\nAccionamiento de avance Hidr\u00e1ulico<br \/>\nCapacidad de aceite aprox. 150-170 litros (HLP 46 o equivalente)<br \/>\nLongitud total del cargador aprox. 4.850 mm<br \/>\nPeso (vac\u00edo) aprox. 650 kg<\/p>\n<p>La m\u00e1quina puede verse en funcionamiento previa cita.<br \/>\n\u00a1Sujeto a cambios y errores en los datos t\u00e9cnicos y especificaciones, as\u00ed como a la venta previa!<\/p>","protected":false},"excerpt":{"rendered":"<p>Standort: Deutschland, Baden-W\u00fcrttemberg S\u00fcdwest Zustand: Gebraucht Hersteller: LNS Modell: 6.42 HS-4.4 Baujahr: 1989 Zum Verkauf steht ein bew\u00e4hrtes Hochleistungs-Stangenlademagazin LNS, Typ Hydrobar 6.42 HS-4.4. Technische Daten Hersteller LNS (Schweiz) Modell Hydrobar 6.42 HS-4.4 Baujahr 1989 Arbeitsbereich (Durchmesser) \u00d8 6 mm bis \u00d8 42 mm Max. Stangenl\u00e4nge 4.000 mm (Typ 4.4) F\u00fchrungsprinzip Hydrobarisch (vollst\u00e4ndiges \u00d6lbad) Vorschubantrieb [&hellip;]<\/p>\n","protected":false},"featured_media":4973,"comment_status":"open","ping_status":"closed","template":"","meta":{"_uf_show_specific_survey":0,"_uf_disable_surveys":false},"product_brand":[],"product_cat":[88],"product_tag":[],"class_list":{"0":"post-4978","1":"product","2":"type-product","3":"status-publish","4":"has-post-thumbnail","6":"product_cat-stangenzufuehrungen","8":"first","9":"instock","10":"taxable","11":"shipping-taxable","12":"product-type-simple"},"aioseo_notices":[],"_links":{"self":[{"href":"https:\/\/mueller-wrh.de\/es\/wp-json\/wp\/v2\/product\/4978","targetHints":{"allow":["GET"]}}],"collection":[{"href":"https:\/\/mueller-wrh.de\/es\/wp-json\/wp\/v2\/product"}],"about":[{"href":"https:\/\/mueller-wrh.de\/es\/wp-json\/wp\/v2\/types\/product"}],"replies":[{"embeddable":true,"href":"https:\/\/mueller-wrh.de\/es\/wp-json\/wp\/v2\/comments?post=4978"}],"wp:featuredmedia":[{"embeddable":true,"href":"https:\/\/mueller-wrh.de\/es\/wp-json\/wp\/v2\/media\/4973"}],"wp:attachment":[{"href":"https:\/\/mueller-wrh.de\/es\/wp-json\/wp\/v2\/media?parent=4978"}],"wp:term":[{"taxonomy":"product_brand","embeddable":true,"href":"https:\/\/mueller-wrh.de\/es\/wp-json\/wp\/v2\/product_brand?post=4978"},{"taxonomy":"product_cat","embeddable":true,"href":"https:\/\/mueller-wrh.de\/es\/wp-json\/wp\/v2\/product_cat?post=4978"},{"taxonomy":"product_tag","embeddable":true,"href":"https:\/\/mueller-wrh.de\/es\/wp-json\/wp\/v2\/product_tag?post=4978"}],"curies":[{"name":"wp","href":"https:\/\/api.w.org\/{rel}","templated":true}]}}