{"id":4972,"date":"2026-03-13T10:56:47","date_gmt":"2026-03-13T10:56:47","guid":{"rendered":"https:\/\/mueller-wrh.de\/produkt\/cnc-lns-hydrobar-6-42-hs-4-6-bj-2011-intnr2314500\/"},"modified":"2026-03-13T10:56:47","modified_gmt":"2026-03-13T10:56:47","slug":"cnc-lns-hydrobar-6-42-hs-4-6-bj-2011-intnr2314500","status":"publish","type":"product","link":"https:\/\/mueller-wrh.de\/es\/producto\/cnc-lns-hydrobar-6-42-hs-4-6-bj-2011-intnr2314500\/","title":{"rendered":"CNC LNS Hydrobar 6.42 HS -4.6 A\u00f1o 2011 IntNr2314500"},"content":{"rendered":"<p><b>Ubicaci\u00f3n:<\/b> Alemania, Baden-W\u00fcrttemberg Suroeste<\/p>\n<p><b>Estado:<\/b> Usado<\/p>\n<p><b>Fabricante:<\/b> HAAS<\/p>\n<p><b>Modelo:<\/b> 6,42 HS-4,6<\/p>\n<p><b>A\u00f1o de construcci\u00f3n:<\/b> 2009<\/p>\n<p>Se vende un alimentador de barras de alto rendimiento y eficacia probada<br \/>\nLNS, tipo Hydrobar 6.42 HS-4.6. <\/p>\n<p>Datos t\u00e9cnicos<\/p>\n<p>Fabricante LNS (Suiza)<br \/>\nModelo Hydrobar 6.42 HS-4.6<br \/>\nA\u00f1o de construcci\u00f3n 2011<br \/>\nRango de trabajo (di\u00e1metro) \u00d8 6 mm a \u00d8 42 mm<br \/>\nMax. Longitud de barra 3.000 mm<br \/>\nPrincipio de gu\u00eda hidrob\u00e1rica (ba\u00f1o completo de aceite)<br \/>\nAccionamiento hidr\u00e1ulico de alimentaci\u00f3n<br \/>\nCapacidad de aceite aprox. 150 - 170 litros (HLP 46 o similar)<br \/>\nLongitud total del cargador aprox. 4.850 mm<br \/>\nPeso (vac\u00edo) aprox. 650 kg<\/p>\n<p>La m\u00e1quina puede inspeccionarse bajo tensi\u00f3n previa cita.<br \/>\n\u00a1Cambios y errores en los datos t\u00e9cnicos y la informaci\u00f3n, as\u00ed como la venta previa reservados!<\/p>\n<p>Un cargador de barras de alto rendimiento y eficacia probada<br \/>\nSe vende LNS, modelo Hydrobar 6.42 HS-4.6. <\/p>\n<p>Especificaciones t\u00e9cnicas<\/p>\n<p>Fabricante LNS (Suiza)<br \/>\nModelo Hydrobar 6.42 HS-4.6<br \/>\nA\u00f1o de fabricaci\u00f3n 2011<br \/>\nRango de trabajo (di\u00e1metro) \u00d8 6 mm a \u00d8 42 mm<br \/>\nLongitud m\u00e1x. de barra 3.000 mm<br \/>\nPrincipio de gu\u00eda Hidrob\u00e1rica (ba\u00f1o completo de aceite)<br \/>\nAccionamiento de avance Hidr\u00e1ulico<br \/>\nCapacidad de aceite aprox. 150-170 litros (HLP 46 o equivalente)<br \/>\nLongitud total del cargador aprox. 4.850 mm<br \/>\nPeso (vac\u00edo) aprox. 650 kg<\/p>\n<p>La m\u00e1quina puede verse en funcionamiento previa cita.<br \/>\n\u00a1Sujeto a cambios y errores en los datos t\u00e9cnicos y especificaciones, as\u00ed como a la venta previa!<\/p>","protected":false},"excerpt":{"rendered":"<p>Standort: Deutschland, Baden-W\u00fcrttemberg S\u00fcdwest Zustand: Gebraucht Hersteller: HAAS Modell: 6.42 HS-4.6 Baujahr: 2009 Zum Verkauf steht ein bew\u00e4hrtes Hochleistungs-Stangenlademagazin LNS, Typ Hydrobar 6.42 HS-4.6. Technische Daten Hersteller LNS (Schweiz) Modell Hydrobar 6.42 HS-4.6 Baujahr 2011 Arbeitsbereich (Durchmesser) \u00d8 6 mm bis \u00d8 42 mm Max. Stangenl\u00e4nge 3.000 mm F\u00fchrungsprinzip Hydrobarisch (vollst\u00e4ndiges \u00d6lbad) Vorschubantrieb Hydraulisch \u00d6lf\u00fcllmenge [&hellip;]<\/p>\n","protected":false},"featured_media":4968,"comment_status":"open","ping_status":"closed","template":"","meta":{"_uf_show_specific_survey":0,"_uf_disable_surveys":false},"product_brand":[],"product_cat":[88],"product_tag":[],"class_list":{"0":"post-4972","1":"product","2":"type-product","3":"status-publish","4":"has-post-thumbnail","6":"product_cat-stangenzufuehrungen","8":"first","9":"instock","10":"taxable","11":"shipping-taxable","12":"product-type-simple"},"aioseo_notices":[],"_links":{"self":[{"href":"https:\/\/mueller-wrh.de\/es\/wp-json\/wp\/v2\/product\/4972","targetHints":{"allow":["GET"]}}],"collection":[{"href":"https:\/\/mueller-wrh.de\/es\/wp-json\/wp\/v2\/product"}],"about":[{"href":"https:\/\/mueller-wrh.de\/es\/wp-json\/wp\/v2\/types\/product"}],"replies":[{"embeddable":true,"href":"https:\/\/mueller-wrh.de\/es\/wp-json\/wp\/v2\/comments?post=4972"}],"wp:featuredmedia":[{"embeddable":true,"href":"https:\/\/mueller-wrh.de\/es\/wp-json\/wp\/v2\/media\/4968"}],"wp:attachment":[{"href":"https:\/\/mueller-wrh.de\/es\/wp-json\/wp\/v2\/media?parent=4972"}],"wp:term":[{"taxonomy":"product_brand","embeddable":true,"href":"https:\/\/mueller-wrh.de\/es\/wp-json\/wp\/v2\/product_brand?post=4972"},{"taxonomy":"product_cat","embeddable":true,"href":"https:\/\/mueller-wrh.de\/es\/wp-json\/wp\/v2\/product_cat?post=4972"},{"taxonomy":"product_tag","embeddable":true,"href":"https:\/\/mueller-wrh.de\/es\/wp-json\/wp\/v2\/product_tag?post=4972"}],"curies":[{"name":"wp","href":"https:\/\/api.w.org\/{rel}","templated":true}]}}