{"id":4959,"date":"2026-03-13T10:25:16","date_gmt":"2026-03-13T10:25:16","guid":{"rendered":"https:\/\/mueller-wrh.de\/produkt\/ergomat-tda-26-36-cnc-bj-97-mit-einzelstangenvorschub-intnr231498\/"},"modified":"2026-03-13T10:25:16","modified_gmt":"2026-03-13T10:25:16","slug":"ergomat-tda-26-36-cnc-bj-97-mit-einzelstangenvorschub-intnr231498","status":"publish","type":"product","link":"https:\/\/mueller-wrh.de\/es\/producto\/ergomat-tda-26-36-cnc-bj-97-mit-einzelstangenvorschub-intnr231498\/","title":{"rendered":"ERGOMAT TDA-26-36 CNC, a\u00f1o `97 con alimentador de varilla individual IntNr231498"},"content":{"rendered":"<p><b>Ubicaci\u00f3n:<\/b> Alemania, Baden-W\u00fcrttemberg Suroeste<\/p>\n<p><b>Estado:<\/b> Usado<\/p>\n<p><b>Modelo:<\/b> TDA 26-36 CNC<\/p>\n<p><b>A\u00f1o de construcci\u00f3n:<\/b> 1997<\/p>\n<p>Torno autom\u00e1tico CNC de alta velocidad (tornos de barra)<br \/>\nA\u00f1o de construcci\u00f3n: 1997<br \/>\nControl: similar a Fanuc<\/p>\n<p>Datos t\u00e9cnicos<\/p>\n<p>Di\u00e1metro m\u00e1x. del v\u00e1stago: 36 mm<br \/>\nPaso de varilla est\u00e1ndar: 26 mm<br \/>\nM\u00e1x. Longitud de giro: 100 mm<br \/>\nDi\u00e1metro oscilante sobre el carro longitudinal: 120 mm<\/p>\n<p>Eje principal<br \/>\nRango de revoluciones: 100 \u2013 6.300 rpm (regulable sin escalonamiento)<br \/>\nPotencia del husillo: 7,5 kW \/ 11 kW (continuo\/pico)<br \/>\nNariz de husillo: A2-5\u2033<br \/>\nEje C: Resoluci\u00f3n 0,001\u00b0.<br \/>\nN\u00famero de carros: 4 carros lineales (X\/Z) para mecanizado simult\u00e1neo<br \/>\nRevolver de 8 estaciones (VDI 20)<br \/>\nVelocidades de avance: 15 m\/min (eje X) \/ 20 m\/min (eje Z)<br \/>\nFuerza de avance: 2.500 N<\/p>\n<p>Alimentador de barras individuales: ERGOMAT, para longitudes de barra de hasta 3.000 mm.<\/p>\n<p>La m\u00e1quina puede inspeccionarse bajo tensi\u00f3n previa cita.<br \/>\n\u00a1Cambios y errores en los datos t\u00e9cnicos y la informaci\u00f3n, as\u00ed como la venta previa reservados!<\/p>\n<p>Torno autom\u00e1tico de alta velocidad CNC (torno para tiradas cortas)<br \/>\nA\u00f1o de fabricaci\u00f3n: 1997<br \/>\nSistema de control: similar a Fanuc<\/p>\n<p>Especificaciones t\u00e9cnicas<\/p>\n<p>Di\u00e1metro m\u00e1x. de barra: 36 mm<br \/>\nCapacidad est\u00e1ndar de barra: 26 mm<br \/>\nLongitud m\u00e1x. de giro: 100 mm<br \/>\nDi\u00e1metro de giro sobre el carro transversal: 120 mm<\/p>\n<p>Eje principal<br \/>\nRango de velocidad: 100 \u2013 6,300 rpm (continuamente variable)<br \/>\nPotencia del husillo: 7,5 kW \/ 11 kW (continuo\/pico)<br \/>\nNariz del husillo: A2-5\u2033<br \/>\nEje C: resoluci\u00f3n 0.001\u00b0<br \/>\nN\u00famero de correderas: 4 correderas lineales (X\/Z) para mecanizado simult\u00e1neo<br \/>\nTorreta de estrella de 8 estaciones (VDI 20)<br \/>\nVelocidades de avance r\u00e1pido: 15 m\/min (eje X) \/ 20 m\/min (eje Z)<br \/>\nFuerza de avance: 2.500 N<\/p>\n<p>Alimentador de barra \u00fanica: ERGOMAT, para longitudes de barra de hasta 3.000 mm.<\/p>\n<p>La m\u00e1quina puede verse en funcionamiento previa cita.<br \/>\n\u00a1Sujeto a cambios y errores en los datos t\u00e9cnicos y especificaciones, as\u00ed como a la venta previa!<\/p>","protected":false},"excerpt":{"rendered":"<p>Standort: Deutschland, Baden-W\u00fcrttemberg S\u00fcdwest Zustand: Gebraucht Modell: TDA 26-36 CNC Baujahr: 1997 Hochgeschwindigkeits-CNC-Drehautomat (Kurzdreher) Baujahr: 1997 Steuerung: \u00e4hnlich Fanuc Technische Daten Max. Stangendurchmesser: 36 mm Standard-Stangendurchlass: 26 mm Max. Drehl\u00e4nge: 100 mm Schwingdurchmesser \u00fcber Planschlitten: 120 mm Hauptspindel Drehzahlbereich: 100 \u2013 6.300 U\/min (stufenlos regelbar) Spindelleistung: 7,5 kW \/ 11 kW (Dauer\/Peak) Spindelnase: A2-5&#8243; C-Achse: [&hellip;]<\/p>\n","protected":false},"featured_media":4953,"comment_status":"open","ping_status":"closed","template":"","meta":{"_uf_show_specific_survey":0,"_uf_disable_surveys":false},"product_brand":[],"product_cat":[110],"product_tag":[],"class_list":{"0":"post-4959","1":"product","2":"type-product","3":"status-publish","4":"has-post-thumbnail","6":"product_cat-revolverdrehautomaten","8":"first","9":"instock","10":"taxable","11":"shipping-taxable","12":"product-type-simple"},"aioseo_notices":[],"_links":{"self":[{"href":"https:\/\/mueller-wrh.de\/es\/wp-json\/wp\/v2\/product\/4959","targetHints":{"allow":["GET"]}}],"collection":[{"href":"https:\/\/mueller-wrh.de\/es\/wp-json\/wp\/v2\/product"}],"about":[{"href":"https:\/\/mueller-wrh.de\/es\/wp-json\/wp\/v2\/types\/product"}],"replies":[{"embeddable":true,"href":"https:\/\/mueller-wrh.de\/es\/wp-json\/wp\/v2\/comments?post=4959"}],"wp:featuredmedia":[{"embeddable":true,"href":"https:\/\/mueller-wrh.de\/es\/wp-json\/wp\/v2\/media\/4953"}],"wp:attachment":[{"href":"https:\/\/mueller-wrh.de\/es\/wp-json\/wp\/v2\/media?parent=4959"}],"wp:term":[{"taxonomy":"product_brand","embeddable":true,"href":"https:\/\/mueller-wrh.de\/es\/wp-json\/wp\/v2\/product_brand?post=4959"},{"taxonomy":"product_cat","embeddable":true,"href":"https:\/\/mueller-wrh.de\/es\/wp-json\/wp\/v2\/product_cat?post=4959"},{"taxonomy":"product_tag","embeddable":true,"href":"https:\/\/mueller-wrh.de\/es\/wp-json\/wp\/v2\/product_tag?post=4959"}],"curies":[{"name":"wp","href":"https:\/\/api.w.org\/{rel}","templated":true}]}}