{"id":4952,"date":"2026-03-13T10:06:22","date_gmt":"2026-03-13T10:06:22","guid":{"rendered":"https:\/\/mueller-wrh.de\/produkt\/weiler-ud-24-cnc-bj-1995-mit-irco-einzelstangenzufuehrung-intnr231497\/"},"modified":"2026-03-13T10:06:22","modified_gmt":"2026-03-13T10:06:22","slug":"weiler-ud-24-cnc-bj-1995-mit-irco-einzelstangenzufuehrung-intnr231497","status":"publish","type":"product","link":"https:\/\/mueller-wrh.de\/es\/producto\/weiler-ud-24-cnc-bj-1995-mit-irco-einzelstangenzufuehrung-intnr231497\/","title":{"rendered":"WEILER UD 24 CNC, A\u00f1o de fabricaci\u00f3n 1995 con alimentador de barras individuales IRCO IntNr231497"},"content":{"rendered":"<p><b>Ubicaci\u00f3n:<\/b> Alemania, Baden-W\u00fcrttemberg Suroeste<\/p>\n<p><b>Estado:<\/b> Usado<\/p>\n<p><b>Modelo:<\/b> UD 24 CNC<\/p>\n<p><b>A\u00f1o de construcci\u00f3n:<\/b> 1995<\/p>\n<p><b>Horario de apertura:<\/b> 40000<\/p>\n<p>Se vende un torno de precisi\u00f3n CNC en buen estado y listo para usar<br \/>\ndel tipo Weiler UD 24 de 1995.<\/p>\n<p>Datos t\u00e9cnicos<\/p>\n<p>Sistema de control Siemens Sinumerik 810T<br \/>\nDi\u00e1metro circunferencial sobre el lecho 240 mm<br \/>\nM\u00e1x. Di\u00e1metro de giro 120 mm<br \/>\nDi\u00e1metro del husillo 42 mm<br \/>\nGama de velocidades de hasta 6.000 rpm<br \/>\nTorreta portaherramientas de 12 posiciones VDI 20<br \/>\nAlimentador de barras IRCO<\/p>\n<p>Equipamiento y accesorios:<br \/>\nEje C: Para operaciones de taladrado y fresado (radial\/axial).<br \/>\nSistema de carga: cargador de barra corta IRCO para una reposici\u00f3n eficaz del material.<br \/>\nSistema de refrigeraci\u00f3n: Sistema de refrigeraci\u00f3n completo.<br \/>\nCubierta protectora completa con enclavamiento de seguridad.<br \/>\nInstrucciones de uso y mantenimiento disponibles.<\/p>\n<p>La m\u00e1quina puede inspeccionarse bajo tensi\u00f3n previa cita.<br \/>\n\u00a1Cambios y errores en los datos t\u00e9cnicos y la informaci\u00f3n, as\u00ed como la venta previa reservados!<\/p>\n<p>Se vende un torno de precisi\u00f3n CNC en buen estado de mantenimiento y funcionamiento.<br \/>\ndel modelo Weiler UD 24, fabricado en 1995.<\/p>\n<p>Especificaciones t\u00e9cnicas<\/p>\n<p>Sistema de control Siemens Sinumerik 810T<br \/>\nOscilaci\u00f3n m\u00e1xima sobre la cama 240 mm<br \/>\nDi\u00e1metro m\u00e1ximo de giro 120 mm<br \/>\nDi\u00e1metro del husillo 42 mm<br \/>\nVelocidad hasta 6.000 rpm<br \/>\nTorreta portaherramientas de 12 estaciones VDI 20<br \/>\nAlimentador de barras IRCO<\/p>\n<p>Equipamiento y accesorios:<br \/>\nEje C: Para operaciones de taladrado y fresado (radial\/axial).<br \/>\nSistema de carga: cargador de barra corta IRCO para un suministro eficaz del material.<br \/>\nSistema de refrigeraci\u00f3n: Sistema de refrigeraci\u00f3n completo.<br \/>\nCubierta protectora completa con cierre de seguridad.<br \/>\nInstrucciones de uso y mantenimiento disponibles.<\/p>\n<p>La m\u00e1quina puede verse bajo tensi\u00f3n previa cita.<br \/>\n\u00a1Sujeto a cambios y errores en los datos t\u00e9cnicos y especificaciones, as\u00ed como a la venta previa!<\/p>","protected":false},"excerpt":{"rendered":"<p>Standort: Deutschland, Baden-W\u00fcrttemberg S\u00fcdwest Zustand: Gebraucht Modell: UD 24 CNC Baujahr: 1995 Betriebsstunden: 40000 Zum Verkauf steht eine gepflegte und einsatzbereite CNC-Pr\u00e4zisionsdrehmaschine vom Typ Weiler UD 24 aus dem Jahr 1995. Technische Daten Steuerung Siemens Sinumerik 810T Umlaufdurchmesser \u00fcber Bett 240 mm Max. Drehdurchmesser 120 mm Spindelbohrung 42 mm Drehzahlbereich bis 6.000 U\/min Werkzeugrevolver 12-fach [&hellip;]<\/p>\n","protected":false},"featured_media":4945,"comment_status":"open","ping_status":"closed","template":"","meta":{"_uf_show_specific_survey":0,"_uf_disable_surveys":false},"product_brand":[],"product_cat":[110],"product_tag":[],"class_list":{"0":"post-4952","1":"product","2":"type-product","3":"status-publish","4":"has-post-thumbnail","6":"product_cat-revolverdrehautomaten","8":"first","9":"instock","10":"taxable","11":"shipping-taxable","12":"product-type-simple"},"aioseo_notices":[],"_links":{"self":[{"href":"https:\/\/mueller-wrh.de\/es\/wp-json\/wp\/v2\/product\/4952","targetHints":{"allow":["GET"]}}],"collection":[{"href":"https:\/\/mueller-wrh.de\/es\/wp-json\/wp\/v2\/product"}],"about":[{"href":"https:\/\/mueller-wrh.de\/es\/wp-json\/wp\/v2\/types\/product"}],"replies":[{"embeddable":true,"href":"https:\/\/mueller-wrh.de\/es\/wp-json\/wp\/v2\/comments?post=4952"}],"wp:featuredmedia":[{"embeddable":true,"href":"https:\/\/mueller-wrh.de\/es\/wp-json\/wp\/v2\/media\/4945"}],"wp:attachment":[{"href":"https:\/\/mueller-wrh.de\/es\/wp-json\/wp\/v2\/media?parent=4952"}],"wp:term":[{"taxonomy":"product_brand","embeddable":true,"href":"https:\/\/mueller-wrh.de\/es\/wp-json\/wp\/v2\/product_brand?post=4952"},{"taxonomy":"product_cat","embeddable":true,"href":"https:\/\/mueller-wrh.de\/es\/wp-json\/wp\/v2\/product_cat?post=4952"},{"taxonomy":"product_tag","embeddable":true,"href":"https:\/\/mueller-wrh.de\/es\/wp-json\/wp\/v2\/product_tag?post=4952"}],"curies":[{"name":"wp","href":"https:\/\/api.w.org\/{rel}","templated":true}]}}