{"id":4944,"date":"2026-03-11T14:50:06","date_gmt":"2026-03-11T14:50:06","guid":{"rendered":"https:\/\/mueller-wrh.de\/produkt\/cnc-ergomat-tba-60-bj-2005-mit-einzelstangenvorschub-intnr231496\/"},"modified":"2026-03-11T14:50:06","modified_gmt":"2026-03-11T14:50:06","slug":"cnc-ergomat-tba-60-bj-2005-mit-einzelstangenvorschub-intnr231496","status":"publish","type":"product","link":"https:\/\/mueller-wrh.de\/es\/producto\/cnc-ergomat-tba-60-bj-2005-mit-einzelstangenvorschub-intnr231496\/","title":{"rendered":"CNC ERGOMAT TBA-60, a\u00f1o 2005 con avance de una barra IntNr231496"},"content":{"rendered":"<p><b>Ubicaci\u00f3n:<\/b> Alemania, Baden-W\u00fcrttemberg Suroeste<\/p>\n<p><b>Estado:<\/b> Usado<\/p>\n<p><b>Modelo:<\/b> CNC TBA-60<\/p>\n<p><b>A\u00f1o de construcci\u00f3n:<\/b> 2005<\/p>\n<p>Se vende un torno autom\u00e1tico CNC de varios carros ERGOMAT TBA-60,<br \/>\nequipada con alimentaci\u00f3n de una sola varilla. <\/p>\n<p>Datos t\u00e9cnicos<br \/>\nTipo: TBA-60<br \/>\nA\u00f1o de construcci\u00f3n: 2005<br \/>\nTipo de m\u00e1quina: Torno autom\u00e1tico CNC de varios carros<br \/>\nControl: CNC (control basado en Fanuc)<\/p>\n<p>\u00c1rea de trabajo<br \/>\nM\u00e1x. Apertura varilla redonda: 60 mm<br \/>\nM\u00e1x. Longitud de giro: 100 mm<\/p>\n<p>Eje<br \/>\nPotencia del husillo: 7,5 kW<br \/>\nM\u00e1x. Velocidad del husillo: hasta 3.150 rpm<\/p>\n<p>Sistema de herramientas<br \/>\nTorreta en estrella servoaccionada de 6 posiciones<br \/>\nTiempo de cambio de torreta: aprox. 0,3-0,4 s<\/p>\n<p>Concepto de diapositivas m\u00faltiples con:<br \/>\nCorredera horizontal delantera (X1\/Z1)<br \/>\nCorredera horizontal trasera (X2)<br \/>\nDos gu\u00edas verticales (X3\/X4) ()<\/p>\n<p>Distancias de desplazamiento<br \/>\nDistancia de desplazamiento carro horizontal: 45 mm<br \/>\nRecorrido vertical del carro: 45 mm<\/p>\n<p>Datos de la m\u00e1quina<br \/>\nPeso de la m\u00e1quina: 2.000 kg<\/p>\n<p>Equipamiento<br \/>\nAlimentaci\u00f3n de una varilla<br \/>\nSistema de torneado de varios carros para una alta productividad<br \/>\nDispositivo de refrigeraci\u00f3n<br \/>\nEliminaci\u00f3n de virutas \/ bandeja de virutas<\/p>\n<p>La m\u00e1quina puede inspeccionarse bajo tensi\u00f3n previa cita.<br \/>\n\u00a1Cambios y errores en los datos t\u00e9cnicos y la informaci\u00f3n, as\u00ed como la venta previa reservados!<\/p>\n<p>Para la venta es un torno autom\u00e1tico CNC multi-corredera ERGOMAT TBA-60,<br \/>\nequipado con alimentaci\u00f3n de una sola barra. <\/p>\n<p>Datos t\u00e9cnicos<br \/>\nTipo: TBA-60<br \/>\nA\u00f1o de fabricaci\u00f3n: 2005<br \/>\nTipo de m\u00e1quina: Torno autom\u00e1tico CNC de varios carros<br \/>\nControl: CNC (control basado en Fanuc)<\/p>\n<p>Campo de trabajo<br \/>\nCapacidad m\u00e1x. de barra redonda: 60 mm<br \/>\nLongitud m\u00e1x. de giro: 100 mm<\/p>\n<p>Eje<br \/>\nPotencia del husillo: 7,5 kW<br \/>\nVelocidad m\u00e1x. del husillo: hasta 3.150 rpm<\/p>\n<p>Sistema de herramientas<br \/>\nTorreta en estrella servoaccionada de 6 estaciones<br \/>\nTiempo de cambio de torreta: aprox. 0,3-0,4 s<\/p>\n<p>Concepto de diapositivas m\u00faltiples con:<br \/>\nCorredera horizontal delantera (X1\/Z1)<br \/>\nCorredera horizontal trasera (X2)<br \/>\nDos gu\u00edas verticales (X3\/X4) ()<\/p>\n<p>Distancias de viaje<br \/>\nRecorrido horizontal del carro: 45 mm<br \/>\nRecorrido vertical del carro: 45 mm<\/p>\n<p>Datos de la m\u00e1quina<br \/>\nPeso de la m\u00e1quina: 2.000 kg<\/p>\n<p>Equipamiento<br \/>\nAlimentaci\u00f3n de una barra<br \/>\nSistema de giro con varios carros para una alta productividad<br \/>\nDispositivo de refrigeraci\u00f3n<br \/>\nEliminaci\u00f3n de virutas \/ bandeja de virutas<\/p>\n<p>La m\u00e1quina puede verse bajo tensi\u00f3n previa cita.<br \/>\n\u00a1Sujeto a cambios y errores en los datos t\u00e9cnicos y especificaciones, as\u00ed como a la venta previa!<\/p>","protected":false},"excerpt":{"rendered":"<p>Standort: Deutschland, Baden-W\u00fcrttemberg S\u00fcdwest Zustand: Gebraucht Modell: TBA-60 CNC Baujahr: 2005 Zum Verkauf steht ein CNC-Mehrschlitten-Drehautomat ERGOMAT TBA-60, ausgestattet mit Einzelstangenvorschub. Technische Daten Typ: TBA-60 Baujahr: 2005 Maschinenart: CNC Mehrschlitten-Drehautomat Steuerung: CNC (Fanuc-basierte Steuerung) Arbeitsbereich Max. Stangendurchlass rund: 60 mm Max. Drehl\u00e4nge: 100 mm Spindel Spindelleistung: 7,5 kW Max. Spindeldrehzahl: bis 3.150 U\/min Werkzeugsystem Servoangetriebener [&hellip;]<\/p>\n","protected":false},"featured_media":4938,"comment_status":"open","ping_status":"closed","template":"","meta":{"_uf_show_specific_survey":0,"_uf_disable_surveys":false},"product_brand":[],"product_cat":[110],"product_tag":[],"class_list":{"0":"post-4944","1":"product","2":"type-product","3":"status-publish","4":"has-post-thumbnail","6":"product_cat-revolverdrehautomaten","8":"first","9":"instock","10":"taxable","11":"shipping-taxable","12":"product-type-simple"},"aioseo_notices":[],"_links":{"self":[{"href":"https:\/\/mueller-wrh.de\/es\/wp-json\/wp\/v2\/product\/4944","targetHints":{"allow":["GET"]}}],"collection":[{"href":"https:\/\/mueller-wrh.de\/es\/wp-json\/wp\/v2\/product"}],"about":[{"href":"https:\/\/mueller-wrh.de\/es\/wp-json\/wp\/v2\/types\/product"}],"replies":[{"embeddable":true,"href":"https:\/\/mueller-wrh.de\/es\/wp-json\/wp\/v2\/comments?post=4944"}],"wp:featuredmedia":[{"embeddable":true,"href":"https:\/\/mueller-wrh.de\/es\/wp-json\/wp\/v2\/media\/4938"}],"wp:attachment":[{"href":"https:\/\/mueller-wrh.de\/es\/wp-json\/wp\/v2\/media?parent=4944"}],"wp:term":[{"taxonomy":"product_brand","embeddable":true,"href":"https:\/\/mueller-wrh.de\/es\/wp-json\/wp\/v2\/product_brand?post=4944"},{"taxonomy":"product_cat","embeddable":true,"href":"https:\/\/mueller-wrh.de\/es\/wp-json\/wp\/v2\/product_cat?post=4944"},{"taxonomy":"product_tag","embeddable":true,"href":"https:\/\/mueller-wrh.de\/es\/wp-json\/wp\/v2\/product_tag?post=4944"}],"curies":[{"name":"wp","href":"https:\/\/api.w.org\/{rel}","templated":true}]}}