{"id":4936,"date":"2026-03-11T13:19:02","date_gmt":"2026-03-11T13:19:02","guid":{"rendered":"https:\/\/mueller-wrh.de\/produkt\/cnc-haas-st-20ss-bj-2010-mit-lns-hydrobar-6-50-intnr231495\/"},"modified":"2026-03-13T10:46:30","modified_gmt":"2026-03-13T10:46:30","slug":"cnc-haas-st-20ss-bj-2010-mit-lns-hydrobar-6-50-intnr231495","status":"publish","type":"product","link":"https:\/\/mueller-wrh.de\/es\/producto\/cnc-haas-st-20ss-bj-2010-mit-lns-hydrobar-6-50-intnr231495\/","title":{"rendered":"CNC HAAS ST-20SS, a\u00f1o 2010 con LNS Hydrobar 6.50 HS-4.6 IntNr231495"},"content":{"rendered":"<p><b>Ubicaci\u00f3n:<\/b> Alemania, Baden-W\u00fcrttemberg Suroeste<\/p>\n<p><b>Estado:<\/b> Usado<\/p>\n<p><b>Fabricante:<\/b> HAAS<\/p>\n<p><b>Modelo:<\/b> ST-20SS<\/p>\n<p><b>A\u00f1o de construcci\u00f3n:<\/b> 2010<\/p>\n<p><b>Horario de apertura:<\/b> 1900<\/p>\n<p>Centro de torneado CNC usado Haas ST-20SS (Super Speed) construido en 2010,<br \/>\nincluido LNS Super Hydrobar 6.50 HS 4.6 a\u00f1o 2011. <\/p>\n<p>Detalles t\u00e9cnicos:<br \/>\nMonitor LCD en color de 15 pulgadas, sistema de control HAAS de f\u00e1cil manejo<br \/>\nM\u00e1x. Di\u00e1metro de giro: hasta 254 mm<br \/>\nM\u00e1x. Longitud de giro: 533 mm.<\/p>\n<p>Huso:<br \/>\nCojinete del eje principal defectuoso.<br \/>\nVelocidad: m\u00e1x. 5.000 rpm.<br \/>\nPotencia motriz: 22,4 kW (30 CV) Accionamiento vectorial de alto rendimiento.<br \/>\nNariz del husillo: A2-6.<br \/>\nDi\u00e1metro del husillo: 88,9 mm<\/p>\n<p>Torreta de herramientas:<br \/>\nTorreta h\u00edbrida de 24 estaciones<\/p>\n<p>V\u00edas r\u00e1pidas:<br \/>\n24,0 m\/min (eje X)<br \/>\n30,5 m\/min (eje Z).<br \/>\nEquipamiento:<br \/>\nSistema autom\u00e1tico de preajuste de herramientas (Auto Probe Arm).<br \/>\nUnidad para herramientas accionadas<br \/>\nLNS Super Hydrobar 6.50 HS 4.6 (a\u00f1o 2011)<br \/>\npara di\u00e1metros de varilla de aprox. 5 mm a 50 mm (ampliable hasta 65\/68 mm en la serie HS seg\u00fan el modelo).<\/p>\n<p>La m\u00e1quina puede inspeccionarse bajo tensi\u00f3n previa cita.<br \/>\n\u00a1Cambios y errores en los datos t\u00e9cnicos y la informaci\u00f3n, as\u00ed como la venta previa reservados!<\/p>\n<p>Centro de torneado CNC Haas ST-20SS (Super Speed) usado, construido en 2010,<br \/>\nincluyendo LNS Super Hydrobar 6.50 HS 4.6, construido en 2011. <\/p>\n<p>Detalles t\u00e9cnicos:<br \/>\nMonitor LCD en color de 15 pulgadas, control HAAS de f\u00e1cil manejo<br \/>\nDi\u00e1metro m\u00e1x. de giro: hasta 254 mm<br \/>\nLongitud m\u00e1xima de giro: 533 mm.<\/p>\n<p>Huso:<br \/>\nCojinete del eje principal defectuoso.<br \/>\nVelocidad: m\u00e1x. 5.000 rpm.<br \/>\nPotencia motriz: transmisi\u00f3n vectorial de alto rendimiento de 22,4 kW (30 CV).<br \/>\nNariz del husillo: A2-6.<br \/>\nDi\u00e1metro del husillo: 88,9 mm<\/p>\n<p>Torreta de herramientas:<br \/>\nTorreta h\u00edbrida de 24 estaciones<\/p>\n<p>Traves\u00eda r\u00e1pida:<br \/>\n24,0 m\/min (eje X)<br \/>\n30,5 m\/min (eje Z).<br \/>\nEquipamiento:<br \/>\nsistema autom\u00e1tico de preajuste de herramientas (Auto Probe Arm)<br \/>\nUnidad para herramientas accionadas<br \/>\nLNS Super Hydrobar 6.50 HS 4.6 (construido en 2011)<br \/>\npara di\u00e1metros de barra de aprox. 5 mm a 50 mm (ampliable a 65\/68 mm en la serie HS, seg\u00fan el modelo).<\/p>\n<p>La m\u00e1quina puede verse bajo tensi\u00f3n previa cita.<br \/>\n\u00a1Sujeto a cambios y errores en los datos t\u00e9cnicos y especificaciones, as\u00ed como a la venta previa!<\/p>","protected":false},"excerpt":{"rendered":"<p>Standort: Deutschland, Baden-W\u00fcrttemberg S\u00fcdwest Zustand: Gebraucht Hersteller: HAAS Modell: ST-20SS Baujahr: 2010 Betriebsstunden: 1900 Gebrauchtes CNC-Drehzentrum Haas ST-20SS (Super Speed) Bj. 2010, inklusive LNS Super Hydrobar 6.50 HS 4.6 Bj. 2011. Technische Details: 15-Zoll-Farb-LCD-Monitor, benutzerfreundliche HAAS-Steuerung Max. Drehdurchmesser: bis zu 254 mm Max. Drehl\u00e4nge: 533 mm. Spindel: Hauptspindellager defekt! Drehzahl: max. 5.000 U\/min. Antriebsleistung: 22,4 [&hellip;]<\/p>\n","protected":false},"featured_media":4960,"comment_status":"open","ping_status":"closed","template":"","meta":{"_uf_show_specific_survey":0,"_uf_disable_surveys":false},"product_brand":[],"product_cat":[90],"product_tag":[],"class_list":{"0":"post-4936","1":"product","2":"type-product","3":"status-publish","4":"has-post-thumbnail","6":"product_cat-cnc-drehmaschinen-0-199mm-drehd","8":"first","9":"instock","10":"taxable","11":"shipping-taxable","12":"product-type-simple"},"aioseo_notices":[],"_links":{"self":[{"href":"https:\/\/mueller-wrh.de\/es\/wp-json\/wp\/v2\/product\/4936","targetHints":{"allow":["GET"]}}],"collection":[{"href":"https:\/\/mueller-wrh.de\/es\/wp-json\/wp\/v2\/product"}],"about":[{"href":"https:\/\/mueller-wrh.de\/es\/wp-json\/wp\/v2\/types\/product"}],"replies":[{"embeddable":true,"href":"https:\/\/mueller-wrh.de\/es\/wp-json\/wp\/v2\/comments?post=4936"}],"wp:featuredmedia":[{"embeddable":true,"href":"https:\/\/mueller-wrh.de\/es\/wp-json\/wp\/v2\/media\/4960"}],"wp:attachment":[{"href":"https:\/\/mueller-wrh.de\/es\/wp-json\/wp\/v2\/media?parent=4936"}],"wp:term":[{"taxonomy":"product_brand","embeddable":true,"href":"https:\/\/mueller-wrh.de\/es\/wp-json\/wp\/v2\/product_brand?post=4936"},{"taxonomy":"product_cat","embeddable":true,"href":"https:\/\/mueller-wrh.de\/es\/wp-json\/wp\/v2\/product_cat?post=4936"},{"taxonomy":"product_tag","embeddable":true,"href":"https:\/\/mueller-wrh.de\/es\/wp-json\/wp\/v2\/product_tag?post=4936"}],"curies":[{"name":"wp","href":"https:\/\/api.w.org\/{rel}","templated":true}]}}