{"id":4921,"date":"2026-03-07T11:31:09","date_gmt":"2026-03-07T11:31:09","guid":{"rendered":"https:\/\/mueller-wrh.de\/produkt\/gebr-lns-express-220_bj-2027-intnr231503\/"},"modified":"2026-03-07T11:31:09","modified_gmt":"2026-03-07T11:31:09","slug":"gebr-lns-express-220_bj-2027-intnr231503","status":"publish","type":"product","link":"https:\/\/mueller-wrh.de\/es\/producto\/gebr-lns-express-220_bj-2027-intnr231503\/","title":{"rendered":"marca LNS Express 220_a\u00f1o 2027 IntNr231503"},"content":{"rendered":"<p><b>Ubicaci\u00f3n:<\/b> Alemania, Baden-W\u00fcrttemberg Suroeste<\/p>\n<p><b>Estado:<\/b> Usado<\/p>\n<p><b>Fabricante:<\/b> LNS<\/p>\n<p><b>Modelo:<\/b> Expreso 220<\/p>\n<p><b>A\u00f1o de construcci\u00f3n:<\/b> 2007<\/p>\n<p>Cargador CNC LNS Express 220<br \/>\nA\u00f1o de construcci\u00f3n: 2007<br \/>\nTipo: Alimentador de barras<\/p>\n<p>F\u00e1cil conversi\u00f3n del canal gu\u00eda en menos de 2 minutos aproximadamente.<br \/>\nSustituci\u00f3n completa de los elementos de gu\u00eda en menos de 8 minutos aproximadamente.<\/p>\n<p>Detalles t\u00e9cnicos:<br \/>\nDi\u00e1metro: de 2 mm a 20 mm<br \/>\nCanal \u00d8 22mm<br \/>\nLongitud m\u00e1xima de la barra: 3.000 mm<br \/>\nDimensiones de instalaci\u00f3n \/ dimensiones (L x A x A): 3.970 x 480 x 1.250 mm<br \/>\nPeso: aprox. 850 kg<br \/>\nEstado: totalmente funcional<\/p>\n<p>La m\u00e1quina puede inspeccionarse con cita previa.<br \/>\n\u00a1Cambios y errores en los datos t\u00e9cnicos y la informaci\u00f3n, as\u00ed como la venta previa reservados!<\/p>\n<p>I<br \/>\nCargador CNC LNS Express 220<br \/>\nA\u00f1o de fabricaci\u00f3n: 2007<br \/>\nTipo: Cargador de barra<\/p>\n<p>Cambio sencillo del canal gu\u00eda en menos de 2 minutos aproximadamente.<br \/>\nCambio completo de los elementos de gu\u00eda en menos de 8 minutos aproximadamente.<\/p>\n<p>Detalles t\u00e9cnicos:<br \/>\nDi\u00e1metro: de 2 mm a 20 mm<br \/>\nCanal \u00d8 22 mm<br \/>\nLongitud m\u00e1xima de la barra: 3.000 mm<br \/>\nDimensiones de instalaci\u00f3n \/ dimensiones (L x A x A): 3.970 x 480 x 1.250 mm<br \/>\nPeso: aprox. 850 kg<br \/>\nEstado: totalmente funcional<\/p>\n<p>La m\u00e1quina puede verse en funcionamiento previa cita.<br \/>\n\u00a1Sujeto a cambios y errores en los datos t\u00e9cnicos y especificaciones, as\u00ed como a la venta previa!<\/p>\n<p>Traducido con DeepL.com (versi\u00f3n gratuita)<\/p>","protected":false},"excerpt":{"rendered":"<p>Standort: Deutschland, Baden-W\u00fcrttemberg S\u00fcdwest Zustand: Gebraucht Hersteller: LNS Modell: Express 220 Baujahr: 2007 CNC-Lademagazin LNS Express 220 Baujahr: 2007 Typ: Stangenlademagazin Einfaches Umr\u00fcsten des F\u00fchrungskanals in weniger als ca. 2 Minuten. Komplettwechsel der F\u00fchrungselemente in unter ca. 8 Minuten m\u00f6glich. Technische Details: Durchmesserbereich: 2 mm bis 20 mm Kanal \u00d8 22mm Maximale Stangenl\u00e4nge: 3.000 mm [&hellip;]<\/p>\n","protected":false},"featured_media":4916,"comment_status":"open","ping_status":"closed","template":"","meta":{"_uf_show_specific_survey":0,"_uf_disable_surveys":false},"product_brand":[],"product_cat":[88],"product_tag":[],"class_list":{"0":"post-4921","1":"product","2":"type-product","3":"status-publish","4":"has-post-thumbnail","6":"product_cat-stangenzufuehrungen","8":"first","9":"instock","10":"taxable","11":"shipping-taxable","12":"product-type-simple"},"aioseo_notices":[],"_links":{"self":[{"href":"https:\/\/mueller-wrh.de\/es\/wp-json\/wp\/v2\/product\/4921","targetHints":{"allow":["GET"]}}],"collection":[{"href":"https:\/\/mueller-wrh.de\/es\/wp-json\/wp\/v2\/product"}],"about":[{"href":"https:\/\/mueller-wrh.de\/es\/wp-json\/wp\/v2\/types\/product"}],"replies":[{"embeddable":true,"href":"https:\/\/mueller-wrh.de\/es\/wp-json\/wp\/v2\/comments?post=4921"}],"wp:featuredmedia":[{"embeddable":true,"href":"https:\/\/mueller-wrh.de\/es\/wp-json\/wp\/v2\/media\/4916"}],"wp:attachment":[{"href":"https:\/\/mueller-wrh.de\/es\/wp-json\/wp\/v2\/media?parent=4921"}],"wp:term":[{"taxonomy":"product_brand","embeddable":true,"href":"https:\/\/mueller-wrh.de\/es\/wp-json\/wp\/v2\/product_brand?post=4921"},{"taxonomy":"product_cat","embeddable":true,"href":"https:\/\/mueller-wrh.de\/es\/wp-json\/wp\/v2\/product_cat?post=4921"},{"taxonomy":"product_tag","embeddable":true,"href":"https:\/\/mueller-wrh.de\/es\/wp-json\/wp\/v2\/product_tag?post=4921"}],"curies":[{"name":"wp","href":"https:\/\/api.w.org\/{rel}","templated":true}]}}