{"id":4869,"date":"2026-02-24T11:35:04","date_gmt":"2026-02-24T11:35:04","guid":{"rendered":"https:\/\/mueller-wrh.de\/produkt\/cnc-langdrehfraeszentrum-star-st-38-bj-19-intnr231494\/"},"modified":"2026-02-24T11:35:04","modified_gmt":"2026-02-24T11:35:04","slug":"cnc-langdrehfraeszentrum-star-st-38-bj-19-intnr231494","status":"publish","type":"product","link":"https:\/\/mueller-wrh.de\/es\/producto\/cnc-langdrehfraeszentrum-star-st-38-bj-19-intnr231494\/","title":{"rendered":"Centro de fresado de cabezal m\u00f3vil CNC STAR ST-38, a\u00f1o '19 (IntNo231494)"},"content":{"rendered":"<p><b>Ubicaci\u00f3n:<\/b> Alemania, Baden-W\u00fcrttemberg Suroeste<\/p>\n<p><b>Estado:<\/b> Usado<\/p>\n<p><b>Fabricante:<\/b> STAR Micronics<\/p>\n<p><b>Modelo:<\/b> ST-38<\/p>\n<p><b>A\u00f1o de construcci\u00f3n:<\/b> 2019<\/p>\n<p>FANUC, ordenador de alto rendimiento serie 31i-B5,<\/p>\n<p>Buen estado de mantenimiento, aprox. 9000 horas de funcionamiento<\/p>\n<p>Principales datos t\u00e9cnicos<br \/>\n\u00c1rea de trabajo<br \/>\nM\u00e1x. Di\u00e1metro de la varilla: 38 mm<br \/>\nM\u00e1x. Longitud de mecanizado (con casquillo gu\u00eda) aprox. 320 mm<br \/>\nPosibilidad de mecanizado sin ca\u00f1\u00f3n de gu\u00eda (para piezas m\u00e1s cortas)<br \/>\nM\u00e1x. Di\u00e1metro de pinza del contrahusillo: 38 mm<\/p>\n<p>Eje principal<br \/>\nPotencia del husillo: aprox. 11-15 kW<br \/>\nVelocidad m\u00e1x. Velocidad: aprox. 7.000 min-\u00b9<br \/>\nEje C integrado (resoluci\u00f3n de 0,001\u00b0)<br \/>\nCojinete de husillo de alta precisi\u00f3n para mecanizado pesado<\/p>\n<p>Contrahusillo<br \/>\nPotencia: aprox. 5,5-7,5 kW<br \/>\nVelocidad m\u00e1x. Velocidad: aprox. 7.000 min-\u00b9<br \/>\nEje C completo<br \/>\nTransferencia de piezas y mecanizado posterior en una sola operaci\u00f3n de sujeci\u00f3n<\/p>\n<p>Configuraci\u00f3n de ejes<br \/>\nX1 \/ Z1 (sistema principal)<br \/>\nX2 \/ Z2 (sistema contrahusillo)<br \/>\nEje Y para operaciones de fresado descentrado<br \/>\nEje C principal y contrahusillo<br \/>\nFunciones opcionales de giro tipo eje B (seg\u00fan equipamiento)<br \/>\nEl control multicanal permite el mecanizado simult\u00e1neo en el husillo principal y el contrahusillo para reducir significativamente los tiempos de ciclo.<\/p>\n<p>Herramientas<br \/>\nJuego de portaherramientas, (no accionado)<br \/>\nUnidad de casquillo gu\u00eda (sistema de tensi\u00f3n, JBS)<br \/>\nEnfriador de aceite<br \/>\nTransportador de alta presi\u00f3n (con unidad de alta presi\u00f3n integrada) tipo M\u00fcller combistream CS 3<br \/>\nAplicaci\u00f3n refrigerante: Aceite<br \/>\nPeso: 6,25 toneladas<br \/>\nDimensiones: (LxAnxAl) 3477x1860x1865 mm<\/p>\n<p>La m\u00e1quina puede inspeccionarse bajo tensi\u00f3n previa cita.<br \/>\n\u00a1Cambios y errores en los datos t\u00e9cnicos y la informaci\u00f3n, as\u00ed como la venta previa reservados!<\/p>\n<p>FANUC, ordenador de alto rendimiento serie 31i-B5,<\/p>\n<p>Bien mantenido, aprox. 9000 horas de funcionamiento<\/p>\n<p>Principales datos t\u00e9cnicos<br \/>\nCampo de trabajo<br \/>\nDi\u00e1metro m\u00e1x. de la barra: 38 mm<br \/>\nLongitud m\u00e1x. de mecanizado (con casquillo gu\u00eda): aprox. 320 mm<br \/>\nPosibilidad de mecanizado sin ca\u00f1\u00f3n de gu\u00eda (para piezas m\u00e1s cortas)<br \/>\nDi\u00e1metro m\u00e1x. pinza contrahusillo: 38 mm<\/p>\n<p>Eje principal<br \/>\nPotencia del husillo: aprox. 11-15 kW<br \/>\nVelocidad m\u00e1x.: aprox. 7.000 min-\u00b9<br \/>\nEje C integrado (resoluci\u00f3n de 0,001\u00b0)<br \/>\nCojinete de husillo de alta precisi\u00f3n para mecanizado pesado<\/p>\n<p>Contrahusillo<br \/>\nPotencia: aprox. 5,5-7,5 kW<br \/>\nVelocidad m\u00e1xima: aprox. 7.000 rpm<br \/>\nEje C completo<br \/>\nTransferencia de piezas y mecanizado posterior en una sola sujeci\u00f3n<\/p>\n<p>Configuraci\u00f3n de ejes<br \/>\nX1 \/ Z1 (sistema principal)<br \/>\nX2 \/ Z2 (sistema contrahusillo)<br \/>\nEje Y para operaciones de fresado descentrado<br \/>\nEje C principal y contrahusillo<br \/>\nFunciones opcionales de giro tipo eje B (seg\u00fan equipamiento)<br \/>\nEl control multicanal permite el mecanizado simult\u00e1neo en el husillo principal y el contrahusillo para reducir considerablemente el tiempo de ciclo.<\/p>\n<p>Herramientas<br \/>\nJuego de portaherramientas, (no accionado)<br \/>\nUnidad de casquillo gu\u00eda (sistema de tracci\u00f3n, JBS)<br \/>\nEnfriador de aceite<br \/>\nTransportador de alta presi\u00f3n (con unidad de alta presi\u00f3n integrada) Tipo M\u00fcller combistream CS 3<br \/>\nRefrigerante utilizado: aceite<br \/>\nPeso: 6,25 toneladas<br \/>\nDimensiones: (LxAnxAl) 3477x1860x1865 mm<\/p>\n<p>La m\u00e1quina puede verse bajo tensi\u00f3n previa cita.<br \/>\n\u00a1Sujeto a cambios y errores en los datos t\u00e9cnicos y especificaciones, as\u00ed como a la venta previa!<\/p>","protected":false},"excerpt":{"rendered":"<p>Standort: Deutschland, Baden-W\u00fcrttemberg S\u00fcdwest Zustand: Gebraucht Hersteller: STAR Micronics Modell: ST-38 Baujahr: 2019 FANUC, Hochleistungs-Rechner Serie 31i-B5, Gepflegter Zustand, ca. 9000 Betriebsstunden Technische Hauptdaten Arbeitsbereich Max. Stangendurchmesser: 38 mm Max. Bearbeitungsl\u00e4nge (mit F\u00fchrungsbuchse): ca. 320 mm Bearbeitung ohne F\u00fchrungsbuchse m\u00f6glich (f\u00fcr k\u00fcrzere Werkst\u00fccke) Max. Spannzangendurchmesser Gegenspindel: 38 mm Hauptspindel Spindelleistung: ca. 11\u201315 kW Max. Drehzahl: [&hellip;]<\/p>\n","protected":false},"featured_media":4863,"comment_status":"open","ping_status":"closed","template":"","meta":{"_uf_show_specific_survey":0,"_uf_disable_surveys":false},"product_brand":[],"product_cat":[23],"product_tag":[],"class_list":{"0":"post-4869","1":"product","2":"type-product","3":"status-publish","4":"has-post-thumbnail","6":"product_cat-cnc-langdrehmaschinen","8":"first","9":"instock","10":"taxable","11":"shipping-taxable","12":"product-type-simple"},"aioseo_notices":[],"_links":{"self":[{"href":"https:\/\/mueller-wrh.de\/es\/wp-json\/wp\/v2\/product\/4869","targetHints":{"allow":["GET"]}}],"collection":[{"href":"https:\/\/mueller-wrh.de\/es\/wp-json\/wp\/v2\/product"}],"about":[{"href":"https:\/\/mueller-wrh.de\/es\/wp-json\/wp\/v2\/types\/product"}],"replies":[{"embeddable":true,"href":"https:\/\/mueller-wrh.de\/es\/wp-json\/wp\/v2\/comments?post=4869"}],"wp:featuredmedia":[{"embeddable":true,"href":"https:\/\/mueller-wrh.de\/es\/wp-json\/wp\/v2\/media\/4863"}],"wp:attachment":[{"href":"https:\/\/mueller-wrh.de\/es\/wp-json\/wp\/v2\/media?parent=4869"}],"wp:term":[{"taxonomy":"product_brand","embeddable":true,"href":"https:\/\/mueller-wrh.de\/es\/wp-json\/wp\/v2\/product_brand?post=4869"},{"taxonomy":"product_cat","embeddable":true,"href":"https:\/\/mueller-wrh.de\/es\/wp-json\/wp\/v2\/product_cat?post=4869"},{"taxonomy":"product_tag","embeddable":true,"href":"https:\/\/mueller-wrh.de\/es\/wp-json\/wp\/v2\/product_tag?post=4869"}],"curies":[{"name":"wp","href":"https:\/\/api.w.org\/{rel}","templated":true}]}}