{"id":4856,"date":"2026-02-18T12:49:09","date_gmt":"2026-02-18T12:49:09","guid":{"rendered":"https:\/\/mueller-wrh.de\/produkt\/messmaschine-keyence_im6025_bj-09-2016-_intnr231488\/"},"modified":"2026-02-18T13:44:47","modified_gmt":"2026-02-18T13:44:47","slug":"messmaschine-keyence_im6025_bj-09-2016-_intnr231488","status":"publish","type":"product","link":"https:\/\/mueller-wrh.de\/es\/producto\/messmaschine-keyence_im6025_bj-09-2016-_intnr231488\/","title":{"rendered":"M\u00e1quina de medici\u00f3n Keyence_IM6025_A\u00f1o 09\/2016 _IntNo231488"},"content":{"rendered":"<p><b>Ubicaci\u00f3n:<\/b> Alemania, Baden-W\u00fcrttemberg Suroeste<\/p>\n<p><b>Estado:<\/b> Usado<\/p>\n<p><b>Fabricante:<\/b> KEYENCE<\/p>\n<p><b>Modelo:<\/b> IM 6025<\/p>\n<p><b>A\u00f1o de construcci\u00f3n:<\/b> 2016<\/p>\n<p>M\u00e1quina de medici\u00f3n Keyence IM-6025 - Medici\u00f3n \u00f3ptica r\u00e1pida y precisa<\/p>\n<p>Vendemos una m\u00e1quina de medici\u00f3n Keyence IM-6025, ideal para pruebas r\u00e1pidas de producci\u00f3n en serie, inspecci\u00f3n de entrada de mercanc\u00edas y comprobaciones dimensionales precisas en producci\u00f3n.<br \/>\nA\u00f1o de construcci\u00f3n: 09\/2016<\/p>\n<p>Caracter\u00edsticas principales:<\/p>\n<p>Fabricante: Keyence<br \/>\nModelo: IM-6025<br \/>\nA\u00f1o de construcci\u00f3n: 09\/2016<\/p>\n<p>Rango de medici\u00f3n:<\/p>\n<p>300 \u00d7 200 mm (seg\u00fan modelo)<\/p>\n<p>Principio de medici\u00f3n:<\/p>\n<p>Tratamiento \u00f3ptico de im\u00e1genes 2D con detecci\u00f3n autom\u00e1tica de contornos<\/p>\n<p>Precisi\u00f3n de medici\u00f3n:<\/p>\n<p>Alta repetibilidad en el rango microm\u00e9trico<\/p>\n<p>Funciones:<\/p>\n<p>Detecci\u00f3n autom\u00e1tica de posici\u00f3n<\/p>\n<p>Medici\u00f3n multipunto simult\u00e1nea<\/p>\n<p>Posibilidad de comparaci\u00f3n con datos CAD<\/p>\n<p>Evaluaci\u00f3n SPC<\/p>\n<p>Interfaz de usuario intuitiva<\/p>\n<p>Interfaces USB y de red<\/p>\n<p>Sistema de iluminaci\u00f3n:<\/p>\n<p>Iluminaci\u00f3n por luz transmitida y luz incidente (LED)<\/p>\n<p>M\u00e1x. altura de la pieza:<\/p>\n<p>Hasta 75 mm aprox.<\/p>\n<p>Caracter\u00edsticas especiales:<\/p>\n<p>Mediciones en segundos sin perder tiempo en la alineaci\u00f3n<\/p>\n<p>Ideal para pruebas en serie y muestras aleatorias<\/p>\n<p>Resultados de medici\u00f3n independientes del operador<\/p>\n<p>Dise\u00f1o compacto<\/p>\n<p>Estado:<br \/>\nUsado, probado y en buen estado de funcionamiento.<\/p>\n<p>Campo de aplicaci\u00f3n:<br \/>\nIdeal para el procesamiento de metales y pl\u00e1sticos, piezas estampadas, piezas torneadas, piezas fresadas, as\u00ed como para el aseguramiento de la calidad y el control de la producci\u00f3n.<\/p>\n<p>La m\u00e1quina puede inspeccionarse bajo tensi\u00f3n previa cita.<\/p>\n<p>Sujeto a cambios y errores en los datos t\u00e9cnicos y la informaci\u00f3n, as\u00ed como a la venta previa.<\/p>\n<p>M\u00e1quina de medici\u00f3n Keyence IM-6025 - Medici\u00f3n \u00f3ptica r\u00e1pida y precisa<\/p>\n<p>Se vende una m\u00e1quina de medici\u00f3n Keyence IM-6025, ideal para la inspecci\u00f3n r\u00e1pida de lotes, el control de entrada de mercanc\u00edas y la medici\u00f3n dimensional precisa en entornos de producci\u00f3n.<br \/>\nA\u00f1o de fabricaci\u00f3n: 09\/2016<\/p>\n<p>Caracter\u00edsticas principales:<\/p>\n<p>Fabricante: Keyence<br \/>\nModelo: IM-6025<br \/>\nA\u00f1o: 09\/2016<\/p>\n<p>Rango de medici\u00f3n:<\/p>\n<p>Aprox. 300 \u00d7 200 mm (seg\u00fan configuraci\u00f3n)<\/p>\n<p>Principio de medici\u00f3n:<\/p>\n<p>Tratamiento \u00f3ptico de im\u00e1genes 2D con detecci\u00f3n autom\u00e1tica de contornos<\/p>\n<p>Precisi\u00f3n:<\/p>\n<p>Alta repetibilidad en el rango de las micras<\/p>\n<p>Funciones:<\/p>\n<p>Posicionamiento autom\u00e1tico de piezas<\/p>\n<p>Medici\u00f3n multipunto simult\u00e1nea<\/p>\n<p>Posibilidad de comparar datos CAD<\/p>\n<p>Evaluaci\u00f3n SPC<\/p>\n<p>Interfaz f\u00e1cil de usar<\/p>\n<p>Interfaces USB y de red<\/p>\n<p>Sistema de iluminaci\u00f3n:<\/p>\n<p>Iluminaci\u00f3n LED de luz transmitida y reflejada<\/p>\n<p>Altura m\u00e1xima de la pieza:<\/p>\n<p>Hasta 75 mm aprox.<\/p>\n<p>Caracter\u00edsticas especiales:<\/p>\n<p>Mediciones en segundos sin alineaciones complejas<\/p>\n<p>Ideal para inspecciones por lotes y aleatorias<\/p>\n<p>Resultados de medici\u00f3n independientes del operador<\/p>\n<p>Dise\u00f1o compacto<\/p>\n<p>Estado:<br \/>\nUsado, probado y totalmente funcional.<\/p>\n<p>\u00c1mbito de aplicaci\u00f3n:<br \/>\nAdecuado para el procesamiento de metales y pl\u00e1sticos, piezas estampadas, piezas torneadas, componentes fresados, garant\u00eda de calidad y control de producci\u00f3n.<\/p>\n<p>La m\u00e1quina puede inspeccionarse bajo tensi\u00f3n previa cita.<\/p>\n<p>Sujeto a venta previa. Salvo error u omisi\u00f3n en los datos t\u00e9cnicos y las especificaciones.<\/p>","protected":false},"excerpt":{"rendered":"<p>Standort: Deutschland, Baden-W\u00fcrttemberg S\u00fcdwest Zustand: Gebraucht Hersteller: KEYENCE Modell: IM 6025 Baujahr: 2016 Keyence IM-6025 Messmaschine \u2013 Schnelle und pr\u00e4zise optische Messung Verkauft wird eine Keyence IM-6025 Messmaschine, ideal f\u00fcr die schnelle Serienpr\u00fcfung, Wareneingangskontrolle sowie pr\u00e4zise Ma\u00dfkontrollen in der Fertigung. Baujahr: 09\/2016 Hauptmerkmale: Hersteller: Keyence Modell: IM-6025 Baujahr: 09\/2016 Messbereich: 300 \u00d7 200 mm (modellabh\u00e4ngig) [&hellip;]<\/p>\n","protected":false},"featured_media":4857,"comment_status":"open","ping_status":"closed","template":"","meta":{"_uf_show_specific_survey":0,"_uf_disable_surveys":false},"product_brand":[],"product_cat":[98],"product_tag":[],"class_list":{"0":"post-4856","1":"product","2":"type-product","3":"status-publish","4":"has-post-thumbnail","6":"product_cat-messtechnik","8":"first","9":"instock","10":"taxable","11":"shipping-taxable","12":"product-type-simple"},"aioseo_notices":[],"_links":{"self":[{"href":"https:\/\/mueller-wrh.de\/es\/wp-json\/wp\/v2\/product\/4856","targetHints":{"allow":["GET"]}}],"collection":[{"href":"https:\/\/mueller-wrh.de\/es\/wp-json\/wp\/v2\/product"}],"about":[{"href":"https:\/\/mueller-wrh.de\/es\/wp-json\/wp\/v2\/types\/product"}],"replies":[{"embeddable":true,"href":"https:\/\/mueller-wrh.de\/es\/wp-json\/wp\/v2\/comments?post=4856"}],"wp:featuredmedia":[{"embeddable":true,"href":"https:\/\/mueller-wrh.de\/es\/wp-json\/wp\/v2\/media\/4857"}],"wp:attachment":[{"href":"https:\/\/mueller-wrh.de\/es\/wp-json\/wp\/v2\/media?parent=4856"}],"wp:term":[{"taxonomy":"product_brand","embeddable":true,"href":"https:\/\/mueller-wrh.de\/es\/wp-json\/wp\/v2\/product_brand?post=4856"},{"taxonomy":"product_cat","embeddable":true,"href":"https:\/\/mueller-wrh.de\/es\/wp-json\/wp\/v2\/product_cat?post=4856"},{"taxonomy":"product_tag","embeddable":true,"href":"https:\/\/mueller-wrh.de\/es\/wp-json\/wp\/v2\/product_tag?post=4856"}],"curies":[{"name":"wp","href":"https:\/\/api.w.org\/{rel}","templated":true}]}}