{"id":4848,"date":"2026-02-18T12:37:51","date_gmt":"2026-02-18T12:37:51","guid":{"rendered":"https:\/\/mueller-wrh.de\/produkt\/mitutoyo-pj-a3000_profilprojektor_bj-2015_intnr231490\/"},"modified":"2026-02-18T12:37:51","modified_gmt":"2026-02-18T12:37:51","slug":"mitutoyo-pj-a3000_profilprojektor_bj-2015_intnr231490","status":"publish","type":"product","link":"https:\/\/mueller-wrh.de\/es\/producto\/mitutoyo-pj-a3000_profilprojektor_bj-2015_intnr231490\/","title":{"rendered":"Mitutoyo PJ A3000_proyector_de_perfiles_a\u00f1o_2015_IntNo231490"},"content":{"rendered":"<p><b>Ubicaci\u00f3n:<\/b> Alemania, Baden-W\u00fcrttemberg Suroeste<\/p>\n<p><b>Estado:<\/b> Usado<\/p>\n<p><b>Fabricante:<\/b> Mitutoyo<\/p>\n<p><b>Modelo:<\/b> PJ-A3000<\/p>\n<p><b>A\u00f1o de construcci\u00f3n:<\/b> 2015<\/p>\n<p><b>Horario de apertura:<\/b> ninguno<\/p>\n<p>Proyector de perfiles Mitutoyo PJ-A3000 - Medici\u00f3n \u00f3ptica precisa<\/p>\n<p>Se vende un proyector de perfiles Mitutoyo PJ-A3000, ideal para control de calidad, control de producci\u00f3n y mediciones precisas de piezas de trabajo.<br \/>\nA\u00f1o 2015<\/p>\n<p>Caracter\u00edsticas principales:<\/p>\n<p>Fabricante: Mitutoyo Corporation<\/p>\n<p>Modelo: PJ-A3000<\/p>\n<p>Pantalla de proyecci\u00f3n: \u00d8 315 mm<\/p>\n<p>Aumento: 10\u00d7 est\u00e1ndar, (20\u00d7, 50\u00d7, 100\u00d7 opcionales)<\/p>\n<p>Precisi\u00f3n de medici\u00f3n: \u00b10,001 mm (resoluci\u00f3n XY)<\/p>\n<p>Movimiento de la mesa: Diferentes rangos de medici\u00f3n seg\u00fan el modelo (hasta 200\u00d7100 mm)<\/p>\n<p>Iluminaci\u00f3n: L\u00e1mpara hal\u00f3gena 24 V \/ 150 W<\/p>\n<p>Funciones: Visualizaci\u00f3n digital XY, medici\u00f3n de \u00e1ngulos, interfaz RS-232C<\/p>\n<p>M\u00e1x. Altura de la pieza: aprox. 92,5-123,5 mm<\/p>\n<p>Caracter\u00edsticas especiales: Sistema \u00f3ptico telec\u00e9ntrico para una visualizaci\u00f3n sin distorsiones, mesa giratoria, enfoque manual<\/p>\n<p>Estado: Usado, probado y en funcionamiento.<\/p>\n<p>Aplicaci\u00f3n: Ideal para procesamiento de metales y pl\u00e1sticos, formaci\u00f3n, laboratorio y mediciones de precisi\u00f3n.<\/p>\n<p>La m\u00e1quina puede inspeccionarse con cita previa.<br \/>\n\u00a1Cambios y errores en los datos t\u00e9cnicos y la informaci\u00f3n, as\u00ed como la venta previa reservados!<\/p>\n<p>Mitutoyo PJ-A3000 Proyector de perfiles - Medici\u00f3n \u00f3ptica precisa<\/p>\n<p>Se vende un proyector de perfiles Mitutoyo PJ-A3000, ideal para control de calidad, control de producci\u00f3n y mediciones precisas de piezas de trabajo.<br \/>\nA\u00f1o de fabricaci\u00f3n: 2015<\/p>\n<p>Caracter\u00edsticas principales:<\/p>\n<p>Fabricante: Mitutoyo Corporation<\/p>\n<p>Modelo: PJ-A3000<\/p>\n<p>Pantalla de proyecci\u00f3n: \u00d8 315 mm<\/p>\n<p>Aumento: 10\u00d7 est\u00e1ndar (20\u00d7, 50\u00d7, 100\u00d7 opcionales)<\/p>\n<p>Precisi\u00f3n de medici\u00f3n: \u00b10,001 mm (resoluci\u00f3n XY)<\/p>\n<p>Tabla de desplazamiento: Distintos rangos de medici\u00f3n seg\u00fan el modelo (hasta 200\u00d7100 mm)<\/p>\n<p>Iluminaci\u00f3n: L\u00e1mpara hal\u00f3gena 24 V \/ 150 W<\/p>\n<p>Funciones: lectura digital XY, medici\u00f3n de \u00e1ngulos, interfaz RS-232C<\/p>\n<p>M\u00e1x. Altura de la pieza: aprox. 92,5-123,5 mm<\/p>\n<p>Caracter\u00edsticas especiales: sistema \u00f3ptico telec\u00e9ntrico para una proyecci\u00f3n sin distorsiones, mesa giratoria, enfoque manual<\/p>\n<p>Estado: Usado, probado y totalmente funcional.<\/p>\n<p>Aplicaciones: Ideal para el procesamiento de metales y pl\u00e1sticos, formaci\u00f3n, laboratorios y mediciones de precisi\u00f3n.<\/p>\n<p>La m\u00e1quina puede inspeccionarse bajo tensi\u00f3n previa cita.<br \/>\nLas especificaciones t\u00e9cnicas est\u00e1n sujetas a cambios, errores y venta previa reservada.<\/p>","protected":false},"excerpt":{"rendered":"<p>Standort: Deutschland, Baden-W\u00fcrttemberg S\u00fcdwest Zustand: Gebraucht Hersteller: Mitutoyo Modell: PJ-A3000 Baujahr: 2015 Betriebsstunden: keine Mitutoyo PJ-A3000 Profilprojektor \u2013 Pr\u00e4zise optische Messung Verkauft wird ein Mitutoyo PJ-A3000 Profilprojektor, ideal f\u00fcr die Qualit\u00e4tssicherung, Fertigungskontrolle und pr\u00e4zise Werkst\u00fcckmessungen. Bj.2015 Hauptmerkmale: Hersteller: Mitutoyo Corporation Modell: PJ-A3000 Projektionsbildschirm: \u00d8 315\u202fmm Vergr\u00f6\u00dferung: 10\u00d7 Standard, (optional 20\u00d7, 50\u00d7, 100\u00d7) Messgenauigkeit: \u00b10,001\u202fmm (XY-Aufl\u00f6sung) [&hellip;]<\/p>\n","protected":false},"featured_media":4843,"comment_status":"open","ping_status":"closed","template":"","meta":{"_uf_show_specific_survey":0,"_uf_disable_surveys":false},"product_brand":[],"product_cat":[98],"product_tag":[],"class_list":{"0":"post-4848","1":"product","2":"type-product","3":"status-publish","4":"has-post-thumbnail","6":"product_cat-messtechnik","8":"first","9":"instock","10":"taxable","11":"shipping-taxable","12":"product-type-simple"},"aioseo_notices":[],"_links":{"self":[{"href":"https:\/\/mueller-wrh.de\/es\/wp-json\/wp\/v2\/product\/4848","targetHints":{"allow":["GET"]}}],"collection":[{"href":"https:\/\/mueller-wrh.de\/es\/wp-json\/wp\/v2\/product"}],"about":[{"href":"https:\/\/mueller-wrh.de\/es\/wp-json\/wp\/v2\/types\/product"}],"replies":[{"embeddable":true,"href":"https:\/\/mueller-wrh.de\/es\/wp-json\/wp\/v2\/comments?post=4848"}],"wp:featuredmedia":[{"embeddable":true,"href":"https:\/\/mueller-wrh.de\/es\/wp-json\/wp\/v2\/media\/4843"}],"wp:attachment":[{"href":"https:\/\/mueller-wrh.de\/es\/wp-json\/wp\/v2\/media?parent=4848"}],"wp:term":[{"taxonomy":"product_brand","embeddable":true,"href":"https:\/\/mueller-wrh.de\/es\/wp-json\/wp\/v2\/product_brand?post=4848"},{"taxonomy":"product_cat","embeddable":true,"href":"https:\/\/mueller-wrh.de\/es\/wp-json\/wp\/v2\/product_cat?post=4848"},{"taxonomy":"product_tag","embeddable":true,"href":"https:\/\/mueller-wrh.de\/es\/wp-json\/wp\/v2\/product_tag?post=4848"}],"curies":[{"name":"wp","href":"https:\/\/api.w.org\/{rel}","templated":true}]}}