{"id":4822,"date":"2026-02-11T14:24:12","date_gmt":"2026-02-11T14:24:12","guid":{"rendered":"https:\/\/mueller-wrh.de\/produkt\/deckel-maho-dmf-250-bj-2004-intnr231486\/"},"modified":"2026-02-11T14:43:02","modified_gmt":"2026-02-11T14:43:02","slug":"deckel-maho-dmf-250-bj-2004-intnr231486","status":"publish","type":"product","link":"https:\/\/mueller-wrh.de\/es\/producto\/deckel-maho-dmf-250-bj-2004-intnr231486\/","title":{"rendered":"Cubierta Maho DMF 250 lineal a\u00f1o 2004, IntNr231486"},"content":{"rendered":"<p><b>Ubicaci\u00f3n:<\/b> Alemania, Baden-W\u00fcrttemberg Suroeste<\/p>\n<p><b>Estado:<\/b> Usado<\/p>\n<p><b>Fabricante:<\/b> DMG<\/p>\n<p><b>Modelo:<\/b> DMF 250<\/p>\n<p><b>A\u00f1o de construcci\u00f3n:<\/b> 2004<\/p>\n<p><b>Horario de apertura:<\/b> 0<\/p>\n<p>Centro de mecanizado CNC de 5 ejes reacondicionado usado Deckel MAHO DMF 250 linear<br \/>\nA\u00f1o de construcci\u00f3n 2004<\/p>\n<p>Control: Heidenhain iTNC 530<br \/>\nDatos t\u00e9cnicos:<br \/>\nDistancia de desplazamiento X: 2.500 mm<br \/>\nDistancia de desplazamiento Y: 920 mm<br \/>\nDistancia de desplazamiento Z: 820 mm<br \/>\nEje B: x\/- 105\u00b0<\/p>\n<p>Mesa de trabajo: 3100 x 900 mm<\/p>\n<p>Excepci\u00f3n de husillo: HSK 63<br \/>\nVelocidades del husillo: 20 - 18.000 rpm.<br \/>\nCambiador de herramientas: 30 piezas.<\/p>\n<p>Equipado con:<br \/>\n- Transportador de virutas<br \/>\n- Refrigeraci\u00f3n por husillo 40 bar<br \/>\n- Instrucciones de uso<\/p>\n<p>Pa\u00eds de origen: Alemania<br \/>\nPotencia del motor: 35 KW<br \/>\nLxAnxAl de la m\u00e1quina: 6000 x 3800 x 2950 mm<br \/>\nPeso de la m\u00e1quina: 25.000 kg<\/p>\n<p>La m\u00e1quina puede inspeccionarse con cita previa.<br \/>\n\u00a1Cambios y errores en los datos t\u00e9cnicos y la informaci\u00f3n, as\u00ed como la venta previa reservados!<\/p>\n<p>Centro de mecanizado CNC de 5 ejes Deckel MAHO DMF 250 linear reacondicionado en buen estado.<br \/>\nA\u00f1o de fabricaci\u00f3n: 2004.<\/p>\n<p>Control: Heidenhain iTNC 530.<br \/>\nDatos t\u00e9cnicos:<br \/>\nDistancia de recorrido X: 2.500 mm.<br \/>\nDistancia de desplazamiento Y: 920 mm.<br \/>\nDistancia de desplazamiento Z: 820 mm.<br \/>\nEje B: x\/- 105\u00b0<\/p>\n<p>Mesa de trabajo: 3100 x 900 mm<\/p>\n<p>Excepci\u00f3n de husillo: HSK 63<br \/>\nVelocidades del husillo: 20 - 18.000 rpm<br \/>\nCambiador de herramientas: 30 piezas.<\/p>\n<p>Equipado con:<br \/>\n- Transportador de virutas<br \/>\n- Refrigeraci\u00f3n por husillo 40 bar<br \/>\n- Instrucciones de uso<\/p>\n<p>Pa\u00eds de origen: Alemania<br \/>\nPotencia del motor: 35 KW<br \/>\nLxAnxAl de la m\u00e1quina: 6000 x 3800 x 2950 mm<br \/>\nPeso de la m\u00e1quina: 25.000 kg<\/p>\n<p>La m\u00e1quina puede visitarse con cita previa.<br \/>\n\u00a1Sujeto a cambios y errores en los datos t\u00e9cnicos y especificaciones, as\u00ed como a la venta previa!<\/p>","protected":false},"excerpt":{"rendered":"<p>Standort: Deutschland, Baden-W\u00fcrttemberg S\u00fcdwest Zustand: Gebraucht Hersteller: DMG Modell: DMF 250 Baujahr: 2004 Betriebsstunden: 0 Gebrauchtes \u00fcberholtes 5-Achs CNC Bearbeitungszentrum Deckel MAHO DMF 250 linear Baujahr 2004 Steuerung: Heidenhain iTNC 530 Technische Daten: Verfahrweg X: 2.500 mm Verfahrweg Y: 920 mm Verfahrweg Z: 820 mm B-Achse: x\/- 105\u00b0 Arbeitstisch: 3100 x 900 mm Spindel Ausnahme: [&hellip;]<\/p>\n","protected":false},"featured_media":4830,"comment_status":"open","ping_status":"closed","template":"","meta":{"_uf_show_specific_survey":0,"_uf_disable_surveys":false},"product_brand":[],"product_cat":[21],"product_tag":[],"class_list":{"0":"post-4822","1":"product","2":"type-product","3":"status-publish","4":"has-post-thumbnail","6":"product_cat-cnc-bearbeitungszentrum","8":"first","9":"instock","10":"taxable","11":"shipping-taxable","12":"product-type-simple"},"aioseo_notices":[],"_links":{"self":[{"href":"https:\/\/mueller-wrh.de\/es\/wp-json\/wp\/v2\/product\/4822","targetHints":{"allow":["GET"]}}],"collection":[{"href":"https:\/\/mueller-wrh.de\/es\/wp-json\/wp\/v2\/product"}],"about":[{"href":"https:\/\/mueller-wrh.de\/es\/wp-json\/wp\/v2\/types\/product"}],"replies":[{"embeddable":true,"href":"https:\/\/mueller-wrh.de\/es\/wp-json\/wp\/v2\/comments?post=4822"}],"wp:featuredmedia":[{"embeddable":true,"href":"https:\/\/mueller-wrh.de\/es\/wp-json\/wp\/v2\/media\/4830"}],"wp:attachment":[{"href":"https:\/\/mueller-wrh.de\/es\/wp-json\/wp\/v2\/media?parent=4822"}],"wp:term":[{"taxonomy":"product_brand","embeddable":true,"href":"https:\/\/mueller-wrh.de\/es\/wp-json\/wp\/v2\/product_brand?post=4822"},{"taxonomy":"product_cat","embeddable":true,"href":"https:\/\/mueller-wrh.de\/es\/wp-json\/wp\/v2\/product_cat?post=4822"},{"taxonomy":"product_tag","embeddable":true,"href":"https:\/\/mueller-wrh.de\/es\/wp-json\/wp\/v2\/product_tag?post=4822"}],"curies":[{"name":"wp","href":"https:\/\/api.w.org\/{rel}","templated":true}]}}