{"id":4791,"date":"2026-02-04T15:42:35","date_gmt":"2026-02-04T15:42:35","guid":{"rendered":"https:\/\/mueller-wrh.de\/produkt\/chiron-mill-6000-high-speed-mit-nc-schwenkkopf-bj-2004-ueberholt-2013_-intnr231477\/"},"modified":"2026-02-04T15:42:35","modified_gmt":"2026-02-04T15:42:35","slug":"chiron-mill-6000-high-speed-mit-nc-schwenkkopf-bj-2004-ueberholt-2013_-intnr231477","status":"publish","type":"product","link":"https:\/\/mueller-wrh.de\/es\/producto\/chiron-mill-6000-high-speed-mit-nc-schwenkkopf-bj-2004-ueberholt-2013_-intnr231477\/","title":{"rendered":"FRESADOR CHIRON 6000 de alta velocidad con cabezal giratorio NC, a\u00f1o 2004 \/ revisado 2013_ IntNr231477"},"content":{"rendered":"<p><b>Ubicaci\u00f3n:<\/b> Alemania, Baden-W\u00fcrttemberg Suroeste<\/p>\n<p><b>Estado:<\/b> Usado<\/p>\n<p><b>Fabricante:<\/b> Quir\u00f3n<\/p>\n<p><b>Modelo:<\/b> Fresadora Chiron MILL 6000 de alta velocidad con cabezal giratorio NC<\/p>\n<p><b>A\u00f1o de construcci\u00f3n:<\/b> 2004<\/p>\n<p><b>Horario de apertura:<\/b> 77374<\/p>\n<p>Centro de mecanizado CNC vertical<br \/>\nFresadora Chiron MILL 6000 de alta velocidad con cabezal giratorio NC<br \/>\nA\u00f1o de construcci\u00f3n 2004, revisi\u00f3n a fondo 2013<br \/>\nLa m\u00e1quina fue completamente revisada por el fabricante Chiron en 2013.<br \/>\nHoras de funcionamiento aprox. 80.374 h<br \/>\nSustituci\u00f3n del husillo Marzo 2021 Horas del husillo aprox. 8.000 h<br \/>\nEl mantenimiento se llev\u00f3 a cabo en enero de 2024<br \/>\nDatos t\u00e9cnicos:<br \/>\nSiemens 840D (PCU50, NCU572.4) <\/p>\n<p>Cabezal giratorio NC  <\/p>\n<p>Paquete de alta velocidad:<br \/>\nMotor husillo D 12.000 rpm, 140 Nm<br \/>\nRecorrido X 6.000 mm \/ Y 630 mm \/ Z 550 mm<br \/>\nDesplazamiento r\u00e1pido en X \/ Y \/ Z 60 m\/min.<br \/>\nTiempo chip a chip 3,0 seg. (3,3 seg. DIN) vertical y 4,7 seg. (5,0 seg. DIN) horizontal<br \/>\nPaquete de producci\u00f3n:<br \/>\nCinta transportadora rascadora, altura de descarga 1.050 mm<br \/>\nPreparaci\u00f3n de la ZCI<br \/>\nFiltro rotativo de vac\u00edo KNOLL VRF250 (acero, hierro fundido, aluminio, pl\u00e1stico, lat\u00f3n)<br \/>\nAlta presi\u00f3n 70 bar con bomba HP y v\u00e1lvula variable<br \/>\nPuertas de carga autom\u00e1ticas<br \/>\nTabique central para mecanizado pendular<br \/>\n92 posiciones de herramienta HSK-A63 (almac\u00e9n de fondo)<br \/>\nPaquete de fresado de 5 ejes<br \/>\nAire soplado<br \/>\nControl de la vida \u00fatil de las herramientas<br \/>\nV24 RS232 adicional en el armario el\u00e9ctrico<br \/>\nInterfaz BDE\/MDE (estados: m\u00e1quina encendida, m\u00e1quina en marcha, contador de piezas)<br \/>\nMarposs (Brankamp) Control de colisiones CMS100<br \/>\nModelo de m\u00e1quina en 3D para la simulaci\u00f3n cinem\u00e1tica en el sistema de programaci\u00f3n CAM<br \/>\nUnidad hidr\u00e1ulica 210 bar, 2 circuitos de sujeci\u00f3n, presi\u00f3n de sujeci\u00f3n del sistema independiente para cada campo pendular,<br \/>\nControl de la presi\u00f3n de apriete  <\/p>\n<p>Sistema de sujeci\u00f3n lineal KOHN<br \/>\n8 mordaza hidr\u00e1ulica KOHN Multi 2000 MFS 125\/680 HD <\/p>\n<p>Rejilla escalonada en dos partes para los operarios en toda la anchura de trabajo de 6.000 mm. <\/p>\n<p>Altura de la m\u00e1quina: aprox. 3.000<br \/>\nPeso total: aprox. 20.000 kg <\/p>\n<p>La m\u00e1quina puede inspeccionarse con cita previa.<br \/>\n\u00a1Cambios y errores en los datos t\u00e9cnicos y la informaci\u00f3n, as\u00ed como la venta previa reservados!<\/p>\n<p>Centro de mecanizado CNC vertical<br \/>\nFRESADORA CHIRON 6000 de alta velocidad con cabezal giratorio NC<br \/>\nA\u00f1o de fabricaci\u00f3n: 2004 - revisi\u00f3n a fondo por el fabricante CHIRON en 2013<br \/>\nLa m\u00e1quina fue sometida a una revisi\u00f3n completa en f\u00e1brica por CHIRON en 2013.<br \/>\nHoras de funcionamiento: aprox. 80.374 h<br \/>\nSustituci\u00f3n del husillo: marzo de 2021 - horas del husillo: aprox. 8.000 h<br \/>\n\u00daltimo mantenimiento realizado: Enero 2024<br \/>\nEspecificaciones t\u00e9cnicas:<\/p>\n<p>Control: Siemens 840D (PCU50, NCU572.4)<br \/>\nCabezal giratorio NC<br \/>\nPaquete de alta velocidad: Motor husillo de hasta 12.000 rpm, 140 Nm<br \/>\nRecorridos: X 6.000 mm \/ Y 630 mm \/ Z 550 mm<br \/>\nAvance r\u00e1pido en X \/ Y \/ Z: 60 m\/min<br \/>\nTiempo chip a chip: 3,0 s (3,3 s DIN) vertical \/ 4,7 s (5,0 s DIN) horizontal<br \/>\nPaquete de producci\u00f3n:<br \/>\nCinta transportadora rascadora, altura de descarga 1.050 mm<br \/>\nPreparaci\u00f3n para el suministro interno de refrigerante (IKZ)<br \/>\nFiltro rotativo de vac\u00edo KNOLL VRF250 (para acero, fundici\u00f3n, aluminio, pl\u00e1stico, lat\u00f3n)<br \/>\nAlta presi\u00f3n 70 bar con bomba HP y v\u00e1lvula variable<br \/>\nPuertas de carga autom\u00e1ticas<br \/>\nTabique central para mecanizado pendular<br \/>\n92 posiciones de herramienta HSK-A63 (almac\u00e9n de fondo)<br \/>\nPaquete de fresado de 5 ejes<br \/>\nR\u00e1faga de aire<br \/>\nControl de la vida \u00fatil de las herramientas<br \/>\nInterfaz RS232 V24 adicional en el armario el\u00e9ctrico<br \/>\nInterfaz BDE\/MDE (m\u00e1quina encendida, m\u00e1quina en marcha, contador de piezas)<br \/>\nControl de colisiones Marposs (Brankamp) CMS100<br \/>\nModelo de m\u00e1quina en 3D para la simulaci\u00f3n cinem\u00e1tica en el sistema de programaci\u00f3n CAM<br \/>\nUnidad hidr\u00e1ulica 210 bar, 2 circuitos de sujeci\u00f3n, presi\u00f3n de sujeci\u00f3n del sistema separada por campo pendular, control de la presi\u00f3n de sujeci\u00f3n<br \/>\nSistema de sujeci\u00f3n lineal KOHN<br \/>\n8 tornillos de banco hidr\u00e1ulicos KOHN Multi 2000 MFS 125\/680 HD<\/p>\n<p>Plataforma del operador en dos partes (rejilla de rodadura) en toda la anchura de trabajo de 6.000 mm<\/p>\n<p>Dimensiones y peso:<\/p>\n<p>Altura de la m\u00e1quina: aprox. 3.000 mm<br \/>\nPeso total: aprox. 20.000 kg<\/p>\n<p>Debido al largo recorrido en X de 6.000 mm (dise\u00f1o de bancada larga), el espacio de suelo necesario es considerable:<\/p>\n<p>Longitud aproximada (a lo largo del eje X): 9-10 m (la huella de la m\u00e1quina suele ser de ~8-9 m, m\u00e1s el acceso del operario\/mantenimiento ~9-10 m en total)<br \/>\nAnchura aproximada (a lo largo del eje Y): 3-3,5 m (cuerpo de la m\u00e1quina ~2,8-3 m, m\u00e1s distancia de seguridad\/operativa)<\/p>\n<p>La m\u00e1quina puede inspeccionarse bajo tensi\u00f3n previa cita.<br \/>\nLas especificaciones t\u00e9cnicas y la informaci\u00f3n est\u00e1n sujetas a cambios y errores, y se reserva el derecho de venta previa.<\/p>","protected":false},"excerpt":{"rendered":"<p>Standort: Deutschland, Baden-W\u00fcrttemberg S\u00fcdwest Zustand: Gebraucht Hersteller: Chiron Modell: Chiron MILL 6000 high speed mit NC-Schwenkkopf Baujahr: 2004 Betriebsstunden: 77374 Vertikales CNC-Fertigungszentrum Chiron MILL 6000 high speed mit NC-Schwenkkopf Baujahr 2004, gro\u00dfe Grund\u00fcberholung 2013 Die Maschine wurde 2013 vom Hersteller Chiron grund\u00fcberholt. Betriebsstunden ca. 80.374 h Spindeltausch M\u00e4rz 2021 Spindelstunden ca. 8.000 h Wartung wurde [&hellip;]<\/p>\n","protected":false},"featured_media":4786,"comment_status":"open","ping_status":"closed","template":"","meta":{"_uf_show_specific_survey":0,"_uf_disable_surveys":false},"product_brand":[],"product_cat":[21],"product_tag":[],"class_list":{"0":"post-4791","1":"product","2":"type-product","3":"status-publish","4":"has-post-thumbnail","6":"product_cat-cnc-bearbeitungszentrum","8":"first","9":"instock","10":"taxable","11":"shipping-taxable","12":"product-type-simple"},"aioseo_notices":[],"_links":{"self":[{"href":"https:\/\/mueller-wrh.de\/es\/wp-json\/wp\/v2\/product\/4791","targetHints":{"allow":["GET"]}}],"collection":[{"href":"https:\/\/mueller-wrh.de\/es\/wp-json\/wp\/v2\/product"}],"about":[{"href":"https:\/\/mueller-wrh.de\/es\/wp-json\/wp\/v2\/types\/product"}],"replies":[{"embeddable":true,"href":"https:\/\/mueller-wrh.de\/es\/wp-json\/wp\/v2\/comments?post=4791"}],"wp:featuredmedia":[{"embeddable":true,"href":"https:\/\/mueller-wrh.de\/es\/wp-json\/wp\/v2\/media\/4786"}],"wp:attachment":[{"href":"https:\/\/mueller-wrh.de\/es\/wp-json\/wp\/v2\/media?parent=4791"}],"wp:term":[{"taxonomy":"product_brand","embeddable":true,"href":"https:\/\/mueller-wrh.de\/es\/wp-json\/wp\/v2\/product_brand?post=4791"},{"taxonomy":"product_cat","embeddable":true,"href":"https:\/\/mueller-wrh.de\/es\/wp-json\/wp\/v2\/product_cat?post=4791"},{"taxonomy":"product_tag","embeddable":true,"href":"https:\/\/mueller-wrh.de\/es\/wp-json\/wp\/v2\/product_tag?post=4791"}],"curies":[{"name":"wp","href":"https:\/\/api.w.org\/{rel}","templated":true}]}}