{"id":4785,"date":"2026-02-04T15:42:21","date_gmt":"2026-02-04T15:42:21","guid":{"rendered":"https:\/\/mueller-wrh.de\/produkt\/citizen-a32-mit-fmb-baujahr-2015-intnr231480\/"},"modified":"2026-03-07T13:49:52","modified_gmt":"2026-03-07T13:49:52","slug":"citizen-a32-mit-fmb-baujahr-2015-intnr231480","status":"publish","type":"product","link":"https:\/\/mueller-wrh.de\/es\/producto\/citizen-a32-mit-fmb-baujahr-2015-intnr231480\/","title":{"rendered":"Citizen A232-VIIPL con FMB a\u00f1o de fabricaci\u00f3n 2015 IntNr231480"},"content":{"rendered":"<p><b>Standort:<\/b> Deutschland, Baden-W\u00fcrttemberg S\u00fcdwest<\/p>\n<p><b>Zustand:<\/b> Gebraucht<\/p>\n<p><b>Hersteller:<\/b> Citizen Machinery<\/p>\n<p><b>Modell:<\/b> A32 (A232-VIIPL)<\/p>\n<p><b>Baujahr:<\/b> 2015<\/p>\n<p><b>Betriebsstunden:<\/b> 10680<\/p>\n<p>CNC-Langdrehmaschine Citizen A32 (A232-VIIPL)<br \/>\nBj 2015<br \/>\nSteuerung, Cincom Mitsubishi Meldas M70<br \/>\nTECHNISCHE DATEN<br \/>\nAnzahl der Achsen : 7<br \/>\nAnzahl von Spindeln : 2<br \/>\nHAUPTSPINDEL<br \/>\nMax. Stangendurchmesser : 32 [mm]<br \/>\nBlebr Sg Uwoxrvxde Hjc<br \/>\nMax. bearbeitbare L\u00e4nge : 320 [mm]<br \/>\nVerfahrweg : 325 [mm]<br \/>\nSpindeldrehzahl : 200 &#8211; 8.000 [Upm]<br \/>\nSpindelantriebleistung : 5,5 \/ 7,5 [kW]<br \/>\nMinimum Aufl\u00f6sung C-Achse : 0,001 [Grad]<br \/>\nGEGENSPINDEL<br \/>\nMax. Stangendurchmesser : 32 [mm]<br \/>\nVerfahrweg Z : 290 [mm]<br \/>\nVerfahrweg X : 370 [mm]<br \/>\nSpindeldrehzahl : 200 &#8211; 8.000 [Upm]<br \/>\nSpindelantriebleistung : 2,7 \/ 3,7 [kW]<br \/>\nMinimum Aufl\u00f6sung C-Achse : 0,001 [Grad]<br \/>\nAngetriebenes Werkzeug R\u00fcckseitenbearbeitung<br \/>\nZubeh\u00f6r<br \/>\nHandb\u00fccher und Dokumentation<\/p>\n<p>Teilef\u00f6rderband<br \/>\nSp\u00e4nef\u00f6rderer LNS<\/p>\n<p>Lademagazin FMB Turbo 3-36 \/ 3200<\/p>\n<p>GEWICHT UND ABMESSUNGEN<br \/>\nPlatzbedarf : (LxBxH) 2.520 x 1.300 x 2.229 [mm]<br \/>\nMaschinengewicht : ca. 3.500 [kg]<\/p>\n<p>Die Maschine kann nach Terminvereinbarung besichtigt werden.<br \/>\nAenderungen und Irrtuemer in den technischen Daten und Angaben sowie Zwischenverkauf vorbehalten!<\/p>\n<p>CNC Swiss-Type Lathe Citizen A32 (A232-VIIPL)<br \/>\nYear of Manufacture: 2015<br \/>\nControl: Cincom Mitsubishi Meldas M70<\/p>\n<p>TECHNICAL DATA<\/p>\n<p>Number of axes: 7<br \/>\nNumber of spindles: 2<\/p>\n<p>MAIN SPINDLE<\/p>\n<p>Max. bar diameter: 32 mm<\/p>\n<p>Max. machining length: 320 mm<\/p>\n<p>Travel: 325 mm<\/p>\n<p>Spindle speed: 200 \u2013 8,000 RPM<\/p>\n<p>Spindle drive power: 5.5 \/ 7.5 kW<\/p>\n<p>Minimum resolution C-axis: 0.001\u00b0<\/p>\n<p>COUNTER SPINDLE<\/p>\n<p>Max. bar diameter: 32 mm<\/p>\n<p>Z-axis travel: 290 mm<\/p>\n<p>X-axis travel: 370 mm<\/p>\n<p>Spindle speed: 200 \u2013 8,000 RPM<\/p>\n<p>Spindle drive power: 2.7 \/ 3.7 kW<\/p>\n<p>Minimum resolution C-axis: 0.001\u00b0<\/p>\n<p>Driven Tools \/ Backworking<\/p>\n<p>Equipped with driven tools for rear-side machining<\/p>\n<p>ACCESSORIES<\/p>\n<p>Manuals and documentation<\/p>\n<p>Parts conveyor belt<\/p>\n<p>Chip conveyor LNS<\/p>\n<p>Loading magazine FMB Turbo 3-36 \/ 3200<\/p>\n<p>WEIGHT AND DIMENSIONS<\/p>\n<p>Footprint (L\u00d7W\u00d7H): 2,520 \u00d7 1,300 \u00d7 2,229 mm<\/p>\n<p>Machine weight: approx. 3,500 kg<\/p>\n<p>The machine is available for inspection by appointment.<br \/>\nTechnical data and information are subject to change and errors, as well as prior sale.<\/p>\n","protected":false},"excerpt":{"rendered":"<p>Standort: Deutschland, Baden-W\u00fcrttemberg S\u00fcdwest Zustand: Gebraucht Hersteller: Citizen Machinery Modell: A32 (A232-VIIPL) Baujahr: 2015 Betriebsstunden: 10680 CNC-Langdrehmaschine Citizen A32 (A232-VIIPL) Bj 2015 Steuerung, Cincom Mitsubishi Meldas M70 TECHNISCHE DATEN Anzahl der Achsen : 7 Anzahl von Spindeln : 2 HAUPTSPINDEL Max. Stangendurchmesser : 32 [mm] Blebr Sg Uwoxrvxde Hjc Max. bearbeitbare L\u00e4nge : 320 [mm] [&hellip;]<\/p>\n","protected":false},"featured_media":4922,"comment_status":"open","ping_status":"closed","template":"","meta":{"_uf_show_specific_survey":0,"_uf_disable_surveys":false},"product_brand":[],"product_cat":[23],"product_tag":[],"class_list":{"0":"post-4785","1":"product","2":"type-product","3":"status-publish","4":"has-post-thumbnail","6":"product_cat-cnc-langdrehmaschinen","8":"first","9":"instock","10":"taxable","11":"shipping-taxable","12":"product-type-simple"},"aioseo_notices":[],"_links":{"self":[{"href":"https:\/\/mueller-wrh.de\/es\/wp-json\/wp\/v2\/product\/4785","targetHints":{"allow":["GET"]}}],"collection":[{"href":"https:\/\/mueller-wrh.de\/es\/wp-json\/wp\/v2\/product"}],"about":[{"href":"https:\/\/mueller-wrh.de\/es\/wp-json\/wp\/v2\/types\/product"}],"replies":[{"embeddable":true,"href":"https:\/\/mueller-wrh.de\/es\/wp-json\/wp\/v2\/comments?post=4785"}],"wp:featuredmedia":[{"embeddable":true,"href":"https:\/\/mueller-wrh.de\/es\/wp-json\/wp\/v2\/media\/4922"}],"wp:attachment":[{"href":"https:\/\/mueller-wrh.de\/es\/wp-json\/wp\/v2\/media?parent=4785"}],"wp:term":[{"taxonomy":"product_brand","embeddable":true,"href":"https:\/\/mueller-wrh.de\/es\/wp-json\/wp\/v2\/product_brand?post=4785"},{"taxonomy":"product_cat","embeddable":true,"href":"https:\/\/mueller-wrh.de\/es\/wp-json\/wp\/v2\/product_cat?post=4785"},{"taxonomy":"product_tag","embeddable":true,"href":"https:\/\/mueller-wrh.de\/es\/wp-json\/wp\/v2\/product_tag?post=4785"}],"curies":[{"name":"wp","href":"https:\/\/api.w.org\/{rel}","templated":true}]}}