{"id":4732,"date":"2026-01-22T10:33:40","date_gmt":"2026-01-22T10:33:40","guid":{"rendered":"https:\/\/mueller-wrh.de\/produkt\/messmaschine-keyence_im6020_bj-06_2011-_intnr231473\/"},"modified":"2026-02-26T13:30:52","modified_gmt":"2026-02-26T13:30:52","slug":"messmaschine-keyence_im6020_bj-06_2011-_intnr231473","status":"publish","type":"product","link":"https:\/\/mueller-wrh.de\/es\/producto\/messmaschine-keyence_im6020_bj-06_2011-_intnr231473\/","title":{"rendered":"M\u00e1quina de medici\u00f3n Keyence_IM6020_Year_06_2011 _IntNo231473-VK"},"content":{"rendered":"<p><b>Standort:<\/b> Deutschland, Baden-W\u00fcrttemberg S\u00fcdwest<\/p>\n<p><b>Zustand:<\/b> Gebraucht<\/p>\n<p><b>Hersteller:<\/b> KEYENCE<\/p>\n<p><b>Modell:<\/b> IM 6020<\/p>\n<p><b>Baujahr:<\/b> 2011<\/p>\n<p>KEYENCE_Modellreihe IM-6020_Bj.2011<\/p>\n<p>Zum Verkauf steht eine optische Messmaschine KEYENCE IM-6020, in gutem, funktionsf\u00e4higem Zustand.<\/p>\n<p>Die IM-Serie ist bekannt f\u00fcr schnelle, hochpr\u00e4zise und bedienerunabh\u00e4ngige Messungen und eignet sich ideal f\u00fcr den Einsatz in Qualit\u00e4tssicherung, Wareneingangskontrolle und Fertigungsbegleitung.<\/p>\n<p>Technische Daten (Auszug):<br \/>\nModell: IM-6020<br \/>\nBaujahr: 06\/2011<br \/>\nMessverfahren: Optisch \/ ber\u00fchrungslos<br \/>\nMessbereich (X\/Y): ca. 200 \u00d7 200 mm<br \/>\nMessbereich (Z): H\u00f6henmessung \u00fcber Autofokus<br \/>\nMessgenauigkeit: bis ca. \u00b12 \u00b5m (abh\u00e4ngig von Messbedingung)<br \/>\nWiederholgenauigkeit: sehr hoch, bedienerunabh\u00e4ngig<br \/>\nKamera: Hochaufl\u00f6sende CCD-Kamera<br \/>\nBeleuchtung: Auflicht \/ Durchlicht \/ Konturbeleuchtung<br \/>\nMessfunktionen:<br \/>\nL\u00e4ngen-, Winkel-, Radius- und Durchmessermessung<br \/>\nKontur- und Formmessung<br \/>\nVergleichsmessung (OK\/NOK)<br \/>\nAutomatische Ma\u00dferkennung<br \/>\nSoftware: KEYENCE IM-Software zur schnellen Programmerstellung<br \/>\nMesszeit: wenige Sekunden pro Bauteil (auch bei mehreren Merkmalen)<\/p>\n<p>Zustand:<br \/>\nGebraucht<br \/>\nGepflegt<br \/>\nVoll funktionsf\u00e4hig<br \/>\nSofort einsatzbereit<\/p>\n<p>Abmessungen Maschine: ca. 900 x 500 x 1500 [mm]<br \/>\nGewicht Maschine: ca. 32 [kg]<\/p>\n<p>Die Maschine kann nach Terminvereinbarung Strom besichtigt werden.<br \/>\nAenderungen und Irrtuemer in den technischen Daten und Angaben sowie Zwischenverkauf vorbehalten!<\/p>\n<p>KEYENCE_Model series IM-6020_Year of manufacture 2011<\/p>\n<p>A KEYENCE IM-6020 optical measuring machine is available for sale, in good working condition.<\/p>\n<p>The IM series is known for fast, high-precision and operator-independent measurements and is ideal for use in quality assurance, incoming goods inspection and production monitoring.<\/p>\n<p>Technical data (excerpt):<br \/>\nModel: IM-6020<br \/>\nYear of manufacture: 06\/2011<br \/>\nMeasuring method: Optical \/ non-contact<br \/>\nMeasuring range (X\/Y): approx. 200 \u00d7 200 mm<br \/>\nMeasuring range (Z): Height measurement via autofocus<br \/>\nMeasuring accuracy: up to approx. \u00b12 \u00b5m (depending on measurement conditions)<br \/>\nRepeatability: very high, operator-independent<br \/>\nCamera: high-resolution CCD camera<br \/>\nIllumination: reflected light \/ transmitted light \/ contour illumination<br \/>\nMeasuring functions:<br \/>\nLength, angle, radius and diameter measurement<br \/>\nContour and shape measurement<br \/>\nComparative measurement (OK\/NOK)<br \/>\nAutomatic dimension recognition<br \/>\nSoftware: KEYENCE IM software for fast programme creation<br \/>\nMeasuring time: a few seconds per component (even with multiple features)<\/p>\n<p>Condition:<br \/>\nUsed<br \/>\nWell maintained<br \/>\nFully functional<br \/>\nReady for immediate use<\/p>\n<p>Machine dimensions: approx. 900 x 500 x 1500 [mm]<br \/>\nMachine weight: approx. 32 [kg]<\/p>\n<p>The machine can be viewed by appointment.<br \/>\nSubject to changes and errors in the technical data and specifications, as well as prior sale!<\/p>\n","protected":false},"excerpt":{"rendered":"<p>Standort: Deutschland, Baden-W\u00fcrttemberg S\u00fcdwest Zustand: Gebraucht Hersteller: KEYENCE Modell: IM 6020 Baujahr: 2011 KEYENCE_Modellreihe IM-6020_Bj.2011 Zum Verkauf steht eine optische Messmaschine KEYENCE IM-6020, in gutem, funktionsf\u00e4higem Zustand. Die IM-Serie ist bekannt f\u00fcr schnelle, hochpr\u00e4zise und bedienerunabh\u00e4ngige Messungen und eignet sich ideal f\u00fcr den Einsatz in Qualit\u00e4tssicherung, Wareneingangskontrolle und Fertigungsbegleitung. Technische Daten (Auszug): Modell: IM-6020 Baujahr: [&hellip;]<\/p>\n","protected":false},"featured_media":4880,"comment_status":"open","ping_status":"closed","template":"","meta":{"_uf_show_specific_survey":0,"_uf_disable_surveys":false},"product_brand":[],"product_cat":[98],"product_tag":[],"class_list":{"0":"post-4732","1":"product","2":"type-product","3":"status-publish","4":"has-post-thumbnail","6":"product_cat-messtechnik","8":"first","9":"instock","10":"taxable","11":"shipping-taxable","12":"product-type-simple"},"aioseo_notices":[],"_links":{"self":[{"href":"https:\/\/mueller-wrh.de\/es\/wp-json\/wp\/v2\/product\/4732","targetHints":{"allow":["GET"]}}],"collection":[{"href":"https:\/\/mueller-wrh.de\/es\/wp-json\/wp\/v2\/product"}],"about":[{"href":"https:\/\/mueller-wrh.de\/es\/wp-json\/wp\/v2\/types\/product"}],"replies":[{"embeddable":true,"href":"https:\/\/mueller-wrh.de\/es\/wp-json\/wp\/v2\/comments?post=4732"}],"wp:featuredmedia":[{"embeddable":true,"href":"https:\/\/mueller-wrh.de\/es\/wp-json\/wp\/v2\/media\/4880"}],"wp:attachment":[{"href":"https:\/\/mueller-wrh.de\/es\/wp-json\/wp\/v2\/media?parent=4732"}],"wp:term":[{"taxonomy":"product_brand","embeddable":true,"href":"https:\/\/mueller-wrh.de\/es\/wp-json\/wp\/v2\/product_brand?post=4732"},{"taxonomy":"product_cat","embeddable":true,"href":"https:\/\/mueller-wrh.de\/es\/wp-json\/wp\/v2\/product_cat?post=4732"},{"taxonomy":"product_tag","embeddable":true,"href":"https:\/\/mueller-wrh.de\/es\/wp-json\/wp\/v2\/product_tag?post=4732"}],"curies":[{"name":"wp","href":"https:\/\/api.w.org\/{rel}","templated":true}]}}