{"id":4614,"date":"2026-01-12T12:39:36","date_gmt":"2026-01-12T12:39:36","guid":{"rendered":"https:\/\/mueller-wrh.de\/produkt\/gebr-cnc-kurzdrehmaschine-used-cnc-lathe-star-sr32-jn-2015-intnr231186\/"},"modified":"2026-01-12T12:39:36","modified_gmt":"2026-01-12T12:39:36","slug":"gebr-cnc-kurzdrehmaschine-used-cnc-lathe-star-sr32-jn-2015-intnr231186","status":"publish","type":"product","link":"https:\/\/mueller-wrh.de\/es\/producto\/gebr-cnc-kurzdrehmaschine-used-cnc-lathe-star-sr32-jn-2015-intnr231186\/","title":{"rendered":"torno cnc usado STAR SR32-JN, 2015 (IntNo231186)"},"content":{"rendered":"<p><b>Ubicaci\u00f3n:<\/b> Alemania, Baden-W\u00fcrttemberg Suroeste<\/p>\n<p><b>Estado:<\/b> Como nuevo<\/p>\n<p><b>Fabricante:<\/b> STAR Micronics<\/p>\n<p><b>Modelo:<\/b> SR32-JN<\/p>\n<p><b>A\u00f1o de construcci\u00f3n:<\/b> 2015<\/p>\n<p><b>Horario de apertura:<\/b> 16000<\/p>\n<p>Torno CNC de cabezal m\u00f3vil STAR SR32JN Nuevo, a\u00f1o 2015<br \/>\nSistema de control, Fanuc, Serie 32i-B,<br \/>\n7 ejes (X\/Z\/Y\/C1\/X1\/Z1\/C2,<br \/>\nVarilla \u00d8 m\u00e1x. 32 mm,<br \/>\nLongitud de giro m\u00e1x. 80 mm,<br \/>\nHusillo principal, velocidad m\u00e1x. 7.000 rpm, eje C 0,001 grados,<br \/>\nContrahusillo \u00d8 m\u00e1x. 32 mm,<br \/>\nVelocidad del contrahusillo m\u00e1x. 7.000 rpm, eje C,<br \/>\nPortaherramientas para un total de 23 herramientas (portaherramientas lineal, fijaci\u00f3n frontal, mecanizado posterior),<br \/>\nBomba de refrigerante con mayor caudal<br \/>\nCinta transportadora de piezas,<br \/>\nTransportador de virutas Mayfran,<br \/>\n***Paquete de emulsi\u00f3n del juego de servicio***<br \/>\nAlmac\u00e9n de carga FMB turbo 3-36\/3200 \/ A \/subestructura de giro corto<br \/>\nRefrigerante utilizado en la m\u00e1quina: Emulsi\u00f3n<\/p>\n<p>La m\u00e1quina puede inspeccionarse bajo tensi\u00f3n previa cita.<br \/>\n\u00a1Cambios y errores en los datos t\u00e9cnicos y la informaci\u00f3n, as\u00ed como la venta previa reservados!<\/p>\n<p>Torno CNC tipo suizo usado STAR SR32-JN Nuevo, a\u00f1o 2015<br \/>\ncontrol, marca Fanuc, serie 32i-B,<br \/>\n7 ejes (X\/Z\/Y\/C1\/X1\/Z1\/C2,<br \/>\nbar-\u00d8 m\u00e1x. 32 mm,<br \/>\nlongitud de giro m\u00e1x. 80 mm,<br \/>\nhusillo principal, velocidad m\u00e1x. 7.000 rpm, eje C 0,001 grados,<br \/>\nhusillo de retroceso \u00d8 m\u00e1x. 32 mm,<br \/>\nvelocidad m\u00e1x. 7.000 rpm, eje C,<br \/>\nportaherramientas para un total de 23 herramientas (portaherramientas lineal, fijaci\u00f3n frontal, mecanizado posterior),<br \/>\ncinta transportadora de piezas,<br \/>\nTransportador de virutas Mayfran,<br \/>\n***Paquete de emulsi\u00f3n del juego de servicio***<br \/>\ncargador de barras FMB turbo 3-36\/3200 \/ A \/accesorios de apoyo<br \/>\ngiro sin casquillo gu\u00eda.<br \/>\nUso de refrigerante en la m\u00e1quina: emulsi\u00f3n<\/p>\n<p>La m\u00e1quina puede inspeccionarse bajo tensi\u00f3n previa cita.<br \/>\n\u00a1Cambios y errores en los datos t\u00e9cnicos y la informaci\u00f3n y sujeto a venta previa!<\/p>","protected":false},"excerpt":{"rendered":"<p>Standort: Deutschland, Baden-W\u00fcrttemberg S\u00fcdwest Zustand: Neuwertig Hersteller: STAR Micronics Modell: SR32-JN Baujahr: 2015 Betriebsstunden: 16000 gebr. CNC-Langdrehmaschine STAR SR32JN New, Bj. 2015 Steuerung, Fabr. Fanuc, Serie 32i-B, 7 Achsen (X\/Z\/Y\/C1\/X1\/Z1\/C2, Stangen-\u00d8 max. 32 mm, Drehl\u00e4nge max. 80 mm, Hauptspindel, Drehzahl max. 7.000 U\/min, C-Achse 0,001 Grad, Gegenspindel-\u00d8 max. 32 mm, Gegenspindeldrehzahl max. 7.000 U\/min, C-Achse, [&hellip;]<\/p>\n","protected":false},"featured_media":4607,"comment_status":"open","ping_status":"closed","template":"","meta":{"_uf_show_specific_survey":0,"_uf_disable_surveys":false},"product_brand":[],"product_cat":[89],"product_tag":[],"class_list":{"0":"post-4614","1":"product","2":"type-product","3":"status-publish","4":"has-post-thumbnail","6":"product_cat-cnc-kurzdrehmaschinen","8":"first","9":"instock","10":"taxable","11":"shipping-taxable","12":"product-type-simple"},"aioseo_notices":[],"_links":{"self":[{"href":"https:\/\/mueller-wrh.de\/es\/wp-json\/wp\/v2\/product\/4614","targetHints":{"allow":["GET"]}}],"collection":[{"href":"https:\/\/mueller-wrh.de\/es\/wp-json\/wp\/v2\/product"}],"about":[{"href":"https:\/\/mueller-wrh.de\/es\/wp-json\/wp\/v2\/types\/product"}],"replies":[{"embeddable":true,"href":"https:\/\/mueller-wrh.de\/es\/wp-json\/wp\/v2\/comments?post=4614"}],"wp:featuredmedia":[{"embeddable":true,"href":"https:\/\/mueller-wrh.de\/es\/wp-json\/wp\/v2\/media\/4607"}],"wp:attachment":[{"href":"https:\/\/mueller-wrh.de\/es\/wp-json\/wp\/v2\/media?parent=4614"}],"wp:term":[{"taxonomy":"product_brand","embeddable":true,"href":"https:\/\/mueller-wrh.de\/es\/wp-json\/wp\/v2\/product_brand?post=4614"},{"taxonomy":"product_cat","embeddable":true,"href":"https:\/\/mueller-wrh.de\/es\/wp-json\/wp\/v2\/product_cat?post=4614"},{"taxonomy":"product_tag","embeddable":true,"href":"https:\/\/mueller-wrh.de\/es\/wp-json\/wp\/v2\/product_tag?post=4614"}],"curies":[{"name":"wp","href":"https:\/\/api.w.org\/{rel}","templated":true}]}}