{"id":4606,"date":"2026-01-12T10:31:05","date_gmt":"2026-01-12T10:31:05","guid":{"rendered":"https:\/\/mueller-wrh.de\/produkt\/hardinge-gt27sp-gg-121_fanuc_fmb-unirobot-cnc-drehmaschine-bj-2021-_intnr231462\/"},"modified":"2026-01-12T10:31:05","modified_gmt":"2026-01-12T10:31:05","slug":"hardinge-gt27sp-gg-121_fanuc_fmb-unirobot-cnc-drehmaschine-bj-2021-_intnr231462","status":"publish","type":"product","link":"https:\/\/mueller-wrh.de\/es\/producto\/hardinge-gt27sp-gg-121_fanuc_fmb-unirobot-cnc-drehmaschine-bj-2021-_intnr231462\/","title":{"rendered":"HARDINGE GT27SP GG-121_Fanuc_FMB Torno CNC Unirobot a\u00f1o 2021 _IntNo231462"},"content":{"rendered":"<p><b>Ubicaci\u00f3n:<\/b> Alemania, Baden-W\u00fcrttemberg Suroeste<\/p>\n<p><b>Estado:<\/b> Usado<\/p>\n<p><b>Fabricante:<\/b> Hardinge<\/p>\n<p><b>Modelo:<\/b> GT27SP GG-121<\/p>\n<p><b>A\u00f1o de construcci\u00f3n:<\/b> 2021<\/p>\n<p><b>Horario de apertura:<\/b> 15000<\/p>\n<p>Designaci\u00f3n de la m\u00e1quina: Torno corto CNC<br \/>\nFabricante: Hardinge<br \/>\nModelo: GT27SP GG-121<br \/>\nA\u00f1o de construcci\u00f3n: 2021<br \/>\nSistema de control: Fanuc 32<br \/>\nFuncionalidad: totalmente funcional<br \/>\nHoras de funcionamiento: aprox. 15.000 horas<\/p>\n<p>Datos t\u00e9cnicos<br \/>\nDi\u00e1metro del husillo: \u00d8 27 mm<br \/>\nSoporte de husillo: A2-5<br \/>\nMandril m\u00e1x. 80 mm<br \/>\nM\u00e1x. Velocidad del cabezal: 6.000 min-\u00b9<br \/>\nEje X: 607 mm<br \/>\nEje Z: 286 mm<\/p>\n<p>Sistema de refrigeraci\u00f3n<\/p>\n<p>Sistema de carga y descarga FMB<br \/>\nAccesorios \/ Herramientas \/ Manuales<\/p>\n<p>Peso y dimensiones de la m\u00e1quina<br \/>\nDimensiones de la m\u00e1quina: aprox. 1850 \u00d7 1750 \u00d7 1750 mm<br \/>\nPeso de la m\u00e1quina: aprox. 2100 kg<\/p>\n<p>Peso y dimensiones Sistema de carga y descarga<br \/>\nDimensiones de la m\u00e1quina: aprox. 1900 \u00d7 950 \u00d7 2000 mm<br \/>\nPeso de la m\u00e1quina: aprox. 1000 kg<\/p>\n<p>Peso y dimensiones del sistema de refrigeraci\u00f3n<br \/>\nDimensiones de la m\u00e1quina: aprox. 1500 \u00d7 800 \u00d7 1100 mm<br \/>\nPeso de la m\u00e1quina: 250 kg aprox.<\/p>\n<p>La m\u00e1quina es totalmente funcional y est\u00e1 en buenas condiciones de uso.<br \/>\nPara m\u00e1s informaci\u00f3n o una visita bajo tensi\u00f3n, no dude en ponerse en contacto con nosotros.<br \/>\n\u00a1Sujeto a cambios y errores en los datos t\u00e9cnicos y especificaciones, as\u00ed como a la venta previa!<\/p>\n<p>Tipo de m\u00e1quina: Torno corto CNC<br \/>\nFabricante: Hardinge<br \/>\nModelo: GT27SP GG-121<br \/>\nA\u00f1o de fabricaci\u00f3n: 2021<br \/>\nControl: Fanuc 32i<br \/>\nEstado operativo: Plenamente operativo<br \/>\nHoras de funcionamiento: aprox. 15.000 horas<\/p>\n<p>Datos t\u00e9cnicos<\/p>\n<p>Di\u00e1metro del husillo: \u00d8 27 mm<\/p>\n<p>Nariz del husillo: A2-5<\/p>\n<p>Capacidad del mandril: m\u00e1x. 80 mm<\/p>\n<p>Velocidad m\u00e1xima del husillo: 6.000 rpm<\/p>\n<p>Recorrido del eje X: 607 mm<\/p>\n<p>Recorrido del eje Z: 286 mm<\/p>\n<p>Sistema de refrigeraci\u00f3n<\/p>\n<p>Sistema de carga y descarga<\/p>\n<p>Accesorios \/ Herramientas \/ Manuales<\/p>\n<p>Dimensiones y peso de la m\u00e1quina<\/p>\n<p>Dimensiones de la m\u00e1quina: aprox. 1850 \u00d7 1750 \u00d7 1750 mm<\/p>\n<p>Peso de la m\u00e1quina: aprox. 2100 kg<\/p>\n<p>Dimensiones y peso del sistema de carga y descarga<\/p>\n<p>Dimensiones: aprox. 1900 \u00d7 950 \u00d7 2000 mm<\/p>\n<p>Peso: aprox. 1000 kg<\/p>\n<p>Dimensiones y peso del sistema de refrigeraci\u00f3n<\/p>\n<p>Dimensiones: aprox. 1500 \u00d7 800 \u00d7 1100 mm<\/p>\n<p>Peso: 250 kg aprox.<\/p>\n<p>La m\u00e1quina est\u00e1 totalmente operativa y en buenas condiciones de uso.<br \/>\nSi desea m\u00e1s informaci\u00f3n o concertar una demostraci\u00f3n en directo bajo tensi\u00f3n, no dude en ponerse en contacto con nosotros.<br \/>\nTodos los datos t\u00e9cnicos e informaci\u00f3n son aproximados. Sujeto a venta previa y salvo error.<\/p>","protected":false},"excerpt":{"rendered":"<p>Standort: Deutschland, Baden-W\u00fcrttemberg S\u00fcdwest Zustand: Gebraucht Hersteller: Hardinge Modell: GT27SP GG-121 Baujahr: 2021 Betriebsstunden: 15000 Maschinenbezeichnung: CNC-Kurzdrehmaschine Hersteller: Hardinge Modell: GT27SP GG-121 Baujahr: 2021 Steuerung: Fanuc 32 Funktionsf\u00e4higkeit: voll funktionsf\u00e4hig Bearbeitungsstunden: ca. 15.000 Stunden Technische Daten Spindelbohrung: \u00d8 27 mm Spindelaufnahme: A2-5 Spannfutter max. 80mm Max. Spindeldrehzahl: 6.000 min\u207b\u00b9 X-Achse: 607 mm Z-Achse: 286 mm [&hellip;]<\/p>\n","protected":false},"featured_media":4601,"comment_status":"open","ping_status":"closed","template":"","meta":{"_uf_show_specific_survey":0,"_uf_disable_surveys":false},"product_brand":[],"product_cat":[90],"product_tag":[],"class_list":{"0":"post-4606","1":"product","2":"type-product","3":"status-publish","4":"has-post-thumbnail","6":"product_cat-cnc-drehmaschinen-0-199mm-drehd","8":"first","9":"instock","10":"taxable","11":"shipping-taxable","12":"product-type-simple"},"aioseo_notices":[],"_links":{"self":[{"href":"https:\/\/mueller-wrh.de\/es\/wp-json\/wp\/v2\/product\/4606","targetHints":{"allow":["GET"]}}],"collection":[{"href":"https:\/\/mueller-wrh.de\/es\/wp-json\/wp\/v2\/product"}],"about":[{"href":"https:\/\/mueller-wrh.de\/es\/wp-json\/wp\/v2\/types\/product"}],"replies":[{"embeddable":true,"href":"https:\/\/mueller-wrh.de\/es\/wp-json\/wp\/v2\/comments?post=4606"}],"wp:featuredmedia":[{"embeddable":true,"href":"https:\/\/mueller-wrh.de\/es\/wp-json\/wp\/v2\/media\/4601"}],"wp:attachment":[{"href":"https:\/\/mueller-wrh.de\/es\/wp-json\/wp\/v2\/media?parent=4606"}],"wp:term":[{"taxonomy":"product_brand","embeddable":true,"href":"https:\/\/mueller-wrh.de\/es\/wp-json\/wp\/v2\/product_brand?post=4606"},{"taxonomy":"product_cat","embeddable":true,"href":"https:\/\/mueller-wrh.de\/es\/wp-json\/wp\/v2\/product_cat?post=4606"},{"taxonomy":"product_tag","embeddable":true,"href":"https:\/\/mueller-wrh.de\/es\/wp-json\/wp\/v2\/product_tag?post=4606"}],"curies":[{"name":"wp","href":"https:\/\/api.w.org\/{rel}","templated":true}]}}