{"id":4596,"date":"2026-01-12T10:29:03","date_gmt":"2026-01-12T10:29:03","guid":{"rendered":"https:\/\/mueller-wrh.de\/produkt\/index-abc_fanuc_-cnc-drehmaschine-bj-2017-_intnr231463\/"},"modified":"2026-01-12T10:29:03","modified_gmt":"2026-01-12T10:29:03","slug":"index-abc_fanuc_-cnc-drehmaschine-bj-2017-_intnr231463","status":"publish","type":"product","link":"https:\/\/mueller-wrh.de\/es\/producto\/index-abc_fanuc_-cnc-drehmaschine-bj-2017-_intnr231463\/","title":{"rendered":"\u00cdndice ABC_Fanuc_ Torno CNC a\u00f1o 2017 _IntNo231463"},"content":{"rendered":"<p><b>Ubicaci\u00f3n:<\/b> Alemania, Baden-W\u00fcrttemberg Suroeste<\/p>\n<p><b>Estado:<\/b> Usado<\/p>\n<p><b>Fabricante:<\/b> \u00cdndice<\/p>\n<p><b>Modelo:<\/b> ABC<\/p>\n<p><b>A\u00f1o de construcci\u00f3n:<\/b> 2017<\/p>\n<p>Designaci\u00f3n de la m\u00e1quina: Torno corto CNC<br \/>\nFabricante: Index<br \/>\nModelo: ABC<br \/>\nA\u00f1o de construcci\u00f3n: 2017<br \/>\nSistema de control: Fanuc 32 i- B<br \/>\nFuncionalidad: totalmente funcional<br \/>\nHoras de procesamiento: aprox. horas<\/p>\n<p>Datos t\u00e9cnicos<br \/>\nDi\u00e1metro del husillo: \u00d8 42 mm<br \/>\nDatos de desplazamiento y alimentaci\u00f3n<br \/>\nRecorrido del eje X: aprox. 90 mm<br \/>\nRecorrido del eje Z: 280 mm aprox.<br \/>\nAvance r\u00e1pido X: aprox. 27 m\/min<br \/>\nAvance r\u00e1pido Z: aprox. 36 m\/min<\/p>\n<p>Torreta superior (portaherramientas principal):<br \/>\nN\u00famero de estaciones: 8 (incluida 1 posici\u00f3n sincronizable)<br \/>\nPortaherramientas: VDI 25<br \/>\nAdmite herramientas impulsadas.<\/p>\n<p>Torreta inferior :<br \/>\nN\u00famero de estaciones: 6<br \/>\nSin accionamiento<\/p>\n<p>Reverso:<br \/>\n5 estaciones para mecanizado trasero<\/p>\n<p>Mecanizado simult\u00e1neo con hasta 3 herramientas a la vez<\/p>\n<p>Sistema de refrigeraci\u00f3n - transportador de virutas <\/p>\n<p>Alimentador de barras IRCO ILS MUK 7012-II A\u00f1o 2015<br \/>\nAccesorios \/ Herramientas \/ Manuales<\/p>\n<p>Peso y dimensiones de la m\u00e1quina<br \/>\nDimensiones de la m\u00e1quina: aprox. 2830 \u00d7 1500 \u00d7 2200 mm<br \/>\nPeso de la m\u00e1quina: aprox. 3500 kg<\/p>\n<p>Peso y dimensiones del transportador de virutas del sistema de refrigeraci\u00f3n<br \/>\nDimensiones de la m\u00e1quina: aprox. 1600 \u00d7 1250 \u00d7 1780 mm<br \/>\nPeso de la m\u00e1quina: aprox. 680 kg<\/p>\n<p>Peso y dimensiones del alimentador de barras IRCO ILS MUK<br \/>\nDimensiones de la m\u00e1quina: aprox. 1800 \u00d7 1000 \u00d7 1280 mm<br \/>\nPeso de la m\u00e1quina: 650 kg aprox.<\/p>\n<p>La m\u00e1quina es totalmente funcional y est\u00e1 en buenas condiciones de uso.<br \/>\nPara m\u00e1s informaci\u00f3n o una visita bajo tensi\u00f3n, no dude en ponerse en contacto con nosotros.<br \/>\n\u00a1Sujeto a cambios y errores en los datos t\u00e9cnicos y especificaciones, as\u00ed como a la venta previa!<\/p>\n<p>Designaci\u00f3n de la m\u00e1quina: Torno de torneado corto CNC<br \/>\nFabricante: Index<br \/>\nModelo: ABC<br \/>\nA\u00f1o de fabricaci\u00f3n: 2017<br \/>\nSistema de control: Fanuc 32i-B<br \/>\nEstado operativo: Plenamente operativo<br \/>\nHoras de funcionamiento: aprox. ___ horas<\/p>\n<p>Datos t\u00e9cnicos<\/p>\n<p>Di\u00e1metro del husillo: \u00d8 42 mm<\/p>\n<p>Datos sobre viajes y alimentaci\u00f3n:<\/p>\n<p>Recorrido del eje X: aprox. 90 mm<\/p>\n<p>Recorrido del eje Z: 280 mm aprox.<\/p>\n<p>Avance r\u00e1pido X: aprox. 27 m\/min<\/p>\n<p>Avance r\u00e1pido Z: aprox. 36 m\/min<\/p>\n<p>Torreta superior (portaherramientas principal):<\/p>\n<p>N\u00famero de estaciones: 8 (1 sincronizable)<\/p>\n<p>Portaherramientas: VDI 25<\/p>\n<p>Soporta herramientas dirigidas<\/p>\n<p>Torreta inferior:<\/p>\n<p>N\u00famero de estaciones: 6<\/p>\n<p>Sin accionamiento<\/p>\n<p>Lado trasero:<\/p>\n<p>5 estaciones para operaciones en la parte trasera<\/p>\n<p>Mecanizado simult\u00e1neo: hasta 3 herramientas simult\u00e1neamente<\/p>\n<p>Sistema de refrigeraci\u00f3n y transportador de virutas<\/p>\n<p>Alimentador de barras: IRCO ILS MUK 7012-II, A\u00f1o 2015<\/p>\n<p>Accesorios \/ Herramientas \/ Manuales<\/p>\n<p>Dimensiones y peso de la m\u00e1quina<\/p>\n<p>M\u00e1quina: aprox. 2830 \u00d7 1500 \u00d7 2200 mm, Peso: aprox. 3500 kg<\/p>\n<p>Sistema de refrigeraci\u00f3n y transportador de virutas: aprox. 1600 \u00d7 1250 \u00d7 1780 mm, Peso: aprox. 680 kg<\/p>\n<p>Alimentador de barras IRCO ILS MUK: aprox. 1800 \u00d7 1000 \u00d7 1280 mm, Peso: aprox. 650 kg<\/p>\n<p>La m\u00e1quina est\u00e1 totalmente operativa y en buenas condiciones de uso.<br \/>\nSi desea m\u00e1s informaci\u00f3n o una demostraci\u00f3n en directo bajo tensi\u00f3n, no dude en ponerse en contacto con nosotros.<br \/>\nLos datos t\u00e9cnicos y la informaci\u00f3n est\u00e1n sujetos a cambios y errores. Venta previa reservada.<\/p>","protected":false},"excerpt":{"rendered":"<p>Standort: Deutschland, Baden-W\u00fcrttemberg S\u00fcdwest Zustand: Gebraucht Hersteller: Index Modell: ABC Baujahr: 2017 Maschinenbezeichnung: CNC-Kurzdrehmaschine Hersteller: Index Modell: ABC Baujahr: 2017 Steuerung: Fanuc 32 i- B Funktionsf\u00e4higkeit: voll funktionsf\u00e4hig Bearbeitungsstunden: ca. Stunden Technische Daten Spindelbohrung: \u00d8 42 mm Verfahr- und Vorschubdaten X-Achse Verfahrweg: ca. 90 mm Z-Achse Verfahrweg: ca. 280 mm Eilgang X: ca. 27 m\/min [&hellip;]<\/p>\n","protected":false},"featured_media":4590,"comment_status":"open","ping_status":"closed","template":"","meta":{"_uf_show_specific_survey":0,"_uf_disable_surveys":false},"product_brand":[],"product_cat":[90],"product_tag":[],"class_list":{"0":"post-4596","1":"product","2":"type-product","3":"status-publish","4":"has-post-thumbnail","6":"product_cat-cnc-drehmaschinen-0-199mm-drehd","8":"first","9":"instock","10":"taxable","11":"shipping-taxable","12":"product-type-simple"},"aioseo_notices":[],"_links":{"self":[{"href":"https:\/\/mueller-wrh.de\/es\/wp-json\/wp\/v2\/product\/4596","targetHints":{"allow":["GET"]}}],"collection":[{"href":"https:\/\/mueller-wrh.de\/es\/wp-json\/wp\/v2\/product"}],"about":[{"href":"https:\/\/mueller-wrh.de\/es\/wp-json\/wp\/v2\/types\/product"}],"replies":[{"embeddable":true,"href":"https:\/\/mueller-wrh.de\/es\/wp-json\/wp\/v2\/comments?post=4596"}],"wp:featuredmedia":[{"embeddable":true,"href":"https:\/\/mueller-wrh.de\/es\/wp-json\/wp\/v2\/media\/4590"}],"wp:attachment":[{"href":"https:\/\/mueller-wrh.de\/es\/wp-json\/wp\/v2\/media?parent=4596"}],"wp:term":[{"taxonomy":"product_brand","embeddable":true,"href":"https:\/\/mueller-wrh.de\/es\/wp-json\/wp\/v2\/product_brand?post=4596"},{"taxonomy":"product_cat","embeddable":true,"href":"https:\/\/mueller-wrh.de\/es\/wp-json\/wp\/v2\/product_cat?post=4596"},{"taxonomy":"product_tag","embeddable":true,"href":"https:\/\/mueller-wrh.de\/es\/wp-json\/wp\/v2\/product_tag?post=4596"}],"curies":[{"name":"wp","href":"https:\/\/api.w.org\/{rel}","templated":true}]}}