{"id":4534,"date":"2025-12-11T16:13:22","date_gmt":"2025-12-11T16:13:22","guid":{"rendered":"https:\/\/mueller-wrh.de\/produkt\/hanwha-xd10-y2_bj-08_2022_intnr231438\/"},"modified":"2025-12-12T10:23:30","modified_gmt":"2025-12-12T10:23:30","slug":"hanwha-xd10-y2_bj-08_2022_intnr231438","status":"publish","type":"product","link":"https:\/\/mueller-wrh.de\/es\/producto\/hanwha-xd10-y2_bj-08_2022_intnr231438\/","title":{"rendered":"Hanwha XD10 Y2_A\u00f1o 08_2022_IntNo231438"},"content":{"rendered":"<p><b>Ubicaci\u00f3n:<\/b> Alemania, Baden-W\u00fcrttemberg Suroeste<\/p>\n<p><b>Estado:<\/b> Como nuevo<\/p>\n<p><b>Fabricante:<\/b> HANWHA<\/p>\n<p><b>Modelo:<\/b> XD-10 Y2<\/p>\n<p><b>A\u00f1o de construcci\u00f3n:<\/b> 2022<\/p>\n<p>Torno CNC de cabezal m\u00f3vil Hanwha XD10 Y2 Top condition<\/p>\n<p>Horas de husillo<br \/>\nHoras de funcionamiento<br \/>\nA\u00f1o de construcci\u00f3n 08_2022<br \/>\nControl Fanuc de la serie 0i<\/p>\n<p>Torno CNC Hanwha de cabezal m\u00f3vil XD10 Y2 con control Fanuc de la serie 0i<br \/>\nEl torno de cabezal m\u00f3vil CNC XD10 Y2 de Hanwha es un torno de cabezal m\u00f3vil de alta precisi\u00f3n con control Fanuc integrado de la serie 0i, dise\u00f1ado para el mecanizado de di\u00e1metros peque\u00f1os en la producci\u00f3n en serie. Dispone de husillo principal, contrahusillo, amplio utillaje y accesorios para procesos de producci\u00f3n eficientes.<br \/>\nEje principal<\/p>\n<p>Di\u00e1metro m\u00e1ximo de giro: 10 mm<br \/>\nDi\u00e1metro m\u00e1ximo del husillo: 15 mm<br \/>\nVelocidad m\u00e1xima: 15.000 rpm<br \/>\nPotencia m\u00e1xima: 3,7 kW (motor incorporado)<br \/>\nCarrera Z1: 155 mm<br \/>\nUnidad de casquillo gu\u00eda sincronizado: Tipo F853<br \/>\nPortapinzas: Tipo 120E<\/p>\n<p>Contrahusillo<\/p>\n<p>Velocidad m\u00e1xima: 10.000 rpm<br \/>\nPotencia m\u00e1xima: 1,1 kW<br \/>\nEje C: Resoluci\u00f3n 0,001\u00b0.<br \/>\nDi\u00e1metro m\u00e1ximo del grifo: 10 mm<br \/>\nCarrera Z2: 180 mm<br \/>\nPortapinzas: Tipo 120E<\/p>\n<p>Portaherramientas X1, Y1:<br \/>\nPlaca portaherramientas para 5 herramientas de torneado exterior (8 x 8 mm)<\/p>\n<p>Dispositivo de taladrado\/fresado transversal:<br \/>\nCantidad: 4 husillos de taladrado\/fresado accionados (ER11)<br \/>\nPotencia: 0,55 kW a 10.000 rpm<br \/>\nUnidad de taladrado frontal para 4 husillos de taladrado (ER11)<\/p>\n<p>Tratamiento del reverso:<br \/>\nPortaherramientas para 8 herramientas con eje Y2<br \/>\n4 husillos de taladrado\/fresado accionados (ER11 modular)<br \/>\n4 husillos de taladrado\/fresado fijos (ER11 modular)<br \/>\nPotencia: 0,55 kW a 9.000 rpm<\/p>\n<p>Avance r\u00e1pido: 32 m\/min (Z1, Z2, Y, X2); 24 m\/min (X1)<br \/>\nCarga conectada: 12 kVA<\/p>\n<p>Sistema de control<br \/>\nTipo: Hanwha Fanuc serie 0iTF<br \/>\nN\u00famero de ejes: 6 (X1, Z1, Y1, Y2, X2, Z2)<br \/>\nControl simult\u00e1neo de 4 ejes<br \/>\nPanel de control externo con volante<br \/>\nMonitor en color de 9,5\u2033 (LCD\/MDI)<br \/>\nFunci\u00f3n de desconexi\u00f3n autom\u00e1tica (PowerOff)<br \/>\nFunci\u00f3n de comprobaci\u00f3n del programa (prueba de funcionamiento posible mediante el volante)<br \/>\nCinta transportadora de piezas con bandeja colectora<br \/>\nCaja de herramientas y juego de herramientas de servicio<br \/>\nDep\u00f3sito de refrigerante: 140 litros<br \/>\nDispositivo neum\u00e1tico de soplado para la pinza del husillo de recogida<br \/>\nManual y documentaci\u00f3n en alem\u00e1n e ingl\u00e9s (mantenimiento y transportador de virutas)<br \/>\nAlimentador de barras FMB Turbo 2-20 \/ 3200 mm \u201eC\u201c (di\u00e1metro de barra: 2-23 mm 1 kit de conversi\u00f3n y tubo telesc\u00f3pico)<\/p>\n<p>M\u00e1quina el\u00e9ctrica y mec\u00e1nicamente en pleno funcionamiento<br \/>\nDocumentaci\u00f3n t\u00e9cnica completa disponible<\/p>\n<p>La m\u00e1quina puede inspeccionarse con cita previa.<br \/>\n\u00a1Cambios y errores en los datos t\u00e9cnicos y la informaci\u00f3n, as\u00ed como la venta previa reservados!<\/p>\n<p>Torno CNC Hanwha tipo suizo XD10 Y2 en perfecto estado<br \/>\nHoras de husillo<br \/>\nHoras de funcionamiento<br \/>\nA\u00f1o de fabricaci\u00f3n: 08_2022<br \/>\nControl Fanuc de la serie 0i<br \/>\nTorno CNC Hanwha de tipo suizo XD10 Y2 con control Fanuc de la serie 0i<br \/>\nEl torno CNC tipo suizo XD10 Y2 de Hanwha es un torno autom\u00e1tico tipo suizo de alta precisi\u00f3n con control Fanuc integrado de la serie 0i, dise\u00f1ado para el mecanizado de di\u00e1metros peque\u00f1os en la producci\u00f3n en serie. Cuenta con un husillo principal, un subhusillo, un amplio equipamiento de herramientas y accesorios para procesos de fabricaci\u00f3n eficientes.<\/p>\n<p>Eje principal<br \/>\nDi\u00e1metro m\u00e1ximo de giro: 10 mm<br \/>\nDi\u00e1metro m\u00e1ximo del husillo: 15 mm<br \/>\nVelocidad m\u00e1xima: 15.000 rpm<br \/>\nPotencia m\u00e1xima: 3,7 kW (motor incorporado)<br \/>\nRecorrido Z1: 155 mm<br \/>\nUnidad de casquillo gu\u00eda giratorio s\u00edncrono: Tipo F853<br \/>\nPinza: Tipo 120E<br \/>\nSubhusillo<br \/>\nVelocidad m\u00e1xima: 10.000 rpm<br \/>\nPotencia m\u00e1xima: 1,1 kW<br \/>\nEje C: Resoluci\u00f3n 0,001\u00b0.<br \/>\nDi\u00e1metro m\u00e1ximo del captador: 10 mm<br \/>\nRecorrido Z2: 180 mm<br \/>\nPinza: Tipo 120E<br \/>\nPortaherramientas X1, Y1:<br \/>\nPlaca portaherramientas para 5 herramientas de torneado exterior (8 x 8 mm)<br \/>\nDispositivo de taladrado\/fresado transversal:<br \/>\nN\u00famero: 4 husillos de taladrado\/fresado accionados (ER11)<br \/>\nPotencia: 0,55 kW a 10.000 rpm<br \/>\nAparato de taladrado frontal para 4 husillos de taladrado (ER11)<br \/>\nTrabajo de fondo:<br \/>\nPortaherramientas para 8 herramientas con eje Y2<br \/>\n4 husillos de taladrado\/fresado accionados (ER11 modular)<br \/>\n4 husillos de taladrado\/fresado fijos (ER11 modular)<br \/>\nPotencia: 0,55 kW a 9.000 rpm<br \/>\nDesplazamientos r\u00e1pidos: 32 m\/min (Z1, Z2, Y, X2); 24 m\/min (X1)<br \/>\nCarga conectada: 12 kVA<br \/>\nControlar<br \/>\nTipo: Hanwha Fanuc Serie 0iTF<br \/>\nN\u00famero de ejes: 6 (X1, Z1, Y1, Y2, X2, Z2)<br \/>\nControl simult\u00e1neo de 4 ejes<br \/>\nPanel de control externo con volante<br \/>\nMonitor en color de 9,5\u2033 (LCD\/MDI)<br \/>\nFunci\u00f3n de apagado autom\u00e1tico (PowerOff)<br \/>\nFunci\u00f3n de comprobaci\u00f3n del programa (posibilidad de prueba con el volante)<br \/>\nCinta transportadora de piezas con bandeja de recogida<br \/>\nCaja de herramientas y juego de herramientas de servicio<br \/>\nDep\u00f3sito de refrigerante: 140 litros<br \/>\nDispositivo neum\u00e1tico de soplado para la pinza del husillo de recogida<br \/>\nManual y documentaci\u00f3n en alem\u00e1n e ingl\u00e9s (instrucciones de mantenimiento y funcionamiento, incluida la lista de par\u00e1metros y el protocolo de pruebas)<br \/>\nTransportador de virutas<br \/>\nCargador de barras FMB Turbo 2-20 \/ 3200 mm \u201eC\u201c (di\u00e1metro de barra: 2-23 mm, 1 kit de conversi\u00f3n y tubo telesc\u00f3pico)<br \/>\nM\u00e1quina el\u00e9ctrica y mec\u00e1nicamente en pleno funcionamiento<br \/>\nDocumentaci\u00f3n t\u00e9cnica totalmente disponible<br \/>\nLa m\u00e1quina puede inspeccionarse bajo tensi\u00f3n previa cita.<br \/>\nReservado el derecho a modificaciones y errores en los datos t\u00e9cnicos y las especificaciones, as\u00ed como a la venta anticipada.<\/p>","protected":false},"excerpt":{"rendered":"<p>Standort: Deutschland, Baden-W\u00fcrttemberg S\u00fcdwest Zustand: Neuwertig Hersteller: HANWHA Modell: XD-10 Y2 Baujahr: 2022 Hanwha CNC-Langdrehmaschine XD10 Y2 Top Zustand Spindelstunden Betriebsstunden Baujahr 08_2022 Fanuc-Steuerung der 0i-Serie Hanwha CNC-Langdrehmaschine XD10 Y2 mit Fanuc-Steuerung der 0i-Serie Die Hanwha CNC-Langdrehmaschine XD10 Y2 ist eine hochpr\u00e4zise Langdrehautomat mit integrierter Fanuc-Steuerung der 0i-Serie, konzipiert f\u00fcr die Bearbeitung kleiner Durchmesser in [&hellip;]<\/p>\n","protected":false},"featured_media":4535,"comment_status":"open","ping_status":"closed","template":"","meta":{"_uf_show_specific_survey":0,"_uf_disable_surveys":false},"product_brand":[],"product_cat":[23],"product_tag":[],"class_list":{"0":"post-4534","1":"product","2":"type-product","3":"status-publish","4":"has-post-thumbnail","6":"product_cat-cnc-langdrehmaschinen","8":"first","9":"instock","10":"taxable","11":"shipping-taxable","12":"product-type-simple"},"aioseo_notices":[],"_links":{"self":[{"href":"https:\/\/mueller-wrh.de\/es\/wp-json\/wp\/v2\/product\/4534","targetHints":{"allow":["GET"]}}],"collection":[{"href":"https:\/\/mueller-wrh.de\/es\/wp-json\/wp\/v2\/product"}],"about":[{"href":"https:\/\/mueller-wrh.de\/es\/wp-json\/wp\/v2\/types\/product"}],"replies":[{"embeddable":true,"href":"https:\/\/mueller-wrh.de\/es\/wp-json\/wp\/v2\/comments?post=4534"}],"wp:featuredmedia":[{"embeddable":true,"href":"https:\/\/mueller-wrh.de\/es\/wp-json\/wp\/v2\/media\/4535"}],"wp:attachment":[{"href":"https:\/\/mueller-wrh.de\/es\/wp-json\/wp\/v2\/media?parent=4534"}],"wp:term":[{"taxonomy":"product_brand","embeddable":true,"href":"https:\/\/mueller-wrh.de\/es\/wp-json\/wp\/v2\/product_brand?post=4534"},{"taxonomy":"product_cat","embeddable":true,"href":"https:\/\/mueller-wrh.de\/es\/wp-json\/wp\/v2\/product_cat?post=4534"},{"taxonomy":"product_tag","embeddable":true,"href":"https:\/\/mueller-wrh.de\/es\/wp-json\/wp\/v2\/product_tag?post=4534"}],"curies":[{"name":"wp","href":"https:\/\/api.w.org\/{rel}","templated":true}]}}