{"id":4521,"date":"2025-12-11T11:06:10","date_gmt":"2025-12-11T11:06:10","guid":{"rendered":"https:\/\/mueller-wrh.de\/produkt\/biglia-b-465y2_bj-2009_-intnr231413-2\/"},"modified":"2025-12-11T11:06:10","modified_gmt":"2025-12-11T11:06:10","slug":"biglia-b-465y2_bj-2009_-intnr231413-2","status":"publish","type":"product","link":"https:\/\/mueller-wrh.de\/es\/producto\/biglia-b-465y2_bj-2009_-intnr231413-2\/","title":{"rendered":"Biglia B 465Y2_A\u00f1o 2009_ IntNo231413"},"content":{"rendered":"<p><b>Ubicaci\u00f3n:<\/b> Alemania, Baden-W\u00fcrttemberg Suroeste<\/p>\n<p><b>Estado:<\/b> Usado<\/p>\n<p><b>Fabricante:<\/b> Biglia<\/p>\n<p><b>Modelo:<\/b> B465Y2<\/p>\n<p><b>A\u00f1o de construcci\u00f3n:<\/b> 2009<\/p>\n<p><b>Horario de apertura:<\/b> 20627<\/p>\n<p>Torno CNC Biglia B465 Y2<br \/>\nA\u00f1o de construcci\u00f3n: 2009<br \/>\nTiempo de procesamiento: aprox. 21.000 h<br \/>\nN\u00famero de serie: 10625<br \/>\nPotente torno universal CNC con contrahusillo y eje Y.<br \/>\nSistema de control: Fanuc 31i-B<br \/>\nM\u00e1x. Di\u00e1metro de torneado para el mecanizado de barras: 65 mm<br \/>\nM\u00e1x. Di\u00e1metro de torneado para el mecanizado de mandriles: 230 mm<br \/>\nLongitud de giro: aprox. 250 (320) mm<br \/>\nM\u00e1x. Di\u00e1metro circunferencial: aprox. 520 mm<\/p>\n<p>Eje principal (HSP):<br \/>\nNariz del husillo: 6\u2033<br \/>\nDi\u00e1metro del husillo: 80 mm<br \/>\nVelocidad: 4.000-5.000 min-\u00b9<\/p>\n<p>Contrahusillo (GSP):<br \/>\nNariz del husillo: 5\u2033.<br \/>\nDi\u00e1metro del husillo: 55 mm<br \/>\nVelocidad: 5.000 min-\u00b9<br \/>\nTorreta de herramientas: 2 \u00d7 12 estaciones, accionada<br \/>\nRecorrido del eje Y: \u00b150 mm<\/p>\n<p>Equipamiento:<br \/>\n2 torretas, cada una con 12 posiciones de herramienta y 24 herramientas accionadas<br \/>\n2 ejes C y 2 ejes Y<\/p>\n<p>Cargador de barras CNCDB70 de Giovanni Cucchi<br \/>\nSistema de descarga de piezas con cinta transportadora<br \/>\nTransportador de virutas con 2 bombas a 7 bar incl. filtro<br \/>\nPistola pulverizadora (4 bar)<br \/>\nBomba de alta presi\u00f3n 25 bar incl. filtro<br \/>\nExpulsor prolongado 200 mm<br \/>\nTodos los portaherramientas mostrados en las im\u00e1genes<\/p>\n<p>Documentaci\u00f3n t\u00e9cnica completa disponible<\/p>\n<p>La m\u00e1quina es el\u00e9ctrica y mec\u00e1nicamente completamente funcional y puede ser inspeccionada bajo tensi\u00f3n con cita previa.<br \/>\n\u00a1Cambios y errores en los datos t\u00e9cnicos y la informaci\u00f3n, as\u00ed como la venta previa reservados!<\/p>\n<p>Torno CNC Biglia B465 Y2<br \/>\nA\u00f1o de fabricaci\u00f3n: 2009<br \/>\nTiempo de mecanizado: 20.627 h<\/p>\n<p>Potente torno universal CNC con contrahusillo y eje Y.<br \/>\nControl: Fanuc 31i-B<br \/>\nDi\u00e1metro m\u00e1x. de torneado para el mecanizado de barras: 65 mm<br \/>\nDi\u00e1metro m\u00e1x. de torneado para el mecanizado de mandriles: 230 mm<br \/>\nLongitud de giro: aprox. 250 (320) mm<br \/>\nDi\u00e1metro m\u00e1x. de giro: aprox. 520 mm<\/p>\n<p>Eje principal (HSP):<br \/>\nNariz del husillo: 6\u2033<br \/>\nDi\u00e1metro del husillo: 80 mm<br \/>\nVelocidad: 4.000-5.000 rpm<\/p>\n<p>Contrahusillo (GSP):<br \/>\nNariz del husillo: 5\u2033.<br \/>\nDi\u00e1metro del husillo: 55 mm<br \/>\nVelocidad: 5.000 rpm<br \/>\nTorreta de herramientas: 2 \u00d7 12 estaciones, accionada<br \/>\nRecorrido del eje Y: \u00b150 mm<\/p>\n<p>Equipamiento:<br \/>\n2 torretas, cada una con 12 posiciones de herramienta y 24 herramientas accionadas<br \/>\n2 ejes C y 2 ejes Y<\/p>\n<p>Alimentador de barras CNCDB70 de Giovanni Cucchi<br \/>\nSistema de descarga de piezas con cinta transportadora<br \/>\nTransportador de virutas con 2 bombas, 7 bar cada una, incl. filtro<br \/>\nPistola pulverizadora (4 bar)<br \/>\nBomba de alta presi\u00f3n 25 bar incl. filtro<br \/>\nExpulsor prolongado 200 mm<br \/>\nTodos los portaherramientas mostrados en las im\u00e1genes<\/p>\n<p>Documentaci\u00f3n t\u00e9cnica completa disponible<\/p>\n<p>La m\u00e1quina es totalmente funcional, tanto el\u00e9ctrica como mec\u00e1nicamente, y puede verse bajo tensi\u00f3n previa cita.<br \/>\n\u00a1Sujeto a cambios y errores en los datos t\u00e9cnicos y especificaciones, as\u00ed como a la venta previa!<\/p>","protected":false},"excerpt":{"rendered":"<p>Standort: Deutschland, Baden-W\u00fcrttemberg S\u00fcdwest Zustand: Gebraucht Hersteller: Biglia Modell: B465Y2 Baujahr: 2009 Betriebsstunden: 20627 CNC-Drehmaschine Biglia B465 Y2 Baujahr: 2009 Bearbeitungszeit: ca. 21.000 h Seriennr: 10625 Leistungsstarke CNC-Universal-Drehmaschine mit Gegenspindel und Y-Achse. Steuerung: Fanuc 31i-B Max. Drehdurchmesser bei Stangenbearbeitung: 65 mm Max. Drehdurchmesser bei Futterbearbeitung: 230 mm Drehl\u00e4nge: ca. 250 (320) mm Max. Umlaufdurchmesser: ca. [&hellip;]<\/p>\n","protected":false},"featured_media":4511,"comment_status":"open","ping_status":"closed","template":"","meta":{"_uf_show_specific_survey":0,"_uf_disable_surveys":false},"product_brand":[],"product_cat":[89],"product_tag":[],"class_list":{"0":"post-4521","1":"product","2":"type-product","3":"status-publish","4":"has-post-thumbnail","6":"product_cat-cnc-kurzdrehmaschinen","8":"first","9":"instock","10":"taxable","11":"shipping-taxable","12":"product-type-simple"},"aioseo_notices":[],"_links":{"self":[{"href":"https:\/\/mueller-wrh.de\/es\/wp-json\/wp\/v2\/product\/4521","targetHints":{"allow":["GET"]}}],"collection":[{"href":"https:\/\/mueller-wrh.de\/es\/wp-json\/wp\/v2\/product"}],"about":[{"href":"https:\/\/mueller-wrh.de\/es\/wp-json\/wp\/v2\/types\/product"}],"replies":[{"embeddable":true,"href":"https:\/\/mueller-wrh.de\/es\/wp-json\/wp\/v2\/comments?post=4521"}],"wp:featuredmedia":[{"embeddable":true,"href":"https:\/\/mueller-wrh.de\/es\/wp-json\/wp\/v2\/media\/4511"}],"wp:attachment":[{"href":"https:\/\/mueller-wrh.de\/es\/wp-json\/wp\/v2\/media?parent=4521"}],"wp:term":[{"taxonomy":"product_brand","embeddable":true,"href":"https:\/\/mueller-wrh.de\/es\/wp-json\/wp\/v2\/product_brand?post=4521"},{"taxonomy":"product_cat","embeddable":true,"href":"https:\/\/mueller-wrh.de\/es\/wp-json\/wp\/v2\/product_cat?post=4521"},{"taxonomy":"product_tag","embeddable":true,"href":"https:\/\/mueller-wrh.de\/es\/wp-json\/wp\/v2\/product_tag?post=4521"}],"curies":[{"name":"wp","href":"https:\/\/api.w.org\/{rel}","templated":true}]}}