{"id":4438,"date":"2025-10-31T17:16:00","date_gmt":"2025-10-31T17:16:00","guid":{"rendered":"https:\/\/mueller-wrh.de\/produkt\/teilereinigungsanlage-pero-r1-414-ex_bj-2079_intnr231417\/"},"modified":"2025-10-31T17:16:00","modified_gmt":"2025-10-31T17:16:00","slug":"teilereinigungsanlage-pero-r1-414-ex_bj-2079_intnr231417","status":"publish","type":"product","link":"https:\/\/mueller-wrh.de\/es\/producto\/teilereinigungsanlage-pero-r1-414-ex_bj-2079_intnr231417\/","title":{"rendered":"Sistema de limpieza de piezas PERO R1 \/ 414 EX_Bj. 2079_IntNr231417"},"content":{"rendered":"<p><b>Ubicaci\u00f3n:<\/b> Alemania, Baden-W\u00fcrttemberg Suroeste<\/p>\n<p><b>Estado:<\/b> Usado<\/p>\n<p><b>Fabricante:<\/b> Pero<\/p>\n<p><b>Modelo:<\/b> R1 \/ 414 - Ex 7992<\/p>\n<p><b>A\u00f1o de construcci\u00f3n:<\/b> 2017<\/p>\n<p>Descripci\u00f3n t\u00e9cnica - PERO RO<br \/>\nFabricante: PERO AG<br \/>\nModelo: RO R1 \/ 414-EX<br \/>\nA\u00f1o 2017 \/ 10<\/p>\n<p>Tipo de m\u00e1quina: Sistema de limpieza \/ sistema de desengrase<br \/>\nProceso: Limpieza con disolventes (por ejemplo, alcoholes modificados o hidrocarburos)<\/p>\n<p>Datos t\u00e9cnicos (t\u00edpicos de esta serie):<\/p>\n<p>Sistema de limpieza: circuito cerrado, totalmente autom\u00e1tico<\/p>\n<p>Tama\u00f1o de la c\u00e1mara de trabajo: aprox. 530 \u00d7 320 \u00d7 200 mm<\/p>\n<p>M\u00e1x. Peso del lote: aprox. 50 - 80 kg<\/p>\n<p>Disolvente: alcohol modificado (a base de hidrocarburos)<\/p>\n<p>Secado: Secado al vac\u00edo<\/p>\n<p>Control: Control PLC con panel t\u00e1ctil<\/p>\n<p>Equipamiento: unidad de destilaci\u00f3n integrada, sistema de filtrado, separaci\u00f3n de aceites<\/p>\n<p>Consumo: aprox. 10 - 15 kW<\/p>\n<p>Bomba de vac\u00edo: integrada<\/p>\n<p>Estado: muy bueno, en buen estado - de producci\u00f3n actual<\/p>\n<p>Caracter\u00edsticas especiales:<\/p>\n<p>Sistema de limpieza de bajo consumo con circuito cerrado de disolventes<\/p>\n<p>Alta calidad de limpieza con un consumo m\u00ednimo de disolvente<\/p>\n<p>Ideal para operaciones de ingenier\u00eda y mecanizado de precisi\u00f3n<\/p>\n<p>La m\u00e1quina puede inspeccionarse con cita previa.<br \/>\n\u00a1Cambios y errores en los datos t\u00e9cnicos y la informaci\u00f3n, as\u00ed como la venta previa reservados!<\/p>\n<p>Fabricante: PERO AG<br \/>\nModelo: RO R1 \/ 414-EX<br \/>\nA\u00f1o de fabricaci\u00f3n: 10 \/ 2017<\/p>\n<p>Tipo de m\u00e1quina: Sistema de limpieza \/ Unidad de desengrase<br \/>\nProceso: Limpieza con disolventes (por ejemplo, alcoholes modificados o hidrocarburos)<\/p>\n<p>Datos t\u00e9cnicos (t\u00edpicos de esta serie):<\/p>\n<p>Sistema de limpieza: Sistema de bucle cerrado, totalmente autom\u00e1tico<\/p>\n<p>Dimensiones de la c\u00e1mara de trabajo: aprox. 530 \u00d7 320 \u00d7 200 mm<\/p>\n<p>Peso m\u00e1ximo del lote: aprox. 50 - 80 kg<\/p>\n<p>Disolvente: Alcohol modificado (a base de hidrocarburos)<\/p>\n<p>Secado: Secado al vac\u00edo<\/p>\n<p>Sistema de control: Control PLC con panel t\u00e1ctil<\/p>\n<p>Equipamiento: Unidad de destilaci\u00f3n integrada, sistema de filtraci\u00f3n, separador de aceite<\/p>\n<p>Consumo: aprox. 10 - 15 kW<\/p>\n<p>Bomba de vac\u00edo: Integrada<\/p>\n<p>Estado: Muy bueno, en buen estado - de producci\u00f3n en curso<\/p>\n<p>Caracter\u00edsticas especiales:<\/p>\n<p>Sistema de limpieza energ\u00e9ticamente eficiente con circuito cerrado de disolventes<\/p>\n<p>Excelente calidad de limpieza con un consumo m\u00ednimo de disolvente<\/p>\n<p>Ideal para las industrias de ingenier\u00eda de precisi\u00f3n y corte de metales<\/p>\n<p>La m\u00e1quina puede inspeccionarse bajo tensi\u00f3n previa cita.<br \/>\nLos datos t\u00e9cnicos y las especificaciones est\u00e1n sujetos a cambios y errores. Venta previa reservada.<\/p>","protected":false},"excerpt":{"rendered":"<p>Standort: Deutschland, Baden-W\u00fcrttemberg S\u00fcdwest Zustand: Gebraucht Hersteller: Pero Modell: R1 \/ 414 &#8211; Ex 7992 Baujahr: 2017 Technische Beschreibung \u2013 PERO RO Hersteller: PERO AG Modell: RO R1 \/ 414-EX Bj. 2017 \/ 10 Maschinentyp: Reinigungsanlage \/ Entfettungsanlage Verfahren: L\u00f6semittelreinigung (z. B. modifizierte Alkohole oder Kohlenwasserstoffe) Technische Daten (typisch f\u00fcr diese Baureihe): Reinigungssystem: geschlossener Kreislauf, [&hellip;]<\/p>\n","protected":false},"featured_media":4434,"comment_status":"open","ping_status":"closed","template":"","meta":{"_uf_show_specific_survey":0,"_uf_disable_surveys":false},"product_brand":[],"product_cat":[109],"product_tag":[],"class_list":{"0":"post-4438","1":"product","2":"type-product","3":"status-publish","4":"has-post-thumbnail","6":"product_cat-industrielle-reinigungsanlagen","8":"first","9":"instock","10":"taxable","11":"shipping-taxable","12":"product-type-simple"},"aioseo_notices":[],"_links":{"self":[{"href":"https:\/\/mueller-wrh.de\/es\/wp-json\/wp\/v2\/product\/4438","targetHints":{"allow":["GET"]}}],"collection":[{"href":"https:\/\/mueller-wrh.de\/es\/wp-json\/wp\/v2\/product"}],"about":[{"href":"https:\/\/mueller-wrh.de\/es\/wp-json\/wp\/v2\/types\/product"}],"replies":[{"embeddable":true,"href":"https:\/\/mueller-wrh.de\/es\/wp-json\/wp\/v2\/comments?post=4438"}],"wp:featuredmedia":[{"embeddable":true,"href":"https:\/\/mueller-wrh.de\/es\/wp-json\/wp\/v2\/media\/4434"}],"wp:attachment":[{"href":"https:\/\/mueller-wrh.de\/es\/wp-json\/wp\/v2\/media?parent=4438"}],"wp:term":[{"taxonomy":"product_brand","embeddable":true,"href":"https:\/\/mueller-wrh.de\/es\/wp-json\/wp\/v2\/product_brand?post=4438"},{"taxonomy":"product_cat","embeddable":true,"href":"https:\/\/mueller-wrh.de\/es\/wp-json\/wp\/v2\/product_cat?post=4438"},{"taxonomy":"product_tag","embeddable":true,"href":"https:\/\/mueller-wrh.de\/es\/wp-json\/wp\/v2\/product_tag?post=4438"}],"curies":[{"name":"wp","href":"https:\/\/api.w.org\/{rel}","templated":true}]}}