{"id":4433,"date":"2025-10-31T17:15:18","date_gmt":"2025-10-31T17:15:18","guid":{"rendered":"https:\/\/mueller-wrh.de\/produkt\/teilereinigungsanlage-pero-ro_bj-2019-intnr231388\/"},"modified":"2025-10-31T17:15:18","modified_gmt":"2025-10-31T17:15:18","slug":"teilereinigungsanlage-pero-ro_bj-2019-intnr231388","status":"publish","type":"product","link":"https:\/\/mueller-wrh.de\/es\/producto\/teilereinigungsanlage-pero-ro_bj-2019-intnr231388\/","title":{"rendered":"Sistema de limpieza de piezas PERO RO_A\u00f1o 2019 IntNo231388"},"content":{"rendered":"<p><b>Ubicaci\u00f3n:<\/b> Alemania, Baden-W\u00fcrttemberg Suroeste<\/p>\n<p><b>Estado:<\/b> Usado<\/p>\n<p><b>Fabricante:<\/b> Pero<\/p>\n<p><b>Modelo:<\/b> R0\/057 EX8240<\/p>\n<p><b>A\u00f1o de construcci\u00f3n:<\/b> 2019<\/p>\n<p>Descripci\u00f3n t\u00e9cnica - PERO RO<br \/>\nSistema industrial de limpieza de piezas con disolventes<br \/>\nEl PERO RO es un sistema industrial de limpieza de piezas de alto rendimiento para la limpieza eficaz y respetuosa con el medio ambiente de piezas de trabajo y componentes con disolventes. Es adecuado para una amplia gama de aplicaciones en la industria metal\u00fargica y garantiza altos est\u00e1ndares de limpieza con un funcionamiento econ\u00f3mico.<br \/>\nCaracter\u00edsticas:<br \/>\n- Limpieza con disolventes org\u00e1nicos (por ejemplo, hidrocarburos o alcoholes modificados)<br \/>\n- Proceso de trabajo cerrado con circuito de disolventes integrado<br \/>\n- Adecuado para lotes peque\u00f1os y medianos y geometr\u00edas de componentes variables<br \/>\n- Control automatizado del proceso para obtener resultados de limpieza reproducibles<br \/>\n- Dise\u00f1o robusto para un uso industrial continuo<br \/>\nCampos de aplicaci\u00f3n t\u00edpicos:<br \/>\n- Desengrase de piezas torneadas y fresadas<br \/>\n- Limpieza antes de la instalaci\u00f3n o el revestimiento<br \/>\n- Eliminaci\u00f3n de lubricantes refrigerantes, aceites y part\u00edculas<\/p>\n<p>La m\u00e1quina puede inspeccionarse con cita previa.<br \/>\n\u00a1Cambios y errores en los datos t\u00e9cnicos y la informaci\u00f3n, as\u00ed como la venta previa reservados!<\/p>\n<p>Descripci\u00f3n t\u00e9cnica - PERO RO<br \/>\nSistema industrial de limpieza de piezas con disolventes<br \/>\nEl PERO RO es un potente sistema industrial de limpieza de piezas para la limpieza eficaz y respetuosa con el medio ambiente de piezas de trabajo y componentes con disolventes. Es adecuado para una amplia gama de aplicaciones en la industria metal\u00fargica y garantiza altos est\u00e1ndares de limpieza con un funcionamiento econ\u00f3mico.<br \/>\nCaracter\u00edsticas:<br \/>\n- Limpieza con disolventes org\u00e1nicos (por ejemplo, hidrocarburos o alcoholes modificados)<br \/>\n- Proceso de trabajo cerrado con circulaci\u00f3n integrada del disolvente<br \/>\n- Adecuado para lotes peque\u00f1os y medianos y geometr\u00edas de componentes variables<br \/>\n- Control automatizado del proceso para obtener resultados de limpieza reproducibles<br \/>\n- Dise\u00f1o robusto para un uso industrial continuo<br \/>\nCampos de aplicaci\u00f3n t\u00edpicos:<br \/>\n- Desengrase de piezas torneadas y fresadas<br \/>\n- Limpieza previa al montaje o recubrimiento<br \/>\n- Eliminaci\u00f3n de lubricantes, aceites y part\u00edculas refrigerantes<\/p>\n<p>La m\u00e1quina puede visitarse con cita previa.<br \/>\n\u00a1Sujeto a cambios y errores en los datos t\u00e9cnicos y especificaciones, as\u00ed como a la venta previa!<\/p>","protected":false},"excerpt":{"rendered":"<p>Standort: Deutschland, Baden-W\u00fcrttemberg S\u00fcdwest Zustand: Gebraucht Hersteller: Pero Modell: R0\/057 EX8240 Baujahr: 2019 Technische Beschreibung \u2013 PERO RO Industrielle Teilereinigungsanlage auf L\u00f6semittelbasis Die PERO RO ist eine leistungsstarke industrielle Teilereinigungsanlage zur effektiven und umweltgerechten Reinigung von Werkst\u00fccken und Bauteilen mit L\u00f6semitteln. Sie eignet sich f\u00fcr unterschiedlichste Anwendungen in der metallverarbeitenden Industrie und garantiert hohe Sauberkeitsstandards [&hellip;]<\/p>\n","protected":false},"featured_media":4425,"comment_status":"open","ping_status":"closed","template":"","meta":{"_uf_show_specific_survey":0,"_uf_disable_surveys":false},"product_brand":[],"product_cat":[109],"product_tag":[],"class_list":{"0":"post-4433","1":"product","2":"type-product","3":"status-publish","4":"has-post-thumbnail","6":"product_cat-industrielle-reinigungsanlagen","8":"first","9":"instock","10":"taxable","11":"shipping-taxable","12":"product-type-simple"},"aioseo_notices":[],"_links":{"self":[{"href":"https:\/\/mueller-wrh.de\/es\/wp-json\/wp\/v2\/product\/4433","targetHints":{"allow":["GET"]}}],"collection":[{"href":"https:\/\/mueller-wrh.de\/es\/wp-json\/wp\/v2\/product"}],"about":[{"href":"https:\/\/mueller-wrh.de\/es\/wp-json\/wp\/v2\/types\/product"}],"replies":[{"embeddable":true,"href":"https:\/\/mueller-wrh.de\/es\/wp-json\/wp\/v2\/comments?post=4433"}],"wp:featuredmedia":[{"embeddable":true,"href":"https:\/\/mueller-wrh.de\/es\/wp-json\/wp\/v2\/media\/4425"}],"wp:attachment":[{"href":"https:\/\/mueller-wrh.de\/es\/wp-json\/wp\/v2\/media?parent=4433"}],"wp:term":[{"taxonomy":"product_brand","embeddable":true,"href":"https:\/\/mueller-wrh.de\/es\/wp-json\/wp\/v2\/product_brand?post=4433"},{"taxonomy":"product_cat","embeddable":true,"href":"https:\/\/mueller-wrh.de\/es\/wp-json\/wp\/v2\/product_cat?post=4433"},{"taxonomy":"product_tag","embeddable":true,"href":"https:\/\/mueller-wrh.de\/es\/wp-json\/wp\/v2\/product_tag?post=4433"}],"curies":[{"name":"wp","href":"https:\/\/api.w.org\/{rel}","templated":true}]}}