{"id":4333,"date":"2025-10-24T12:43:12","date_gmt":"2025-10-24T12:43:12","guid":{"rendered":"https:\/\/mueller-wrh.de\/produkt\/dmg-gildemeister-sprint-ms36-2_multisprint-36_bj-2018_-intnr231416\/"},"modified":"2025-10-27T12:51:34","modified_gmt":"2025-10-27T12:51:34","slug":"dmg-gildemeister-sprint-ms36-2_multisprint-36_bj-2018_-intnr231416","status":"publish","type":"product","link":"https:\/\/mueller-wrh.de\/es\/producto\/dmg-gildemeister-sprint-ms36-2_multisprint-36_bj-2018_-intnr231416\/","title":{"rendered":"DMG Gildemeister SPRINT MS36-2_MULTISPRINT 36_A\u00f1o 2018_ IntNo231416"},"content":{"rendered":"<p><b>Ubicaci\u00f3n:<\/b> Alemania, Baden-W\u00fcrttemberg Suroeste<\/p>\n<p><b>Estado:<\/b> Como nuevo<\/p>\n<p><b>Fabricante:<\/b> DMG<\/p>\n<p><b>Modelo:<\/b> MULTISPRINT MS36-2<\/p>\n<p><b>A\u00f1o de construcci\u00f3n:<\/b> 2018<\/p>\n<p><b>Horario de apertura:<\/b> 31241<\/p>\n<p>CNC-DMG Gildemeister MULTISPRINT 36 \/ SWISSTYPE mecanizado hasta 170 mm de longitud de torneado<br \/>\nA\u00f1o de construcci\u00f3n: 2018<br \/>\nHoras de funcionamiento: 47548<br \/>\nTiempo de procesamiento: 31241<br \/>\nSituaci\u00f3n: octubre de 2025<br \/>\nSistema de control: Fanuc 30i B<\/p>\n<p>M\u00e1xima flexibilidad del MULTISPRINT gracias a su modularidad y ejes Y en todas las posiciones<br \/>\nUtilizaci\u00f3n de herramientas accionadas en todas las posiciones del husillo<br \/>\nEje Y de serie en todas las posiciones del husillo<br \/>\nSWISSTYPEkit para torneado corto y largo de hasta 170 mm de longitud<br \/>\nMecanizado de mandriles o barras: barras de 4 a \u00f8 36 mm, componentes de mandriles de hasta \u00f8 50 mm Mecanizado por las dos caras y descentrado<\/p>\n<p>Tipo de m\u00e1quina: Torno autom\u00e1tico multihusillo<br \/>\nMecanizado SWISSTYPE: hasta 170 mm de longitud de torneado<br \/>\nControl: FANUC Serie 30i<br \/>\nM\u00e1xima flexibilidad gracias a la modularidad y a los ejes Y en todas las posiciones del husillo<br \/>\nUtilizaci\u00f3n de herramientas accionadas en todas las posiciones del husillo<br \/>\nMecanizado: barras de \u00d8 4 - 36 mm, piezas de mandril de hasta \u00d8 50 mm<br \/>\nPosibilidad de mecanizado a doble cara y descentrado<\/p>\n<p>Datos de rendimiento<br \/>\nValor de la funci\u00f3n<br \/>\nM\u00e1x. Di\u00e1metro de la pieza 36 mm<br \/>\nM\u00e1x. Longitud de la pieza 170 mm<br \/>\nM\u00e1x. Paso de barra 36 mm<br \/>\nTrayectorias (X \/ Y \/ Z) 50 \/ 100 \/ 170 mm<\/p>\n<p>Husillos principales<br \/>\nCantidad: 6<br \/>\nEje C (resoluci\u00f3n angular): 0,002\u00b0.<br \/>\nCarro transversal: 6 \u00d7 (eje X\/Y)<br \/>\nDistancia de desplazamiento Z1-Z6: 170 mm (con kit SWISSTYPE)<br \/>\nM\u00e1x. Paso de varilla: \u00d8 40 mm<br \/>\nVelocidad: hasta 7 500 min-\u00b9<br \/>\nPotencia motriz (100 % ED): 13,3 kW<br \/>\nPar (100 % ED): 32 Nm<br \/>\nTiempo de indexaci\u00f3n del tambor: 0,65 s<\/p>\n<p>Contrahusillo Husillos de recogida<br \/>\nN\u00famero: 2 (eje C con ejes X\/Y\/Z)<br \/>\nAgujero pasante: \u00d8 40 mm<br \/>\nVelocidad: 7 500 min-\u00b9<br \/>\nPotencia motriz: 13,3 kW<br \/>\nPar: 32 Nm<br \/>\nDistancia de desplazamiento (Z7-Z8): 410 mm<br \/>\nTrayectorias transversales (X7-X8 \/ Y7-Y8): 277 \/ 312 mm<br \/>\nVelocidad de desplazamiento r\u00e1pido: 40 m\/min<\/p>\n<p>Portaherramientas sobre carro transversal<br \/>\nM\u00e1x. N\u00famero de herramientas: 3<br \/>\nVelocidad: 3 900 \/ 8 000 \/ 13 800 min-\u00b9<br \/>\nPotencia motriz (100 % ED): 0,9 kW<br \/>\nPar (100 % ED): 5,8 \/ 2,9 \/ 1,7 Nm<br \/>\nTrayectorias transversales (X1-X6 \/ Y1-Y6): 50 \/ 100 mm<br \/>\nVelocidad de desplazamiento r\u00e1pido: 20 m\/min<br \/>\nCarro para mecanizado trasero<br \/>\nVelocidad (U7-U8): 3 900 \/ 8 000 \/ 13 800 min-\u00b9<br \/>\nPotencia motriz: 0,9 kW<br \/>\nPar: 5,8 \/ 2,9 \/ 1,7 Nm<br \/>\nPantalla de control: pantalla en color de 15\u2033 (\u00d7 2)<br \/>\nSistema de sujeci\u00f3n: mandril de pinza Hainbuch TOPlus 40 Achsfix<\/p>\n<p>Transportador de virutas de cinta articulada con bomba elevadora<br \/>\nSistema de alta presi\u00f3n para aceite (filtro 50 \/ 25 \u00b5m, bombas 5 \/ 12 MPa)<br \/>\nVarios portaherramientas<br \/>\nSistema de extinci\u00f3n de incendios<br \/>\nAlimentador de barras (versi\u00f3n de cargador plano)<br \/>\nSistema de carga de piezas<\/p>\n<p>La m\u00e1quina es el\u00e9ctrica y mec\u00e1nicamente completamente funcional y puede ser inspeccionada bajo tensi\u00f3n con cita previa.<br \/>\n\u00a1Cambios y errores en los datos t\u00e9cnicos y la informaci\u00f3n, as\u00ed como la venta previa reservados!<\/p>\n<p>CNC-DMG Gildemeister MULTISPRINT 36 \/ SWISSTYPE mecanizado hasta 170 mm de longitud de torneado<br \/>\nA\u00f1o de fabricaci\u00f3n: 2018<br \/>\nHoras de funcionamiento: 47548<br \/>\nTiempo de mecanizado: 31241<br \/>\nSituaci\u00f3n: octubre de 2025<br \/>\nControl: Fanuc 30i B<\/p>\n<p>M\u00e1xima flexibilidad del MULTISPRINT gracias a su modularidad y ejes Y en todas las posiciones<br \/>\nUtilizaci\u00f3n de herramientas accionadas en todas las posiciones del husillo<br \/>\nEje Y de serie en todas las posiciones del husillo<br \/>\nSWISSTYPEkit para torneado corto y largo de hasta 170 mm de longitud<br \/>\nMecanizado de mandriles o barras: barras de 4 a \u00f8 36 mm, componentes de mandriles de hasta \u00f8 50 mm Mecanizado de doble centrado y descentrado<\/p>\n<p>Tipo de m\u00e1quina: Torno autom\u00e1tico multihusillo<br \/>\nMecanizado SWISSTYPE: hasta 170 mm de longitud de torneado<br \/>\nControl: FANUC Serie 30i<br \/>\nM\u00e1xima flexibilidad gracias a la modularidad y a los ejes Y en todas las posiciones del husillo<br \/>\nUtilizaci\u00f3n de herramientas accionadas en todas las posiciones del husillo<br \/>\nMecanizado: Barras de \u00d8 4 - 36 mm, piezas de mandril de hasta \u00d8 50 mm<br \/>\nPosibilidad de doble mecanizado trasero y descentrado<\/p>\n<p>Datos de rendimiento<br \/>\nValor de la funci\u00f3n<br \/>\nDi\u00e1metro m\u00e1x. de la pieza 36 mm<br \/>\nLongitud m\u00e1x. de la pieza 170 mm<br \/>\nCapacidad m\u00e1x. de bar 36 mm<br \/>\nRecorrido (X \/ Y \/ Z) 50 \/ 100 \/ 170 mm<\/p>\n<p>Husillos principales<br \/>\nN\u00famero: 6<br \/>\nEjes C (resoluci\u00f3n angular): 0,002\u00b0.<br \/>\nCarros transversales: 6 \u00d7 (eje X\/Y)<br \/>\nRecorrido Z1-Z6: 170 mm (con kit SWISSTYPE)<br \/>\nCapacidad m\u00e1x. de bar: \u00d8 40 mm<br \/>\nVelocidad: hasta 7.500 rpm<br \/>\nPotencia motriz (ciclo de trabajo 100%): 13,3 kW<br \/>\nPar (ciclo de trabajo 100%): 32 Nm<br \/>\nTiempo de indexaci\u00f3n del tambor: 0,65 s<\/p>\n<p>Contrahusillo Husillos de recogida<br \/>\nN\u00famero: 2 (ejes C con ejes X\/Y\/Z)<br \/>\nAgujero pasante: \u00d8 40 mm<br \/>\nVelocidad: 7.500 rpm<br \/>\nPotencia motriz: 13,3 kW<br \/>\nPar: 32 Nm<br \/>\nDistancias de recorrido (Z7-Z8): 410 mm<br \/>\nRecorrido (X7-X8 \/ Y7-Y8): 277 \/ 312 mm<br \/>\nVelocidad de desplazamiento r\u00e1pido: 40 m\/min<\/p>\n<p>Portaherramientas sobre carro transversal<br \/>\nN\u00famero m\u00e1ximo de herramientas: 3<br \/>\nVelocidad: 3.900 \/ 8.000 \/ 13.800 rpm<br \/>\nPotencia motriz (ciclo de trabajo 100%): 0,9 kW<br \/>\nPar (ciclo de trabajo 100%): 5,8 \/ 2,9 \/ 1,7 Nm<br \/>\nDistancias de recorrido (X1-X6 \/ Y1-Y6): 50 \/ 100 mm<br \/>\nVelocidad de desplazamiento r\u00e1pido: 20 m\/min<br \/>\nTrineo para mecanizado trasero<br \/>\nVelocidad (U7-U8): 3.900 \/ 8.000 \/ 13.800 min-\u00b9<br \/>\nPotencia motriz: 0,9 kW<br \/>\nPar: 5,8 \/ 2,9 \/ 1,7 Nm<br \/>\nPantalla de control: pantalla en color de 15\u2033 (\u00d7 2)<br \/>\nSistema de sujeci\u00f3n: Hainbuch TOPlus 40 Portabrocas de pinza fijo al eje<\/p>\n<p>Transportador de virutas de cinta articulada con bomba elevadora<br \/>\nSistema de alta presi\u00f3n para aceite (filtro 50 \/ 25 \u00b5m, bombas 5 \/ 12 MPa)<br \/>\nVarios portaherramientas<br \/>\nSistema de extinci\u00f3n de incendios<br \/>\nAlmac\u00e9n de carga de barras (dise\u00f1o de cargador plano)<br \/>\nSistema de carga de piezas<\/p>\n<p>La m\u00e1quina es totalmente funcional, tanto el\u00e9ctrica como mec\u00e1nicamente, y puede verse bajo tensi\u00f3n previa cita.<br \/>\n\u00a1Sujeto a cambios y errores en los datos t\u00e9cnicos y especificaciones, as\u00ed como a la venta previa!<\/p>","protected":false},"excerpt":{"rendered":"<p>Standort: Deutschland, Baden-W\u00fcrttemberg S\u00fcdwest Zustand: Neuwertig Hersteller: DMG Modell: MULTISPRINT MS36-2 Baujahr: 2018 Betriebsstunden: 31241 CNC-DMG Gildemeister MULTISPRINT 36 \/ SWISSTYPE-Bearbeitung bis 170 mm Drehl\u00e4nge Baujahr: 2018 Betriebsstunden: 47548 Bearbeitungszeit: 31241 Stand: Oktober 2025 Steuerung: Fanuc 30i B H\u00f6chste Flexibilit\u00e4t der MULTISPRINT dank ihrer Modularit\u00e4t und ihrer Y-Achsen in jeder Postion Einsatz angetriebener Werkzeuge auf [&hellip;]<\/p>\n","protected":false},"featured_media":4346,"comment_status":"open","ping_status":"closed","template":"","meta":{"_uf_show_specific_survey":0,"_uf_disable_surveys":false},"product_brand":[],"product_cat":[108],"product_tag":[],"class_list":{"0":"post-4333","1":"product","2":"type-product","3":"status-publish","4":"has-post-thumbnail","6":"product_cat-mehrspindler","8":"first","9":"instock","10":"taxable","11":"shipping-taxable","12":"product-type-simple"},"aioseo_notices":[],"_links":{"self":[{"href":"https:\/\/mueller-wrh.de\/es\/wp-json\/wp\/v2\/product\/4333","targetHints":{"allow":["GET"]}}],"collection":[{"href":"https:\/\/mueller-wrh.de\/es\/wp-json\/wp\/v2\/product"}],"about":[{"href":"https:\/\/mueller-wrh.de\/es\/wp-json\/wp\/v2\/types\/product"}],"replies":[{"embeddable":true,"href":"https:\/\/mueller-wrh.de\/es\/wp-json\/wp\/v2\/comments?post=4333"}],"wp:featuredmedia":[{"embeddable":true,"href":"https:\/\/mueller-wrh.de\/es\/wp-json\/wp\/v2\/media\/4346"}],"wp:attachment":[{"href":"https:\/\/mueller-wrh.de\/es\/wp-json\/wp\/v2\/media?parent=4333"}],"wp:term":[{"taxonomy":"product_brand","embeddable":true,"href":"https:\/\/mueller-wrh.de\/es\/wp-json\/wp\/v2\/product_brand?post=4333"},{"taxonomy":"product_cat","embeddable":true,"href":"https:\/\/mueller-wrh.de\/es\/wp-json\/wp\/v2\/product_cat?post=4333"},{"taxonomy":"product_tag","embeddable":true,"href":"https:\/\/mueller-wrh.de\/es\/wp-json\/wp\/v2\/product_tag?post=4333"}],"curies":[{"name":"wp","href":"https:\/\/api.w.org\/{rel}","templated":true}]}}