{"id":4286,"date":"2025-10-18T09:40:01","date_gmt":"2025-10-18T09:40:01","guid":{"rendered":"https:\/\/mueller-wrh.de\/produkt\/star-sv-32jii_bj-2002_-typ-440_intnr231159\/"},"modified":"2025-10-18T09:40:01","modified_gmt":"2025-10-18T09:40:01","slug":"star-sv-32jii_bj-2002_-typ-440_intnr231159","status":"publish","type":"product","link":"https:\/\/mueller-wrh.de\/es\/producto\/star-sv-32jii_bj-2002_-typ-440_intnr231159\/","title":{"rendered":"Star SV-32JII_A\u00f1o 2002_Tipo 440_IntNo231159"},"content":{"rendered":"<p><b>Ubicaci\u00f3n:<\/b> Alemania, Baden-W\u00fcrttemberg Suroeste<\/p>\n<p><b>Estado:<\/b> Usado<\/p>\n<p><b>Fabricante:<\/b> STAR Micronics<\/p>\n<p><b>Modelo:<\/b> SV-32<\/p>\n<p><b>A\u00f1o de construcci\u00f3n:<\/b> 2002<\/p>\n<p><b>Horario de apertura:<\/b> 18000<\/p>\n<p>IntNo231159<br \/>\nTipo de m\u00e1quina Torno autom\u00e1tico CNC de cabezal m\u00f3vil<br \/>\nFabricante STAR Micronics<br \/>\nModelo SV32 JII<br \/>\nA\u00f1o de construcci\u00f3n 2002<br \/>\nEstado muy bueno (usado)<br \/>\nM\u00e1quina muy bien mantenida directamente por el usuario<br \/>\nLa m\u00e1quina s\u00f3lo ha funcionado con aceite<br \/>\nHoras de funcionamiento en torno a 18.000 horas.<br \/>\nAccesorios est\u00e1ndar de la m\u00e1quina<br \/>\n. Casquillo gu\u00eda de accionamiento s\u00edncrono<br \/>\n. Eje C en husillo principal y pick-up<br \/>\n. Cinta transportadora de piezas<br \/>\n. Casquillo de pinza husillo principal F37 (673-53)<br \/>\n. Husillo de toma de pinza F37 (673-73)<br \/>\n. Unidad de taladrado transversal de 3 husillos<br \/>\n. Portaherramientas 4 estaciones 16x16mm<br \/>\n. Husillo de recogida con capacidad de recogida de 32 mm<br \/>\n. Dispositivo de soplado parcial hacia delante<br \/>\n. Expulsor de piezas, protector de expulsi\u00f3n de piezas,<br \/>\n. Protecci\u00f3n contra la fractura del acero corten<br \/>\n. Dep\u00f3sito de aceite de refrigeraci\u00f3n independiente con control de nivel y caudal<br \/>\n. Unidad de lubricaci\u00f3n centralizada autom\u00e1tica con control del nivel de aceite<br \/>\n. Pernos y placas de nivelaci\u00f3n, caja de herramientas<br \/>\n. Interfaz para alimentador de barras<br \/>\n. Interfaz RS232C<\/p>\n<p>Cargador FMB Turbo 3-26 construido en 2004<br \/>\nSistema de extinci\u00f3n de incendios Kraft &amp; Bauer \/ GUT Feuerschutz<br \/>\nTransportador de virutas Mayfran<\/p>\n<p>La m\u00e1quina puede inspeccionarse con cita previa.<br \/>\n\u00a1Cambios y errores en los datos t\u00e9cnicos y la informaci\u00f3n, as\u00ed como la venta previa reservados!<\/p>\n<p>IntNo231159<br \/>\nTipo de m\u00e1quina Torno autom\u00e1tico CNC de cabezal m\u00f3vil<br \/>\nFabricante STAR Micronics<br \/>\nModelo SV32 JII<br \/>\na\u00f1o de construcci\u00f3n 2002<br \/>\nEstado muy bueno (usado)<br \/>\nM\u00e1quina muy bien mantenida directamente del usuario<br \/>\nLa m\u00e1quina s\u00f3lo ha funcionado con aceite<br \/>\nHoras de funcionamiento: unas 18.000 horas<br \/>\nM\u00e1quina de accesorios est\u00e1ndar<br \/>\n. Casquillo gu\u00eda de accionamiento s\u00edncrono<br \/>\n. Eje C en husillo principal y pick-up<br \/>\n. Cinta transportadora de piezas<br \/>\n. Casquillo de pinza husillo principal F37 (673-53)<br \/>\n. Husillo de toma de pinza F37 (673-73)<br \/>\n. Unidad de taladrado transversal de 3 husillos<br \/>\n. Portaherramientas 4 estaciones 16x16mm<br \/>\n. Husillo de recogida con capacidad de recogida 32mm<br \/>\n. Dispositivo de soplado parcial hacia delante<br \/>\n. Expulsor de piezas, protector de expulsi\u00f3n de piezas ,<br \/>\n. Protecci\u00f3n contra la rotura del acero de corte<br \/>\n. Dep\u00f3sito de aceite de refrigeraci\u00f3n independiente con control de nivel y caudal<br \/>\n. Unidad central de lubricaci\u00f3n autom\u00e1tica con control del nivel de aceite<br \/>\n. Pernos y placas de nivelaci\u00f3n, caja de herramientas<br \/>\n. Interfaz para alimentador de barras<br \/>\n. Interfaz RS232C<\/p>\n<p>Revista de carga FMB Turbo 3-26 a\u00f1o 2004<br \/>\nSistema de extinci\u00f3n de incendios Kraft &amp; Bauer \/ GUT Feuerschutz<br \/>\nTransportador de virutas Mayfran<\/p>\n<p>La m\u00e1quina puede inspeccionarse con cita previa.<br \/>\n\u00a1Cambios y errores en los datos t\u00e9cnicos y la informaci\u00f3n, as\u00ed como la venta previa reservados!<\/p>","protected":false},"excerpt":{"rendered":"<p>Standort: Deutschland, Baden-W\u00fcrttemberg S\u00fcdwest Zustand: Gebraucht Hersteller: STAR Micronics Modell: SV-32 Baujahr: 2002 Betriebsstunden: 18000 IntNr231159 Maschinentyp CNC-Langdrehautomat Hersteller STAR Micronics Modell SV32 JII Baujahr 2002 Zustand sehr gut (gebraucht) Sehr gepflegte Maschine direkt vom Anwender Maschine ist nur mit \u00d6l gelaufen Betriebsstunden um die 18.000std. Standardzubeh\u00f6r Maschine . Synchron angetriebene F\u00fchrungsb\u00fcchse . C-Achse auf [&hellip;]<\/p>\n","protected":false},"featured_media":4280,"comment_status":"open","ping_status":"closed","template":"","meta":{"_uf_show_specific_survey":0,"_uf_disable_surveys":false},"product_brand":[],"product_cat":[23],"product_tag":[],"class_list":{"0":"post-4286","1":"product","2":"type-product","3":"status-publish","4":"has-post-thumbnail","6":"product_cat-cnc-langdrehmaschinen","8":"first","9":"instock","10":"taxable","11":"shipping-taxable","12":"product-type-simple"},"aioseo_notices":[],"_links":{"self":[{"href":"https:\/\/mueller-wrh.de\/es\/wp-json\/wp\/v2\/product\/4286","targetHints":{"allow":["GET"]}}],"collection":[{"href":"https:\/\/mueller-wrh.de\/es\/wp-json\/wp\/v2\/product"}],"about":[{"href":"https:\/\/mueller-wrh.de\/es\/wp-json\/wp\/v2\/types\/product"}],"replies":[{"embeddable":true,"href":"https:\/\/mueller-wrh.de\/es\/wp-json\/wp\/v2\/comments?post=4286"}],"wp:featuredmedia":[{"embeddable":true,"href":"https:\/\/mueller-wrh.de\/es\/wp-json\/wp\/v2\/media\/4280"}],"wp:attachment":[{"href":"https:\/\/mueller-wrh.de\/es\/wp-json\/wp\/v2\/media?parent=4286"}],"wp:term":[{"taxonomy":"product_brand","embeddable":true,"href":"https:\/\/mueller-wrh.de\/es\/wp-json\/wp\/v2\/product_brand?post=4286"},{"taxonomy":"product_cat","embeddable":true,"href":"https:\/\/mueller-wrh.de\/es\/wp-json\/wp\/v2\/product_cat?post=4286"},{"taxonomy":"product_tag","embeddable":true,"href":"https:\/\/mueller-wrh.de\/es\/wp-json\/wp\/v2\/product_tag?post=4286"}],"curies":[{"name":"wp","href":"https:\/\/api.w.org\/{rel}","templated":true}]}}