{"id":4279,"date":"2025-10-14T06:57:20","date_gmt":"2025-10-14T06:57:20","guid":{"rendered":"https:\/\/mueller-wrh.de\/produkt\/star-sv-20_bj-1999-typ-420_intnr231160\/"},"modified":"2025-12-16T10:47:51","modified_gmt":"2025-12-16T10:47:51","slug":"star-sv-20_bj-1999-typ-420_intnr231160","status":"publish","type":"product","link":"https:\/\/mueller-wrh.de\/es\/producto\/star-sv-20_bj-1999-typ-420_intnr231160\/","title":{"rendered":"Star SV-20_A\u00f1o 1999 Tipo 420_IntNo231160"},"content":{"rendered":"<p><b>Ubicaci\u00f3n:<\/b> Alemania, Baden-W\u00fcrttemberg Suroeste<\/p>\n<p><b>Estado:<\/b> Usado<\/p>\n<p><b>Fabricante:<\/b> STAR Micronics<\/p>\n<p><b>Modelo:<\/b> SV-20<\/p>\n<p><b>A\u00f1o de construcci\u00f3n:<\/b> 1999<\/p>\n<p><b>Horario de apertura:<\/b> 78000<\/p>\n<p>IntNo231160<br \/>\nTipo de m\u00e1quina Torno autom\u00e1tico CNC de cabezal m\u00f3vil<br \/>\nFabricante STAR<br \/>\nModelo SV-20<br \/>\nA\u00f1o de construcci\u00f3n 1999<br \/>\nEstado muy bueno (usado)<br \/>\nM\u00e1quina muy bien mantenida directamente por el usuario<br \/>\nLa m\u00e1quina s\u00f3lo ha funcionado con aceite<br \/>\nHoras de funcionamiento en torno a 78.000 horas.<br \/>\nSistema de control FANUC 16i-T con 9 ejes,<br \/>\n9 ejes (X \/ C1 \/ Y \/ E \/ B \/ A \/ X \/ C2),<br \/>\nVarilla \u00d8 m\u00e1x. 20 mm<br \/>\nLongitud de giro m\u00e1x. 205 mm \/ 195 mm,<br \/>\nHusillo principal, velocidad m\u00e1x. 10.000 rpm, eje C,<br \/>\nContrahusillo con mandril de pinza, velocidad m\u00e1x. 10.000 rpm, eje C,<br \/>\nPortaherramientas cu\u00e1druple<br \/>\n3 Unidades de perforaci\u00f3n transversal<br \/>\nRev\u00f3lver con 8 estaciones<br \/>\nVarios portaherramientas adicionales, plumas,<br \/>\nCinta transportadora de piezas<br \/>\nCapacidad del dep\u00f3sito 170 litros<\/p>\n<p>L\u00edquido refrigerante utilizado por la m\u00e1quina: Aceite <\/p>\n<p>Cargador FMB Turbo 3-26 \/3200\/A \/ de \u00d83- \u00d826 mm A\u00f1o 1999<br \/>\nSistema de extinci\u00f3n de incendios Kraft &amp; Bauer \/ GUT Feuerschutz<br \/>\nTransportador de virutas Mayfran<\/p>\n<p>La m\u00e1quina puede inspeccionarse con cita previa.<br \/>\n\u00a1Cambios y errores en los datos t\u00e9cnicos y la informaci\u00f3n, as\u00ed como la venta previa reservados!<\/p>\n<p>IntNo231160<br \/>\nTipo de m\u00e1quina Torno autom\u00e1tico CNC de cabezal m\u00f3vil<br \/>\nFabricante STAR<br \/>\nModelo SV-20<br \/>\na\u00f1o de construcci\u00f3n 1999<br \/>\nEstado muy bueno (usado)<br \/>\nM\u00e1quina muy bien mantenida directamente del usuario<br \/>\nLa m\u00e1quina s\u00f3lo ha funcionado con aceite<br \/>\nHoras de funcionamiento: unas 78.000 horas<br \/>\nControl FANUC 16i-T con 9 ejes,<br \/>\n9 ejes (X \/ C1 \/ Y \/ E \/ B \/ A \/ X \/ C2),<br \/>\nBarra \u00d8 m\u00e1x. 20 mm<br \/>\nLongitud de giro m\u00e1x. 205 mm \/ 195mm,<br \/>\nHusillo principal, velocidad m\u00e1x. 10.000 rpm, eje C,<br \/>\nContrahusillo con mandril de pinza, velocidad m\u00e1x. 10.000 rpm, eje C,<br \/>\nPortaherramientas cu\u00e1druple<br \/>\n3 unidades de perforaci\u00f3n transversal<br \/>\nTorreta con 8 estaciones<br \/>\nVarios portaherramientas adicionales, plumas,<br \/>\ncinta transportadora de piezas<br \/>\nCapacidad del dep\u00f3sito 170L<\/p>\n<p>Refrigerante de la m\u00e1quina: aceite <\/p>\n<p>Cargador FMB Turbo 3-26 \/3200\/A \/ de \u00d83- \u00d826 mm A\u00f1o de construcci\u00f3n 1999<br \/>\nSistema de extinci\u00f3n de incendios Kraft &amp; Bauer \/ Protecci\u00f3n contra incendios GUT<br \/>\nTransportador de virutas Mayfran<\/p>\n<p>La m\u00e1quina puede inspeccionarse con cita previa.<br \/>\n\u00a1Cambios y errores en los datos t\u00e9cnicos y la informaci\u00f3n, as\u00ed como la venta previa reservados!<\/p>","protected":false},"excerpt":{"rendered":"<p>Standort: Deutschland, Baden-W\u00fcrttemberg S\u00fcdwest Zustand: Gebraucht Hersteller: STAR Micronics Modell: SV-20 Baujahr: 1999 Betriebsstunden: 78000 IntNr231160 Maschinentyp CNC-Langdrehautomat Hersteller STAR Modell SV-20 Baujahr 1999 Zustand sehr gut (gebraucht) Sehr gepflegte Maschine direkt vom Anwender Maschine ist nur mit \u00d6l gelaufen Betriebsstunden um die 78.000std. FANUC 16i-T Steuerung mit 9 Achsen, 9 Achsen (X \/ C1 [&hellip;]<\/p>\n","protected":false},"featured_media":4569,"comment_status":"open","ping_status":"closed","template":"","meta":{"_uf_show_specific_survey":0,"_uf_disable_surveys":false},"product_brand":[],"product_cat":[23],"product_tag":[],"class_list":{"0":"post-4279","1":"product","2":"type-product","3":"status-publish","4":"has-post-thumbnail","6":"product_cat-cnc-langdrehmaschinen","8":"first","9":"instock","10":"taxable","11":"shipping-taxable","12":"product-type-simple"},"aioseo_notices":[],"_links":{"self":[{"href":"https:\/\/mueller-wrh.de\/es\/wp-json\/wp\/v2\/product\/4279","targetHints":{"allow":["GET"]}}],"collection":[{"href":"https:\/\/mueller-wrh.de\/es\/wp-json\/wp\/v2\/product"}],"about":[{"href":"https:\/\/mueller-wrh.de\/es\/wp-json\/wp\/v2\/types\/product"}],"replies":[{"embeddable":true,"href":"https:\/\/mueller-wrh.de\/es\/wp-json\/wp\/v2\/comments?post=4279"}],"wp:featuredmedia":[{"embeddable":true,"href":"https:\/\/mueller-wrh.de\/es\/wp-json\/wp\/v2\/media\/4569"}],"wp:attachment":[{"href":"https:\/\/mueller-wrh.de\/es\/wp-json\/wp\/v2\/media?parent=4279"}],"wp:term":[{"taxonomy":"product_brand","embeddable":true,"href":"https:\/\/mueller-wrh.de\/es\/wp-json\/wp\/v2\/product_brand?post=4279"},{"taxonomy":"product_cat","embeddable":true,"href":"https:\/\/mueller-wrh.de\/es\/wp-json\/wp\/v2\/product_cat?post=4279"},{"taxonomy":"product_tag","embeddable":true,"href":"https:\/\/mueller-wrh.de\/es\/wp-json\/wp\/v2\/product_tag?post=4279"}],"curies":[{"name":"wp","href":"https:\/\/api.w.org\/{rel}","templated":true}]}}