{"id":4081,"date":"2025-09-22T12:09:45","date_gmt":"2025-09-22T12:09:45","guid":{"rendered":"https:\/\/mueller-wrh.de\/produkt\/gebr-weiler-ergodor_bj-1998-intnr231387\/"},"modified":"2025-09-22T12:09:45","modified_gmt":"2025-09-22T12:09:45","slug":"gebr-weiler-ergodor_bj-1998-intnr231387","status":"publish","type":"product","link":"https:\/\/mueller-wrh.de\/es\/producto\/gebr-weiler-ergodor_bj-1998-intnr231387\/","title":{"rendered":"aldea de marca ERGODOR_construida en 1998, IntNo231387"},"content":{"rendered":"<p><b>Ubicaci\u00f3n:<\/b> Alemania, Baden-W\u00fcrttemberg Suroeste<\/p>\n<p><b>Estado:<\/b> Usado<\/p>\n<p><b>Modelo:<\/b> Ergodor<\/p>\n<p><b>A\u00f1o de construcci\u00f3n:<\/b> 1998<\/p>\n<p>Torno mec\u00e1nico WEILER, ERGODOR, a\u00f1o 1998<br \/>\nTorno central de precisi\u00f3n de dise\u00f1o ergon\u00f3mico<\/p>\n<p>Datos t\u00e9cnicos<br \/>\nM\u00e1x. Di\u00e1metro de giro sobre bancada: 320 mm aprox.<br \/>\nM\u00e1x. Di\u00e1metro de giro sobre soporte: 160 mm aprox.<br \/>\nM\u00e1x. Longitud de giro: aprox. 470 mm<br \/>\nApertura de la varilla: 36 mm aprox.<br \/>\nHusillo: Rango de velocidad: aprox. 30 - 3550 rpm<br \/>\nNariz del husillo: A 2 - 5<br \/>\nPotencia motriz: aprox. 3,0 kW<br \/>\nAvances longitudinales y frontales autom\u00e1ticos:<br \/>\nRango de avance: aprox. 0,020 - 2,0 mm\/rev.<\/p>\n<p>La m\u00e1quina puede inspeccionarse con cita previa.<br \/>\n\u00a1Cambios y errores en los datos t\u00e9cnicos y la informaci\u00f3n, as\u00ed como la venta previa reservados!<\/p>\n<p>Torno mec\u00e1nico WEILER ERGODOR, construido en 1998<br \/>\nTorno central de alta precisi\u00f3n con dise\u00f1o ergon\u00f3mico<\/p>\n<p>Datos t\u00e9cnicos<br \/>\nDi\u00e1metro m\u00e1x. de giro sobre bancada: 320 mm aprox.<br \/>\nDi\u00e1metro m\u00e1x. de giro sobre soporte: aprox. 160 mm<br \/>\nLongitud m\u00e1x. de giro: aprox. 470 mm<br \/>\nPaso de barra: aprox. 36 mm<br \/>\nHusillo: Rango de velocidad: aprox. 30 - 3550 rpm<br \/>\nNariz del husillo: A 2 - 5<br \/>\nPotencia motriz: aprox. 3,0 kW<br \/>\nAvances longitudinales y transversales autom\u00e1ticos:<br \/>\nRango de avance: aprox. 0,020 - 2,0 mm\/rev.<\/p>\n<p>La m\u00e1quina puede visitarse con cita previa.<br \/>\n\u00a1Sujeto a cambios y errores en los datos t\u00e9cnicos y especificaciones, as\u00ed como a la venta previa!<\/p>","protected":false},"excerpt":{"rendered":"<p>Standort: Deutschland, Baden-W\u00fcrttemberg S\u00fcdwest Zustand: Gebraucht Modell: Ergodor Baujahr: 1998 Mechanikerdrehmaschine WEILER, ERGODOR, Bj. 1998 Genauigkeits-Spitzendrehmaschine in ergonomischer Bauart Technische Daten Max. Drehdurchmesser \u00fcber Bett: ca. 320 mm Max. Drehdurchmesser \u00fcber Support: ca. 160 mm Max. Drehl\u00e4nge: ca. 470 mm Stangendurchlass: ca. 36 mm Spindel: Drehzahlbereich: ca. 30 &#8211; 3550 U\/min Spindelnase: A 2 &#8211; [&hellip;]<\/p>\n","protected":false},"featured_media":4076,"comment_status":"open","ping_status":"closed","template":"","meta":{"_uf_show_specific_survey":0,"_uf_disable_surveys":false},"product_brand":[],"product_cat":[107],"product_tag":[],"class_list":{"0":"post-4081","1":"product","2":"type-product","3":"status-publish","4":"has-post-thumbnail","6":"product_cat-drehmaschine","8":"first","9":"instock","10":"taxable","11":"shipping-taxable","12":"product-type-simple"},"aioseo_notices":[],"_links":{"self":[{"href":"https:\/\/mueller-wrh.de\/es\/wp-json\/wp\/v2\/product\/4081","targetHints":{"allow":["GET"]}}],"collection":[{"href":"https:\/\/mueller-wrh.de\/es\/wp-json\/wp\/v2\/product"}],"about":[{"href":"https:\/\/mueller-wrh.de\/es\/wp-json\/wp\/v2\/types\/product"}],"replies":[{"embeddable":true,"href":"https:\/\/mueller-wrh.de\/es\/wp-json\/wp\/v2\/comments?post=4081"}],"wp:featuredmedia":[{"embeddable":true,"href":"https:\/\/mueller-wrh.de\/es\/wp-json\/wp\/v2\/media\/4076"}],"wp:attachment":[{"href":"https:\/\/mueller-wrh.de\/es\/wp-json\/wp\/v2\/media?parent=4081"}],"wp:term":[{"taxonomy":"product_brand","embeddable":true,"href":"https:\/\/mueller-wrh.de\/es\/wp-json\/wp\/v2\/product_brand?post=4081"},{"taxonomy":"product_cat","embeddable":true,"href":"https:\/\/mueller-wrh.de\/es\/wp-json\/wp\/v2\/product_cat?post=4081"},{"taxonomy":"product_tag","embeddable":true,"href":"https:\/\/mueller-wrh.de\/es\/wp-json\/wp\/v2\/product_tag?post=4081"}],"curies":[{"name":"wp","href":"https:\/\/api.w.org\/{rel}","templated":true}]}}