{"id":3975,"date":"2025-09-13T11:32:12","date_gmt":"2025-09-13T11:32:12","guid":{"rendered":"https:\/\/mueller-wrh.de\/produkt\/hermle-c30u-bab-zentrum-_2004_intnr231358\/"},"modified":"2025-10-30T15:35:26","modified_gmt":"2025-10-30T15:35:26","slug":"hermle-c30u-bab-zentrum-_2004_intnr231358","status":"publish","type":"product","link":"https:\/\/mueller-wrh.de\/es\/producto\/hermle-c30u-bab-zentrum-_2004_intnr231358\/","title":{"rendered":"Hermle C30U, a\u00f1o 2004_IntNo231358"},"content":{"rendered":"<p><b>Ubicaci\u00f3n:<\/b> Alemania, Baden-W\u00fcrttemberg Suroeste<\/p>\n<p><b>Estado:<\/b> Usado<\/p>\n<p><b>Fabricante:<\/b> Hermle<\/p>\n<p><b>Modelo:<\/b> C30 U<\/p>\n<p><b>A\u00f1o de construcci\u00f3n:<\/b> 2004<\/p>\n<p>Sistema de control iTNC 530 Heidenhain<br \/>\nHoras: 49.000<br \/>\nHoras de funcionamiento del cabezal: 42.300<br \/>\nEjes en movimiento: 45.000<br \/>\nx-way 650 mm<br \/>\ntrayectoria y 600 mm<br \/>\nz-trayectoria 500 mm<br \/>\nEje principal:<br \/>\nVelocidad m\u00e1x. 18.000 rpm<br \/>\nRefrigeraci\u00f3n interna (IKZ)<br \/>\nAcoplamiento exterior (AKZ)<br \/>\nPotencia motriz - husillo principal 19 kW<br \/>\nPortaherramientas SK 40<br \/>\nMesa giratoria basculante:<br \/>\nDi\u00e1metro de la mesa giratoria 280 mm<br \/>\nMargen de giro A: -30 \/ + 115 \u00b0<br \/>\ngiratorio C: 360 \u00b0<br \/>\nCarga m\u00e1x. de la mesa aprox. 1.000 kg<br \/>\nVelocidad A: 25 \/ C: 65 rpm<br \/>\nCambiador de herramientas:<br \/>\nN\u00famero de posiciones de la herramienta 32 pos.<br \/>\nN\u00famero de posiciones de la herramienta Almac\u00e9n 88 pos.<br \/>\nPortaherramientas SK 40<br \/>\ndi\u00e1metro m\u00e1x. de la herramienta 80 mm<br \/>\ndiam. m\u00e1x. herramienta con caja vecina libre 125 mm<br \/>\nlongitud m\u00e1x. de la herramienta 300 mm<br \/>\nPeso m\u00e1x. de la herramienta 8,0 kg<br \/>\nalimenta:<br \/>\nAvance r\u00e1pido ( X \/ Y \/ Z ) 45 m\/min<br \/>\nResoluci\u00f3n del sistema de medici\u00f3n 0,0001 mm<br \/>\nPotencia total necesaria 41 kVA<br \/>\nPeso de la m\u00e1quina aprox. 9,5 toneladas<\/p>\n<p>Accesorios:<br \/>\ndocumentaci\u00f3n completa<br \/>\nTransportador de virutas<br \/>\nDispositivo de refrigeraci\u00f3n<br \/>\nSuministro interno de refrigerante<br \/>\nUnidad hidr\u00e1ulica<br \/>\nMesa giratoria basculante CN<br \/>\nCambiador de herramientas 2 x 80 posiciones<br \/>\nvolante el\u00e9ctrico<br \/>\nSonda de medici\u00f3n Renishaw<br \/>\n20 Portaherramientas<\/p>\n<p>La m\u00e1quina puede inspeccionarse con cita previa.<br \/>\n\u00a1Cambios y errores en los datos t\u00e9cnicos y la informaci\u00f3n, as\u00ed como la venta previa reservados!<\/p>\n<p>Control iTNC 530 Heidenhain<br \/>\nHoras de funcionamiento del programa: 49.000<br \/>\nHoras de funcionamiento del cabezal: 42.300<br \/>\nEjes en movimiento: 45.000<br \/>\nx-path 650 mm<br \/>\nrecorrido y 600 mm<br \/>\nz-trayectoria 500 mm<br \/>\nEje principal:<br \/>\nvelocidad m\u00e1x. 18.000 rpm<br \/>\nRefrigeraci\u00f3n interna (IKZ)<br \/>\nRefrigeraci\u00f3n externa (AKZ)<br \/>\nPotencia motriz - husillo principal 19 kW<br \/>\nPortaherramientas SK 40<br \/>\nMesa giratoria basculante:<br \/>\nDi\u00e1metro de la mesa giratoria 280 mm<br \/>\nMargen de giro A: -30 \/ + 115 \u00b0<br \/>\ngiro C: 360 \u00b0<br \/>\nCarga m\u00e1x. de la mesa aprox. 1.000 kg<br \/>\nVelocidad A: 25 \/ C: 65 rpm<br \/>\nCambiador de herramientas:<br \/>\nN\u00famero de posiciones de la herramienta 32 pos.<br \/>\nN\u00famero de posiciones de la herramienta Almac\u00e9n 88 pos.<br \/>\nPortaherramientas SK 40<br \/>\nDi\u00e1metro m\u00e1x. de la herramienta 80 mm<br \/>\nDi\u00e1metro m\u00e1x. de herramienta con caja vecina libre 125 mm<br \/>\nLongitud m\u00e1x. de la herramienta 300 mm<br \/>\npeso m\u00e1x. de la herramienta 8,0 kg<br \/>\nTasas de alimentaci\u00f3n:<br \/>\nAvance r\u00e1pido ( X \/ Y \/ Z ) 45 m\/min<br \/>\nResoluci\u00f3n del sistema de medici\u00f3n 0,0001 mm<br \/>\nPotencia total necesaria 41 kVA<br \/>\nPeso de la m\u00e1quina aprox. 9,5 toneladas<br \/>\nEspacio necesario aprox. 3,5 x 3,5 x 3,5 m<\/p>\n<p>Accesorios:<br \/>\nDocumentaci\u00f3n completa<br \/>\nTransportador de virutas<br \/>\nDispositivo de refrigeraci\u00f3n<br \/>\nSuministro interno de refrigerante<br \/>\nUnidad hidr\u00e1ulica<br \/>\nMesa giratoria basculante CN<br \/>\ncambiador de herramientas 2 x 80 posiciones<br \/>\nVolante el\u00e9ctrico<br \/>\nSonda de medici\u00f3n Renishaw<br \/>\n20 portaherramientas<\/p>\n<p>La m\u00e1quina puede inspeccionarse con cita previa.<br \/>\n\u00a1Cambios y errores en los datos t\u00e9cnicos y la informaci\u00f3n, as\u00ed como la venta previa reservados!<\/p>","protected":false},"excerpt":{"rendered":"<p>Standort: Deutschland, Baden-W\u00fcrttemberg S\u00fcdwest Zustand: Gebraucht Hersteller: Hermle Modell: C30 U Baujahr: 2004 Steuerung iTNC 530 Heidenhain Programlauf EIN: Stunden: 49.000 Spindel EIN Stunden: 42.300 Achsen in Bewegung: 45.000 x-Weg 650 mm y-Weg 600mm z-Weg 500 mm Hauptspindel: Drehzahl max. 18.000 U\/min Innenkuehlung (IKZ) Aussenkuelung (AKZ) Antriebsleistung &#8211; Hauptspindel 19 kW Werkzeugaufnahme SK 40 Schwenk-Rundtisch: [&hellip;]<\/p>\n","protected":false},"featured_media":4403,"comment_status":"open","ping_status":"closed","template":"","meta":{"_uf_show_specific_survey":0,"_uf_disable_surveys":false},"product_brand":[],"product_cat":[21],"product_tag":[],"class_list":{"0":"post-3975","1":"product","2":"type-product","3":"status-publish","4":"has-post-thumbnail","6":"product_cat-cnc-bearbeitungszentrum","8":"first","9":"instock","10":"taxable","11":"shipping-taxable","12":"product-type-simple"},"aioseo_notices":[],"_links":{"self":[{"href":"https:\/\/mueller-wrh.de\/es\/wp-json\/wp\/v2\/product\/3975","targetHints":{"allow":["GET"]}}],"collection":[{"href":"https:\/\/mueller-wrh.de\/es\/wp-json\/wp\/v2\/product"}],"about":[{"href":"https:\/\/mueller-wrh.de\/es\/wp-json\/wp\/v2\/types\/product"}],"replies":[{"embeddable":true,"href":"https:\/\/mueller-wrh.de\/es\/wp-json\/wp\/v2\/comments?post=3975"}],"wp:featuredmedia":[{"embeddable":true,"href":"https:\/\/mueller-wrh.de\/es\/wp-json\/wp\/v2\/media\/4403"}],"wp:attachment":[{"href":"https:\/\/mueller-wrh.de\/es\/wp-json\/wp\/v2\/media?parent=3975"}],"wp:term":[{"taxonomy":"product_brand","embeddable":true,"href":"https:\/\/mueller-wrh.de\/es\/wp-json\/wp\/v2\/product_brand?post=3975"},{"taxonomy":"product_cat","embeddable":true,"href":"https:\/\/mueller-wrh.de\/es\/wp-json\/wp\/v2\/product_cat?post=3975"},{"taxonomy":"product_tag","embeddable":true,"href":"https:\/\/mueller-wrh.de\/es\/wp-json\/wp\/v2\/product_tag?post=3975"}],"curies":[{"name":"wp","href":"https:\/\/api.w.org\/{rel}","templated":true}]}}